{"id":99134,"date":"2022-02-09T19:34:08","date_gmt":"2022-02-09T19:34:08","guid":{"rendered":"https:\/\/amerikaantje.be\/?post_type=product&#038;p=99134"},"modified":"2025-11-27T10:02:47","modified_gmt":"2025-11-27T09:02:47","slug":"molle-radiozakje-coyote","status":"publish","type":"product","link":"https:\/\/amerikaantje.be\/fr\/product\/molle-radiozakje-coyote\/","title":{"rendered":"Pochette Molle pour radio - coyote"},"content":{"rendered":"<p>Pochette universelle Mil-Tec en polyester durable et r\u00e9sistant. La compatibilit\u00e9 avec le syst\u00e8me MOLLE permet de fixer rapidement la pochette \u00e0 un gilet tactique, un sac \u00e0 dos ou une ceinture. Des inserts \u00e9lastiques permettent de s'adapter \u00e0 la taille de la radio.<\/p>\n<p>La pochette est con\u00e7ue pour une radio ou un r\u00e9cepteur GPS, mais peut \u00e9galement \u00eatre utilis\u00e9e pour d'autres articles de taille similaire. L'\u00e9quipement transport\u00e9 est prot\u00e9g\u00e9 contre la chute par un cordon \u00e9lastique, et une boucle en plastique permet de le lib\u00e9rer rapidement.<\/p>\n<p>Caract\u00e9ristiques :<\/p>\n<ul>\n<li>Couleur : coyote<\/li>\n<li>Mat\u00e9riau : polyester et plastique<\/li>\n<li>Dimensions : 68 \u00d7 30 \u00d7 153 mm<\/li>\n<li>Poids : 93 g<\/li>\n<\/ul>","protected":false},"excerpt":{"rendered":"<p>Universele Mil-Tec buidel gemaakt van duurzaam en slijtvast polyester. Dankzij de compatibiliteit met het MOLLE-systeem kan de tas snel aan een tactisch vest, rugzak of riem worden bevestigd. Elastische inzetstukken maken aanpassing aan de grootte van de radio mogelijk. Het tasje is bedoeld voor een radio of GPS-ontvanger, maar kan ook worden gebruikt voor andere [&#8230;]\n","protected":false},"featured_media":99121,"template":"","meta":{"_acf_changed":false},"product_brand":[],"product_cat":[13347,13341,13379],"product_tag":[942,1814,948],"class_list":{"0":"post-99134","1":"product","2":"type-product","3":"status-publish","4":"has-post-thumbnail","6":"product_cat-allerlei","7":"product_cat-bagage","8":"product_cat-gordeltassen","9":"product_tag-airsoft","10":"product_tag-milicien","11":"product_tag-security","12":"pa_merk-mil-tec","14":"first","15":"instock","16":"taxable","17":"shipping-taxable","18":"purchasable","19":"product-type-simple"},"acf":[],"yoast_head":"<!-- This site is optimized with the Yoast SEO Premium plugin v27.6 (Yoast SEO v27.6) - https:\/\/yoast.com\/product\/yoast-seo-premium-wordpress\/ -->\n<title>Molle radiozakje - coyote - &#039;t Amerikaantje<\/title>\n<meta name=\"robots\" content=\"index, follow, max-snippet:-1, max-image-preview:large, max-video-preview:-1\" \/>\n<link rel=\"canonical\" href=\"https:\/\/amerikaantje.be\/fr\/product\/molle-radiozakje-coyote\/\" \/>\n<meta property=\"og:locale\" content=\"fr_FR\" \/>\n<meta property=\"og:type\" content=\"article\" \/>\n<meta property=\"og:title\" content=\"Molle radiozakje - coyote\" \/>\n<meta property=\"og:description\" content=\"Universele Mil-Tec buidel gemaakt van duurzaam en slijtvast polyester. Dankzij de compatibiliteit met het MOLLE-systeem kan de tas snel aan een tactisch vest, rugzak of riem worden bevestigd. Elastische inzetstukken maken aanpassing aan de grootte van de radio mogelijk. Het tasje is bedoeld voor een radio of GPS-ontvanger, maar kan ook worden gebruikt voor andere [...]\" \/>\n<meta property=\"og:url\" content=\"https:\/\/amerikaantje.be\/fr\/product\/molle-radiozakje-coyote\/\" \/>\n<meta property=\"og:site_name\" content=\"&#039;t Amerikaantje\" \/>\n<meta property=\"article:publisher\" content=\"https:\/\/www.facebook.com\/t-Amerikaantje-151636621529042\/\" \/>\n<meta property=\"article:modified_time\" content=\"2025-11-27T09:02:47+00:00\" \/>\n<meta property=\"og:image\" content=\"https:\/\/amerikaantje.be\/wp-content\/uploads\/2022\/02\/miltec-13493719-1.jpg?v=1703257880\" \/>\n\t<meta property=\"og:image:width\" content=\"1200\" \/>\n\t<meta property=\"og:image:height\" content=\"1200\" \/>\n\t<meta property=\"og:image:type\" content=\"image\/jpeg\" \/>\n<meta name=\"twitter:card\" content=\"summary_large_image\" \/>\n<meta name=\"twitter:label1\" content=\"Price\" \/>\n\t<meta name=\"twitter:data1\" content=\"&euro;&nbsp;8,50\" \/>\n\t<meta name=\"twitter:label2\" content=\"Availability\" \/>\n\t<meta name=\"twitter:data2\" content=\"In stock\" \/>\n<script type=\"application\/ld+json\" class=\"yoast-schema-graph\">{\"@context\":\"https:\\\/\\\/schema.org\",\"@graph\":[{\"@type\":\"WebPage\",\"@id\":\"https:\\\/\\\/amerikaantje.be\\\/product\\\/molle-radiozakje-coyote\\\/\",\"url\":\"https:\\\/\\\/amerikaantje.be\\\/product\\\/molle-radiozakje-coyote\\\/\",\"name\":\"Molle radiozakje - coyote - &#039;t Amerikaantje\",\"isPartOf\":{\"@id\":\"https:\\\/\\\/amerikaantje.be\\\/#website\"},\"primaryImageOfPage\":{\"@id\":\"https:\\\/\\\/amerikaantje.be\\\/product\\\/molle-radiozakje-coyote\\\/#primaryimage\"},\"image\":{\"@id\":\"https:\\\/\\\/amerikaantje.be\\\/product\\\/molle-radiozakje-coyote\\\/#primaryimage\"},\"thumbnailUrl\":\"https:\\\/\\\/amerikaantje.be\\\/wp-content\\\/uploads\\\/2022\\\/02\\\/miltec-13493719-1.jpg?v=1703257880\",\"datePublished\":\"2022-02-09T19:34:08+00:00\",\"dateModified\":\"2025-11-27T09:02:47+00:00\",\"breadcrumb\":{\"@id\":\"https:\\\/\\\/amerikaantje.be\\\/product\\\/molle-radiozakje-coyote\\\/#breadcrumb\"},\"inLanguage\":\"fr-BE\",\"potentialAction\":[{\"@type\":\"ReadAction\",\"target\":[\"https:\\\/\\\/amerikaantje.be\\\/product\\\/molle-radiozakje-coyote\\\/\"]}]},{\"@type\":\"ImageObject\",\"inLanguage\":\"fr-BE\",\"@id\":\"https:\\\/\\\/amerikaantje.be\\\/product\\\/molle-radiozakje-coyote\\\/#primaryimage\",\"url\":\"https:\\\/\\\/amerikaantje.be\\\/wp-content\\\/uploads\\\/2022\\\/02\\\/miltec-13493719-1.jpg?v=1703257880\",\"contentUrl\":\"https:\\\/\\\/amerikaantje.be\\\/wp-content\\\/uploads\\\/2022\\\/02\\\/miltec-13493719-1.jpg?v=1703257880\",\"width\":1200,\"height\":1200},{\"@type\":\"BreadcrumbList\",\"@id\":\"https:\\\/\\\/amerikaantje.be\\\/product\\\/molle-radiozakje-coyote\\\/#breadcrumb\",\"itemListElement\":[{\"@type\":\"ListItem\",\"position\":1,\"name\":\"Accueil\",\"item\":\"https:\\\/\\\/amerikaantje.be\\\/\"},{\"@type\":\"ListItem\",\"position\":2,\"name\":\"Webshop\",\"item\":\"https:\\\/\\\/amerikaantje.be\\\/alle-producten\\\/\"},{\"@type\":\"ListItem\",\"position\":3,\"name\":\"Molle radiozakje &#8211; coyote\"}]},{\"@type\":\"WebSite\",\"@id\":\"https:\\\/\\\/amerikaantje.be\\\/#website\",\"url\":\"https:\\\/\\\/amerikaantje.be\\\/\",\"name\":\"&#039;t Amerikaantje\",\"description\":\"&#039;s zondags open, supergoe en supergoeiekoop!\",\"publisher\":{\"@id\":\"https:\\\/\\\/amerikaantje.be\\\/#organization\"},\"potentialAction\":[{\"@type\":\"SearchAction\",\"target\":{\"@type\":\"EntryPoint\",\"urlTemplate\":\"https:\\\/\\\/amerikaantje.be\\\/?s={search_term_string}\"},\"query-input\":{\"@type\":\"PropertyValueSpecification\",\"valueRequired\":true,\"valueName\":\"search_term_string\"}}],\"inLanguage\":\"fr-BE\"},{\"@type\":\"Organization\",\"@id\":\"https:\\\/\\\/amerikaantje.be\\\/#organization\",\"name\":\"&#039;t Amerikaantje\",\"url\":\"https:\\\/\\\/amerikaantje.be\\\/\",\"logo\":{\"@type\":\"ImageObject\",\"inLanguage\":\"fr-BE\",\"@id\":\"https:\\\/\\\/amerikaantje.be\\\/#\\\/schema\\\/logo\\\/image\\\/\",\"url\":\"https:\\\/\\\/amerikaantje.be\\\/wp-content\\\/uploads\\\/2023\\\/02\\\/amerikaantje-balk-logo-sterren-transparant.png?v=1703255686\",\"contentUrl\":\"https:\\\/\\\/amerikaantje.be\\\/wp-content\\\/uploads\\\/2023\\\/02\\\/amerikaantje-balk-logo-sterren-transparant.png?v=1703255686\",\"width\":648,\"height\":343,\"caption\":\"&#039;t Amerikaantje\"},\"image\":{\"@id\":\"https:\\\/\\\/amerikaantje.be\\\/#\\\/schema\\\/logo\\\/image\\\/\"},\"sameAs\":[\"https:\\\/\\\/www.facebook.com\\\/t-Amerikaantje-151636621529042\\\/\"]}]}<\/script>\n<meta property=\"product:price:amount\" content=\"8.50\" \/>\n<meta property=\"product:price:currency\" content=\"EUR\" \/>\n<meta property=\"og:availability\" content=\"instock\" \/>\n<meta property=\"product:availability\" content=\"instock\" \/>\n<meta property=\"product:retailer_item_id\" content=\"13493719\" \/>\n<meta property=\"product:condition\" content=\"new\" \/>\n<!-- \/ Yoast SEO Premium plugin. -->","yoast_head_json":{"title":"Pochette radio Molle - coyote - &#039;t Amerikaantje","robots":{"index":"index","follow":"follow","max-snippet":"max-snippet:-1","max-image-preview":"max-image-preview:large","max-video-preview":"max-video-preview:-1"},"canonical":"https:\/\/amerikaantje.be\/fr\/product\/molle-radiozakje-coyote\/","og_locale":"fr_FR","og_type":"article","og_title":"Molle radiozakje - coyote","og_description":"Universele Mil-Tec buidel gemaakt van duurzaam en slijtvast polyester. Dankzij de compatibiliteit met het MOLLE-systeem kan de tas snel aan een tactisch vest, rugzak of riem worden bevestigd. Elastische inzetstukken maken aanpassing aan de grootte van de radio mogelijk. Het tasje is bedoeld voor een radio of GPS-ontvanger, maar kan ook worden gebruikt voor andere [...]","og_url":"https:\/\/amerikaantje.be\/fr\/product\/molle-radiozakje-coyote\/","og_site_name":"&#039;t Amerikaantje","article_publisher":"https:\/\/www.facebook.com\/t-Amerikaantje-151636621529042\/","article_modified_time":"2025-11-27T09:02:47+00:00","og_image":[{"width":1200,"height":1200,"url":"https:\/\/amerikaantje.be\/wp-content\/uploads\/2022\/02\/miltec-13493719-1.jpg?v=1703257880","type":"image\/jpeg"}],"twitter_card":"summary_large_image","twitter_misc":{"Price":"&euro;&nbsp;8,50","Availability":"In stock"},"schema":{"@context":"https:\/\/schema.org","@graph":[{"@type":"WebPage","@id":"https:\/\/amerikaantje.be\/product\/molle-radiozakje-coyote\/","url":"https:\/\/amerikaantje.be\/product\/molle-radiozakje-coyote\/","name":"Pochette radio Molle - coyote - &#039;t Amerikaantje","isPartOf":{"@id":"https:\/\/amerikaantje.be\/#website"},"primaryImageOfPage":{"@id":"https:\/\/amerikaantje.be\/product\/molle-radiozakje-coyote\/#primaryimage"},"image":{"@id":"https:\/\/amerikaantje.be\/product\/molle-radiozakje-coyote\/#primaryimage"},"thumbnailUrl":"https:\/\/amerikaantje.be\/wp-content\/uploads\/2022\/02\/miltec-13493719-1.jpg?v=1703257880","datePublished":"2022-02-09T19:34:08+00:00","dateModified":"2025-11-27T09:02:47+00:00","breadcrumb":{"@id":"https:\/\/amerikaantje.be\/product\/molle-radiozakje-coyote\/#breadcrumb"},"inLanguage":"fr-BE","potentialAction":[{"@type":"ReadAction","target":["https:\/\/amerikaantje.be\/product\/molle-radiozakje-coyote\/"]}]},{"@type":"ImageObject","inLanguage":"fr-BE","@id":"https:\/\/amerikaantje.be\/product\/molle-radiozakje-coyote\/#primaryimage","url":"https:\/\/amerikaantje.be\/wp-content\/uploads\/2022\/02\/miltec-13493719-1.jpg?v=1703257880","contentUrl":"https:\/\/amerikaantje.be\/wp-content\/uploads\/2022\/02\/miltec-13493719-1.jpg?v=1703257880","width":1200,"height":1200},{"@type":"BreadcrumbList","@id":"https:\/\/amerikaantje.be\/product\/molle-radiozakje-coyote\/#breadcrumb","itemListElement":[{"@type":"ListItem","position":1,"name":"Accueil","item":"https:\/\/amerikaantje.be\/"},{"@type":"ListItem","position":2,"name":"Webshop","item":"https:\/\/amerikaantje.be\/alle-producten\/"},{"@type":"ListItem","position":3,"name":"Molle radiozakje &#8211; coyote"}]},{"@type":"WebSite","@id":"https:\/\/amerikaantje.be\/#website","url":"https:\/\/amerikaantje.be\/","name":"&#039;t Amerikaantje","description":"&#039;ouvert le dimanche, supergoe et super bon march\u00e9 !","publisher":{"@id":"https:\/\/amerikaantje.be\/#organization"},"potentialAction":[{"@type":"SearchAction","target":{"@type":"EntryPoint","urlTemplate":"https:\/\/amerikaantje.be\/?s={search_term_string}"},"query-input":{"@type":"PropertyValueSpecification","valueRequired":true,"valueName":"search_term_string"}}],"inLanguage":"fr-BE"},{"@type":"Organization","@id":"https:\/\/amerikaantje.be\/#organization","name":"&#039;t Amerikaantje","url":"https:\/\/amerikaantje.be\/","logo":{"@type":"ImageObject","inLanguage":"fr-BE","@id":"https:\/\/amerikaantje.be\/#\/schema\/logo\/image\/","url":"https:\/\/amerikaantje.be\/wp-content\/uploads\/2023\/02\/amerikaantje-balk-logo-sterren-transparant.png?v=1703255686","contentUrl":"https:\/\/amerikaantje.be\/wp-content\/uploads\/2023\/02\/amerikaantje-balk-logo-sterren-transparant.png?v=1703255686","width":648,"height":343,"caption":"&#039;t Amerikaantje"},"image":{"@id":"https:\/\/amerikaantje.be\/#\/schema\/logo\/image\/"},"sameAs":["https:\/\/www.facebook.com\/t-Amerikaantje-151636621529042\/"]}]},"product_price_amount":"8.50","product_price_currency":"EUR","og_availability":"instock","product_availability":"instock","product_retailer_item_id":"13493719","product_condition":"new"},"df_price":8.5,"df_sale_price":"","df_regular_price":8.5,"df_image_link":"https:\/\/amerikaantje.be\/wp-content\/uploads\/2022\/02\/miltec-13493719-1-500x500.jpg?v=1703257880","_links":{"self":[{"href":"https:\/\/amerikaantje.be\/fr\/wp-json\/wp\/v2\/product\/99134","targetHints":{"allow":["GET"]}}],"collection":[{"href":"https:\/\/amerikaantje.be\/fr\/wp-json\/wp\/v2\/product"}],"about":[{"href":"https:\/\/amerikaantje.be\/fr\/wp-json\/wp\/v2\/types\/product"}],"wp:featuredmedia":[{"embeddable":true,"href":"https:\/\/amerikaantje.be\/fr\/wp-json\/wp\/v2\/media\/99121"}],"wp:attachment":[{"href":"https:\/\/amerikaantje.be\/fr\/wp-json\/wp\/v2\/media?parent=99134"}],"wp:term":[{"taxonomy":"product_brand","embeddable":true,"href":"https:\/\/amerikaantje.be\/fr\/wp-json\/wp\/v2\/product_brand?post=99134"},{"taxonomy":"product_cat","embeddable":true,"href":"https:\/\/amerikaantje.be\/fr\/wp-json\/wp\/v2\/product_cat?post=99134"},{"taxonomy":"product_tag","embeddable":true,"href":"https:\/\/amerikaantje.be\/fr\/wp-json\/wp\/v2\/product_tag?post=99134"}],"curies":[{"name":"wp","href":"https:\/\/api.w.org\/{rel}","templated":true}]}}