{"id":99042,"date":"2022-02-09T16:28:28","date_gmt":"2022-02-09T16:28:28","guid":{"rendered":"https:\/\/amerikaantje.be\/?post_type=product&#038;p=99042"},"modified":"2025-06-06T11:02:21","modified_gmt":"2025-06-06T09:02:21","slug":"us-army-machete","status":"publish","type":"product","link":"https:\/\/amerikaantje.be\/fr\/produit\/us-army-machete\/","title":{"rendered":"Machette de l'arm\u00e9e am\u00e9ricaine"},"content":{"rendered":"<p>US ARMY MACHETE Machette \u00e0 cartouche LC2.<\/p>\n<p>Mod\u00e8le con\u00e7u pour les troupes am\u00e9ricaines op\u00e9rant dans la jungle. Con\u00e7u pour couper les branches, les arbustes et les buissons et couper le bois.<\/p>\n<p>Lame en acier inoxydable tremp\u00e9 de haute qualit\u00e9. Soumis au processus d'oxydation (noircissement), qui \u00e9limine les reflets lumineux (masquage) et prot\u00e8ge \u00e9galement contre la corrosion. La forme optimale de la lame et du manche et l'\u00e9quilibre parfait rendent le hachage beaucoup plus facile. L'extr\u00e9mit\u00e9 la plus lourde r\u00e9duit l'utilisation de la force.<\/p>\n<p>Aff\u00fbt\u00e9s selon un angle sp\u00e9cial, garantissant la nettet\u00e9 tout en r\u00e9sistant \u00e0 l'\u00e9moussement. Le dos de la lame comporte une scie tranchante pour couper le bois \u00e9pais. Les dents de forme sp\u00e9ciale facilitent la coupe.<\/p>\n<p>Manche anatomique en plastique durable et amortissant les vibrations, se terminant par une poign\u00e9e qui emp\u00eache la machette de tomber de la main.<\/p>\n<p>Caract\u00e9ristiques :<\/p>\n<ul>\n<li>Lame : Alliage d'acier au carbone<\/li>\n<li>Poign\u00e9e : 100% plastique ABS<\/li>\n<li>Gaine : 100% Poly\u00e9thyl\u00e8ne<\/li>\n<li>Longueur de la lame : 45,5 cm<\/li>\n<li>Longueur totale : 58 cm<\/li>\n<li>Poids : environ 800 g<\/li>\n<li>La t\u00eate est fix\u00e9e \u00e0 la lame par des rivets.<\/li>\n<li>Possibilit\u00e9 d'attacher une boucle de poignet ou une longe.<\/li>\n<li>Fourreau en mat\u00e9riau durable, plastique et l\u00e9ger.<\/li>\n<li>Peut \u00eatre port\u00e9 \u00e0 la ceinture dans le syst\u00e8me de montage LC2 ALICE.<\/li>\n<li>Fourreau avec aff\u00fbteur au carbure int\u00e9gr\u00e9, possibilit\u00e9 d'aff\u00fbter \u00e0 chaque fois que la machette est d\u00e9gain\u00e9e.<\/li>\n<li>Le trou de drainage inf\u00e9rieur permet une \u00e9vacuation compl\u00e8te lors de la travers\u00e9e de rivi\u00e8res, les trous suppl\u00e9mentaires permettent \u00e0 l'humidit\u00e9 de s'\u00e9vaporer de l'int\u00e9rieur de la gaine.<\/li>\n<li>La machette dispose d'une protection contre la chute accidentelle du fourreau.<\/li>\n<\/ul>","protected":false},"excerpt":{"rendered":"<p>US ARMY MACHETE LC2 patroon kapmes. Model ontworpen voor Amerikaanse troepen die in de jungle opereren. Ontworpen voor het hakken van takken, struiken en bosjes en het zagen van hout. Lemmet van hoogwaardig gehard roestvrij staal. Onderworpen aan het oxidatieproces (zwart maken), dat lichtreflecties wegneemt (maskeren) en bovendien beschermt tegen corrosie. Optimale vorm van lemmet [&#8230;]\n","protected":false},"featured_media":99049,"template":"","meta":{"_acf_changed":false},"product_brand":[],"product_cat":[13359,13358,13287],"product_tag":[],"class_list":{"0":"post-99042","1":"product","2":"type-product","3":"status-publish","4":"has-post-thumbnail","6":"product_cat-machetes","7":"product_cat-messen","8":"product_cat-uitrusting","9":"pa_merk-mil-tec","11":"first","12":"instock","13":"taxable","14":"shipping-taxable","15":"purchasable","16":"product-type-simple"},"acf":[],"yoast_head":"<!-- This site is optimized with the Yoast SEO Premium plugin v27.2 (Yoast SEO v27.2) - https:\/\/yoast.com\/product\/yoast-seo-premium-wordpress\/ -->\n<title>US Army Machete - &#039;t Amerikaantje<\/title>\n<meta name=\"robots\" content=\"index, follow, max-snippet:-1, max-image-preview:large, max-video-preview:-1\" \/>\n<link rel=\"canonical\" href=\"https:\/\/amerikaantje.be\/fr\/produit\/us-army-machete\/\" \/>\n<meta property=\"og:locale\" content=\"fr_FR\" \/>\n<meta property=\"og:type\" content=\"article\" \/>\n<meta property=\"og:title\" content=\"US Army Machete\" \/>\n<meta property=\"og:description\" content=\"US ARMY MACHETE LC2 patroon kapmes. Model ontworpen voor Amerikaanse troepen die in de jungle opereren. Ontworpen voor het hakken van takken, struiken en bosjes en het zagen van hout. Lemmet van hoogwaardig gehard roestvrij staal. Onderworpen aan het oxidatieproces (zwart maken), dat lichtreflecties wegneemt (maskeren) en bovendien beschermt tegen corrosie. Optimale vorm van lemmet [...]\" \/>\n<meta property=\"og:url\" content=\"https:\/\/amerikaantje.be\/fr\/produit\/us-army-machete\/\" \/>\n<meta property=\"og:site_name\" content=\"&#039;t Amerikaantje\" \/>\n<meta property=\"article:publisher\" content=\"https:\/\/www.facebook.com\/t-Amerikaantje-151636621529042\/\" \/>\n<meta property=\"article:modified_time\" content=\"2025-06-06T09:02:21+00:00\" \/>\n<meta property=\"og:image\" content=\"https:\/\/amerikaantje.be\/wp-content\/uploads\/2022\/02\/miltec-15530000-1.jpg?v=1703257916\" \/>\n\t<meta property=\"og:image:width\" content=\"1200\" \/>\n\t<meta property=\"og:image:height\" content=\"1200\" \/>\n\t<meta property=\"og:image:type\" content=\"image\/jpeg\" \/>\n<meta name=\"twitter:card\" content=\"summary_large_image\" \/>\n<meta name=\"twitter:label1\" content=\"Price\" \/>\n\t<meta name=\"twitter:data1\" content=\"&euro;&nbsp;34,00\" \/>\n\t<meta name=\"twitter:label2\" content=\"Availability\" \/>\n\t<meta name=\"twitter:data2\" content=\"In stock\" \/>\n<script type=\"application\/ld+json\" class=\"yoast-schema-graph\">{\"@context\":\"https:\/\/schema.org\",\"@graph\":[{\"@type\":\"WebPage\",\"@id\":\"https:\/\/amerikaantje.be\/product\/us-army-machete\/\",\"url\":\"https:\/\/amerikaantje.be\/product\/us-army-machete\/\",\"name\":\"US Army Machete - &#039;t Amerikaantje\",\"isPartOf\":{\"@id\":\"https:\/\/amerikaantje.be\/#website\"},\"primaryImageOfPage\":{\"@id\":\"https:\/\/amerikaantje.be\/product\/us-army-machete\/#primaryimage\"},\"image\":{\"@id\":\"https:\/\/amerikaantje.be\/product\/us-army-machete\/#primaryimage\"},\"thumbnailUrl\":\"https:\/\/amerikaantje.be\/wp-content\/uploads\/2022\/02\/miltec-15530000-1.jpg?v=1703257916\",\"datePublished\":\"2022-02-09T16:28:28+00:00\",\"dateModified\":\"2025-06-06T09:02:21+00:00\",\"breadcrumb\":{\"@id\":\"https:\/\/amerikaantje.be\/product\/us-army-machete\/#breadcrumb\"},\"inLanguage\":\"fr-BE\",\"potentialAction\":[{\"@type\":\"ReadAction\",\"target\":[\"https:\/\/amerikaantje.be\/product\/us-army-machete\/\"]}]},{\"@type\":\"ImageObject\",\"inLanguage\":\"fr-BE\",\"@id\":\"https:\/\/amerikaantje.be\/product\/us-army-machete\/#primaryimage\",\"url\":\"https:\/\/amerikaantje.be\/wp-content\/uploads\/2022\/02\/miltec-15530000-1.jpg?v=1703257916\",\"contentUrl\":\"https:\/\/amerikaantje.be\/wp-content\/uploads\/2022\/02\/miltec-15530000-1.jpg?v=1703257916\",\"width\":1200,\"height\":1200},{\"@type\":\"BreadcrumbList\",\"@id\":\"https:\/\/amerikaantje.be\/product\/us-army-machete\/#breadcrumb\",\"itemListElement\":[{\"@type\":\"ListItem\",\"position\":1,\"name\":\"Accueil\",\"item\":\"https:\/\/amerikaantje.be\/\"},{\"@type\":\"ListItem\",\"position\":2,\"name\":\"Webshop\",\"item\":\"https:\/\/amerikaantje.be\/alle-producten\/\"},{\"@type\":\"ListItem\",\"position\":3,\"name\":\"US Army Machete\"}]},{\"@type\":\"WebSite\",\"@id\":\"https:\/\/amerikaantje.be\/#website\",\"url\":\"https:\/\/amerikaantje.be\/\",\"name\":\"&#039;t Amerikaantje\",\"description\":\"&#039;s zondags open, supergoe en supergoeiekoop!\",\"publisher\":{\"@id\":\"https:\/\/amerikaantje.be\/#organization\"},\"potentialAction\":[{\"@type\":\"SearchAction\",\"target\":{\"@type\":\"EntryPoint\",\"urlTemplate\":\"https:\/\/amerikaantje.be\/?s={search_term_string}\"},\"query-input\":{\"@type\":\"PropertyValueSpecification\",\"valueRequired\":true,\"valueName\":\"search_term_string\"}}],\"inLanguage\":\"fr-BE\"},{\"@type\":\"Organization\",\"@id\":\"https:\/\/amerikaantje.be\/#organization\",\"name\":\"&#039;t Amerikaantje\",\"url\":\"https:\/\/amerikaantje.be\/\",\"logo\":{\"@type\":\"ImageObject\",\"inLanguage\":\"fr-BE\",\"@id\":\"https:\/\/amerikaantje.be\/#\/schema\/logo\/image\/\",\"url\":\"https:\/\/amerikaantje.be\/wp-content\/uploads\/2023\/02\/amerikaantje-balk-logo-sterren-transparant.png?v=1703255686\",\"contentUrl\":\"https:\/\/amerikaantje.be\/wp-content\/uploads\/2023\/02\/amerikaantje-balk-logo-sterren-transparant.png?v=1703255686\",\"width\":648,\"height\":343,\"caption\":\"&#039;t Amerikaantje\"},\"image\":{\"@id\":\"https:\/\/amerikaantje.be\/#\/schema\/logo\/image\/\"},\"sameAs\":[\"https:\/\/www.facebook.com\/t-Amerikaantje-151636621529042\/\"]}]}<\/script>\n<meta property=\"product:price:amount\" content=\"34.00\" \/>\n<meta property=\"product:price:currency\" content=\"EUR\" \/>\n<meta property=\"og:availability\" content=\"instock\" \/>\n<meta property=\"product:availability\" content=\"instock\" \/>\n<meta property=\"product:retailer_item_id\" content=\"15530000\" \/>\n<meta property=\"product:condition\" content=\"new\" \/>\n<!-- \/ Yoast SEO Premium plugin. -->","yoast_head_json":{"title":"Machette de l'arm\u00e9e am\u00e9ricaine - &#039;t Amerikaantje","robots":{"index":"index","follow":"follow","max-snippet":"max-snippet:-1","max-image-preview":"max-image-preview:large","max-video-preview":"max-video-preview:-1"},"canonical":"https:\/\/amerikaantje.be\/fr\/produit\/us-army-machete\/","og_locale":"fr_FR","og_type":"article","og_title":"US Army Machete","og_description":"US ARMY MACHETE LC2 patroon kapmes. Model ontworpen voor Amerikaanse troepen die in de jungle opereren. Ontworpen voor het hakken van takken, struiken en bosjes en het zagen van hout. Lemmet van hoogwaardig gehard roestvrij staal. Onderworpen aan het oxidatieproces (zwart maken), dat lichtreflecties wegneemt (maskeren) en bovendien beschermt tegen corrosie. Optimale vorm van lemmet [...]","og_url":"https:\/\/amerikaantje.be\/fr\/produit\/us-army-machete\/","og_site_name":"&#039;t Amerikaantje","article_publisher":"https:\/\/www.facebook.com\/t-Amerikaantje-151636621529042\/","article_modified_time":"2025-06-06T09:02:21+00:00","og_image":[{"width":1200,"height":1200,"url":"https:\/\/amerikaantje.be\/wp-content\/uploads\/2022\/02\/miltec-15530000-1.jpg?v=1703257916","type":"image\/jpeg"}],"twitter_card":"summary_large_image","twitter_misc":{"Price":"&euro;&nbsp;34,00","Availability":"In stock"},"schema":{"@context":"https:\/\/schema.org","@graph":[{"@type":"WebPage","@id":"https:\/\/amerikaantje.be\/product\/us-army-machete\/","url":"https:\/\/amerikaantje.be\/product\/us-army-machete\/","name":"Machette de l'arm\u00e9e am\u00e9ricaine - &#039;t Amerikaantje","isPartOf":{"@id":"https:\/\/amerikaantje.be\/#website"},"primaryImageOfPage":{"@id":"https:\/\/amerikaantje.be\/product\/us-army-machete\/#primaryimage"},"image":{"@id":"https:\/\/amerikaantje.be\/product\/us-army-machete\/#primaryimage"},"thumbnailUrl":"https:\/\/amerikaantje.be\/wp-content\/uploads\/2022\/02\/miltec-15530000-1.jpg?v=1703257916","datePublished":"2022-02-09T16:28:28+00:00","dateModified":"2025-06-06T09:02:21+00:00","breadcrumb":{"@id":"https:\/\/amerikaantje.be\/product\/us-army-machete\/#breadcrumb"},"inLanguage":"fr-BE","potentialAction":[{"@type":"ReadAction","target":["https:\/\/amerikaantje.be\/product\/us-army-machete\/"]}]},{"@type":"ImageObject","inLanguage":"fr-BE","@id":"https:\/\/amerikaantje.be\/product\/us-army-machete\/#primaryimage","url":"https:\/\/amerikaantje.be\/wp-content\/uploads\/2022\/02\/miltec-15530000-1.jpg?v=1703257916","contentUrl":"https:\/\/amerikaantje.be\/wp-content\/uploads\/2022\/02\/miltec-15530000-1.jpg?v=1703257916","width":1200,"height":1200},{"@type":"BreadcrumbList","@id":"https:\/\/amerikaantje.be\/product\/us-army-machete\/#breadcrumb","itemListElement":[{"@type":"ListItem","position":1,"name":"Accueil","item":"https:\/\/amerikaantje.be\/"},{"@type":"ListItem","position":2,"name":"Webshop","item":"https:\/\/amerikaantje.be\/alle-producten\/"},{"@type":"ListItem","position":3,"name":"US Army Machete"}]},{"@type":"WebSite","@id":"https:\/\/amerikaantje.be\/#website","url":"https:\/\/amerikaantje.be\/","name":"&#039;t Amerikaantje","description":"&#039;ouvert le dimanche, supergoe et super bon march\u00e9 !","publisher":{"@id":"https:\/\/amerikaantje.be\/#organization"},"potentialAction":[{"@type":"SearchAction","target":{"@type":"EntryPoint","urlTemplate":"https:\/\/amerikaantje.be\/?s={search_term_string}"},"query-input":{"@type":"PropertyValueSpecification","valueRequired":true,"valueName":"search_term_string"}}],"inLanguage":"fr-BE"},{"@type":"Organization","@id":"https:\/\/amerikaantje.be\/#organization","name":"&#039;t Amerikaantje","url":"https:\/\/amerikaantje.be\/","logo":{"@type":"ImageObject","inLanguage":"fr-BE","@id":"https:\/\/amerikaantje.be\/#\/schema\/logo\/image\/","url":"https:\/\/amerikaantje.be\/wp-content\/uploads\/2023\/02\/amerikaantje-balk-logo-sterren-transparant.png?v=1703255686","contentUrl":"https:\/\/amerikaantje.be\/wp-content\/uploads\/2023\/02\/amerikaantje-balk-logo-sterren-transparant.png?v=1703255686","width":648,"height":343,"caption":"&#039;t Amerikaantje"},"image":{"@id":"https:\/\/amerikaantje.be\/#\/schema\/logo\/image\/"},"sameAs":["https:\/\/www.facebook.com\/t-Amerikaantje-151636621529042\/"]}]},"product_price_amount":"34.00","product_price_currency":"EUR","og_availability":"instock","product_availability":"instock","product_retailer_item_id":"15530000","product_condition":"new"},"df_price":34,"df_sale_price":"","df_regular_price":34,"df_image_link":"https:\/\/amerikaantje.be\/wp-content\/uploads\/2022\/02\/miltec-15530000-1-500x500.jpg?v=1703257916","_links":{"self":[{"href":"https:\/\/amerikaantje.be\/fr\/wp-json\/wp\/v2\/product\/99042","targetHints":{"allow":["GET"]}}],"collection":[{"href":"https:\/\/amerikaantje.be\/fr\/wp-json\/wp\/v2\/product"}],"about":[{"href":"https:\/\/amerikaantje.be\/fr\/wp-json\/wp\/v2\/types\/product"}],"wp:featuredmedia":[{"embeddable":true,"href":"https:\/\/amerikaantje.be\/fr\/wp-json\/wp\/v2\/media\/99049"}],"wp:attachment":[{"href":"https:\/\/amerikaantje.be\/fr\/wp-json\/wp\/v2\/media?parent=99042"}],"wp:term":[{"taxonomy":"product_brand","embeddable":true,"href":"https:\/\/amerikaantje.be\/fr\/wp-json\/wp\/v2\/product_brand?post=99042"},{"taxonomy":"product_cat","embeddable":true,"href":"https:\/\/amerikaantje.be\/fr\/wp-json\/wp\/v2\/product_cat?post=99042"},{"taxonomy":"product_tag","embeddable":true,"href":"https:\/\/amerikaantje.be\/fr\/wp-json\/wp\/v2\/product_tag?post=99042"}],"curies":[{"name":"wp","href":"https:\/\/api.w.org\/{rel}","templated":true}]}}