{"id":99037,"date":"2022-02-09T16:15:41","date_gmt":"2022-02-09T16:15:41","guid":{"rendered":"https:\/\/amerikaantje.be\/?post_type=product&#038;p=99037"},"modified":"2025-03-12T09:50:47","modified_gmt":"2025-03-12T08:50:47","slug":"draadzaag-met-handgrepen","status":"publish","type":"product","link":"https:\/\/amerikaantje.be\/fr\/produit\/draadzaag-met-handgrepen\/","title":{"rendered":"Scie \u00e0 fil avec poign\u00e9es"},"content":{"rendered":"<p>Cette scie \u00e0 fil en fil d'acier enroul\u00e9 8 fois est id\u00e9ale pour le bois, le plastique, l'os ou le m\u00e9tal mou. Il est dot\u00e9 de deux poign\u00e9es pratiques en ABS pour une utilisation en toute s\u00e9curit\u00e9.<\/p>\n<p>Caract\u00e9ristiques :<\/p>\n<ul>\n<li>100% acier inoxydable<\/li>\n<li>Poign\u00e9es : 100% Polypropyl\u00e8ne<\/li>\n<li>Longueur totale avec les poign\u00e9es : 71 cm<\/li>\n<li>Longueur de la scie : 60 cm<\/li>\n<li>Poids : 50 g<\/li>\n<\/ul>","protected":false},"excerpt":{"rendered":"<p>Cette scie \u00e0 fil en fil d'acier enroul\u00e9 8 fois est id\u00e9ale pour le bois, le plastique, l'os ou le m\u00e9tal mou. Elle est dot\u00e9e de deux poign\u00e9es pratiques en ABS pour une utilisation en toute s\u00e9curit\u00e9. Caract\u00e9ristiques : Acier inoxydable 100% Poign\u00e9es : Polypropyl\u00e8ne 100% Longueur totale avec poign\u00e9es : 71 cm Longueur de la scie : 60 cm Poids : 50 g<\/p>","protected":false},"featured_media":99040,"template":"","meta":{"_acf_changed":false},"product_brand":[],"product_cat":[13390,13287],"product_tag":[1814,950],"class_list":{"0":"post-99037","1":"product","2":"type-product","3":"status-publish","4":"has-post-thumbnail","6":"product_cat-survivalmateriaal","7":"product_cat-uitrusting","8":"product_tag-milicien","9":"product_tag-survival","10":"pa_merk-mil-tec","12":"first","13":"instock","14":"taxable","15":"shipping-taxable","16":"purchasable","17":"product-type-simple"},"acf":[],"yoast_head":"<!-- This site is optimized with the Yoast SEO Premium plugin v27.2 (Yoast SEO v27.2) - https:\/\/yoast.com\/product\/yoast-seo-premium-wordpress\/ -->\n<title>Draadzaag met handgrepen - &#039;t Amerikaantje<\/title>\n<meta name=\"robots\" content=\"index, follow, max-snippet:-1, max-image-preview:large, max-video-preview:-1\" \/>\n<link rel=\"canonical\" href=\"https:\/\/amerikaantje.be\/fr\/produit\/draadzaag-met-handgrepen\/\" \/>\n<meta property=\"og:locale\" content=\"fr_FR\" \/>\n<meta property=\"og:type\" content=\"article\" \/>\n<meta property=\"og:title\" content=\"Draadzaag met handgrepen\" \/>\n<meta property=\"og:description\" content=\"Deze draadzaag van 8-voudig gewonden staaldraad is ideaal voor hout, kunststof, bot of zacht metaal. Het heeft twee praktische ABS handgrepen voor veilig gebruik. Kenmerken: 100% roestvrij staal Handgrepen: 100% Polypropyleen Totale lengte met handvatten: 71 cm Lengte zaag: 60 cm Gewicht: 50 g\" \/>\n<meta property=\"og:url\" content=\"https:\/\/amerikaantje.be\/fr\/produit\/draadzaag-met-handgrepen\/\" \/>\n<meta property=\"og:site_name\" content=\"&#039;t Amerikaantje\" \/>\n<meta property=\"article:publisher\" content=\"https:\/\/www.facebook.com\/t-Amerikaantje-151636621529042\/\" \/>\n<meta property=\"article:modified_time\" content=\"2025-03-12T08:50:47+00:00\" \/>\n<meta property=\"og:image\" content=\"https:\/\/amerikaantje.be\/wp-content\/uploads\/2022\/02\/miltec-15502500-1.jpg?v=1703257920\" \/>\n\t<meta property=\"og:image:width\" content=\"1200\" \/>\n\t<meta property=\"og:image:height\" content=\"1200\" \/>\n\t<meta property=\"og:image:type\" content=\"image\/jpeg\" \/>\n<meta name=\"twitter:card\" content=\"summary_large_image\" \/>\n<meta name=\"twitter:label1\" content=\"Price\" \/>\n\t<meta name=\"twitter:data1\" content=\"&euro;&nbsp;9,00\" \/>\n\t<meta name=\"twitter:label2\" content=\"Availability\" \/>\n\t<meta name=\"twitter:data2\" content=\"In stock\" \/>\n<script type=\"application\/ld+json\" class=\"yoast-schema-graph\">{\"@context\":\"https:\/\/schema.org\",\"@graph\":[{\"@type\":\"WebPage\",\"@id\":\"https:\/\/amerikaantje.be\/product\/draadzaag-met-handgrepen\/\",\"url\":\"https:\/\/amerikaantje.be\/product\/draadzaag-met-handgrepen\/\",\"name\":\"Draadzaag met handgrepen - &#039;t Amerikaantje\",\"isPartOf\":{\"@id\":\"https:\/\/amerikaantje.be\/#website\"},\"primaryImageOfPage\":{\"@id\":\"https:\/\/amerikaantje.be\/product\/draadzaag-met-handgrepen\/#primaryimage\"},\"image\":{\"@id\":\"https:\/\/amerikaantje.be\/product\/draadzaag-met-handgrepen\/#primaryimage\"},\"thumbnailUrl\":\"https:\/\/amerikaantje.be\/wp-content\/uploads\/2022\/02\/miltec-15502500-1.jpg?v=1703257920\",\"datePublished\":\"2022-02-09T16:15:41+00:00\",\"dateModified\":\"2025-03-12T08:50:47+00:00\",\"breadcrumb\":{\"@id\":\"https:\/\/amerikaantje.be\/product\/draadzaag-met-handgrepen\/#breadcrumb\"},\"inLanguage\":\"fr-BE\",\"potentialAction\":[{\"@type\":\"ReadAction\",\"target\":[\"https:\/\/amerikaantje.be\/product\/draadzaag-met-handgrepen\/\"]}]},{\"@type\":\"ImageObject\",\"inLanguage\":\"fr-BE\",\"@id\":\"https:\/\/amerikaantje.be\/product\/draadzaag-met-handgrepen\/#primaryimage\",\"url\":\"https:\/\/amerikaantje.be\/wp-content\/uploads\/2022\/02\/miltec-15502500-1.jpg?v=1703257920\",\"contentUrl\":\"https:\/\/amerikaantje.be\/wp-content\/uploads\/2022\/02\/miltec-15502500-1.jpg?v=1703257920\",\"width\":1200,\"height\":1200},{\"@type\":\"BreadcrumbList\",\"@id\":\"https:\/\/amerikaantje.be\/product\/draadzaag-met-handgrepen\/#breadcrumb\",\"itemListElement\":[{\"@type\":\"ListItem\",\"position\":1,\"name\":\"Accueil\",\"item\":\"https:\/\/amerikaantje.be\/\"},{\"@type\":\"ListItem\",\"position\":2,\"name\":\"Webshop\",\"item\":\"https:\/\/amerikaantje.be\/alle-producten\/\"},{\"@type\":\"ListItem\",\"position\":3,\"name\":\"Draadzaag met handgrepen\"}]},{\"@type\":\"WebSite\",\"@id\":\"https:\/\/amerikaantje.be\/#website\",\"url\":\"https:\/\/amerikaantje.be\/\",\"name\":\"&#039;t Amerikaantje\",\"description\":\"&#039;s zondags open, supergoe en supergoeiekoop!\",\"publisher\":{\"@id\":\"https:\/\/amerikaantje.be\/#organization\"},\"potentialAction\":[{\"@type\":\"SearchAction\",\"target\":{\"@type\":\"EntryPoint\",\"urlTemplate\":\"https:\/\/amerikaantje.be\/?s={search_term_string}\"},\"query-input\":{\"@type\":\"PropertyValueSpecification\",\"valueRequired\":true,\"valueName\":\"search_term_string\"}}],\"inLanguage\":\"fr-BE\"},{\"@type\":\"Organization\",\"@id\":\"https:\/\/amerikaantje.be\/#organization\",\"name\":\"&#039;t Amerikaantje\",\"url\":\"https:\/\/amerikaantje.be\/\",\"logo\":{\"@type\":\"ImageObject\",\"inLanguage\":\"fr-BE\",\"@id\":\"https:\/\/amerikaantje.be\/#\/schema\/logo\/image\/\",\"url\":\"https:\/\/amerikaantje.be\/wp-content\/uploads\/2023\/02\/amerikaantje-balk-logo-sterren-transparant.png?v=1703255686\",\"contentUrl\":\"https:\/\/amerikaantje.be\/wp-content\/uploads\/2023\/02\/amerikaantje-balk-logo-sterren-transparant.png?v=1703255686\",\"width\":648,\"height\":343,\"caption\":\"&#039;t Amerikaantje\"},\"image\":{\"@id\":\"https:\/\/amerikaantje.be\/#\/schema\/logo\/image\/\"},\"sameAs\":[\"https:\/\/www.facebook.com\/t-Amerikaantje-151636621529042\/\"]}]}<\/script>\n<meta property=\"product:price:amount\" content=\"9.00\" \/>\n<meta property=\"product:price:currency\" content=\"EUR\" \/>\n<meta property=\"og:availability\" content=\"instock\" \/>\n<meta property=\"product:availability\" content=\"instock\" \/>\n<meta property=\"product:retailer_item_id\" content=\"15502500\" \/>\n<meta property=\"product:condition\" content=\"new\" \/>\n<!-- \/ Yoast SEO Premium plugin. -->","yoast_head_json":{"title":"Scie \u00e0 fil avec poign\u00e9es - &#039;t Amerikaantje","robots":{"index":"index","follow":"follow","max-snippet":"max-snippet:-1","max-image-preview":"max-image-preview:large","max-video-preview":"max-video-preview:-1"},"canonical":"https:\/\/amerikaantje.be\/fr\/produit\/draadzaag-met-handgrepen\/","og_locale":"fr_FR","og_type":"article","og_title":"Draadzaag met handgrepen","og_description":"Deze draadzaag van 8-voudig gewonden staaldraad is ideaal voor hout, kunststof, bot of zacht metaal. Het heeft twee praktische ABS handgrepen voor veilig gebruik. Kenmerken: 100% roestvrij staal Handgrepen: 100% Polypropyleen Totale lengte met handvatten: 71 cm Lengte zaag: 60 cm Gewicht: 50 g","og_url":"https:\/\/amerikaantje.be\/fr\/produit\/draadzaag-met-handgrepen\/","og_site_name":"&#039;t Amerikaantje","article_publisher":"https:\/\/www.facebook.com\/t-Amerikaantje-151636621529042\/","article_modified_time":"2025-03-12T08:50:47+00:00","og_image":[{"width":1200,"height":1200,"url":"https:\/\/amerikaantje.be\/wp-content\/uploads\/2022\/02\/miltec-15502500-1.jpg?v=1703257920","type":"image\/jpeg"}],"twitter_card":"summary_large_image","twitter_misc":{"Price":"&euro;&nbsp;9,00","Availability":"In stock"},"schema":{"@context":"https:\/\/schema.org","@graph":[{"@type":"WebPage","@id":"https:\/\/amerikaantje.be\/product\/draadzaag-met-handgrepen\/","url":"https:\/\/amerikaantje.be\/product\/draadzaag-met-handgrepen\/","name":"Scie \u00e0 fil avec poign\u00e9es - &#039;t Amerikaantje","isPartOf":{"@id":"https:\/\/amerikaantje.be\/#website"},"primaryImageOfPage":{"@id":"https:\/\/amerikaantje.be\/product\/draadzaag-met-handgrepen\/#primaryimage"},"image":{"@id":"https:\/\/amerikaantje.be\/product\/draadzaag-met-handgrepen\/#primaryimage"},"thumbnailUrl":"https:\/\/amerikaantje.be\/wp-content\/uploads\/2022\/02\/miltec-15502500-1.jpg?v=1703257920","datePublished":"2022-02-09T16:15:41+00:00","dateModified":"2025-03-12T08:50:47+00:00","breadcrumb":{"@id":"https:\/\/amerikaantje.be\/product\/draadzaag-met-handgrepen\/#breadcrumb"},"inLanguage":"fr-BE","potentialAction":[{"@type":"ReadAction","target":["https:\/\/amerikaantje.be\/product\/draadzaag-met-handgrepen\/"]}]},{"@type":"ImageObject","inLanguage":"fr-BE","@id":"https:\/\/amerikaantje.be\/product\/draadzaag-met-handgrepen\/#primaryimage","url":"https:\/\/amerikaantje.be\/wp-content\/uploads\/2022\/02\/miltec-15502500-1.jpg?v=1703257920","contentUrl":"https:\/\/amerikaantje.be\/wp-content\/uploads\/2022\/02\/miltec-15502500-1.jpg?v=1703257920","width":1200,"height":1200},{"@type":"BreadcrumbList","@id":"https:\/\/amerikaantje.be\/product\/draadzaag-met-handgrepen\/#breadcrumb","itemListElement":[{"@type":"ListItem","position":1,"name":"Accueil","item":"https:\/\/amerikaantje.be\/"},{"@type":"ListItem","position":2,"name":"Webshop","item":"https:\/\/amerikaantje.be\/alle-producten\/"},{"@type":"ListItem","position":3,"name":"Draadzaag met handgrepen"}]},{"@type":"WebSite","@id":"https:\/\/amerikaantje.be\/#website","url":"https:\/\/amerikaantje.be\/","name":"&#039;t Amerikaantje","description":"&#039;ouvert le dimanche, supergoe et super bon march\u00e9 !","publisher":{"@id":"https:\/\/amerikaantje.be\/#organization"},"potentialAction":[{"@type":"SearchAction","target":{"@type":"EntryPoint","urlTemplate":"https:\/\/amerikaantje.be\/?s={search_term_string}"},"query-input":{"@type":"PropertyValueSpecification","valueRequired":true,"valueName":"search_term_string"}}],"inLanguage":"fr-BE"},{"@type":"Organization","@id":"https:\/\/amerikaantje.be\/#organization","name":"&#039;t Amerikaantje","url":"https:\/\/amerikaantje.be\/","logo":{"@type":"ImageObject","inLanguage":"fr-BE","@id":"https:\/\/amerikaantje.be\/#\/schema\/logo\/image\/","url":"https:\/\/amerikaantje.be\/wp-content\/uploads\/2023\/02\/amerikaantje-balk-logo-sterren-transparant.png?v=1703255686","contentUrl":"https:\/\/amerikaantje.be\/wp-content\/uploads\/2023\/02\/amerikaantje-balk-logo-sterren-transparant.png?v=1703255686","width":648,"height":343,"caption":"&#039;t Amerikaantje"},"image":{"@id":"https:\/\/amerikaantje.be\/#\/schema\/logo\/image\/"},"sameAs":["https:\/\/www.facebook.com\/t-Amerikaantje-151636621529042\/"]}]},"product_price_amount":"9.00","product_price_currency":"EUR","og_availability":"instock","product_availability":"instock","product_retailer_item_id":"15502500","product_condition":"new"},"df_price":9,"df_sale_price":"","df_regular_price":9,"df_image_link":"https:\/\/amerikaantje.be\/wp-content\/uploads\/2022\/02\/miltec-15502500-1-500x500.jpg?v=1703257920","_links":{"self":[{"href":"https:\/\/amerikaantje.be\/fr\/wp-json\/wp\/v2\/product\/99037","targetHints":{"allow":["GET"]}}],"collection":[{"href":"https:\/\/amerikaantje.be\/fr\/wp-json\/wp\/v2\/product"}],"about":[{"href":"https:\/\/amerikaantje.be\/fr\/wp-json\/wp\/v2\/types\/product"}],"wp:featuredmedia":[{"embeddable":true,"href":"https:\/\/amerikaantje.be\/fr\/wp-json\/wp\/v2\/media\/99040"}],"wp:attachment":[{"href":"https:\/\/amerikaantje.be\/fr\/wp-json\/wp\/v2\/media?parent=99037"}],"wp:term":[{"taxonomy":"product_brand","embeddable":true,"href":"https:\/\/amerikaantje.be\/fr\/wp-json\/wp\/v2\/product_brand?post=99037"},{"taxonomy":"product_cat","embeddable":true,"href":"https:\/\/amerikaantje.be\/fr\/wp-json\/wp\/v2\/product_cat?post=99037"},{"taxonomy":"product_tag","embeddable":true,"href":"https:\/\/amerikaantje.be\/fr\/wp-json\/wp\/v2\/product_tag?post=99037"}],"curies":[{"name":"wp","href":"https:\/\/api.w.org\/{rel}","templated":true}]}}