{"id":98640,"date":"2022-02-07T11:16:27","date_gmt":"2022-02-07T11:16:27","guid":{"rendered":"https:\/\/amerikaantje.be\/?post_type=product&#038;p=98640"},"modified":"2023-03-06T20:59:11","modified_gmt":"2023-03-06T20:59:11","slug":"ghillie-thread-7-kleuren","status":"publish","type":"product","link":"https:\/\/amerikaantje.be\/fr\/product\/ghillie-thread-7-kleuren\/","title":{"rendered":"Fil fantaisie - 7 couleurs"},"content":{"rendered":"<p>Kit de fil fantaisie compos\u00e9 de sept couleurs diff\u00e9rentes. Con\u00e7u pour camoufler les armes, les pi\u00e8ces, les \u00e9quipements, etc. Les fils ne sont pas interconnect\u00e9s, ils peuvent donc \u00eatre utilis\u00e9s dans de nombreuses configurations.<\/p>\n<ul>\n<li>Couleurs : pour les terrains de steppes et de for\u00eats (coyote, olive, vert fonc\u00e9, gris, brun fonc\u00e9, noir, blanc).<\/li>\n<li>Longueur par fil : 58 cm<\/li>\n<li>Du fil : Polyester<\/li>\n<\/ul>\n<p>Vous voulez faire une tenue de camouflage \u00e0 la maison ? Le kit de fil de fantaisie est le choix optimal !<\/p>\n<p>- Hautement efficace. Le polyester est bas\u00e9 sur un facteur de torsion parfaitement \u00e9quilibr\u00e9. Le fil r\u00e9siste aux d\u00e9chirures, au lavage, aux n\u0153uds et n'a pas tendance \u00e0 r\u00e9tr\u00e9cir.<\/p>\n<p>- Faible hygroscopicit\u00e9. Les fibres absorbent parfaitement l'humidit\u00e9, ne gonflent pas, ne se d\u00e9forment pas dans des conditions d'humidit\u00e9 et s\u00e8chent rapidement.<\/p>\n<p>- Les fils synth\u00e9tiques ne pourrissent pas. Les champignons, bact\u00e9ries, papillons de nuit, col\u00e9opt\u00e8res et autres moustiques ne les attaquent pas.<\/p>\n<p>- Solidit\u00e9 des couleurs. Contrairement aux fils de laine, qui se d\u00e9colorent tr\u00e8s rapidement sous l'influence des ultraviolets et de la salet\u00e9.  Un lavage \u00e0 l'eau chaude ne pose aucun probl\u00e8me.<\/p>\n<p>- Excellentes performances. Elastiques, souples, sans n\u0153uds - les fils peuvent \u00eatre utilis\u00e9s pour diff\u00e9rents types de coutures. Ils ne perdent pas leur tension apr\u00e8s un usage r\u00e9p\u00e9t\u00e9. S'ils sont rang\u00e9s correctement, les faisceaux de fils ne seront pas emm\u00eal\u00e9s, tordus ou coll\u00e9s les uns aux autres.<\/p>","protected":false},"excerpt":{"rendered":"<p>Ghillie Thread Kit bestaande uit zeven verschillende kleuren. Ontworpen om geweren, onderdelen, uitrusting, enz. te camoufleren. De draden zijn niet met elkaar verbonden, zodat ze in vele configuraties kunnen worden gebruikt. Kleurenschema: voor steppe- en bosterrein (coyote, olive, donkergroen, grijs, donkerbruin, zwart, wit). Lengte per draad: 58 cm Garen: Polyester Wil je thuis een camouflagepak [&#8230;]\n","protected":false},"featured_media":98641,"template":"","meta":{"_acf_changed":false},"product_brand":[],"product_cat":[13377,13287],"product_tag":[],"class_list":{"0":"post-98640","1":"product","2":"type-product","3":"status-publish","4":"has-post-thumbnail","6":"product_cat-camouflage","7":"product_cat-uitrusting","8":"pa_merk-mil-tec","10":"first","11":"instock","12":"taxable","13":"shipping-taxable","14":"purchasable","15":"product-type-simple"},"acf":[],"yoast_head":"<!-- This site is optimized with the Yoast SEO Premium plugin v27.6 (Yoast SEO v27.6) - https:\/\/yoast.com\/product\/yoast-seo-premium-wordpress\/ -->\n<title>Ghillie Thread - 7 kleuren - &#039;t Amerikaantje<\/title>\n<meta name=\"robots\" content=\"index, follow, max-snippet:-1, max-image-preview:large, max-video-preview:-1\" \/>\n<link rel=\"canonical\" href=\"https:\/\/amerikaantje.be\/fr\/product\/ghillie-thread-7-kleuren\/\" \/>\n<meta property=\"og:locale\" content=\"fr_FR\" \/>\n<meta property=\"og:type\" content=\"article\" \/>\n<meta property=\"og:title\" content=\"Ghillie Thread - 7 kleuren\" \/>\n<meta property=\"og:description\" content=\"Ghillie Thread Kit bestaande uit zeven verschillende kleuren. Ontworpen om geweren, onderdelen, uitrusting, enz. te camoufleren. De draden zijn niet met elkaar verbonden, zodat ze in vele configuraties kunnen worden gebruikt. Kleurenschema: voor steppe- en bosterrein (coyote, olive, donkergroen, grijs, donkerbruin, zwart, wit). Lengte per draad: 58 cm Garen: Polyester Wil je thuis een camouflagepak [...]\" \/>\n<meta property=\"og:url\" content=\"https:\/\/amerikaantje.be\/fr\/product\/ghillie-thread-7-kleuren\/\" \/>\n<meta property=\"og:site_name\" content=\"&#039;t Amerikaantje\" \/>\n<meta property=\"article:publisher\" content=\"https:\/\/www.facebook.com\/t-Amerikaantje-151636621529042\/\" \/>\n<meta property=\"article:modified_time\" content=\"2023-03-06T20:59:11+00:00\" \/>\n<meta property=\"og:image\" content=\"https:\/\/amerikaantje.be\/wp-content\/uploads\/2022\/02\/miltec-11969000-1.jpg\" \/>\n\t<meta property=\"og:image:width\" content=\"1200\" \/>\n\t<meta property=\"og:image:height\" content=\"1200\" \/>\n\t<meta property=\"og:image:type\" content=\"image\/jpeg\" \/>\n<meta name=\"twitter:card\" content=\"summary_large_image\" \/>\n<meta name=\"twitter:label1\" content=\"Price\" \/>\n\t<meta name=\"twitter:data1\" content=\"&euro;&nbsp;14,30\" \/>\n\t<meta name=\"twitter:label2\" content=\"Availability\" \/>\n\t<meta name=\"twitter:data2\" content=\"In stock\" \/>\n<script type=\"application\/ld+json\" class=\"yoast-schema-graph\">{\"@context\":\"https:\\\/\\\/schema.org\",\"@graph\":[{\"@type\":\"WebPage\",\"@id\":\"https:\\\/\\\/amerikaantje.be\\\/product\\\/ghillie-thread-7-kleuren\\\/\",\"url\":\"https:\\\/\\\/amerikaantje.be\\\/product\\\/ghillie-thread-7-kleuren\\\/\",\"name\":\"Ghillie Thread - 7 kleuren - &#039;t Amerikaantje\",\"isPartOf\":{\"@id\":\"https:\\\/\\\/amerikaantje.be\\\/#website\"},\"primaryImageOfPage\":{\"@id\":\"https:\\\/\\\/amerikaantje.be\\\/product\\\/ghillie-thread-7-kleuren\\\/#primaryimage\"},\"image\":{\"@id\":\"https:\\\/\\\/amerikaantje.be\\\/product\\\/ghillie-thread-7-kleuren\\\/#primaryimage\"},\"thumbnailUrl\":\"https:\\\/\\\/amerikaantje.be\\\/wp-content\\\/uploads\\\/2022\\\/02\\\/miltec-11969000-1.jpg?v=1703258045\",\"datePublished\":\"2022-02-07T11:16:27+00:00\",\"dateModified\":\"2023-03-06T20:59:11+00:00\",\"breadcrumb\":{\"@id\":\"https:\\\/\\\/amerikaantje.be\\\/product\\\/ghillie-thread-7-kleuren\\\/#breadcrumb\"},\"inLanguage\":\"fr-BE\",\"potentialAction\":[{\"@type\":\"ReadAction\",\"target\":[\"https:\\\/\\\/amerikaantje.be\\\/product\\\/ghillie-thread-7-kleuren\\\/\"]}]},{\"@type\":\"ImageObject\",\"inLanguage\":\"fr-BE\",\"@id\":\"https:\\\/\\\/amerikaantje.be\\\/product\\\/ghillie-thread-7-kleuren\\\/#primaryimage\",\"url\":\"https:\\\/\\\/amerikaantje.be\\\/wp-content\\\/uploads\\\/2022\\\/02\\\/miltec-11969000-1.jpg?v=1703258045\",\"contentUrl\":\"https:\\\/\\\/amerikaantje.be\\\/wp-content\\\/uploads\\\/2022\\\/02\\\/miltec-11969000-1.jpg?v=1703258045\",\"width\":1200,\"height\":1200},{\"@type\":\"BreadcrumbList\",\"@id\":\"https:\\\/\\\/amerikaantje.be\\\/product\\\/ghillie-thread-7-kleuren\\\/#breadcrumb\",\"itemListElement\":[{\"@type\":\"ListItem\",\"position\":1,\"name\":\"Accueil\",\"item\":\"https:\\\/\\\/amerikaantje.be\\\/\"},{\"@type\":\"ListItem\",\"position\":2,\"name\":\"Webshop\",\"item\":\"https:\\\/\\\/amerikaantje.be\\\/alle-producten\\\/\"},{\"@type\":\"ListItem\",\"position\":3,\"name\":\"Ghillie Thread &#8211; 7 kleuren\"}]},{\"@type\":\"WebSite\",\"@id\":\"https:\\\/\\\/amerikaantje.be\\\/#website\",\"url\":\"https:\\\/\\\/amerikaantje.be\\\/\",\"name\":\"&#039;t Amerikaantje\",\"description\":\"&#039;s zondags open, supergoe en supergoeiekoop!\",\"publisher\":{\"@id\":\"https:\\\/\\\/amerikaantje.be\\\/#organization\"},\"potentialAction\":[{\"@type\":\"SearchAction\",\"target\":{\"@type\":\"EntryPoint\",\"urlTemplate\":\"https:\\\/\\\/amerikaantje.be\\\/?s={search_term_string}\"},\"query-input\":{\"@type\":\"PropertyValueSpecification\",\"valueRequired\":true,\"valueName\":\"search_term_string\"}}],\"inLanguage\":\"fr-BE\"},{\"@type\":\"Organization\",\"@id\":\"https:\\\/\\\/amerikaantje.be\\\/#organization\",\"name\":\"&#039;t Amerikaantje\",\"url\":\"https:\\\/\\\/amerikaantje.be\\\/\",\"logo\":{\"@type\":\"ImageObject\",\"inLanguage\":\"fr-BE\",\"@id\":\"https:\\\/\\\/amerikaantje.be\\\/#\\\/schema\\\/logo\\\/image\\\/\",\"url\":\"https:\\\/\\\/amerikaantje.be\\\/wp-content\\\/uploads\\\/2023\\\/02\\\/amerikaantje-balk-logo-sterren-transparant.png?v=1703255686\",\"contentUrl\":\"https:\\\/\\\/amerikaantje.be\\\/wp-content\\\/uploads\\\/2023\\\/02\\\/amerikaantje-balk-logo-sterren-transparant.png?v=1703255686\",\"width\":648,\"height\":343,\"caption\":\"&#039;t Amerikaantje\"},\"image\":{\"@id\":\"https:\\\/\\\/amerikaantje.be\\\/#\\\/schema\\\/logo\\\/image\\\/\"},\"sameAs\":[\"https:\\\/\\\/www.facebook.com\\\/t-Amerikaantje-151636621529042\\\/\"]}]}<\/script>\n<meta property=\"product:price:amount\" content=\"14.30\" \/>\n<meta property=\"product:price:currency\" content=\"EUR\" \/>\n<meta property=\"og:availability\" content=\"instock\" \/>\n<meta property=\"product:availability\" content=\"instock\" \/>\n<meta property=\"product:retailer_item_id\" content=\"11969000\" \/>\n<meta property=\"product:condition\" content=\"new\" \/>\n<!-- \/ Yoast SEO Premium plugin. -->","yoast_head_json":{"title":"Fil de corps - 7 couleurs - &#039;t Amerikaantje","robots":{"index":"index","follow":"follow","max-snippet":"max-snippet:-1","max-image-preview":"max-image-preview:large","max-video-preview":"max-video-preview:-1"},"canonical":"https:\/\/amerikaantje.be\/fr\/product\/ghillie-thread-7-kleuren\/","og_locale":"fr_FR","og_type":"article","og_title":"Ghillie Thread - 7 kleuren","og_description":"Ghillie Thread Kit bestaande uit zeven verschillende kleuren. Ontworpen om geweren, onderdelen, uitrusting, enz. te camoufleren. De draden zijn niet met elkaar verbonden, zodat ze in vele configuraties kunnen worden gebruikt. Kleurenschema: voor steppe- en bosterrein (coyote, olive, donkergroen, grijs, donkerbruin, zwart, wit). Lengte per draad: 58 cm Garen: Polyester Wil je thuis een camouflagepak [...]","og_url":"https:\/\/amerikaantje.be\/fr\/product\/ghillie-thread-7-kleuren\/","og_site_name":"&#039;t Amerikaantje","article_publisher":"https:\/\/www.facebook.com\/t-Amerikaantje-151636621529042\/","article_modified_time":"2023-03-06T20:59:11+00:00","og_image":[{"width":1200,"height":1200,"url":"https:\/\/amerikaantje.be\/wp-content\/uploads\/2022\/02\/miltec-11969000-1.jpg","type":"image\/jpeg"}],"twitter_card":"summary_large_image","twitter_misc":{"Price":"&euro;&nbsp;14,30","Availability":"In stock"},"schema":{"@context":"https:\/\/schema.org","@graph":[{"@type":"WebPage","@id":"https:\/\/amerikaantje.be\/product\/ghillie-thread-7-kleuren\/","url":"https:\/\/amerikaantje.be\/product\/ghillie-thread-7-kleuren\/","name":"Fil de corps - 7 couleurs - &#039;t Amerikaantje","isPartOf":{"@id":"https:\/\/amerikaantje.be\/#website"},"primaryImageOfPage":{"@id":"https:\/\/amerikaantje.be\/product\/ghillie-thread-7-kleuren\/#primaryimage"},"image":{"@id":"https:\/\/amerikaantje.be\/product\/ghillie-thread-7-kleuren\/#primaryimage"},"thumbnailUrl":"https:\/\/amerikaantje.be\/wp-content\/uploads\/2022\/02\/miltec-11969000-1.jpg?v=1703258045","datePublished":"2022-02-07T11:16:27+00:00","dateModified":"2023-03-06T20:59:11+00:00","breadcrumb":{"@id":"https:\/\/amerikaantje.be\/product\/ghillie-thread-7-kleuren\/#breadcrumb"},"inLanguage":"fr-BE","potentialAction":[{"@type":"ReadAction","target":["https:\/\/amerikaantje.be\/product\/ghillie-thread-7-kleuren\/"]}]},{"@type":"ImageObject","inLanguage":"fr-BE","@id":"https:\/\/amerikaantje.be\/product\/ghillie-thread-7-kleuren\/#primaryimage","url":"https:\/\/amerikaantje.be\/wp-content\/uploads\/2022\/02\/miltec-11969000-1.jpg?v=1703258045","contentUrl":"https:\/\/amerikaantje.be\/wp-content\/uploads\/2022\/02\/miltec-11969000-1.jpg?v=1703258045","width":1200,"height":1200},{"@type":"BreadcrumbList","@id":"https:\/\/amerikaantje.be\/product\/ghillie-thread-7-kleuren\/#breadcrumb","itemListElement":[{"@type":"ListItem","position":1,"name":"Accueil","item":"https:\/\/amerikaantje.be\/"},{"@type":"ListItem","position":2,"name":"Webshop","item":"https:\/\/amerikaantje.be\/alle-producten\/"},{"@type":"ListItem","position":3,"name":"Ghillie Thread &#8211; 7 kleuren"}]},{"@type":"WebSite","@id":"https:\/\/amerikaantje.be\/#website","url":"https:\/\/amerikaantje.be\/","name":"&#039;t Amerikaantje","description":"&#039;ouvert le dimanche, supergoe et super bon march\u00e9 !","publisher":{"@id":"https:\/\/amerikaantje.be\/#organization"},"potentialAction":[{"@type":"SearchAction","target":{"@type":"EntryPoint","urlTemplate":"https:\/\/amerikaantje.be\/?s={search_term_string}"},"query-input":{"@type":"PropertyValueSpecification","valueRequired":true,"valueName":"search_term_string"}}],"inLanguage":"fr-BE"},{"@type":"Organization","@id":"https:\/\/amerikaantje.be\/#organization","name":"&#039;t Amerikaantje","url":"https:\/\/amerikaantje.be\/","logo":{"@type":"ImageObject","inLanguage":"fr-BE","@id":"https:\/\/amerikaantje.be\/#\/schema\/logo\/image\/","url":"https:\/\/amerikaantje.be\/wp-content\/uploads\/2023\/02\/amerikaantje-balk-logo-sterren-transparant.png?v=1703255686","contentUrl":"https:\/\/amerikaantje.be\/wp-content\/uploads\/2023\/02\/amerikaantje-balk-logo-sterren-transparant.png?v=1703255686","width":648,"height":343,"caption":"&#039;t Amerikaantje"},"image":{"@id":"https:\/\/amerikaantje.be\/#\/schema\/logo\/image\/"},"sameAs":["https:\/\/www.facebook.com\/t-Amerikaantje-151636621529042\/"]}]},"product_price_amount":"14.30","product_price_currency":"EUR","og_availability":"instock","product_availability":"instock","product_retailer_item_id":"11969000","product_condition":"new"},"df_price":14.3,"df_sale_price":"","df_regular_price":14.3,"df_image_link":"https:\/\/amerikaantje.be\/wp-content\/uploads\/2022\/02\/miltec-11969000-1-500x500.jpg?v=1703258045","_links":{"self":[{"href":"https:\/\/amerikaantje.be\/fr\/wp-json\/wp\/v2\/product\/98640","targetHints":{"allow":["GET"]}}],"collection":[{"href":"https:\/\/amerikaantje.be\/fr\/wp-json\/wp\/v2\/product"}],"about":[{"href":"https:\/\/amerikaantje.be\/fr\/wp-json\/wp\/v2\/types\/product"}],"wp:featuredmedia":[{"embeddable":true,"href":"https:\/\/amerikaantje.be\/fr\/wp-json\/wp\/v2\/media\/98641"}],"wp:attachment":[{"href":"https:\/\/amerikaantje.be\/fr\/wp-json\/wp\/v2\/media?parent=98640"}],"wp:term":[{"taxonomy":"product_brand","embeddable":true,"href":"https:\/\/amerikaantje.be\/fr\/wp-json\/wp\/v2\/product_brand?post=98640"},{"taxonomy":"product_cat","embeddable":true,"href":"https:\/\/amerikaantje.be\/fr\/wp-json\/wp\/v2\/product_cat?post=98640"},{"taxonomy":"product_tag","embeddable":true,"href":"https:\/\/amerikaantje.be\/fr\/wp-json\/wp\/v2\/product_tag?post=98640"}],"curies":[{"name":"wp","href":"https:\/\/api.w.org\/{rel}","templated":true}]}}