{"id":97831,"date":"2022-01-25T22:18:13","date_gmt":"2022-01-25T22:18:13","guid":{"rendered":"https:\/\/amerikaantje.be\/?post_type=product&#038;p=97831"},"modified":"2025-04-16T11:21:47","modified_gmt":"2025-04-16T09:21:47","slug":"gerber-center-drive-standard","status":"publish","type":"product","link":"https:\/\/amerikaantje.be\/fr\/product\/gerber-center-drive-standard\/","title":{"rendered":"Gerber Center Drive Standard"},"content":{"rendered":"<p>L'outil multifonctionnel Center-Drive STANDARD de Gerber offre des performances sans compromis gr\u00e2ce \u00e0 une conception r\u00e9volutionnaire.L'innovant tournevis \u00e0 axe central s'ouvre pour s'aligner comme un vrai tournevis, ce qui permet un couple et une rotation maximum.<\/p>\n<p>Aucune productivit\u00e9 n'est sacrifi\u00e9e gr\u00e2ce \u00e0 l'ajout d'une lame 30% plus longue et de pinces r\u00e9volutionnaires - extensibles d'un simple mouvement du pouce. V\u00e9ritables outils de taille normale, finis en noir pour l'exclusivit\u00e9.<\/p>\n<p>Caract\u00e9ristiques :<\/p>\n<ul>\n<li>Longueur de la lame 8,5 cm<\/li>\n<li>Poids 283 g<\/li>\n<li>Nombre d'outils 16<\/li>\n<li>Pinces \u00e0 becs aiguille \u00e0 ressort avec syst\u00e8me de rail en X<\/li>\n<li>Coupe-fils et d\u00e9nudeurs rotatifs en carbure de tungst\u00e8ne<\/li>\n<li>Lame pleine grandeur de 3,25\u2033 420HC avec un bord lisse.<\/li>\n<li>Tournevis magn\u00e9tique de 3,2\u2033 \u00e0 axe central.<\/li>\n<li>Pied-de-biche avec arrache-clou et ouvre-bouteille<\/li>\n<li>Lame dentel\u00e9e<\/li>\n<li>Pry, lime<\/li>\n<li>M\u00e8ches magn\u00e9tiques \u00e0 t\u00eate plate et Phillips<\/li>\n<li>Trou pour le cordon<\/li>\n<li>Comprend une gaine en tissu<\/li>\n<li>Mat\u00e9riau de la poign\u00e9e Acier inoxydable<\/li>\n<li>Longueur ferm\u00e9e 12 cm<\/li>\n<li>Gaine incluse Oui<\/li>\n<li>Coupe \u00e0 plat + dentel\u00e9e<\/li>\n<li>Rev\u00eatement Rev\u00eatement fonc\u00e9<\/li>\n<li>\u00c9paisseur de la lame 2,6 mm<\/li>\n<\/ul>\n<p><iframe loading=\"lazy\" title=\"Gerber Multi-Tool \u00e0 entra\u00eenement central\" width=\"1020\" height=\"574\" src=\"https:\/\/www.youtube.com\/embed\/QcvWhEtYnfA?feature=oembed\" frameborder=\"0\" allow=\"accelerometer; autoplay; clipboard-write; encrypted-media; gyroscope; picture-in-picture\" allowfullscreen><\/iframe><\/p>","protected":false},"excerpt":{"rendered":"<p>De Center-Drive STANDARD multitool van Gerber biedt compromisloze prestaties dankzij een revolutionair ontwerp.De innovatieve centrale as driver opent om uit te lijnen als een echte schroevendraaier, wat resulteert in maximaal koppel en rotatie. Er wordt geen productiviteit opgeofferd door de toevoeging van een 30% langer mes plus een revolutionaire &#8211; met \u00e9\u00e9n duimbeweging uitschuifbare &#8211; [&#8230;]\n","protected":false},"featured_media":97840,"template":"","meta":{"_acf_changed":false},"product_brand":[],"product_cat":[13358,13363,13287],"product_tag":[],"class_list":{"0":"post-97831","1":"product","2":"type-product","3":"status-publish","4":"has-post-thumbnail","6":"product_cat-messen","7":"product_cat-multitools","8":"product_cat-uitrusting","9":"pa_merk-gerber","11":"first","12":"instock","13":"taxable","14":"shipping-taxable","15":"purchasable","16":"product-type-simple"},"acf":[],"yoast_head":"<!-- This site is optimized with the Yoast SEO Premium plugin v27.6 (Yoast SEO v27.6) - https:\/\/yoast.com\/product\/yoast-seo-premium-wordpress\/ -->\n<title>Gerber Center Drive Standard - &#039;t Amerikaantje<\/title>\n<meta name=\"robots\" content=\"index, follow, max-snippet:-1, max-image-preview:large, max-video-preview:-1\" \/>\n<link rel=\"canonical\" href=\"https:\/\/amerikaantje.be\/fr\/product\/gerber-center-drive-standard\/\" \/>\n<meta property=\"og:locale\" content=\"fr_FR\" \/>\n<meta property=\"og:type\" content=\"article\" \/>\n<meta property=\"og:title\" content=\"Gerber Center Drive Standard\" \/>\n<meta property=\"og:description\" content=\"De Center-Drive STANDARD multitool van Gerber biedt compromisloze prestaties dankzij een revolutionair ontwerp.De innovatieve centrale as driver opent om uit te lijnen als een echte schroevendraaier, wat resulteert in maximaal koppel en rotatie. Er wordt geen productiviteit opgeofferd door de toevoeging van een 30% langer mes plus een revolutionaire &#8211; met \u00e9\u00e9n duimbeweging uitschuifbare &#8211; [...]\" \/>\n<meta property=\"og:url\" content=\"https:\/\/amerikaantje.be\/fr\/product\/gerber-center-drive-standard\/\" \/>\n<meta property=\"og:site_name\" content=\"&#039;t Amerikaantje\" \/>\n<meta property=\"article:publisher\" content=\"https:\/\/www.facebook.com\/t-Amerikaantje-151636621529042\/\" \/>\n<meta property=\"article:modified_time\" content=\"2025-04-16T09:21:47+00:00\" \/>\n<meta property=\"og:image\" content=\"https:\/\/amerikaantje.be\/wp-content\/uploads\/2022\/01\/gerber-center-drive-multitool-standard-1.jpg?v=1703258228\" \/>\n\t<meta property=\"og:image:width\" content=\"1200\" \/>\n\t<meta property=\"og:image:height\" content=\"1200\" \/>\n\t<meta property=\"og:image:type\" content=\"image\/jpeg\" \/>\n<meta name=\"twitter:card\" content=\"summary_large_image\" \/>\n<meta name=\"twitter:label1\" content=\"Price\" \/>\n\t<meta name=\"twitter:data1\" content=\"&euro;&nbsp;144,00\" \/>\n\t<meta name=\"twitter:label2\" content=\"Availability\" \/>\n\t<meta name=\"twitter:data2\" content=\"In stock\" \/>\n<script type=\"application\/ld+json\" class=\"yoast-schema-graph\">{\"@context\":\"https:\\\/\\\/schema.org\",\"@graph\":[{\"@type\":\"WebPage\",\"@id\":\"https:\\\/\\\/amerikaantje.be\\\/product\\\/gerber-center-drive-standard\\\/\",\"url\":\"https:\\\/\\\/amerikaantje.be\\\/product\\\/gerber-center-drive-standard\\\/\",\"name\":\"Gerber Center Drive Standard - &#039;t Amerikaantje\",\"isPartOf\":{\"@id\":\"https:\\\/\\\/amerikaantje.be\\\/#website\"},\"primaryImageOfPage\":{\"@id\":\"https:\\\/\\\/amerikaantje.be\\\/product\\\/gerber-center-drive-standard\\\/#primaryimage\"},\"image\":{\"@id\":\"https:\\\/\\\/amerikaantje.be\\\/product\\\/gerber-center-drive-standard\\\/#primaryimage\"},\"thumbnailUrl\":\"https:\\\/\\\/amerikaantje.be\\\/wp-content\\\/uploads\\\/2022\\\/01\\\/gerber-center-drive-multitool-standard-1.jpg?v=1703258228\",\"datePublished\":\"2022-01-25T22:18:13+00:00\",\"dateModified\":\"2025-04-16T09:21:47+00:00\",\"breadcrumb\":{\"@id\":\"https:\\\/\\\/amerikaantje.be\\\/product\\\/gerber-center-drive-standard\\\/#breadcrumb\"},\"inLanguage\":\"fr-BE\",\"potentialAction\":[{\"@type\":\"ReadAction\",\"target\":[\"https:\\\/\\\/amerikaantje.be\\\/product\\\/gerber-center-drive-standard\\\/\"]}]},{\"@type\":\"ImageObject\",\"inLanguage\":\"fr-BE\",\"@id\":\"https:\\\/\\\/amerikaantje.be\\\/product\\\/gerber-center-drive-standard\\\/#primaryimage\",\"url\":\"https:\\\/\\\/amerikaantje.be\\\/wp-content\\\/uploads\\\/2022\\\/01\\\/gerber-center-drive-multitool-standard-1.jpg?v=1703258228\",\"contentUrl\":\"https:\\\/\\\/amerikaantje.be\\\/wp-content\\\/uploads\\\/2022\\\/01\\\/gerber-center-drive-multitool-standard-1.jpg?v=1703258228\",\"width\":1200,\"height\":1200},{\"@type\":\"BreadcrumbList\",\"@id\":\"https:\\\/\\\/amerikaantje.be\\\/product\\\/gerber-center-drive-standard\\\/#breadcrumb\",\"itemListElement\":[{\"@type\":\"ListItem\",\"position\":1,\"name\":\"Accueil\",\"item\":\"https:\\\/\\\/amerikaantje.be\\\/\"},{\"@type\":\"ListItem\",\"position\":2,\"name\":\"Webshop\",\"item\":\"https:\\\/\\\/amerikaantje.be\\\/alle-producten\\\/\"},{\"@type\":\"ListItem\",\"position\":3,\"name\":\"Gerber Center Drive Standard\"}]},{\"@type\":\"WebSite\",\"@id\":\"https:\\\/\\\/amerikaantje.be\\\/#website\",\"url\":\"https:\\\/\\\/amerikaantje.be\\\/\",\"name\":\"&#039;t Amerikaantje\",\"description\":\"&#039;s zondags open, supergoe en supergoeiekoop!\",\"publisher\":{\"@id\":\"https:\\\/\\\/amerikaantje.be\\\/#organization\"},\"potentialAction\":[{\"@type\":\"SearchAction\",\"target\":{\"@type\":\"EntryPoint\",\"urlTemplate\":\"https:\\\/\\\/amerikaantje.be\\\/?s={search_term_string}\"},\"query-input\":{\"@type\":\"PropertyValueSpecification\",\"valueRequired\":true,\"valueName\":\"search_term_string\"}}],\"inLanguage\":\"fr-BE\"},{\"@type\":\"Organization\",\"@id\":\"https:\\\/\\\/amerikaantje.be\\\/#organization\",\"name\":\"&#039;t Amerikaantje\",\"url\":\"https:\\\/\\\/amerikaantje.be\\\/\",\"logo\":{\"@type\":\"ImageObject\",\"inLanguage\":\"fr-BE\",\"@id\":\"https:\\\/\\\/amerikaantje.be\\\/#\\\/schema\\\/logo\\\/image\\\/\",\"url\":\"https:\\\/\\\/amerikaantje.be\\\/wp-content\\\/uploads\\\/2023\\\/02\\\/amerikaantje-balk-logo-sterren-transparant.png?v=1703255686\",\"contentUrl\":\"https:\\\/\\\/amerikaantje.be\\\/wp-content\\\/uploads\\\/2023\\\/02\\\/amerikaantje-balk-logo-sterren-transparant.png?v=1703255686\",\"width\":648,\"height\":343,\"caption\":\"&#039;t Amerikaantje\"},\"image\":{\"@id\":\"https:\\\/\\\/amerikaantje.be\\\/#\\\/schema\\\/logo\\\/image\\\/\"},\"sameAs\":[\"https:\\\/\\\/www.facebook.com\\\/t-Amerikaantje-151636621529042\\\/\"]}]}<\/script>\n<meta property=\"product:price:amount\" content=\"144.00\" \/>\n<meta property=\"product:price:currency\" content=\"EUR\" \/>\n<meta property=\"og:availability\" content=\"instock\" \/>\n<meta property=\"product:availability\" content=\"instock\" \/>\n<meta property=\"product:retailer_item_id\" content=\"00103173\" \/>\n<meta property=\"product:condition\" content=\"new\" \/>\n<!-- \/ Yoast SEO Premium plugin. -->","yoast_head_json":{"title":"Gerber Center Drive Standard - &#039;t Amerikaantje","robots":{"index":"index","follow":"follow","max-snippet":"max-snippet:-1","max-image-preview":"max-image-preview:large","max-video-preview":"max-video-preview:-1"},"canonical":"https:\/\/amerikaantje.be\/fr\/product\/gerber-center-drive-standard\/","og_locale":"fr_FR","og_type":"article","og_title":"Gerber Center Drive Standard","og_description":"De Center-Drive STANDARD multitool van Gerber biedt compromisloze prestaties dankzij een revolutionair ontwerp.De innovatieve centrale as driver opent om uit te lijnen als een echte schroevendraaier, wat resulteert in maximaal koppel en rotatie. Er wordt geen productiviteit opgeofferd door de toevoeging van een 30% langer mes plus een revolutionaire &#8211; met \u00e9\u00e9n duimbeweging uitschuifbare &#8211; [...]","og_url":"https:\/\/amerikaantje.be\/fr\/product\/gerber-center-drive-standard\/","og_site_name":"&#039;t Amerikaantje","article_publisher":"https:\/\/www.facebook.com\/t-Amerikaantje-151636621529042\/","article_modified_time":"2025-04-16T09:21:47+00:00","og_image":[{"width":1200,"height":1200,"url":"https:\/\/amerikaantje.be\/wp-content\/uploads\/2022\/01\/gerber-center-drive-multitool-standard-1.jpg?v=1703258228","type":"image\/jpeg"}],"twitter_card":"summary_large_image","twitter_misc":{"Price":"&euro;&nbsp;144,00","Availability":"In stock"},"schema":{"@context":"https:\/\/schema.org","@graph":[{"@type":"WebPage","@id":"https:\/\/amerikaantje.be\/product\/gerber-center-drive-standard\/","url":"https:\/\/amerikaantje.be\/product\/gerber-center-drive-standard\/","name":"Gerber Center Drive Standard - &#039;t Amerikaantje","isPartOf":{"@id":"https:\/\/amerikaantje.be\/#website"},"primaryImageOfPage":{"@id":"https:\/\/amerikaantje.be\/product\/gerber-center-drive-standard\/#primaryimage"},"image":{"@id":"https:\/\/amerikaantje.be\/product\/gerber-center-drive-standard\/#primaryimage"},"thumbnailUrl":"https:\/\/amerikaantje.be\/wp-content\/uploads\/2022\/01\/gerber-center-drive-multitool-standard-1.jpg?v=1703258228","datePublished":"2022-01-25T22:18:13+00:00","dateModified":"2025-04-16T09:21:47+00:00","breadcrumb":{"@id":"https:\/\/amerikaantje.be\/product\/gerber-center-drive-standard\/#breadcrumb"},"inLanguage":"fr-BE","potentialAction":[{"@type":"ReadAction","target":["https:\/\/amerikaantje.be\/product\/gerber-center-drive-standard\/"]}]},{"@type":"ImageObject","inLanguage":"fr-BE","@id":"https:\/\/amerikaantje.be\/product\/gerber-center-drive-standard\/#primaryimage","url":"https:\/\/amerikaantje.be\/wp-content\/uploads\/2022\/01\/gerber-center-drive-multitool-standard-1.jpg?v=1703258228","contentUrl":"https:\/\/amerikaantje.be\/wp-content\/uploads\/2022\/01\/gerber-center-drive-multitool-standard-1.jpg?v=1703258228","width":1200,"height":1200},{"@type":"BreadcrumbList","@id":"https:\/\/amerikaantje.be\/product\/gerber-center-drive-standard\/#breadcrumb","itemListElement":[{"@type":"ListItem","position":1,"name":"Accueil","item":"https:\/\/amerikaantje.be\/"},{"@type":"ListItem","position":2,"name":"Webshop","item":"https:\/\/amerikaantje.be\/alle-producten\/"},{"@type":"ListItem","position":3,"name":"Gerber Center Drive Standard"}]},{"@type":"WebSite","@id":"https:\/\/amerikaantje.be\/#website","url":"https:\/\/amerikaantje.be\/","name":"&#039;t Amerikaantje","description":"&#039;ouvert le dimanche, supergoe et super bon march\u00e9 !","publisher":{"@id":"https:\/\/amerikaantje.be\/#organization"},"potentialAction":[{"@type":"SearchAction","target":{"@type":"EntryPoint","urlTemplate":"https:\/\/amerikaantje.be\/?s={search_term_string}"},"query-input":{"@type":"PropertyValueSpecification","valueRequired":true,"valueName":"search_term_string"}}],"inLanguage":"fr-BE"},{"@type":"Organization","@id":"https:\/\/amerikaantje.be\/#organization","name":"&#039;t Amerikaantje","url":"https:\/\/amerikaantje.be\/","logo":{"@type":"ImageObject","inLanguage":"fr-BE","@id":"https:\/\/amerikaantje.be\/#\/schema\/logo\/image\/","url":"https:\/\/amerikaantje.be\/wp-content\/uploads\/2023\/02\/amerikaantje-balk-logo-sterren-transparant.png?v=1703255686","contentUrl":"https:\/\/amerikaantje.be\/wp-content\/uploads\/2023\/02\/amerikaantje-balk-logo-sterren-transparant.png?v=1703255686","width":648,"height":343,"caption":"&#039;t Amerikaantje"},"image":{"@id":"https:\/\/amerikaantje.be\/#\/schema\/logo\/image\/"},"sameAs":["https:\/\/www.facebook.com\/t-Amerikaantje-151636621529042\/"]}]},"product_price_amount":"144.00","product_price_currency":"EUR","og_availability":"instock","product_availability":"instock","product_retailer_item_id":"00103173","product_condition":"new"},"df_price":144,"df_sale_price":"","df_regular_price":144,"df_image_link":"https:\/\/amerikaantje.be\/wp-content\/uploads\/2022\/01\/gerber-center-drive-multitool-standard-1-500x500.jpg?v=1703258228","_links":{"self":[{"href":"https:\/\/amerikaantje.be\/fr\/wp-json\/wp\/v2\/product\/97831","targetHints":{"allow":["GET"]}}],"collection":[{"href":"https:\/\/amerikaantje.be\/fr\/wp-json\/wp\/v2\/product"}],"about":[{"href":"https:\/\/amerikaantje.be\/fr\/wp-json\/wp\/v2\/types\/product"}],"wp:featuredmedia":[{"embeddable":true,"href":"https:\/\/amerikaantje.be\/fr\/wp-json\/wp\/v2\/media\/97840"}],"wp:attachment":[{"href":"https:\/\/amerikaantje.be\/fr\/wp-json\/wp\/v2\/media?parent=97831"}],"wp:term":[{"taxonomy":"product_brand","embeddable":true,"href":"https:\/\/amerikaantje.be\/fr\/wp-json\/wp\/v2\/product_brand?post=97831"},{"taxonomy":"product_cat","embeddable":true,"href":"https:\/\/amerikaantje.be\/fr\/wp-json\/wp\/v2\/product_cat?post=97831"},{"taxonomy":"product_tag","embeddable":true,"href":"https:\/\/amerikaantje.be\/fr\/wp-json\/wp\/v2\/product_tag?post=97831"}],"curies":[{"name":"wp","href":"https:\/\/api.w.org\/{rel}","templated":true}]}}