{"id":97807,"date":"2022-01-25T19:26:43","date_gmt":"2022-01-25T19:26:43","guid":{"rendered":"https:\/\/amerikaantje.be\/?post_type=product&#038;p=97807"},"modified":"2024-02-08T09:03:12","modified_gmt":"2024-02-08T09:03:12","slug":"gerber-prybrid-x-onyx","status":"publish","type":"product","link":"https:\/\/amerikaantje.be\/fr\/product\/gerber-prybrid-x-onyx\/","title":{"rendered":"Gerber Prybrid X Onyx"},"content":{"rendered":"<p>Le Gerber Prybrid-X est un multi-outil compact et maniable. Outre un couteau, vous trouverez \u00e0 l'autre extr\u00e9mit\u00e9 de cet outil une barre de fer \u00e0 b\u00e9ton. Cela vous permet d'effectuer toutes sortes d'actions telles que d\u00e9nuder un fil, ouvrir des bouteilles ou retirer un clou. En outre, les c\u00f4t\u00e9s plats peuvent \u00eatre utilis\u00e9s comme un tournevis plat.<\/p>\n<p>Nous en avons tous fait l'exp\u00e9rience : une t\u00e2che simple ne s'est pas av\u00e9r\u00e9e aussi facile parce que vous n'aviez pas le bon outil \u00e0 port\u00e9e de main. Au lieu de vous laisser frustrer, prenez le Pybrid X. C'est une merveille multifonctionnelle : un outil compact con\u00e7u pour dominer la liste des t\u00e2ches \u00e0 accomplir \u00e0 la maison, au camping ou dans le jardin.<\/p>\n<p>Les 8 outils inclus sont : un pied-de-biche, un d\u00e9nudeur de fils, un arrache-clous, une petite t\u00eate plate, une t\u00eate plate moyenne, un d\u00e9capsuleur, un enrouleur de cordon 550 et un couteau standard interchangeable #11. La conception \u00e0 deux extr\u00e9mit\u00e9s combine le meilleur d'un couteau de bricolage interchangeable et d'un multi-outil compact, ce qui en fait l'outil id\u00e9al \u00e0 transporter dans votre poche. Plus jamais une corv\u00e9e fastidieuse.<\/p>\n<p>Caract\u00e9ristiques :<\/p>\n<ul>\n<li>Longueur de la lame 2,1 cm<\/li>\n<li>Poids 50 g<\/li>\n<li>Nombre d'outils 7<\/li>\n<li>Mat\u00e9riau de la poign\u00e9e Acier inoxydable ; aluminium<\/li>\n<li>Longueur ferm\u00e9e 10 cm<\/li>\n<li>Type de lame Wharncliffe<\/li>\n<li>Coupe Bord uni<\/li>\n<li>Rev\u00eatement Satin<\/li>\n<\/ul>\n<p><iframe loading=\"lazy\" title=\"Gerber Prybrid Utility : Multi-outil et couteau utilitaire de poche\" width=\"1020\" height=\"574\" src=\"https:\/\/www.youtube.com\/embed\/_t4aYQhxltM?feature=oembed\" frameborder=\"0\" allow=\"accelerometer; autoplay; clipboard-write; encrypted-media; gyroscope; picture-in-picture\" allowfullscreen><\/iframe><\/p>","protected":false},"excerpt":{"rendered":"<p>De Gerber Prybrid-X is een compacte en handige multi-tool. Naast een mes vind je aan het andere uiteinde van deze tool een Pry-bar. Hiermee kan je allerlij handelingen uitvoeren zoals draad strippen, flesjes openmaken of het verwijderen van een spijker. Bovendien kunnen de platte kanten gebruikt worden als platte schroevendraaier. We hebben het allemaal wel [&#8230;]\n","protected":false},"featured_media":97810,"template":"","meta":{"_acf_changed":false},"product_brand":[],"product_cat":[13358,13363,13287],"product_tag":[950],"class_list":{"0":"post-97807","1":"product","2":"type-product","3":"status-publish","4":"has-post-thumbnail","6":"product_cat-messen","7":"product_cat-multitools","8":"product_cat-uitrusting","9":"product_tag-survival","10":"pa_merk-gerber","12":"first","13":"instock","14":"taxable","15":"shipping-taxable","16":"purchasable","17":"product-type-simple"},"acf":[],"yoast_head":"<!-- This site is optimized with the Yoast SEO Premium plugin v27.6 (Yoast SEO v27.6) - https:\/\/yoast.com\/product\/yoast-seo-premium-wordpress\/ -->\n<title>Gerber Prybrid X Onyx - &#039;t Amerikaantje<\/title>\n<meta name=\"robots\" content=\"index, follow, max-snippet:-1, max-image-preview:large, max-video-preview:-1\" \/>\n<link rel=\"canonical\" href=\"https:\/\/amerikaantje.be\/fr\/product\/gerber-prybrid-x-onyx\/\" \/>\n<meta property=\"og:locale\" content=\"fr_FR\" \/>\n<meta property=\"og:type\" content=\"article\" \/>\n<meta property=\"og:title\" content=\"Gerber Prybrid X Onyx\" \/>\n<meta property=\"og:description\" content=\"De Gerber Prybrid-X is een compacte en handige multi-tool. Naast een mes vind je aan het andere uiteinde van deze tool een Pry-bar. Hiermee kan je allerlij handelingen uitvoeren zoals draad strippen, flesjes openmaken of het verwijderen van een spijker. Bovendien kunnen de platte kanten gebruikt worden als platte schroevendraaier. We hebben het allemaal wel [...]\" \/>\n<meta property=\"og:url\" content=\"https:\/\/amerikaantje.be\/fr\/product\/gerber-prybrid-x-onyx\/\" \/>\n<meta property=\"og:site_name\" content=\"&#039;t Amerikaantje\" \/>\n<meta property=\"article:publisher\" content=\"https:\/\/www.facebook.com\/t-Amerikaantje-151636621529042\/\" \/>\n<meta property=\"article:modified_time\" content=\"2024-02-08T09:03:12+00:00\" \/>\n<meta property=\"og:image\" content=\"https:\/\/amerikaantje.be\/wp-content\/uploads\/2022\/01\/gerber-prybrid-x-od-green-1.jpg?v=1703258245\" \/>\n\t<meta property=\"og:image:width\" content=\"1200\" \/>\n\t<meta property=\"og:image:height\" content=\"1200\" \/>\n\t<meta property=\"og:image:type\" content=\"image\/jpeg\" \/>\n<meta name=\"twitter:card\" content=\"summary_large_image\" \/>\n<meta name=\"twitter:label1\" content=\"Price\" \/>\n\t<meta name=\"twitter:data1\" content=\"&euro;&nbsp;25,00\" \/>\n\t<meta name=\"twitter:label2\" content=\"Availability\" \/>\n\t<meta name=\"twitter:data2\" content=\"In stock\" \/>\n<script type=\"application\/ld+json\" class=\"yoast-schema-graph\">{\"@context\":\"https:\\\/\\\/schema.org\",\"@graph\":[{\"@type\":\"WebPage\",\"@id\":\"https:\\\/\\\/amerikaantje.be\\\/product\\\/gerber-prybrid-x-onyx\\\/\",\"url\":\"https:\\\/\\\/amerikaantje.be\\\/product\\\/gerber-prybrid-x-onyx\\\/\",\"name\":\"Gerber Prybrid X Onyx - &#039;t Amerikaantje\",\"isPartOf\":{\"@id\":\"https:\\\/\\\/amerikaantje.be\\\/#website\"},\"primaryImageOfPage\":{\"@id\":\"https:\\\/\\\/amerikaantje.be\\\/product\\\/gerber-prybrid-x-onyx\\\/#primaryimage\"},\"image\":{\"@id\":\"https:\\\/\\\/amerikaantje.be\\\/product\\\/gerber-prybrid-x-onyx\\\/#primaryimage\"},\"thumbnailUrl\":\"https:\\\/\\\/amerikaantje.be\\\/wp-content\\\/uploads\\\/2022\\\/01\\\/gerber-prybrid-x-od-green-1.jpg?v=1703258245\",\"datePublished\":\"2022-01-25T19:26:43+00:00\",\"dateModified\":\"2024-02-08T09:03:12+00:00\",\"breadcrumb\":{\"@id\":\"https:\\\/\\\/amerikaantje.be\\\/product\\\/gerber-prybrid-x-onyx\\\/#breadcrumb\"},\"inLanguage\":\"fr-BE\",\"potentialAction\":[{\"@type\":\"ReadAction\",\"target\":[\"https:\\\/\\\/amerikaantje.be\\\/product\\\/gerber-prybrid-x-onyx\\\/\"]}]},{\"@type\":\"ImageObject\",\"inLanguage\":\"fr-BE\",\"@id\":\"https:\\\/\\\/amerikaantje.be\\\/product\\\/gerber-prybrid-x-onyx\\\/#primaryimage\",\"url\":\"https:\\\/\\\/amerikaantje.be\\\/wp-content\\\/uploads\\\/2022\\\/01\\\/gerber-prybrid-x-od-green-1.jpg?v=1703258245\",\"contentUrl\":\"https:\\\/\\\/amerikaantje.be\\\/wp-content\\\/uploads\\\/2022\\\/01\\\/gerber-prybrid-x-od-green-1.jpg?v=1703258245\",\"width\":1200,\"height\":1200},{\"@type\":\"BreadcrumbList\",\"@id\":\"https:\\\/\\\/amerikaantje.be\\\/product\\\/gerber-prybrid-x-onyx\\\/#breadcrumb\",\"itemListElement\":[{\"@type\":\"ListItem\",\"position\":1,\"name\":\"Accueil\",\"item\":\"https:\\\/\\\/amerikaantje.be\\\/\"},{\"@type\":\"ListItem\",\"position\":2,\"name\":\"Webshop\",\"item\":\"https:\\\/\\\/amerikaantje.be\\\/alle-producten\\\/\"},{\"@type\":\"ListItem\",\"position\":3,\"name\":\"Gerber Prybrid X Onyx\"}]},{\"@type\":\"WebSite\",\"@id\":\"https:\\\/\\\/amerikaantje.be\\\/#website\",\"url\":\"https:\\\/\\\/amerikaantje.be\\\/\",\"name\":\"&#039;t Amerikaantje\",\"description\":\"&#039;s zondags open, supergoe en supergoeiekoop!\",\"publisher\":{\"@id\":\"https:\\\/\\\/amerikaantje.be\\\/#organization\"},\"potentialAction\":[{\"@type\":\"SearchAction\",\"target\":{\"@type\":\"EntryPoint\",\"urlTemplate\":\"https:\\\/\\\/amerikaantje.be\\\/?s={search_term_string}\"},\"query-input\":{\"@type\":\"PropertyValueSpecification\",\"valueRequired\":true,\"valueName\":\"search_term_string\"}}],\"inLanguage\":\"fr-BE\"},{\"@type\":\"Organization\",\"@id\":\"https:\\\/\\\/amerikaantje.be\\\/#organization\",\"name\":\"&#039;t Amerikaantje\",\"url\":\"https:\\\/\\\/amerikaantje.be\\\/\",\"logo\":{\"@type\":\"ImageObject\",\"inLanguage\":\"fr-BE\",\"@id\":\"https:\\\/\\\/amerikaantje.be\\\/#\\\/schema\\\/logo\\\/image\\\/\",\"url\":\"https:\\\/\\\/amerikaantje.be\\\/wp-content\\\/uploads\\\/2023\\\/02\\\/amerikaantje-balk-logo-sterren-transparant.png?v=1703255686\",\"contentUrl\":\"https:\\\/\\\/amerikaantje.be\\\/wp-content\\\/uploads\\\/2023\\\/02\\\/amerikaantje-balk-logo-sterren-transparant.png?v=1703255686\",\"width\":648,\"height\":343,\"caption\":\"&#039;t Amerikaantje\"},\"image\":{\"@id\":\"https:\\\/\\\/amerikaantje.be\\\/#\\\/schema\\\/logo\\\/image\\\/\"},\"sameAs\":[\"https:\\\/\\\/www.facebook.com\\\/t-Amerikaantje-151636621529042\\\/\"]}]}<\/script>\n<meta property=\"product:price:amount\" content=\"25.00\" \/>\n<meta property=\"product:price:currency\" content=\"EUR\" \/>\n<meta property=\"og:availability\" content=\"instock\" \/>\n<meta property=\"product:availability\" content=\"instock\" \/>\n<meta property=\"product:retailer_item_id\" content=\"00103211\" \/>\n<meta property=\"product:condition\" content=\"new\" \/>\n<!-- \/ Yoast SEO Premium plugin. -->","yoast_head_json":{"title":"Gerber Prybrid X Onyx - &#039;t Amerikaantje","robots":{"index":"index","follow":"follow","max-snippet":"max-snippet:-1","max-image-preview":"max-image-preview:large","max-video-preview":"max-video-preview:-1"},"canonical":"https:\/\/amerikaantje.be\/fr\/product\/gerber-prybrid-x-onyx\/","og_locale":"fr_FR","og_type":"article","og_title":"Gerber Prybrid X Onyx","og_description":"De Gerber Prybrid-X is een compacte en handige multi-tool. Naast een mes vind je aan het andere uiteinde van deze tool een Pry-bar. Hiermee kan je allerlij handelingen uitvoeren zoals draad strippen, flesjes openmaken of het verwijderen van een spijker. Bovendien kunnen de platte kanten gebruikt worden als platte schroevendraaier. We hebben het allemaal wel [...]","og_url":"https:\/\/amerikaantje.be\/fr\/product\/gerber-prybrid-x-onyx\/","og_site_name":"&#039;t Amerikaantje","article_publisher":"https:\/\/www.facebook.com\/t-Amerikaantje-151636621529042\/","article_modified_time":"2024-02-08T09:03:12+00:00","og_image":[{"width":1200,"height":1200,"url":"https:\/\/amerikaantje.be\/wp-content\/uploads\/2022\/01\/gerber-prybrid-x-od-green-1.jpg?v=1703258245","type":"image\/jpeg"}],"twitter_card":"summary_large_image","twitter_misc":{"Price":"&euro;&nbsp;25,00","Availability":"In stock"},"schema":{"@context":"https:\/\/schema.org","@graph":[{"@type":"WebPage","@id":"https:\/\/amerikaantje.be\/product\/gerber-prybrid-x-onyx\/","url":"https:\/\/amerikaantje.be\/product\/gerber-prybrid-x-onyx\/","name":"Gerber Prybrid X Onyx - &#039;t Amerikaantje","isPartOf":{"@id":"https:\/\/amerikaantje.be\/#website"},"primaryImageOfPage":{"@id":"https:\/\/amerikaantje.be\/product\/gerber-prybrid-x-onyx\/#primaryimage"},"image":{"@id":"https:\/\/amerikaantje.be\/product\/gerber-prybrid-x-onyx\/#primaryimage"},"thumbnailUrl":"https:\/\/amerikaantje.be\/wp-content\/uploads\/2022\/01\/gerber-prybrid-x-od-green-1.jpg?v=1703258245","datePublished":"2022-01-25T19:26:43+00:00","dateModified":"2024-02-08T09:03:12+00:00","breadcrumb":{"@id":"https:\/\/amerikaantje.be\/product\/gerber-prybrid-x-onyx\/#breadcrumb"},"inLanguage":"fr-BE","potentialAction":[{"@type":"ReadAction","target":["https:\/\/amerikaantje.be\/product\/gerber-prybrid-x-onyx\/"]}]},{"@type":"ImageObject","inLanguage":"fr-BE","@id":"https:\/\/amerikaantje.be\/product\/gerber-prybrid-x-onyx\/#primaryimage","url":"https:\/\/amerikaantje.be\/wp-content\/uploads\/2022\/01\/gerber-prybrid-x-od-green-1.jpg?v=1703258245","contentUrl":"https:\/\/amerikaantje.be\/wp-content\/uploads\/2022\/01\/gerber-prybrid-x-od-green-1.jpg?v=1703258245","width":1200,"height":1200},{"@type":"BreadcrumbList","@id":"https:\/\/amerikaantje.be\/product\/gerber-prybrid-x-onyx\/#breadcrumb","itemListElement":[{"@type":"ListItem","position":1,"name":"Accueil","item":"https:\/\/amerikaantje.be\/"},{"@type":"ListItem","position":2,"name":"Webshop","item":"https:\/\/amerikaantje.be\/alle-producten\/"},{"@type":"ListItem","position":3,"name":"Gerber Prybrid X Onyx"}]},{"@type":"WebSite","@id":"https:\/\/amerikaantje.be\/#website","url":"https:\/\/amerikaantje.be\/","name":"&#039;t Amerikaantje","description":"&#039;ouvert le dimanche, supergoe et super bon march\u00e9 !","publisher":{"@id":"https:\/\/amerikaantje.be\/#organization"},"potentialAction":[{"@type":"SearchAction","target":{"@type":"EntryPoint","urlTemplate":"https:\/\/amerikaantje.be\/?s={search_term_string}"},"query-input":{"@type":"PropertyValueSpecification","valueRequired":true,"valueName":"search_term_string"}}],"inLanguage":"fr-BE"},{"@type":"Organization","@id":"https:\/\/amerikaantje.be\/#organization","name":"&#039;t Amerikaantje","url":"https:\/\/amerikaantje.be\/","logo":{"@type":"ImageObject","inLanguage":"fr-BE","@id":"https:\/\/amerikaantje.be\/#\/schema\/logo\/image\/","url":"https:\/\/amerikaantje.be\/wp-content\/uploads\/2023\/02\/amerikaantje-balk-logo-sterren-transparant.png?v=1703255686","contentUrl":"https:\/\/amerikaantje.be\/wp-content\/uploads\/2023\/02\/amerikaantje-balk-logo-sterren-transparant.png?v=1703255686","width":648,"height":343,"caption":"&#039;t Amerikaantje"},"image":{"@id":"https:\/\/amerikaantje.be\/#\/schema\/logo\/image\/"},"sameAs":["https:\/\/www.facebook.com\/t-Amerikaantje-151636621529042\/"]}]},"product_price_amount":"25.00","product_price_currency":"EUR","og_availability":"instock","product_availability":"instock","product_retailer_item_id":"00103211","product_condition":"new"},"df_price":25,"df_sale_price":"","df_regular_price":25,"df_image_link":"https:\/\/amerikaantje.be\/wp-content\/uploads\/2022\/01\/gerber-prybrid-x-od-green-1-500x500.jpg?v=1703258245","_links":{"self":[{"href":"https:\/\/amerikaantje.be\/fr\/wp-json\/wp\/v2\/product\/97807","targetHints":{"allow":["GET"]}}],"collection":[{"href":"https:\/\/amerikaantje.be\/fr\/wp-json\/wp\/v2\/product"}],"about":[{"href":"https:\/\/amerikaantje.be\/fr\/wp-json\/wp\/v2\/types\/product"}],"wp:featuredmedia":[{"embeddable":true,"href":"https:\/\/amerikaantje.be\/fr\/wp-json\/wp\/v2\/media\/97810"}],"wp:attachment":[{"href":"https:\/\/amerikaantje.be\/fr\/wp-json\/wp\/v2\/media?parent=97807"}],"wp:term":[{"taxonomy":"product_brand","embeddable":true,"href":"https:\/\/amerikaantje.be\/fr\/wp-json\/wp\/v2\/product_brand?post=97807"},{"taxonomy":"product_cat","embeddable":true,"href":"https:\/\/amerikaantje.be\/fr\/wp-json\/wp\/v2\/product_cat?post=97807"},{"taxonomy":"product_tag","embeddable":true,"href":"https:\/\/amerikaantje.be\/fr\/wp-json\/wp\/v2\/product_tag?post=97807"}],"curies":[{"name":"wp","href":"https:\/\/api.w.org\/{rel}","templated":true}]}}