{"id":86166,"date":"2021-04-27T13:21:24","date_gmt":"2021-04-27T13:21:24","guid":{"rendered":"https:\/\/amerikaantje.be\/?post_type=product&#038;p=86166"},"modified":"2026-03-06T17:11:15","modified_gmt":"2026-03-06T16:11:15","slug":"emergency-food-beef-casserole-with-noodles","status":"publish","type":"product","link":"https:\/\/amerikaantje.be\/fr\/produit\/emergency-food-beef-casserole-with-noodles\/","title":{"rendered":"Alimentation d'urgence - Casserole de b\u0153uf avec des nouilles"},"content":{"rendered":"<p>Les aliments d'urgence Trek'nEat fournissent une alimentation optimale en cas de crise. Sans nourriture suffisante et sans eau ou autres boissons, vous subirez rapidement les cons\u00e9quences de la malnutrition. Dans une situation d'urgence, cependant, la vigilance mentale et une bonne condition physique g\u00e9n\u00e9rale sont essentielles. Il est donc particuli\u00e8rement important de fournir une nourriture et des boissons appropri\u00e9es. Pr\u00e9paration : m\u00e9langez le contenu dans 1950 ml d'eau bouillante et laissez infuser pendant environ 5 minutes.<\/p>\n<p>Ingr\u00e9dients : p\u00e2tes 50% (semoule de bl\u00e9 dur, \u0153uf, sel), sauce, huile de tournesol en poudre (contient du lait, E551), b\u0153uf 9%, concentr\u00e9 de prot\u00e9ines de lactos\u00e9rum, maltodex-trine, farine de pommes de terre, champignons, amidon modifi\u00e9, m\u00e9lange d'\u00e9pices (contient du c\u00e9leri), persil, poivre, extrait de romarin, sel, aro-ma naturel. Teneur en viande s\u00e9ch\u00e9e : 14,4 g (correspond \u00e0 environ 57,1 g de viande fra\u00eeche). Allerg\u00e8nes : bl\u00e9, \u0153uf, lait, c\u00e9leri.<\/p>\n<p>Dur\u00e9e de conservation : 36 mois<\/p>","protected":false},"excerpt":{"rendered":"<p>De Trek&#8217;nEat Emergency Food zorgt voor de optimale voeding tijdens een crisis. Zonder voldoende voedsel en water of andere dranken, zul je snel lijden aan de gevolgen van ondervoeding. In een noodsituatie, echter, zijn mentale alertheid en een goede algemene fysieke conditie van essentieel belang. Daarom is het bijzonder belangrijk om de juiste voeding en [&#8230;]\n","protected":false},"featured_media":86167,"template":"","meta":{"_acf_changed":false},"product_brand":[],"product_cat":[13278,13265,13555,13390,13287,13395],"product_tag":[1813,950],"class_list":{"0":"post-86166","1":"product","2":"type-product","3":"status-publish","4":"has-post-thumbnail","6":"product_cat-eten-en-drinken","7":"product_cat-kamperen","8":"product_cat-prepper","9":"product_cat-survivalmateriaal","10":"product_cat-uitrusting","11":"product_cat-voeding","12":"product_tag-festival","13":"product_tag-survival","14":"pa_merk-trekn-eat","16":"first","17":"instock","18":"taxable","19":"shipping-taxable","20":"purchasable","21":"product-type-simple"},"acf":[],"yoast_head":"<!-- This site is optimized with the Yoast SEO Premium plugin v27.5 (Yoast SEO v27.5) - https:\/\/yoast.com\/product\/yoast-seo-premium-wordpress\/ -->\n<title>Emergency Food - Beef Casserole with Noodles - &#039;t Amerikaantje<\/title>\n<meta name=\"robots\" content=\"index, follow, max-snippet:-1, max-image-preview:large, max-video-preview:-1\" \/>\n<link rel=\"canonical\" href=\"https:\/\/amerikaantje.be\/fr\/produit\/emergency-food-beef-casserole-with-noodles\/\" \/>\n<meta property=\"og:locale\" content=\"fr_FR\" \/>\n<meta property=\"og:type\" content=\"article\" \/>\n<meta property=\"og:title\" content=\"Emergency Food - Beef Casserole with Noodles\" \/>\n<meta property=\"og:description\" content=\"De Trek&#8217;nEat Emergency Food zorgt voor de optimale voeding tijdens een crisis. Zonder voldoende voedsel en water of andere dranken, zul je snel lijden aan de gevolgen van ondervoeding. In een noodsituatie, echter, zijn mentale alertheid en een goede algemene fysieke conditie van essentieel belang. Daarom is het bijzonder belangrijk om de juiste voeding en [...]\" \/>\n<meta property=\"og:url\" content=\"https:\/\/amerikaantje.be\/fr\/produit\/emergency-food-beef-casserole-with-noodles\/\" \/>\n<meta property=\"og:site_name\" content=\"&#039;t Amerikaantje\" \/>\n<meta property=\"article:publisher\" content=\"https:\/\/www.facebook.com\/t-Amerikaantje-151636621529042\/\" \/>\n<meta property=\"article:modified_time\" content=\"2026-03-06T16:11:15+00:00\" \/>\n<meta property=\"og:image\" content=\"https:\/\/amerikaantje.be\/wp-content\/uploads\/2021\/04\/emergency-food-603101.jpg?v=1703259657\" \/>\n\t<meta property=\"og:image:width\" content=\"1200\" \/>\n\t<meta property=\"og:image:height\" content=\"1200\" \/>\n\t<meta property=\"og:image:type\" content=\"image\/jpeg\" \/>\n<meta name=\"twitter:card\" content=\"summary_large_image\" \/>\n<meta name=\"twitter:label1\" content=\"Price\" \/>\n\t<meta name=\"twitter:data1\" content=\"&euro;&nbsp;33,00\" \/>\n\t<meta name=\"twitter:label2\" content=\"Availability\" \/>\n\t<meta name=\"twitter:data2\" content=\"In stock\" \/>\n<script type=\"application\/ld+json\" class=\"yoast-schema-graph\">{\"@context\":\"https:\\\/\\\/schema.org\",\"@graph\":[{\"@type\":\"WebPage\",\"@id\":\"https:\\\/\\\/amerikaantje.be\\\/product\\\/emergency-food-beef-casserole-with-noodles\\\/\",\"url\":\"https:\\\/\\\/amerikaantje.be\\\/product\\\/emergency-food-beef-casserole-with-noodles\\\/\",\"name\":\"Emergency Food - Beef Casserole with Noodles - &#039;t Amerikaantje\",\"isPartOf\":{\"@id\":\"https:\\\/\\\/amerikaantje.be\\\/#website\"},\"primaryImageOfPage\":{\"@id\":\"https:\\\/\\\/amerikaantje.be\\\/product\\\/emergency-food-beef-casserole-with-noodles\\\/#primaryimage\"},\"image\":{\"@id\":\"https:\\\/\\\/amerikaantje.be\\\/product\\\/emergency-food-beef-casserole-with-noodles\\\/#primaryimage\"},\"thumbnailUrl\":\"https:\\\/\\\/amerikaantje.be\\\/wp-content\\\/uploads\\\/2021\\\/04\\\/emergency-food-603101.jpg?v=1703259657\",\"datePublished\":\"2021-04-27T13:21:24+00:00\",\"dateModified\":\"2026-03-06T16:11:15+00:00\",\"breadcrumb\":{\"@id\":\"https:\\\/\\\/amerikaantje.be\\\/product\\\/emergency-food-beef-casserole-with-noodles\\\/#breadcrumb\"},\"inLanguage\":\"fr-BE\",\"potentialAction\":[{\"@type\":\"ReadAction\",\"target\":[\"https:\\\/\\\/amerikaantje.be\\\/product\\\/emergency-food-beef-casserole-with-noodles\\\/\"]}]},{\"@type\":\"ImageObject\",\"inLanguage\":\"fr-BE\",\"@id\":\"https:\\\/\\\/amerikaantje.be\\\/product\\\/emergency-food-beef-casserole-with-noodles\\\/#primaryimage\",\"url\":\"https:\\\/\\\/amerikaantje.be\\\/wp-content\\\/uploads\\\/2021\\\/04\\\/emergency-food-603101.jpg?v=1703259657\",\"contentUrl\":\"https:\\\/\\\/amerikaantje.be\\\/wp-content\\\/uploads\\\/2021\\\/04\\\/emergency-food-603101.jpg?v=1703259657\",\"width\":1200,\"height\":1200},{\"@type\":\"BreadcrumbList\",\"@id\":\"https:\\\/\\\/amerikaantje.be\\\/product\\\/emergency-food-beef-casserole-with-noodles\\\/#breadcrumb\",\"itemListElement\":[{\"@type\":\"ListItem\",\"position\":1,\"name\":\"Accueil\",\"item\":\"https:\\\/\\\/amerikaantje.be\\\/\"},{\"@type\":\"ListItem\",\"position\":2,\"name\":\"Webshop\",\"item\":\"https:\\\/\\\/amerikaantje.be\\\/alle-producten\\\/\"},{\"@type\":\"ListItem\",\"position\":3,\"name\":\"Emergency Food &#8211; Beef Casserole with Noodles\"}]},{\"@type\":\"WebSite\",\"@id\":\"https:\\\/\\\/amerikaantje.be\\\/#website\",\"url\":\"https:\\\/\\\/amerikaantje.be\\\/\",\"name\":\"&#039;t Amerikaantje\",\"description\":\"&#039;s zondags open, supergoe en supergoeiekoop!\",\"publisher\":{\"@id\":\"https:\\\/\\\/amerikaantje.be\\\/#organization\"},\"potentialAction\":[{\"@type\":\"SearchAction\",\"target\":{\"@type\":\"EntryPoint\",\"urlTemplate\":\"https:\\\/\\\/amerikaantje.be\\\/?s={search_term_string}\"},\"query-input\":{\"@type\":\"PropertyValueSpecification\",\"valueRequired\":true,\"valueName\":\"search_term_string\"}}],\"inLanguage\":\"fr-BE\"},{\"@type\":\"Organization\",\"@id\":\"https:\\\/\\\/amerikaantje.be\\\/#organization\",\"name\":\"&#039;t Amerikaantje\",\"url\":\"https:\\\/\\\/amerikaantje.be\\\/\",\"logo\":{\"@type\":\"ImageObject\",\"inLanguage\":\"fr-BE\",\"@id\":\"https:\\\/\\\/amerikaantje.be\\\/#\\\/schema\\\/logo\\\/image\\\/\",\"url\":\"https:\\\/\\\/amerikaantje.be\\\/wp-content\\\/uploads\\\/2023\\\/02\\\/amerikaantje-balk-logo-sterren-transparant.png?v=1703255686\",\"contentUrl\":\"https:\\\/\\\/amerikaantje.be\\\/wp-content\\\/uploads\\\/2023\\\/02\\\/amerikaantje-balk-logo-sterren-transparant.png?v=1703255686\",\"width\":648,\"height\":343,\"caption\":\"&#039;t Amerikaantje\"},\"image\":{\"@id\":\"https:\\\/\\\/amerikaantje.be\\\/#\\\/schema\\\/logo\\\/image\\\/\"},\"sameAs\":[\"https:\\\/\\\/www.facebook.com\\\/t-Amerikaantje-151636621529042\\\/\"]}]}<\/script>\n<meta property=\"product:price:amount\" content=\"33.00\" \/>\n<meta property=\"product:price:currency\" content=\"EUR\" \/>\n<meta property=\"og:availability\" content=\"instock\" \/>\n<meta property=\"product:availability\" content=\"instock\" \/>\n<meta property=\"product:retailer_item_id\" content=\"603101\" \/>\n<meta property=\"product:condition\" content=\"new\" \/>\n<!-- \/ Yoast SEO Premium plugin. -->","yoast_head_json":{"title":"Alimentation d'urgence - Casserole de b\u0153uf avec nouilles - &#039;t Amerikaantje","robots":{"index":"index","follow":"follow","max-snippet":"max-snippet:-1","max-image-preview":"max-image-preview:large","max-video-preview":"max-video-preview:-1"},"canonical":"https:\/\/amerikaantje.be\/fr\/produit\/emergency-food-beef-casserole-with-noodles\/","og_locale":"fr_FR","og_type":"article","og_title":"Emergency Food - Beef Casserole with Noodles","og_description":"De Trek&#8217;nEat Emergency Food zorgt voor de optimale voeding tijdens een crisis. Zonder voldoende voedsel en water of andere dranken, zul je snel lijden aan de gevolgen van ondervoeding. In een noodsituatie, echter, zijn mentale alertheid en een goede algemene fysieke conditie van essentieel belang. Daarom is het bijzonder belangrijk om de juiste voeding en [...]","og_url":"https:\/\/amerikaantje.be\/fr\/produit\/emergency-food-beef-casserole-with-noodles\/","og_site_name":"&#039;t Amerikaantje","article_publisher":"https:\/\/www.facebook.com\/t-Amerikaantje-151636621529042\/","article_modified_time":"2026-03-06T16:11:15+00:00","og_image":[{"width":1200,"height":1200,"url":"https:\/\/amerikaantje.be\/wp-content\/uploads\/2021\/04\/emergency-food-603101.jpg?v=1703259657","type":"image\/jpeg"}],"twitter_card":"summary_large_image","twitter_misc":{"Price":"&euro;&nbsp;33,00","Availability":"In stock"},"schema":{"@context":"https:\/\/schema.org","@graph":[{"@type":"WebPage","@id":"https:\/\/amerikaantje.be\/product\/emergency-food-beef-casserole-with-noodles\/","url":"https:\/\/amerikaantje.be\/product\/emergency-food-beef-casserole-with-noodles\/","name":"Alimentation d'urgence - Casserole de b\u0153uf avec nouilles - &#039;t Amerikaantje","isPartOf":{"@id":"https:\/\/amerikaantje.be\/#website"},"primaryImageOfPage":{"@id":"https:\/\/amerikaantje.be\/product\/emergency-food-beef-casserole-with-noodles\/#primaryimage"},"image":{"@id":"https:\/\/amerikaantje.be\/product\/emergency-food-beef-casserole-with-noodles\/#primaryimage"},"thumbnailUrl":"https:\/\/amerikaantje.be\/wp-content\/uploads\/2021\/04\/emergency-food-603101.jpg?v=1703259657","datePublished":"2021-04-27T13:21:24+00:00","dateModified":"2026-03-06T16:11:15+00:00","breadcrumb":{"@id":"https:\/\/amerikaantje.be\/product\/emergency-food-beef-casserole-with-noodles\/#breadcrumb"},"inLanguage":"fr-BE","potentialAction":[{"@type":"ReadAction","target":["https:\/\/amerikaantje.be\/product\/emergency-food-beef-casserole-with-noodles\/"]}]},{"@type":"ImageObject","inLanguage":"fr-BE","@id":"https:\/\/amerikaantje.be\/product\/emergency-food-beef-casserole-with-noodles\/#primaryimage","url":"https:\/\/amerikaantje.be\/wp-content\/uploads\/2021\/04\/emergency-food-603101.jpg?v=1703259657","contentUrl":"https:\/\/amerikaantje.be\/wp-content\/uploads\/2021\/04\/emergency-food-603101.jpg?v=1703259657","width":1200,"height":1200},{"@type":"BreadcrumbList","@id":"https:\/\/amerikaantje.be\/product\/emergency-food-beef-casserole-with-noodles\/#breadcrumb","itemListElement":[{"@type":"ListItem","position":1,"name":"Accueil","item":"https:\/\/amerikaantje.be\/"},{"@type":"ListItem","position":2,"name":"Webshop","item":"https:\/\/amerikaantje.be\/alle-producten\/"},{"@type":"ListItem","position":3,"name":"Emergency Food &#8211; Beef Casserole with Noodles"}]},{"@type":"WebSite","@id":"https:\/\/amerikaantje.be\/#website","url":"https:\/\/amerikaantje.be\/","name":"&#039;t Amerikaantje","description":"&#039;ouvert le dimanche, supergoe et super bon march\u00e9 !","publisher":{"@id":"https:\/\/amerikaantje.be\/#organization"},"potentialAction":[{"@type":"SearchAction","target":{"@type":"EntryPoint","urlTemplate":"https:\/\/amerikaantje.be\/?s={search_term_string}"},"query-input":{"@type":"PropertyValueSpecification","valueRequired":true,"valueName":"search_term_string"}}],"inLanguage":"fr-BE"},{"@type":"Organization","@id":"https:\/\/amerikaantje.be\/#organization","name":"&#039;t Amerikaantje","url":"https:\/\/amerikaantje.be\/","logo":{"@type":"ImageObject","inLanguage":"fr-BE","@id":"https:\/\/amerikaantje.be\/#\/schema\/logo\/image\/","url":"https:\/\/amerikaantje.be\/wp-content\/uploads\/2023\/02\/amerikaantje-balk-logo-sterren-transparant.png?v=1703255686","contentUrl":"https:\/\/amerikaantje.be\/wp-content\/uploads\/2023\/02\/amerikaantje-balk-logo-sterren-transparant.png?v=1703255686","width":648,"height":343,"caption":"&#039;t Amerikaantje"},"image":{"@id":"https:\/\/amerikaantje.be\/#\/schema\/logo\/image\/"},"sameAs":["https:\/\/www.facebook.com\/t-Amerikaantje-151636621529042\/"]}]},"product_price_amount":"33.00","product_price_currency":"EUR","og_availability":"instock","product_availability":"instock","product_retailer_item_id":"603101","product_condition":"new"},"df_price":33,"df_sale_price":"","df_regular_price":33,"df_image_link":"https:\/\/amerikaantje.be\/wp-content\/uploads\/2021\/04\/emergency-food-603101-500x500.jpg?v=1703259657","_links":{"self":[{"href":"https:\/\/amerikaantje.be\/fr\/wp-json\/wp\/v2\/product\/86166","targetHints":{"allow":["GET"]}}],"collection":[{"href":"https:\/\/amerikaantje.be\/fr\/wp-json\/wp\/v2\/product"}],"about":[{"href":"https:\/\/amerikaantje.be\/fr\/wp-json\/wp\/v2\/types\/product"}],"wp:featuredmedia":[{"embeddable":true,"href":"https:\/\/amerikaantje.be\/fr\/wp-json\/wp\/v2\/media\/86167"}],"wp:attachment":[{"href":"https:\/\/amerikaantje.be\/fr\/wp-json\/wp\/v2\/media?parent=86166"}],"wp:term":[{"taxonomy":"product_brand","embeddable":true,"href":"https:\/\/amerikaantje.be\/fr\/wp-json\/wp\/v2\/product_brand?post=86166"},{"taxonomy":"product_cat","embeddable":true,"href":"https:\/\/amerikaantje.be\/fr\/wp-json\/wp\/v2\/product_cat?post=86166"},{"taxonomy":"product_tag","embeddable":true,"href":"https:\/\/amerikaantje.be\/fr\/wp-json\/wp\/v2\/product_tag?post=86166"}],"curies":[{"name":"wp","href":"https:\/\/api.w.org\/{rel}","templated":true}]}}