{"id":86085,"date":"2021-04-27T09:43:41","date_gmt":"2021-04-27T09:43:41","guid":{"rendered":"https:\/\/amerikaantje.be\/?post_type=product&#038;p=86085"},"modified":"2025-01-21T13:54:13","modified_gmt":"2025-01-21T12:54:13","slug":"nalgene-wide-mouth-loop-top-bottle-1000-ml-clear","status":"publish","type":"product","link":"https:\/\/amerikaantje.be\/fr\/product\/nalgene-wide-mouth-loop-top-bottle-1000-ml-clear\/","title":{"rendered":"Nalgene - Bouteille \u00e0 bouchon large 1000 ml transparent"},"content":{"rendered":"<p>Cette gourde Original Wide-Mouth de Nalgene a pour but de vous fournir les gorg\u00e9es d'eau n\u00e9cessaires chaque jour. Vous pouvez facilement emporter la bouteille en voyage, lors d'une excursion d'une journ\u00e9e ou lors de vos activit\u00e9s de plein air pr\u00e9f\u00e9r\u00e9es. Vous pouvez mettre un litre d'eau dans la bouteille. Gr\u00e2ce au grand bouchon, vous remplissez la bouteille tr\u00e8s facilement sous le robinet. C'est chaud ? Alors pourquoi ne pas ajouter quelques gla\u00e7ons ?<\/p>\n<p>La bouteille est fabriqu\u00e9e en plastique solide, sans BPA, et comporte un indicateur de taille tr\u00e8s pratique. Vous ne perdrez pas non plus facilement le bouchon de cette bouteille, car il est fix\u00e9 au sommet de la bouteille par une boucle. Apr\u00e8s utilisation, la bouteille d'eau peut \u00eatre nettoy\u00e9e dans le lave-vaisselle.<\/p>\n<p>Caract\u00e9ristiques :<\/p>\n<ul>\n<li>Couleur : transparent avec bouchon vert<\/li>\n<li>1000ml \/ 32oz<\/li>\n<li>Lavable au lave-vaisselle<\/li>\n<li>\u00c9tanche<\/li>\n<li>Sans odeur<\/li>\n<li>Fabriqu\u00e9 en Tritan sans BPA<\/li>\n<\/ul>","protected":false},"excerpt":{"rendered":"<p>Deze Original Wide-Mouth drinkfles van Nalgene wil jou dagelijks voorzien van de noodzakelijke slokken water. Je neemt de fles eenvoudig mee op reis, een dagje weg of tijdens je favoriete outdooractiviteiten. Je kunt \u00e9\u00e9n liter water in de fles kwijt. Dankzij de grote dop vul je de fles heel eenvoudig onder de kraan. Is het [&#8230;]\n","protected":false},"featured_media":86088,"template":"","meta":{"_acf_changed":false},"product_brand":[],"product_cat":[13284,13278,13265],"product_tag":[1813,961,1814],"class_list":{"0":"post-86085","1":"product","2":"type-product","3":"status-publish","4":"has-post-thumbnail","6":"product_cat-drinkflessen","7":"product_cat-eten-en-drinken","8":"product_cat-kamperen","9":"product_tag-festival","10":"product_tag-jeugdbeweging","11":"product_tag-milicien","12":"pa_kleur-coyote","13":"pa_kleur-olive-drab","14":"pa_kleur-zwart","15":"pa_merk-nalgene","17":"first","18":"instock","19":"taxable","20":"shipping-taxable","21":"purchasable","22":"product-type-simple"},"acf":[],"yoast_head":"<!-- This site is optimized with the Yoast SEO Premium plugin v27.6 (Yoast SEO v27.6) - https:\/\/yoast.com\/product\/yoast-seo-premium-wordpress\/ -->\n<title>Nalgene - Wide-Mouth Loop Top Bottle 1000 ml Clear - &#039;t Amerikaantje<\/title>\n<meta name=\"robots\" content=\"index, follow, max-snippet:-1, max-image-preview:large, max-video-preview:-1\" \/>\n<link rel=\"canonical\" href=\"https:\/\/amerikaantje.be\/fr\/product\/nalgene-wide-mouth-loop-top-bottle-1000-ml-clear\/\" \/>\n<meta property=\"og:locale\" content=\"fr_FR\" \/>\n<meta property=\"og:type\" content=\"article\" \/>\n<meta property=\"og:title\" content=\"Nalgene - Wide-Mouth Loop Top Bottle 1000 ml Clear\" \/>\n<meta property=\"og:description\" content=\"Deze Original Wide-Mouth drinkfles van Nalgene wil jou dagelijks voorzien van de noodzakelijke slokken water. Je neemt de fles eenvoudig mee op reis, een dagje weg of tijdens je favoriete outdooractiviteiten. Je kunt \u00e9\u00e9n liter water in de fles kwijt. Dankzij de grote dop vul je de fles heel eenvoudig onder de kraan. Is het [...]\" \/>\n<meta property=\"og:url\" content=\"https:\/\/amerikaantje.be\/fr\/product\/nalgene-wide-mouth-loop-top-bottle-1000-ml-clear\/\" \/>\n<meta property=\"og:site_name\" content=\"&#039;t Amerikaantje\" \/>\n<meta property=\"article:publisher\" content=\"https:\/\/www.facebook.com\/t-Amerikaantje-151636621529042\/\" \/>\n<meta property=\"article:modified_time\" content=\"2025-01-21T12:54:13+00:00\" \/>\n<meta property=\"og:image\" content=\"https:\/\/amerikaantje.be\/wp-content\/uploads\/2021\/04\/nalgene-wide-mouth-loop-top-1000ml-clear.jpg?v=1703259690\" \/>\n\t<meta property=\"og:image:width\" content=\"1200\" \/>\n\t<meta property=\"og:image:height\" content=\"1200\" \/>\n\t<meta property=\"og:image:type\" content=\"image\/jpeg\" \/>\n<meta name=\"twitter:card\" content=\"summary_large_image\" \/>\n<meta name=\"twitter:label1\" content=\"Price\" \/>\n\t<meta name=\"twitter:data1\" content=\"&euro;&nbsp;16,80\" \/>\n\t<meta name=\"twitter:label2\" content=\"Availability\" \/>\n\t<meta name=\"twitter:data2\" content=\"In stock\" \/>\n<script type=\"application\/ld+json\" class=\"yoast-schema-graph\">{\"@context\":\"https:\\\/\\\/schema.org\",\"@graph\":[{\"@type\":\"WebPage\",\"@id\":\"https:\\\/\\\/amerikaantje.be\\\/product\\\/nalgene-wide-mouth-loop-top-bottle-1000-ml-clear\\\/\",\"url\":\"https:\\\/\\\/amerikaantje.be\\\/product\\\/nalgene-wide-mouth-loop-top-bottle-1000-ml-clear\\\/\",\"name\":\"Nalgene - Wide-Mouth Loop Top Bottle 1000 ml Clear - &#039;t Amerikaantje\",\"isPartOf\":{\"@id\":\"https:\\\/\\\/amerikaantje.be\\\/#website\"},\"primaryImageOfPage\":{\"@id\":\"https:\\\/\\\/amerikaantje.be\\\/product\\\/nalgene-wide-mouth-loop-top-bottle-1000-ml-clear\\\/#primaryimage\"},\"image\":{\"@id\":\"https:\\\/\\\/amerikaantje.be\\\/product\\\/nalgene-wide-mouth-loop-top-bottle-1000-ml-clear\\\/#primaryimage\"},\"thumbnailUrl\":\"https:\\\/\\\/amerikaantje.be\\\/wp-content\\\/uploads\\\/2021\\\/04\\\/nalgene-wide-mouth-loop-top-1000ml-clear.jpg?v=1703259690\",\"datePublished\":\"2021-04-27T09:43:41+00:00\",\"dateModified\":\"2025-01-21T12:54:13+00:00\",\"breadcrumb\":{\"@id\":\"https:\\\/\\\/amerikaantje.be\\\/product\\\/nalgene-wide-mouth-loop-top-bottle-1000-ml-clear\\\/#breadcrumb\"},\"inLanguage\":\"fr-BE\",\"potentialAction\":[{\"@type\":\"ReadAction\",\"target\":[\"https:\\\/\\\/amerikaantje.be\\\/product\\\/nalgene-wide-mouth-loop-top-bottle-1000-ml-clear\\\/\"]}]},{\"@type\":\"ImageObject\",\"inLanguage\":\"fr-BE\",\"@id\":\"https:\\\/\\\/amerikaantje.be\\\/product\\\/nalgene-wide-mouth-loop-top-bottle-1000-ml-clear\\\/#primaryimage\",\"url\":\"https:\\\/\\\/amerikaantje.be\\\/wp-content\\\/uploads\\\/2021\\\/04\\\/nalgene-wide-mouth-loop-top-1000ml-clear.jpg?v=1703259690\",\"contentUrl\":\"https:\\\/\\\/amerikaantje.be\\\/wp-content\\\/uploads\\\/2021\\\/04\\\/nalgene-wide-mouth-loop-top-1000ml-clear.jpg?v=1703259690\",\"width\":1200,\"height\":1200},{\"@type\":\"BreadcrumbList\",\"@id\":\"https:\\\/\\\/amerikaantje.be\\\/product\\\/nalgene-wide-mouth-loop-top-bottle-1000-ml-clear\\\/#breadcrumb\",\"itemListElement\":[{\"@type\":\"ListItem\",\"position\":1,\"name\":\"Accueil\",\"item\":\"https:\\\/\\\/amerikaantje.be\\\/\"},{\"@type\":\"ListItem\",\"position\":2,\"name\":\"Webshop\",\"item\":\"https:\\\/\\\/amerikaantje.be\\\/alle-producten\\\/\"},{\"@type\":\"ListItem\",\"position\":3,\"name\":\"Nalgene &#8211; Wide-Mouth Loop Top Bottle 1000 ml Clear\"}]},{\"@type\":\"WebSite\",\"@id\":\"https:\\\/\\\/amerikaantje.be\\\/#website\",\"url\":\"https:\\\/\\\/amerikaantje.be\\\/\",\"name\":\"&#039;t Amerikaantje\",\"description\":\"&#039;s zondags open, supergoe en supergoeiekoop!\",\"publisher\":{\"@id\":\"https:\\\/\\\/amerikaantje.be\\\/#organization\"},\"potentialAction\":[{\"@type\":\"SearchAction\",\"target\":{\"@type\":\"EntryPoint\",\"urlTemplate\":\"https:\\\/\\\/amerikaantje.be\\\/?s={search_term_string}\"},\"query-input\":{\"@type\":\"PropertyValueSpecification\",\"valueRequired\":true,\"valueName\":\"search_term_string\"}}],\"inLanguage\":\"fr-BE\"},{\"@type\":\"Organization\",\"@id\":\"https:\\\/\\\/amerikaantje.be\\\/#organization\",\"name\":\"&#039;t Amerikaantje\",\"url\":\"https:\\\/\\\/amerikaantje.be\\\/\",\"logo\":{\"@type\":\"ImageObject\",\"inLanguage\":\"fr-BE\",\"@id\":\"https:\\\/\\\/amerikaantje.be\\\/#\\\/schema\\\/logo\\\/image\\\/\",\"url\":\"https:\\\/\\\/amerikaantje.be\\\/wp-content\\\/uploads\\\/2023\\\/02\\\/amerikaantje-balk-logo-sterren-transparant.png?v=1703255686\",\"contentUrl\":\"https:\\\/\\\/amerikaantje.be\\\/wp-content\\\/uploads\\\/2023\\\/02\\\/amerikaantje-balk-logo-sterren-transparant.png?v=1703255686\",\"width\":648,\"height\":343,\"caption\":\"&#039;t Amerikaantje\"},\"image\":{\"@id\":\"https:\\\/\\\/amerikaantje.be\\\/#\\\/schema\\\/logo\\\/image\\\/\"},\"sameAs\":[\"https:\\\/\\\/www.facebook.com\\\/t-Amerikaantje-151636621529042\\\/\"]}]}<\/script>\n<meta property=\"product:price:amount\" content=\"16.80\" \/>\n<meta property=\"product:price:currency\" content=\"EUR\" \/>\n<meta property=\"og:availability\" content=\"instock\" \/>\n<meta property=\"product:availability\" content=\"instock\" \/>\n<meta property=\"product:retailer_item_id\" content=\"N2178-2027\" \/>\n<meta property=\"product:condition\" content=\"new\" \/>\n<!-- \/ Yoast SEO Premium plugin. -->","yoast_head_json":{"title":"Nalgene - Bouteille \u00e0 bouchon large 1000 ml Transparent - &#039;t Amerikaantje","robots":{"index":"index","follow":"follow","max-snippet":"max-snippet:-1","max-image-preview":"max-image-preview:large","max-video-preview":"max-video-preview:-1"},"canonical":"https:\/\/amerikaantje.be\/fr\/product\/nalgene-wide-mouth-loop-top-bottle-1000-ml-clear\/","og_locale":"fr_FR","og_type":"article","og_title":"Nalgene - Wide-Mouth Loop Top Bottle 1000 ml Clear","og_description":"Deze Original Wide-Mouth drinkfles van Nalgene wil jou dagelijks voorzien van de noodzakelijke slokken water. Je neemt de fles eenvoudig mee op reis, een dagje weg of tijdens je favoriete outdooractiviteiten. Je kunt \u00e9\u00e9n liter water in de fles kwijt. Dankzij de grote dop vul je de fles heel eenvoudig onder de kraan. Is het [...]","og_url":"https:\/\/amerikaantje.be\/fr\/product\/nalgene-wide-mouth-loop-top-bottle-1000-ml-clear\/","og_site_name":"&#039;t Amerikaantje","article_publisher":"https:\/\/www.facebook.com\/t-Amerikaantje-151636621529042\/","article_modified_time":"2025-01-21T12:54:13+00:00","og_image":[{"width":1200,"height":1200,"url":"https:\/\/amerikaantje.be\/wp-content\/uploads\/2021\/04\/nalgene-wide-mouth-loop-top-1000ml-clear.jpg?v=1703259690","type":"image\/jpeg"}],"twitter_card":"summary_large_image","twitter_misc":{"Price":"&euro;&nbsp;16,80","Availability":"In stock"},"schema":{"@context":"https:\/\/schema.org","@graph":[{"@type":"WebPage","@id":"https:\/\/amerikaantje.be\/product\/nalgene-wide-mouth-loop-top-bottle-1000-ml-clear\/","url":"https:\/\/amerikaantje.be\/product\/nalgene-wide-mouth-loop-top-bottle-1000-ml-clear\/","name":"Nalgene - Bouteille \u00e0 bouchon large 1000 ml Transparent - &#039;t Amerikaantje","isPartOf":{"@id":"https:\/\/amerikaantje.be\/#website"},"primaryImageOfPage":{"@id":"https:\/\/amerikaantje.be\/product\/nalgene-wide-mouth-loop-top-bottle-1000-ml-clear\/#primaryimage"},"image":{"@id":"https:\/\/amerikaantje.be\/product\/nalgene-wide-mouth-loop-top-bottle-1000-ml-clear\/#primaryimage"},"thumbnailUrl":"https:\/\/amerikaantje.be\/wp-content\/uploads\/2021\/04\/nalgene-wide-mouth-loop-top-1000ml-clear.jpg?v=1703259690","datePublished":"2021-04-27T09:43:41+00:00","dateModified":"2025-01-21T12:54:13+00:00","breadcrumb":{"@id":"https:\/\/amerikaantje.be\/product\/nalgene-wide-mouth-loop-top-bottle-1000-ml-clear\/#breadcrumb"},"inLanguage":"fr-BE","potentialAction":[{"@type":"ReadAction","target":["https:\/\/amerikaantje.be\/product\/nalgene-wide-mouth-loop-top-bottle-1000-ml-clear\/"]}]},{"@type":"ImageObject","inLanguage":"fr-BE","@id":"https:\/\/amerikaantje.be\/product\/nalgene-wide-mouth-loop-top-bottle-1000-ml-clear\/#primaryimage","url":"https:\/\/amerikaantje.be\/wp-content\/uploads\/2021\/04\/nalgene-wide-mouth-loop-top-1000ml-clear.jpg?v=1703259690","contentUrl":"https:\/\/amerikaantje.be\/wp-content\/uploads\/2021\/04\/nalgene-wide-mouth-loop-top-1000ml-clear.jpg?v=1703259690","width":1200,"height":1200},{"@type":"BreadcrumbList","@id":"https:\/\/amerikaantje.be\/product\/nalgene-wide-mouth-loop-top-bottle-1000-ml-clear\/#breadcrumb","itemListElement":[{"@type":"ListItem","position":1,"name":"Accueil","item":"https:\/\/amerikaantje.be\/"},{"@type":"ListItem","position":2,"name":"Webshop","item":"https:\/\/amerikaantje.be\/alle-producten\/"},{"@type":"ListItem","position":3,"name":"Nalgene &#8211; Wide-Mouth Loop Top Bottle 1000 ml Clear"}]},{"@type":"WebSite","@id":"https:\/\/amerikaantje.be\/#website","url":"https:\/\/amerikaantje.be\/","name":"&#039;t Amerikaantje","description":"&#039;ouvert le dimanche, supergoe et super bon march\u00e9 !","publisher":{"@id":"https:\/\/amerikaantje.be\/#organization"},"potentialAction":[{"@type":"SearchAction","target":{"@type":"EntryPoint","urlTemplate":"https:\/\/amerikaantje.be\/?s={search_term_string}"},"query-input":{"@type":"PropertyValueSpecification","valueRequired":true,"valueName":"search_term_string"}}],"inLanguage":"fr-BE"},{"@type":"Organization","@id":"https:\/\/amerikaantje.be\/#organization","name":"&#039;t Amerikaantje","url":"https:\/\/amerikaantje.be\/","logo":{"@type":"ImageObject","inLanguage":"fr-BE","@id":"https:\/\/amerikaantje.be\/#\/schema\/logo\/image\/","url":"https:\/\/amerikaantje.be\/wp-content\/uploads\/2023\/02\/amerikaantje-balk-logo-sterren-transparant.png?v=1703255686","contentUrl":"https:\/\/amerikaantje.be\/wp-content\/uploads\/2023\/02\/amerikaantje-balk-logo-sterren-transparant.png?v=1703255686","width":648,"height":343,"caption":"&#039;t Amerikaantje"},"image":{"@id":"https:\/\/amerikaantje.be\/#\/schema\/logo\/image\/"},"sameAs":["https:\/\/www.facebook.com\/t-Amerikaantje-151636621529042\/"]}]},"product_price_amount":"16.80","product_price_currency":"EUR","og_availability":"instock","product_availability":"instock","product_retailer_item_id":"N2178-2027","product_condition":"new"},"df_price":16.8,"df_sale_price":"","df_regular_price":16.8,"df_image_link":"https:\/\/amerikaantje.be\/wp-content\/uploads\/2021\/04\/nalgene-wide-mouth-loop-top-1000ml-clear-500x500.jpg?v=1703259690","_links":{"self":[{"href":"https:\/\/amerikaantje.be\/fr\/wp-json\/wp\/v2\/product\/86085","targetHints":{"allow":["GET"]}}],"collection":[{"href":"https:\/\/amerikaantje.be\/fr\/wp-json\/wp\/v2\/product"}],"about":[{"href":"https:\/\/amerikaantje.be\/fr\/wp-json\/wp\/v2\/types\/product"}],"wp:featuredmedia":[{"embeddable":true,"href":"https:\/\/amerikaantje.be\/fr\/wp-json\/wp\/v2\/media\/86088"}],"wp:attachment":[{"href":"https:\/\/amerikaantje.be\/fr\/wp-json\/wp\/v2\/media?parent=86085"}],"wp:term":[{"taxonomy":"product_brand","embeddable":true,"href":"https:\/\/amerikaantje.be\/fr\/wp-json\/wp\/v2\/product_brand?post=86085"},{"taxonomy":"product_cat","embeddable":true,"href":"https:\/\/amerikaantje.be\/fr\/wp-json\/wp\/v2\/product_cat?post=86085"},{"taxonomy":"product_tag","embeddable":true,"href":"https:\/\/amerikaantje.be\/fr\/wp-json\/wp\/v2\/product_tag?post=86085"}],"curies":[{"name":"wp","href":"https:\/\/api.w.org\/{rel}","templated":true}]}}