{"id":83597,"date":"2021-03-09T16:24:07","date_gmt":"2021-03-09T16:24:07","guid":{"rendered":"https:\/\/amerikaantje.be\/?post_type=product&#038;p=83597"},"modified":"2025-05-06T09:44:48","modified_gmt":"2025-05-06T07:44:48","slug":"basepro-hv-kettingzaagbroek","status":"publish","type":"product","link":"https:\/\/amerikaantje.be\/fr\/produit\/basepro-hv-kettingzaagbroek\/","title":{"rendered":"Pantalon de tron\u00e7onneuse Basepro HV 1RQ1"},"content":{"rendered":"<p>Vous recherchez un pantalon de protection contre les scies Hi-Vis sans cloches, sifflets et stretch ? La collection SIP Protection BasePro est exactement ce que vous recherchez. Le tissu ext\u00e9rieur est compos\u00e9 d'un tissu coton polyester normal, parfait pour une exploitation foresti\u00e8re temporaire ou saisonni\u00e8re. Ne vous m\u00e9prenez pas, cependant. Le pantalon BasePro, le pantalon SIP Protection le plus \u00e9conomique de notre gamme, offre toujours le confort souhait\u00e9, la protection dont vous avez besoin et la qualit\u00e9 que vous pouvez attendre de SIP Protection.<\/p>\n<p>Ext\u00e9rieur :<\/p>\n<ul>\n<li>Braguette zipp\u00e9e - fermeture \u00e0 1 bouton<\/li>\n<li>2 poches int\u00e9rieures<\/li>\n<li>1 poche arri\u00e8re plaqu\u00e9e avec fermeture \u00e0 glissi\u00e8re<\/li>\n<li>1 poche rembourr\u00e9e pour la jauge pliable et le syst\u00e8me de fixation de la cl\u00e9 \u00e0 bougie<\/li>\n<li>Taille \u00e9lastique avec passants pour ceinture et passants pour bretelles avec velcro (r\u00e9f. 5SD4)<\/li>\n<li>Plateau lombaire avec boucles pour attelles r\u00e9f. 5SD4<\/li>\n<li>3 coutures \u00e0 l'arri\u00e8re jusqu'\u00e0 l'entrejambe<\/li>\n<\/ul>\n<p>A l'int\u00e9rieur :<\/p>\n<ul>\n<li>Polyester 65% - doublure en coton 35% 85 g\/m\u00b2.<\/li>\n<li>6 couches de protection frontale<\/li>\n<\/ul>\n<p>Tissu :<\/p>\n<ul>\n<li>Tissu ext\u00e9rieur en polyester hydrofuge 65% - coton 35% \u00b1 210 g\/m2<\/li>\n<\/ul>\n<p>Normes europ\u00e9ennes :<\/p>\n<ul>\n<li>EN ISO 20471 : 2013 +A1 2016 \/ Classe 2<\/li>\n<li>EN 381-5 : 1995 \/ Classe 1 - 20 m\/s conception A<\/li>\n<li>EN ISO 13688 : 2013<\/li>\n<\/ul>","protected":false},"excerpt":{"rendered":"<p>Bent u op zoek naar een Hi-Vis zaagbeschermende broek zonder toeters, bellen en stretch? De SIP Protection BasePro collectie is helemaal wat u zoekt. De buitenstof is samengesteld uit een normale polyester katoenen stof, perfect geschikt voor tijdelijke of seizoensgebonden bosbouw. Vergis u echter niet. De BasePro-broek, de economisch meest voordelige SIP Protection-broek van ons [&#8230;]\n","protected":false},"featured_media":83603,"template":"","meta":{"_acf_changed":false},"product_brand":[],"product_cat":[13451,13299,13434],"product_tag":[860],"class_list":{"0":"post-83597","1":"product","2":"type-product","3":"status-publish","4":"has-post-thumbnail","6":"product_cat-broeken-pro","7":"product_cat-kleding","8":"product_cat-professioneel","9":"product_tag-werkkleding","10":"pa_maat-l","11":"pa_maat-m","12":"pa_maat-s","13":"pa_maat-xl","14":"pa_maat-xxl","16":"first","17":"instock","18":"taxable","19":"shipping-taxable","20":"purchasable","21":"product-type-variable"},"acf":[],"yoast_head":"<!-- This site is optimized with the Yoast SEO Premium plugin v27.5 (Yoast SEO v27.5) - https:\/\/yoast.com\/product\/yoast-seo-premium-wordpress\/ -->\n<title>Basepro HV Kettingzaagbroek 1RQ1 - &#039;t Amerikaantje<\/title>\n<meta name=\"robots\" content=\"index, follow, max-snippet:-1, max-image-preview:large, max-video-preview:-1\" \/>\n<link rel=\"canonical\" href=\"https:\/\/amerikaantje.be\/fr\/produit\/basepro-hv-kettingzaagbroek\/\" \/>\n<meta property=\"og:locale\" content=\"fr_FR\" \/>\n<meta property=\"og:type\" content=\"article\" \/>\n<meta property=\"og:title\" content=\"Basepro HV Kettingzaagbroek 1RQ1\" \/>\n<meta property=\"og:description\" content=\"Bent u op zoek naar een Hi-Vis zaagbeschermende broek zonder toeters, bellen en stretch? De SIP Protection BasePro collectie is helemaal wat u zoekt. De buitenstof is samengesteld uit een normale polyester katoenen stof, perfect geschikt voor tijdelijke of seizoensgebonden bosbouw. Vergis u echter niet. De BasePro-broek, de economisch meest voordelige SIP Protection-broek van ons [...]\" \/>\n<meta property=\"og:url\" content=\"https:\/\/amerikaantje.be\/fr\/produit\/basepro-hv-kettingzaagbroek\/\" \/>\n<meta property=\"og:site_name\" content=\"&#039;t Amerikaantje\" \/>\n<meta property=\"article:publisher\" content=\"https:\/\/www.facebook.com\/t-Amerikaantje-151636621529042\/\" \/>\n<meta property=\"article:modified_time\" content=\"2025-05-06T07:44:48+00:00\" \/>\n<meta property=\"og:image\" content=\"https:\/\/amerikaantje.be\/wp-content\/uploads\/2021\/03\/sioen-1rq1-1.jpg?v=1703260013\" \/>\n\t<meta property=\"og:image:width\" content=\"1200\" \/>\n\t<meta property=\"og:image:height\" content=\"1200\" \/>\n\t<meta property=\"og:image:type\" content=\"image\/jpeg\" \/>\n<meta name=\"twitter:card\" content=\"summary_large_image\" \/>\n<meta name=\"twitter:label1\" content=\"Availability\" \/>\n\t<meta name=\"twitter:data1\" content=\"In stock\" \/>\n<script type=\"application\/ld+json\" class=\"yoast-schema-graph\">{\"@context\":\"https:\\\/\\\/schema.org\",\"@graph\":[{\"@type\":\"WebPage\",\"@id\":\"https:\\\/\\\/amerikaantje.be\\\/product\\\/basepro-hv-kettingzaagbroek\\\/\",\"url\":\"https:\\\/\\\/amerikaantje.be\\\/product\\\/basepro-hv-kettingzaagbroek\\\/\",\"name\":\"Basepro HV Kettingzaagbroek 1RQ1 - &#039;t Amerikaantje\",\"isPartOf\":{\"@id\":\"https:\\\/\\\/amerikaantje.be\\\/#website\"},\"primaryImageOfPage\":{\"@id\":\"https:\\\/\\\/amerikaantje.be\\\/product\\\/basepro-hv-kettingzaagbroek\\\/#primaryimage\"},\"image\":{\"@id\":\"https:\\\/\\\/amerikaantje.be\\\/product\\\/basepro-hv-kettingzaagbroek\\\/#primaryimage\"},\"thumbnailUrl\":\"https:\\\/\\\/amerikaantje.be\\\/wp-content\\\/uploads\\\/2021\\\/03\\\/sioen-1rq1-1.jpg?v=1703260013\",\"datePublished\":\"2021-03-09T16:24:07+00:00\",\"dateModified\":\"2025-05-06T07:44:48+00:00\",\"breadcrumb\":{\"@id\":\"https:\\\/\\\/amerikaantje.be\\\/product\\\/basepro-hv-kettingzaagbroek\\\/#breadcrumb\"},\"inLanguage\":\"fr-BE\",\"potentialAction\":[{\"@type\":\"ReadAction\",\"target\":[\"https:\\\/\\\/amerikaantje.be\\\/product\\\/basepro-hv-kettingzaagbroek\\\/\"]}]},{\"@type\":\"ImageObject\",\"inLanguage\":\"fr-BE\",\"@id\":\"https:\\\/\\\/amerikaantje.be\\\/product\\\/basepro-hv-kettingzaagbroek\\\/#primaryimage\",\"url\":\"https:\\\/\\\/amerikaantje.be\\\/wp-content\\\/uploads\\\/2021\\\/03\\\/sioen-1rq1-1.jpg?v=1703260013\",\"contentUrl\":\"https:\\\/\\\/amerikaantje.be\\\/wp-content\\\/uploads\\\/2021\\\/03\\\/sioen-1rq1-1.jpg?v=1703260013\",\"width\":1200,\"height\":1200},{\"@type\":\"BreadcrumbList\",\"@id\":\"https:\\\/\\\/amerikaantje.be\\\/product\\\/basepro-hv-kettingzaagbroek\\\/#breadcrumb\",\"itemListElement\":[{\"@type\":\"ListItem\",\"position\":1,\"name\":\"Accueil\",\"item\":\"https:\\\/\\\/amerikaantje.be\\\/\"},{\"@type\":\"ListItem\",\"position\":2,\"name\":\"Webshop\",\"item\":\"https:\\\/\\\/amerikaantje.be\\\/alle-producten\\\/\"},{\"@type\":\"ListItem\",\"position\":3,\"name\":\"Basepro HV Kettingzaagbroek 1RQ1\"}]},{\"@type\":\"WebSite\",\"@id\":\"https:\\\/\\\/amerikaantje.be\\\/#website\",\"url\":\"https:\\\/\\\/amerikaantje.be\\\/\",\"name\":\"&#039;t Amerikaantje\",\"description\":\"&#039;s zondags open, supergoe en supergoeiekoop!\",\"publisher\":{\"@id\":\"https:\\\/\\\/amerikaantje.be\\\/#organization\"},\"potentialAction\":[{\"@type\":\"SearchAction\",\"target\":{\"@type\":\"EntryPoint\",\"urlTemplate\":\"https:\\\/\\\/amerikaantje.be\\\/?s={search_term_string}\"},\"query-input\":{\"@type\":\"PropertyValueSpecification\",\"valueRequired\":true,\"valueName\":\"search_term_string\"}}],\"inLanguage\":\"fr-BE\"},{\"@type\":\"Organization\",\"@id\":\"https:\\\/\\\/amerikaantje.be\\\/#organization\",\"name\":\"&#039;t Amerikaantje\",\"url\":\"https:\\\/\\\/amerikaantje.be\\\/\",\"logo\":{\"@type\":\"ImageObject\",\"inLanguage\":\"fr-BE\",\"@id\":\"https:\\\/\\\/amerikaantje.be\\\/#\\\/schema\\\/logo\\\/image\\\/\",\"url\":\"https:\\\/\\\/amerikaantje.be\\\/wp-content\\\/uploads\\\/2023\\\/02\\\/amerikaantje-balk-logo-sterren-transparant.png?v=1703255686\",\"contentUrl\":\"https:\\\/\\\/amerikaantje.be\\\/wp-content\\\/uploads\\\/2023\\\/02\\\/amerikaantje-balk-logo-sterren-transparant.png?v=1703255686\",\"width\":648,\"height\":343,\"caption\":\"&#039;t Amerikaantje\"},\"image\":{\"@id\":\"https:\\\/\\\/amerikaantje.be\\\/#\\\/schema\\\/logo\\\/image\\\/\"},\"sameAs\":[\"https:\\\/\\\/www.facebook.com\\\/t-Amerikaantje-151636621529042\\\/\"]}]}<\/script>\n<meta property=\"og:availability\" content=\"instock\" \/>\n<meta property=\"product:availability\" content=\"instock\" \/>\n<meta property=\"product:retailer_item_id\" content=\"1RQ1\" \/>\n<meta property=\"product:condition\" content=\"new\" \/>\n<!-- \/ Yoast SEO Premium plugin. -->","yoast_head_json":{"title":"Basepro HV Chainsaw Trousers 1RQ1 - &#039;t Americana","robots":{"index":"index","follow":"follow","max-snippet":"max-snippet:-1","max-image-preview":"max-image-preview:large","max-video-preview":"max-video-preview:-1"},"canonical":"https:\/\/amerikaantje.be\/fr\/produit\/basepro-hv-kettingzaagbroek\/","og_locale":"fr_FR","og_type":"article","og_title":"Basepro HV Kettingzaagbroek 1RQ1","og_description":"Bent u op zoek naar een Hi-Vis zaagbeschermende broek zonder toeters, bellen en stretch? De SIP Protection BasePro collectie is helemaal wat u zoekt. De buitenstof is samengesteld uit een normale polyester katoenen stof, perfect geschikt voor tijdelijke of seizoensgebonden bosbouw. Vergis u echter niet. De BasePro-broek, de economisch meest voordelige SIP Protection-broek van ons [...]","og_url":"https:\/\/amerikaantje.be\/fr\/produit\/basepro-hv-kettingzaagbroek\/","og_site_name":"&#039;t Amerikaantje","article_publisher":"https:\/\/www.facebook.com\/t-Amerikaantje-151636621529042\/","article_modified_time":"2025-05-06T07:44:48+00:00","og_image":[{"width":1200,"height":1200,"url":"https:\/\/amerikaantje.be\/wp-content\/uploads\/2021\/03\/sioen-1rq1-1.jpg?v=1703260013","type":"image\/jpeg"}],"twitter_card":"summary_large_image","twitter_misc":{"Availability":"In stock"},"schema":{"@context":"https:\/\/schema.org","@graph":[{"@type":"WebPage","@id":"https:\/\/amerikaantje.be\/product\/basepro-hv-kettingzaagbroek\/","url":"https:\/\/amerikaantje.be\/product\/basepro-hv-kettingzaagbroek\/","name":"Basepro HV Chainsaw Trousers 1RQ1 - &#039;t Americana","isPartOf":{"@id":"https:\/\/amerikaantje.be\/#website"},"primaryImageOfPage":{"@id":"https:\/\/amerikaantje.be\/product\/basepro-hv-kettingzaagbroek\/#primaryimage"},"image":{"@id":"https:\/\/amerikaantje.be\/product\/basepro-hv-kettingzaagbroek\/#primaryimage"},"thumbnailUrl":"https:\/\/amerikaantje.be\/wp-content\/uploads\/2021\/03\/sioen-1rq1-1.jpg?v=1703260013","datePublished":"2021-03-09T16:24:07+00:00","dateModified":"2025-05-06T07:44:48+00:00","breadcrumb":{"@id":"https:\/\/amerikaantje.be\/product\/basepro-hv-kettingzaagbroek\/#breadcrumb"},"inLanguage":"fr-BE","potentialAction":[{"@type":"ReadAction","target":["https:\/\/amerikaantje.be\/product\/basepro-hv-kettingzaagbroek\/"]}]},{"@type":"ImageObject","inLanguage":"fr-BE","@id":"https:\/\/amerikaantje.be\/product\/basepro-hv-kettingzaagbroek\/#primaryimage","url":"https:\/\/amerikaantje.be\/wp-content\/uploads\/2021\/03\/sioen-1rq1-1.jpg?v=1703260013","contentUrl":"https:\/\/amerikaantje.be\/wp-content\/uploads\/2021\/03\/sioen-1rq1-1.jpg?v=1703260013","width":1200,"height":1200},{"@type":"BreadcrumbList","@id":"https:\/\/amerikaantje.be\/product\/basepro-hv-kettingzaagbroek\/#breadcrumb","itemListElement":[{"@type":"ListItem","position":1,"name":"Accueil","item":"https:\/\/amerikaantje.be\/"},{"@type":"ListItem","position":2,"name":"Webshop","item":"https:\/\/amerikaantje.be\/alle-producten\/"},{"@type":"ListItem","position":3,"name":"Basepro HV Kettingzaagbroek 1RQ1"}]},{"@type":"WebSite","@id":"https:\/\/amerikaantje.be\/#website","url":"https:\/\/amerikaantje.be\/","name":"&#039;t Amerikaantje","description":"&#039;ouvert le dimanche, supergoe et super bon march\u00e9 !","publisher":{"@id":"https:\/\/amerikaantje.be\/#organization"},"potentialAction":[{"@type":"SearchAction","target":{"@type":"EntryPoint","urlTemplate":"https:\/\/amerikaantje.be\/?s={search_term_string}"},"query-input":{"@type":"PropertyValueSpecification","valueRequired":true,"valueName":"search_term_string"}}],"inLanguage":"fr-BE"},{"@type":"Organization","@id":"https:\/\/amerikaantje.be\/#organization","name":"&#039;t Amerikaantje","url":"https:\/\/amerikaantje.be\/","logo":{"@type":"ImageObject","inLanguage":"fr-BE","@id":"https:\/\/amerikaantje.be\/#\/schema\/logo\/image\/","url":"https:\/\/amerikaantje.be\/wp-content\/uploads\/2023\/02\/amerikaantje-balk-logo-sterren-transparant.png?v=1703255686","contentUrl":"https:\/\/amerikaantje.be\/wp-content\/uploads\/2023\/02\/amerikaantje-balk-logo-sterren-transparant.png?v=1703255686","width":648,"height":343,"caption":"&#039;t Amerikaantje"},"image":{"@id":"https:\/\/amerikaantje.be\/#\/schema\/logo\/image\/"},"sameAs":["https:\/\/www.facebook.com\/t-Amerikaantje-151636621529042\/"]}]},"og_availability":"instock","product_availability":"instock","product_retailer_item_id":"1RQ1","product_condition":"new"},"df_price":158,"df_sale_price":"","df_regular_price":158,"df_image_link":"https:\/\/amerikaantje.be\/wp-content\/uploads\/2021\/03\/sioen-1rq1-1-500x500.jpg?v=1703260013","_links":{"self":[{"href":"https:\/\/amerikaantje.be\/fr\/wp-json\/wp\/v2\/product\/83597","targetHints":{"allow":["GET"]}}],"collection":[{"href":"https:\/\/amerikaantje.be\/fr\/wp-json\/wp\/v2\/product"}],"about":[{"href":"https:\/\/amerikaantje.be\/fr\/wp-json\/wp\/v2\/types\/product"}],"wp:featuredmedia":[{"embeddable":true,"href":"https:\/\/amerikaantje.be\/fr\/wp-json\/wp\/v2\/media\/83603"}],"wp:attachment":[{"href":"https:\/\/amerikaantje.be\/fr\/wp-json\/wp\/v2\/media?parent=83597"}],"wp:term":[{"taxonomy":"product_brand","embeddable":true,"href":"https:\/\/amerikaantje.be\/fr\/wp-json\/wp\/v2\/product_brand?post=83597"},{"taxonomy":"product_cat","embeddable":true,"href":"https:\/\/amerikaantje.be\/fr\/wp-json\/wp\/v2\/product_cat?post=83597"},{"taxonomy":"product_tag","embeddable":true,"href":"https:\/\/amerikaantje.be\/fr\/wp-json\/wp\/v2\/product_tag?post=83597"}],"curies":[{"name":"wp","href":"https:\/\/api.w.org\/{rel}","templated":true}]}}