{"id":82020,"date":"2021-01-12T15:49:02","date_gmt":"2021-01-12T15:49:02","guid":{"rendered":"https:\/\/amerikaantje.be\/?post_type=product&#038;p=82020"},"modified":"2025-01-16T10:56:51","modified_gmt":"2025-01-16T09:56:51","slug":"tne-pasta-with-vegetarian-bolognese","status":"publish","type":"product","link":"https:\/\/amerikaantje.be\/fr\/produit\/tne-pasta-with-vegetarian-bolognese\/","title":{"rendered":"TnE P\u00e2tes \u00e0 la bolognaise v\u00e9g\u00e9tarienne"},"content":{"rendered":"<h2>P\u00e2tes \u00e0 la bolognaise v\u00e9g\u00e9tarienne<\/h2>\n<p>Les poivrons et les tomates apportent couleur et fra\u00eecheur \u00e0 vos repas. Trek'n Eat a choisi le poivre et l'associe au soja pour cr\u00e9er une sauce savoureuse qui transforme les p\u00e2tes en un plat complet sain et savoureux. Comme tous les plats Trek'n Eat, les p\u00e2tes aux poivrons et au soja sont pr\u00eates en un rien de temps. Ils constituent l'un des exemples les plus savoureux de plats \u00e9quilibr\u00e9s pour les amateurs de plein air \u00e0 la recherche de pr\u00e9parations v\u00e9g\u00e9tariennes.<\/p>\n<p>Dur\u00e9e de conservation : 36 mois<\/p>","protected":false},"excerpt":{"rendered":"<p>Pasta met vegetarische Bolognese Pepers en tomaten brengen kleur en frisheid in uw maaltijden. Trek\u2019n Eat heeft voor de peper gekozen en brengt hem samen met soja tot een smaakvolle saus die de deegwaren omtoveren tot een gezond en smaakvol kompleet gerecht. Zoals alle Trek\u2019n Eat gerechten zijn de deegwaren met pepers en soja klaar [&#8230;]\n","protected":false},"featured_media":82023,"template":"","meta":{"_acf_changed":false},"product_brand":[],"product_cat":[13278,13265,13390,13287,13395],"product_tag":[950],"class_list":{"0":"post-82020","1":"product","2":"type-product","3":"status-publish","4":"has-post-thumbnail","6":"product_cat-eten-en-drinken","7":"product_cat-kamperen","8":"product_cat-survivalmateriaal","9":"product_cat-uitrusting","10":"product_cat-voeding","11":"product_tag-survival","12":"pa_merk-trekn-eat","14":"first","15":"instock","16":"taxable","17":"shipping-taxable","18":"purchasable","19":"product-type-simple"},"acf":[],"yoast_head":"<!-- This site is optimized with the Yoast SEO Premium plugin v27.5 (Yoast SEO v27.5) - https:\/\/yoast.com\/product\/yoast-seo-premium-wordpress\/ -->\n<title>TnE Pasta with vegetarian Bolognese - &#039;t Amerikaantje<\/title>\n<meta name=\"robots\" content=\"index, follow, max-snippet:-1, max-image-preview:large, max-video-preview:-1\" \/>\n<link rel=\"canonical\" href=\"https:\/\/amerikaantje.be\/fr\/produit\/tne-pasta-with-vegetarian-bolognese\/\" \/>\n<meta property=\"og:locale\" content=\"fr_FR\" \/>\n<meta property=\"og:type\" content=\"article\" \/>\n<meta property=\"og:title\" content=\"TnE Pasta with vegetarian Bolognese\" \/>\n<meta property=\"og:description\" content=\"Pasta met vegetarische Bolognese Pepers en tomaten brengen kleur en frisheid in uw maaltijden. Trek\u2019n Eat heeft voor de peper gekozen en brengt hem samen met soja tot een smaakvolle saus die de deegwaren omtoveren tot een gezond en smaakvol kompleet gerecht. Zoals alle Trek\u2019n Eat gerechten zijn de deegwaren met pepers en soja klaar [...]\" \/>\n<meta property=\"og:url\" content=\"https:\/\/amerikaantje.be\/fr\/produit\/tne-pasta-with-vegetarian-bolognese\/\" \/>\n<meta property=\"og:site_name\" content=\"&#039;t Amerikaantje\" \/>\n<meta property=\"article:publisher\" content=\"https:\/\/www.facebook.com\/t-Amerikaantje-151636621529042\/\" \/>\n<meta property=\"article:modified_time\" content=\"2025-01-16T09:56:51+00:00\" \/>\n<meta property=\"og:image\" content=\"https:\/\/amerikaantje.be\/wp-content\/uploads\/2021\/01\/tne-32404026-amerkaantje-1.jpg?v=1703260110\" \/>\n\t<meta property=\"og:image:width\" content=\"1200\" \/>\n\t<meta property=\"og:image:height\" content=\"1200\" \/>\n\t<meta property=\"og:image:type\" content=\"image\/jpeg\" \/>\n<meta name=\"twitter:card\" content=\"summary_large_image\" \/>\n<meta name=\"twitter:label1\" content=\"Price\" \/>\n\t<meta name=\"twitter:data1\" content=\"&euro;&nbsp;8,00\" \/>\n\t<meta name=\"twitter:label2\" content=\"Availability\" \/>\n\t<meta name=\"twitter:data2\" content=\"In stock\" \/>\n<script type=\"application\/ld+json\" class=\"yoast-schema-graph\">{\"@context\":\"https:\\\/\\\/schema.org\",\"@graph\":[{\"@type\":\"WebPage\",\"@id\":\"https:\\\/\\\/amerikaantje.be\\\/product\\\/tne-pasta-with-vegetarian-bolognese\\\/\",\"url\":\"https:\\\/\\\/amerikaantje.be\\\/product\\\/tne-pasta-with-vegetarian-bolognese\\\/\",\"name\":\"TnE Pasta with vegetarian Bolognese - &#039;t Amerikaantje\",\"isPartOf\":{\"@id\":\"https:\\\/\\\/amerikaantje.be\\\/#website\"},\"primaryImageOfPage\":{\"@id\":\"https:\\\/\\\/amerikaantje.be\\\/product\\\/tne-pasta-with-vegetarian-bolognese\\\/#primaryimage\"},\"image\":{\"@id\":\"https:\\\/\\\/amerikaantje.be\\\/product\\\/tne-pasta-with-vegetarian-bolognese\\\/#primaryimage\"},\"thumbnailUrl\":\"https:\\\/\\\/amerikaantje.be\\\/wp-content\\\/uploads\\\/2021\\\/01\\\/tne-32404026-amerkaantje-1.jpg?v=1703260110\",\"datePublished\":\"2021-01-12T15:49:02+00:00\",\"dateModified\":\"2025-01-16T09:56:51+00:00\",\"breadcrumb\":{\"@id\":\"https:\\\/\\\/amerikaantje.be\\\/product\\\/tne-pasta-with-vegetarian-bolognese\\\/#breadcrumb\"},\"inLanguage\":\"fr-BE\",\"potentialAction\":[{\"@type\":\"ReadAction\",\"target\":[\"https:\\\/\\\/amerikaantje.be\\\/product\\\/tne-pasta-with-vegetarian-bolognese\\\/\"]}]},{\"@type\":\"ImageObject\",\"inLanguage\":\"fr-BE\",\"@id\":\"https:\\\/\\\/amerikaantje.be\\\/product\\\/tne-pasta-with-vegetarian-bolognese\\\/#primaryimage\",\"url\":\"https:\\\/\\\/amerikaantje.be\\\/wp-content\\\/uploads\\\/2021\\\/01\\\/tne-32404026-amerkaantje-1.jpg?v=1703260110\",\"contentUrl\":\"https:\\\/\\\/amerikaantje.be\\\/wp-content\\\/uploads\\\/2021\\\/01\\\/tne-32404026-amerkaantje-1.jpg?v=1703260110\",\"width\":1200,\"height\":1200},{\"@type\":\"BreadcrumbList\",\"@id\":\"https:\\\/\\\/amerikaantje.be\\\/product\\\/tne-pasta-with-vegetarian-bolognese\\\/#breadcrumb\",\"itemListElement\":[{\"@type\":\"ListItem\",\"position\":1,\"name\":\"Accueil\",\"item\":\"https:\\\/\\\/amerikaantje.be\\\/\"},{\"@type\":\"ListItem\",\"position\":2,\"name\":\"Webshop\",\"item\":\"https:\\\/\\\/amerikaantje.be\\\/alle-producten\\\/\"},{\"@type\":\"ListItem\",\"position\":3,\"name\":\"TnE Pasta with vegetarian Bolognese\"}]},{\"@type\":\"WebSite\",\"@id\":\"https:\\\/\\\/amerikaantje.be\\\/#website\",\"url\":\"https:\\\/\\\/amerikaantje.be\\\/\",\"name\":\"&#039;t Amerikaantje\",\"description\":\"&#039;s zondags open, supergoe en supergoeiekoop!\",\"publisher\":{\"@id\":\"https:\\\/\\\/amerikaantje.be\\\/#organization\"},\"potentialAction\":[{\"@type\":\"SearchAction\",\"target\":{\"@type\":\"EntryPoint\",\"urlTemplate\":\"https:\\\/\\\/amerikaantje.be\\\/?s={search_term_string}\"},\"query-input\":{\"@type\":\"PropertyValueSpecification\",\"valueRequired\":true,\"valueName\":\"search_term_string\"}}],\"inLanguage\":\"fr-BE\"},{\"@type\":\"Organization\",\"@id\":\"https:\\\/\\\/amerikaantje.be\\\/#organization\",\"name\":\"&#039;t Amerikaantje\",\"url\":\"https:\\\/\\\/amerikaantje.be\\\/\",\"logo\":{\"@type\":\"ImageObject\",\"inLanguage\":\"fr-BE\",\"@id\":\"https:\\\/\\\/amerikaantje.be\\\/#\\\/schema\\\/logo\\\/image\\\/\",\"url\":\"https:\\\/\\\/amerikaantje.be\\\/wp-content\\\/uploads\\\/2023\\\/02\\\/amerikaantje-balk-logo-sterren-transparant.png?v=1703255686\",\"contentUrl\":\"https:\\\/\\\/amerikaantje.be\\\/wp-content\\\/uploads\\\/2023\\\/02\\\/amerikaantje-balk-logo-sterren-transparant.png?v=1703255686\",\"width\":648,\"height\":343,\"caption\":\"&#039;t Amerikaantje\"},\"image\":{\"@id\":\"https:\\\/\\\/amerikaantje.be\\\/#\\\/schema\\\/logo\\\/image\\\/\"},\"sameAs\":[\"https:\\\/\\\/www.facebook.com\\\/t-Amerikaantje-151636621529042\\\/\"]}]}<\/script>\n<meta property=\"product:price:amount\" content=\"8.00\" \/>\n<meta property=\"product:price:currency\" content=\"EUR\" \/>\n<meta property=\"og:availability\" content=\"instock\" \/>\n<meta property=\"product:availability\" content=\"instock\" \/>\n<meta property=\"product:retailer_item_id\" content=\"32404026\" \/>\n<meta property=\"product:condition\" content=\"new\" \/>\n<!-- \/ Yoast SEO Premium plugin. -->","yoast_head_json":{"title":"TnE P\u00e2tes \u00e0 la bolognaise v\u00e9g\u00e9tarienne - &#039;t Amerikaantje","robots":{"index":"index","follow":"follow","max-snippet":"max-snippet:-1","max-image-preview":"max-image-preview:large","max-video-preview":"max-video-preview:-1"},"canonical":"https:\/\/amerikaantje.be\/fr\/produit\/tne-pasta-with-vegetarian-bolognese\/","og_locale":"fr_FR","og_type":"article","og_title":"TnE Pasta with vegetarian Bolognese","og_description":"Pasta met vegetarische Bolognese Pepers en tomaten brengen kleur en frisheid in uw maaltijden. Trek\u2019n Eat heeft voor de peper gekozen en brengt hem samen met soja tot een smaakvolle saus die de deegwaren omtoveren tot een gezond en smaakvol kompleet gerecht. Zoals alle Trek\u2019n Eat gerechten zijn de deegwaren met pepers en soja klaar [...]","og_url":"https:\/\/amerikaantje.be\/fr\/produit\/tne-pasta-with-vegetarian-bolognese\/","og_site_name":"&#039;t Amerikaantje","article_publisher":"https:\/\/www.facebook.com\/t-Amerikaantje-151636621529042\/","article_modified_time":"2025-01-16T09:56:51+00:00","og_image":[{"width":1200,"height":1200,"url":"https:\/\/amerikaantje.be\/wp-content\/uploads\/2021\/01\/tne-32404026-amerkaantje-1.jpg?v=1703260110","type":"image\/jpeg"}],"twitter_card":"summary_large_image","twitter_misc":{"Price":"&euro;&nbsp;8,00","Availability":"In stock"},"schema":{"@context":"https:\/\/schema.org","@graph":[{"@type":"WebPage","@id":"https:\/\/amerikaantje.be\/product\/tne-pasta-with-vegetarian-bolognese\/","url":"https:\/\/amerikaantje.be\/product\/tne-pasta-with-vegetarian-bolognese\/","name":"TnE P\u00e2tes \u00e0 la bolognaise v\u00e9g\u00e9tarienne - &#039;t Amerikaantje","isPartOf":{"@id":"https:\/\/amerikaantje.be\/#website"},"primaryImageOfPage":{"@id":"https:\/\/amerikaantje.be\/product\/tne-pasta-with-vegetarian-bolognese\/#primaryimage"},"image":{"@id":"https:\/\/amerikaantje.be\/product\/tne-pasta-with-vegetarian-bolognese\/#primaryimage"},"thumbnailUrl":"https:\/\/amerikaantje.be\/wp-content\/uploads\/2021\/01\/tne-32404026-amerkaantje-1.jpg?v=1703260110","datePublished":"2021-01-12T15:49:02+00:00","dateModified":"2025-01-16T09:56:51+00:00","breadcrumb":{"@id":"https:\/\/amerikaantje.be\/product\/tne-pasta-with-vegetarian-bolognese\/#breadcrumb"},"inLanguage":"fr-BE","potentialAction":[{"@type":"ReadAction","target":["https:\/\/amerikaantje.be\/product\/tne-pasta-with-vegetarian-bolognese\/"]}]},{"@type":"ImageObject","inLanguage":"fr-BE","@id":"https:\/\/amerikaantje.be\/product\/tne-pasta-with-vegetarian-bolognese\/#primaryimage","url":"https:\/\/amerikaantje.be\/wp-content\/uploads\/2021\/01\/tne-32404026-amerkaantje-1.jpg?v=1703260110","contentUrl":"https:\/\/amerikaantje.be\/wp-content\/uploads\/2021\/01\/tne-32404026-amerkaantje-1.jpg?v=1703260110","width":1200,"height":1200},{"@type":"BreadcrumbList","@id":"https:\/\/amerikaantje.be\/product\/tne-pasta-with-vegetarian-bolognese\/#breadcrumb","itemListElement":[{"@type":"ListItem","position":1,"name":"Accueil","item":"https:\/\/amerikaantje.be\/"},{"@type":"ListItem","position":2,"name":"Webshop","item":"https:\/\/amerikaantje.be\/alle-producten\/"},{"@type":"ListItem","position":3,"name":"TnE Pasta with vegetarian Bolognese"}]},{"@type":"WebSite","@id":"https:\/\/amerikaantje.be\/#website","url":"https:\/\/amerikaantje.be\/","name":"&#039;t Amerikaantje","description":"&#039;ouvert le dimanche, supergoe et super bon march\u00e9 !","publisher":{"@id":"https:\/\/amerikaantje.be\/#organization"},"potentialAction":[{"@type":"SearchAction","target":{"@type":"EntryPoint","urlTemplate":"https:\/\/amerikaantje.be\/?s={search_term_string}"},"query-input":{"@type":"PropertyValueSpecification","valueRequired":true,"valueName":"search_term_string"}}],"inLanguage":"fr-BE"},{"@type":"Organization","@id":"https:\/\/amerikaantje.be\/#organization","name":"&#039;t Amerikaantje","url":"https:\/\/amerikaantje.be\/","logo":{"@type":"ImageObject","inLanguage":"fr-BE","@id":"https:\/\/amerikaantje.be\/#\/schema\/logo\/image\/","url":"https:\/\/amerikaantje.be\/wp-content\/uploads\/2023\/02\/amerikaantje-balk-logo-sterren-transparant.png?v=1703255686","contentUrl":"https:\/\/amerikaantje.be\/wp-content\/uploads\/2023\/02\/amerikaantje-balk-logo-sterren-transparant.png?v=1703255686","width":648,"height":343,"caption":"&#039;t Amerikaantje"},"image":{"@id":"https:\/\/amerikaantje.be\/#\/schema\/logo\/image\/"},"sameAs":["https:\/\/www.facebook.com\/t-Amerikaantje-151636621529042\/"]}]},"product_price_amount":"8.00","product_price_currency":"EUR","og_availability":"instock","product_availability":"instock","product_retailer_item_id":"32404026","product_condition":"new"},"df_price":8,"df_sale_price":"","df_regular_price":8,"df_image_link":"https:\/\/amerikaantje.be\/wp-content\/uploads\/2021\/01\/tne-32404026-amerkaantje-1-500x500.jpg?v=1703260110","_links":{"self":[{"href":"https:\/\/amerikaantje.be\/fr\/wp-json\/wp\/v2\/product\/82020","targetHints":{"allow":["GET"]}}],"collection":[{"href":"https:\/\/amerikaantje.be\/fr\/wp-json\/wp\/v2\/product"}],"about":[{"href":"https:\/\/amerikaantje.be\/fr\/wp-json\/wp\/v2\/types\/product"}],"wp:featuredmedia":[{"embeddable":true,"href":"https:\/\/amerikaantje.be\/fr\/wp-json\/wp\/v2\/media\/82023"}],"wp:attachment":[{"href":"https:\/\/amerikaantje.be\/fr\/wp-json\/wp\/v2\/media?parent=82020"}],"wp:term":[{"taxonomy":"product_brand","embeddable":true,"href":"https:\/\/amerikaantje.be\/fr\/wp-json\/wp\/v2\/product_brand?post=82020"},{"taxonomy":"product_cat","embeddable":true,"href":"https:\/\/amerikaantje.be\/fr\/wp-json\/wp\/v2\/product_cat?post=82020"},{"taxonomy":"product_tag","embeddable":true,"href":"https:\/\/amerikaantje.be\/fr\/wp-json\/wp\/v2\/product_tag?post=82020"}],"curies":[{"name":"wp","href":"https:\/\/api.w.org\/{rel}","templated":true}]}}