{"id":81983,"date":"2021-01-12T15:15:09","date_gmt":"2021-01-12T15:15:09","guid":{"rendered":"https:\/\/amerikaantje.be\/?post_type=product&#038;p=81983"},"modified":"2026-03-06T17:06:09","modified_gmt":"2026-03-06T16:06:09","slug":"tne-scrambled-eggs-with-onions","status":"publish","type":"product","link":"https:\/\/amerikaantje.be\/fr\/produit\/tne-scrambled-eggs-with-onions\/","title":{"rendered":"TnE Oeufs brouill\u00e9s aux oignons"},"content":{"rendered":"<h2>\u0152ufs brouill\u00e9s avec oignons<\/h2>\n<p>Commencez la journ\u00e9e avec une portion de prot\u00e9ines bien m\u00e9rit\u00e9e gr\u00e2ce aux \u0153ufs brouill\u00e9s avec oignon de Trek'n Eat. Pr\u00eats en un tour de main, il suffit de les diluer dans de l'eau et de les cuire pour commencer la journ\u00e9e de la meilleure fa\u00e7on possible. De petits morceaux de tomate, d'oignon et d'herbes r\u00e2p\u00e9es ajoutent une touche gourmande \u00e0 la pr\u00e9paration. Avec les \u0153ufs brouill\u00e9s \u00e0 l'oignon de Trek'n Eat, vous \u00eates assur\u00e9 d'avoir l'\u00e9nergie n\u00e9cessaire pour passer la journ\u00e9e sans encombre.<\/p>\n<p>Dur\u00e9e de conservation : 36 mois<\/p>","protected":false},"excerpt":{"rendered":"<p>Roereieren met uien Begin de dag met een noodzakelijke portie prote\u00efnen dank zij Trek\u2019n Eat\u2018s Roerei met Ajuin. Klaar in een handomdraai volstaat het ze aan te lengen met water en ze te koken om de dag optimaal te beginnen. Kleine stukjes tomaat, ui en snippers kruiden geven een fijnproeverstoets aan de bereiding. Met Trek\u2019n [&#8230;]\n","protected":false},"featured_media":81986,"template":"","meta":{"_acf_changed":false},"product_brand":[],"product_cat":[13278,13265,13390,13287,13395],"product_tag":[1813,950],"class_list":{"0":"post-81983","1":"product","2":"type-product","3":"status-publish","4":"has-post-thumbnail","6":"product_cat-eten-en-drinken","7":"product_cat-kamperen","8":"product_cat-survivalmateriaal","9":"product_cat-uitrusting","10":"product_cat-voeding","11":"product_tag-festival","12":"product_tag-survival","13":"pa_merk-trekn-eat","15":"first","16":"instock","17":"taxable","18":"shipping-taxable","19":"purchasable","20":"product-type-simple"},"acf":[],"yoast_head":"<!-- This site is optimized with the Yoast SEO Premium plugin v27.5 (Yoast SEO v27.5) - https:\/\/yoast.com\/product\/yoast-seo-premium-wordpress\/ -->\n<title>TnE Scrambled Eggs with Onions - &#039;t Amerikaantje<\/title>\n<meta name=\"robots\" content=\"index, follow, max-snippet:-1, max-image-preview:large, max-video-preview:-1\" \/>\n<link rel=\"canonical\" href=\"https:\/\/amerikaantje.be\/fr\/produit\/tne-scrambled-eggs-with-onions\/\" \/>\n<meta property=\"og:locale\" content=\"fr_FR\" \/>\n<meta property=\"og:type\" content=\"article\" \/>\n<meta property=\"og:title\" content=\"TnE Scrambled Eggs with Onions\" \/>\n<meta property=\"og:description\" content=\"Roereieren met uien Begin de dag met een noodzakelijke portie prote\u00efnen dank zij Trek\u2019n Eat\u2018s Roerei met Ajuin. Klaar in een handomdraai volstaat het ze aan te lengen met water en ze te koken om de dag optimaal te beginnen. Kleine stukjes tomaat, ui en snippers kruiden geven een fijnproeverstoets aan de bereiding. Met Trek\u2019n [...]\" \/>\n<meta property=\"og:url\" content=\"https:\/\/amerikaantje.be\/fr\/produit\/tne-scrambled-eggs-with-onions\/\" \/>\n<meta property=\"og:site_name\" content=\"&#039;t Amerikaantje\" \/>\n<meta property=\"article:publisher\" content=\"https:\/\/www.facebook.com\/t-Amerikaantje-151636621529042\/\" \/>\n<meta property=\"article:modified_time\" content=\"2026-03-06T16:06:09+00:00\" \/>\n<meta property=\"og:image\" content=\"https:\/\/amerikaantje.be\/wp-content\/uploads\/2021\/01\/tne-32101020-amerikaantje-1.jpg?v=1703260129\" \/>\n\t<meta property=\"og:image:width\" content=\"1200\" \/>\n\t<meta property=\"og:image:height\" content=\"1200\" \/>\n\t<meta property=\"og:image:type\" content=\"image\/jpeg\" \/>\n<meta name=\"twitter:card\" content=\"summary_large_image\" \/>\n<meta name=\"twitter:label1\" content=\"Price\" \/>\n\t<meta name=\"twitter:data1\" content=\"&euro;&nbsp;8,00\" \/>\n\t<meta name=\"twitter:label2\" content=\"Availability\" \/>\n\t<meta name=\"twitter:data2\" content=\"In stock\" \/>\n<script type=\"application\/ld+json\" class=\"yoast-schema-graph\">{\"@context\":\"https:\\\/\\\/schema.org\",\"@graph\":[{\"@type\":\"WebPage\",\"@id\":\"https:\\\/\\\/amerikaantje.be\\\/product\\\/tne-scrambled-eggs-with-onions\\\/\",\"url\":\"https:\\\/\\\/amerikaantje.be\\\/product\\\/tne-scrambled-eggs-with-onions\\\/\",\"name\":\"TnE Scrambled Eggs with Onions - &#039;t Amerikaantje\",\"isPartOf\":{\"@id\":\"https:\\\/\\\/amerikaantje.be\\\/#website\"},\"primaryImageOfPage\":{\"@id\":\"https:\\\/\\\/amerikaantje.be\\\/product\\\/tne-scrambled-eggs-with-onions\\\/#primaryimage\"},\"image\":{\"@id\":\"https:\\\/\\\/amerikaantje.be\\\/product\\\/tne-scrambled-eggs-with-onions\\\/#primaryimage\"},\"thumbnailUrl\":\"https:\\\/\\\/amerikaantje.be\\\/wp-content\\\/uploads\\\/2021\\\/01\\\/tne-32101020-amerikaantje-1.jpg?v=1703260129\",\"datePublished\":\"2021-01-12T15:15:09+00:00\",\"dateModified\":\"2026-03-06T16:06:09+00:00\",\"breadcrumb\":{\"@id\":\"https:\\\/\\\/amerikaantje.be\\\/product\\\/tne-scrambled-eggs-with-onions\\\/#breadcrumb\"},\"inLanguage\":\"fr-BE\",\"potentialAction\":[{\"@type\":\"ReadAction\",\"target\":[\"https:\\\/\\\/amerikaantje.be\\\/product\\\/tne-scrambled-eggs-with-onions\\\/\"]}]},{\"@type\":\"ImageObject\",\"inLanguage\":\"fr-BE\",\"@id\":\"https:\\\/\\\/amerikaantje.be\\\/product\\\/tne-scrambled-eggs-with-onions\\\/#primaryimage\",\"url\":\"https:\\\/\\\/amerikaantje.be\\\/wp-content\\\/uploads\\\/2021\\\/01\\\/tne-32101020-amerikaantje-1.jpg?v=1703260129\",\"contentUrl\":\"https:\\\/\\\/amerikaantje.be\\\/wp-content\\\/uploads\\\/2021\\\/01\\\/tne-32101020-amerikaantje-1.jpg?v=1703260129\",\"width\":1200,\"height\":1200},{\"@type\":\"BreadcrumbList\",\"@id\":\"https:\\\/\\\/amerikaantje.be\\\/product\\\/tne-scrambled-eggs-with-onions\\\/#breadcrumb\",\"itemListElement\":[{\"@type\":\"ListItem\",\"position\":1,\"name\":\"Accueil\",\"item\":\"https:\\\/\\\/amerikaantje.be\\\/\"},{\"@type\":\"ListItem\",\"position\":2,\"name\":\"Webshop\",\"item\":\"https:\\\/\\\/amerikaantje.be\\\/alle-producten\\\/\"},{\"@type\":\"ListItem\",\"position\":3,\"name\":\"TnE Scrambled Eggs with Onions\"}]},{\"@type\":\"WebSite\",\"@id\":\"https:\\\/\\\/amerikaantje.be\\\/#website\",\"url\":\"https:\\\/\\\/amerikaantje.be\\\/\",\"name\":\"&#039;t Amerikaantje\",\"description\":\"&#039;s zondags open, supergoe en supergoeiekoop!\",\"publisher\":{\"@id\":\"https:\\\/\\\/amerikaantje.be\\\/#organization\"},\"potentialAction\":[{\"@type\":\"SearchAction\",\"target\":{\"@type\":\"EntryPoint\",\"urlTemplate\":\"https:\\\/\\\/amerikaantje.be\\\/?s={search_term_string}\"},\"query-input\":{\"@type\":\"PropertyValueSpecification\",\"valueRequired\":true,\"valueName\":\"search_term_string\"}}],\"inLanguage\":\"fr-BE\"},{\"@type\":\"Organization\",\"@id\":\"https:\\\/\\\/amerikaantje.be\\\/#organization\",\"name\":\"&#039;t Amerikaantje\",\"url\":\"https:\\\/\\\/amerikaantje.be\\\/\",\"logo\":{\"@type\":\"ImageObject\",\"inLanguage\":\"fr-BE\",\"@id\":\"https:\\\/\\\/amerikaantje.be\\\/#\\\/schema\\\/logo\\\/image\\\/\",\"url\":\"https:\\\/\\\/amerikaantje.be\\\/wp-content\\\/uploads\\\/2023\\\/02\\\/amerikaantje-balk-logo-sterren-transparant.png?v=1703255686\",\"contentUrl\":\"https:\\\/\\\/amerikaantje.be\\\/wp-content\\\/uploads\\\/2023\\\/02\\\/amerikaantje-balk-logo-sterren-transparant.png?v=1703255686\",\"width\":648,\"height\":343,\"caption\":\"&#039;t Amerikaantje\"},\"image\":{\"@id\":\"https:\\\/\\\/amerikaantje.be\\\/#\\\/schema\\\/logo\\\/image\\\/\"},\"sameAs\":[\"https:\\\/\\\/www.facebook.com\\\/t-Amerikaantje-151636621529042\\\/\"]}]}<\/script>\n<meta property=\"product:price:amount\" content=\"8.00\" \/>\n<meta property=\"product:price:currency\" content=\"EUR\" \/>\n<meta property=\"og:availability\" content=\"instock\" \/>\n<meta property=\"product:availability\" content=\"instock\" \/>\n<meta property=\"product:retailer_item_id\" content=\"32101020\" \/>\n<meta property=\"product:condition\" content=\"new\" \/>\n<!-- \/ Yoast SEO Premium plugin. -->","yoast_head_json":{"title":"TnE \u0152ufs brouill\u00e9s aux oignons - &#039;t Amerikaantje","robots":{"index":"index","follow":"follow","max-snippet":"max-snippet:-1","max-image-preview":"max-image-preview:large","max-video-preview":"max-video-preview:-1"},"canonical":"https:\/\/amerikaantje.be\/fr\/produit\/tne-scrambled-eggs-with-onions\/","og_locale":"fr_FR","og_type":"article","og_title":"TnE Scrambled Eggs with Onions","og_description":"Roereieren met uien Begin de dag met een noodzakelijke portie prote\u00efnen dank zij Trek\u2019n Eat\u2018s Roerei met Ajuin. Klaar in een handomdraai volstaat het ze aan te lengen met water en ze te koken om de dag optimaal te beginnen. Kleine stukjes tomaat, ui en snippers kruiden geven een fijnproeverstoets aan de bereiding. Met Trek\u2019n [...]","og_url":"https:\/\/amerikaantje.be\/fr\/produit\/tne-scrambled-eggs-with-onions\/","og_site_name":"&#039;t Amerikaantje","article_publisher":"https:\/\/www.facebook.com\/t-Amerikaantje-151636621529042\/","article_modified_time":"2026-03-06T16:06:09+00:00","og_image":[{"width":1200,"height":1200,"url":"https:\/\/amerikaantje.be\/wp-content\/uploads\/2021\/01\/tne-32101020-amerikaantje-1.jpg?v=1703260129","type":"image\/jpeg"}],"twitter_card":"summary_large_image","twitter_misc":{"Price":"&euro;&nbsp;8,00","Availability":"In stock"},"schema":{"@context":"https:\/\/schema.org","@graph":[{"@type":"WebPage","@id":"https:\/\/amerikaantje.be\/product\/tne-scrambled-eggs-with-onions\/","url":"https:\/\/amerikaantje.be\/product\/tne-scrambled-eggs-with-onions\/","name":"TnE \u0152ufs brouill\u00e9s aux oignons - &#039;t Amerikaantje","isPartOf":{"@id":"https:\/\/amerikaantje.be\/#website"},"primaryImageOfPage":{"@id":"https:\/\/amerikaantje.be\/product\/tne-scrambled-eggs-with-onions\/#primaryimage"},"image":{"@id":"https:\/\/amerikaantje.be\/product\/tne-scrambled-eggs-with-onions\/#primaryimage"},"thumbnailUrl":"https:\/\/amerikaantje.be\/wp-content\/uploads\/2021\/01\/tne-32101020-amerikaantje-1.jpg?v=1703260129","datePublished":"2021-01-12T15:15:09+00:00","dateModified":"2026-03-06T16:06:09+00:00","breadcrumb":{"@id":"https:\/\/amerikaantje.be\/product\/tne-scrambled-eggs-with-onions\/#breadcrumb"},"inLanguage":"fr-BE","potentialAction":[{"@type":"ReadAction","target":["https:\/\/amerikaantje.be\/product\/tne-scrambled-eggs-with-onions\/"]}]},{"@type":"ImageObject","inLanguage":"fr-BE","@id":"https:\/\/amerikaantje.be\/product\/tne-scrambled-eggs-with-onions\/#primaryimage","url":"https:\/\/amerikaantje.be\/wp-content\/uploads\/2021\/01\/tne-32101020-amerikaantje-1.jpg?v=1703260129","contentUrl":"https:\/\/amerikaantje.be\/wp-content\/uploads\/2021\/01\/tne-32101020-amerikaantje-1.jpg?v=1703260129","width":1200,"height":1200},{"@type":"BreadcrumbList","@id":"https:\/\/amerikaantje.be\/product\/tne-scrambled-eggs-with-onions\/#breadcrumb","itemListElement":[{"@type":"ListItem","position":1,"name":"Accueil","item":"https:\/\/amerikaantje.be\/"},{"@type":"ListItem","position":2,"name":"Webshop","item":"https:\/\/amerikaantje.be\/alle-producten\/"},{"@type":"ListItem","position":3,"name":"TnE Scrambled Eggs with Onions"}]},{"@type":"WebSite","@id":"https:\/\/amerikaantje.be\/#website","url":"https:\/\/amerikaantje.be\/","name":"&#039;t Amerikaantje","description":"&#039;ouvert le dimanche, supergoe et super bon march\u00e9 !","publisher":{"@id":"https:\/\/amerikaantje.be\/#organization"},"potentialAction":[{"@type":"SearchAction","target":{"@type":"EntryPoint","urlTemplate":"https:\/\/amerikaantje.be\/?s={search_term_string}"},"query-input":{"@type":"PropertyValueSpecification","valueRequired":true,"valueName":"search_term_string"}}],"inLanguage":"fr-BE"},{"@type":"Organization","@id":"https:\/\/amerikaantje.be\/#organization","name":"&#039;t Amerikaantje","url":"https:\/\/amerikaantje.be\/","logo":{"@type":"ImageObject","inLanguage":"fr-BE","@id":"https:\/\/amerikaantje.be\/#\/schema\/logo\/image\/","url":"https:\/\/amerikaantje.be\/wp-content\/uploads\/2023\/02\/amerikaantje-balk-logo-sterren-transparant.png?v=1703255686","contentUrl":"https:\/\/amerikaantje.be\/wp-content\/uploads\/2023\/02\/amerikaantje-balk-logo-sterren-transparant.png?v=1703255686","width":648,"height":343,"caption":"&#039;t Amerikaantje"},"image":{"@id":"https:\/\/amerikaantje.be\/#\/schema\/logo\/image\/"},"sameAs":["https:\/\/www.facebook.com\/t-Amerikaantje-151636621529042\/"]}]},"product_price_amount":"8.00","product_price_currency":"EUR","og_availability":"instock","product_availability":"instock","product_retailer_item_id":"32101020","product_condition":"new"},"df_price":8,"df_sale_price":"","df_regular_price":8,"df_image_link":"https:\/\/amerikaantje.be\/wp-content\/uploads\/2021\/01\/tne-32101020-amerikaantje-1-500x500.jpg?v=1703260129","_links":{"self":[{"href":"https:\/\/amerikaantje.be\/fr\/wp-json\/wp\/v2\/product\/81983","targetHints":{"allow":["GET"]}}],"collection":[{"href":"https:\/\/amerikaantje.be\/fr\/wp-json\/wp\/v2\/product"}],"about":[{"href":"https:\/\/amerikaantje.be\/fr\/wp-json\/wp\/v2\/types\/product"}],"wp:featuredmedia":[{"embeddable":true,"href":"https:\/\/amerikaantje.be\/fr\/wp-json\/wp\/v2\/media\/81986"}],"wp:attachment":[{"href":"https:\/\/amerikaantje.be\/fr\/wp-json\/wp\/v2\/media?parent=81983"}],"wp:term":[{"taxonomy":"product_brand","embeddable":true,"href":"https:\/\/amerikaantje.be\/fr\/wp-json\/wp\/v2\/product_brand?post=81983"},{"taxonomy":"product_cat","embeddable":true,"href":"https:\/\/amerikaantje.be\/fr\/wp-json\/wp\/v2\/product_cat?post=81983"},{"taxonomy":"product_tag","embeddable":true,"href":"https:\/\/amerikaantje.be\/fr\/wp-json\/wp\/v2\/product_tag?post=81983"}],"curies":[{"name":"wp","href":"https:\/\/api.w.org\/{rel}","templated":true}]}}