{"id":7613,"date":"2015-09-24T06:51:05","date_gmt":"2015-09-24T06:51:05","guid":{"rendered":"http:\/\/amerikaantje.be\/alle-producten\/nieuw\/gilet-jacht\/"},"modified":"2024-02-08T12:32:51","modified_gmt":"2024-02-08T12:32:51","slug":"gilet-jacht","status":"publish","type":"product","link":"https:\/\/amerikaantje.be\/fr\/product\/gilet-jacht\/","title":{"rendered":"YACHT GILET"},"content":{"rendered":"<p>Gilet pratique et abordable sp\u00e9cialement con\u00e7u pour les chasseurs.<\/p>\n<p>Ce gilet est fabriqu\u00e9 en polyester Oxford 600D et comporte une doublure en maille qui \u00e9vacue la transpiration. Les \u00e9paulettes sont renforc\u00e9es pour plus de confort.<br \/>\nDeux rang\u00e9es pour les motifs et deux poches \u00e0 rabat profondes et verrouillables \u00e0 l'avant compl\u00e8tent ce gilet de chasse pratique.<\/p>\n<p>&nbsp;<\/p>","protected":false},"excerpt":{"rendered":"<p>Gilet pratique et abordable sp\u00e9cialement con\u00e7u pour les chasseurs. Ce gilet est fabriqu\u00e9 en polyester 600D Oxford et comporte une doublure en maille qui \u00e9vacue la transpiration. Les pattes d'\u00e9paules sont renforc\u00e9es pour plus de confort. Deux rang\u00e9es de motifs et deux poches profondes \u00e0 rabat verrouillables sur le devant compl\u00e8tent ce gilet de chasse pratique. &nbsp;<\/p>","protected":false},"featured_media":20343,"template":"","meta":{"_acf_changed":false},"product_brand":[],"product_cat":[13426,13299],"product_tag":[1821],"class_list":{"0":"post-7613","1":"product","2":"type-product","3":"status-publish","4":"has-post-thumbnail","6":"product_cat-bodywarmers-en-gilets","7":"product_cat-kleding","8":"product_tag-jagers","9":"pa_maat-l","10":"pa_maat-m","11":"pa_maat-xl","12":"pa_maat-xxl","13":"pa_maat-xxxl","15":"first","16":"instock","17":"taxable","18":"shipping-taxable","19":"purchasable","20":"product-type-variable"},"acf":[],"yoast_head":"<!-- This site is optimized with the Yoast SEO Premium plugin v27.6 (Yoast SEO v27.6) - https:\/\/yoast.com\/product\/yoast-seo-premium-wordpress\/ -->\n<title>GILET JACHT - &#039;t Amerikaantje<\/title>\n<meta name=\"robots\" content=\"index, follow, max-snippet:-1, max-image-preview:large, max-video-preview:-1\" \/>\n<link rel=\"canonical\" href=\"https:\/\/amerikaantje.be\/fr\/product\/gilet-jacht\/\" \/>\n<meta property=\"og:locale\" content=\"fr_FR\" \/>\n<meta property=\"og:type\" content=\"article\" \/>\n<meta property=\"og:title\" content=\"GILET JACHT\" \/>\n<meta property=\"og:description\" content=\"Handig en betaalbaar gilet, specifiek voor jagers. Dit gilet is vervaardigd uit 600D Polyester Oxford en voorzien van een transpiratiewerende netvoering. De schouderstukken zijn versterkt met het oog op extra comfort. Twee rijen voor patronen en twee diepe, afsluitbare zakken met klep aan de voorzijde maken dit praktische jachtgilet compleet. &nbsp;\" \/>\n<meta property=\"og:url\" content=\"https:\/\/amerikaantje.be\/fr\/product\/gilet-jacht\/\" \/>\n<meta property=\"og:site_name\" content=\"&#039;t Amerikaantje\" \/>\n<meta property=\"article:publisher\" content=\"https:\/\/www.facebook.com\/t-Amerikaantje-151636621529042\/\" \/>\n<meta property=\"article:modified_time\" content=\"2024-02-08T12:32:51+00:00\" \/>\n<meta property=\"og:image\" content=\"https:\/\/amerikaantje.be\/wp-content\/uploads\/2015\/09\/jacht-gilet.jpg?v=1698366169\" \/>\n\t<meta property=\"og:image:width\" content=\"600\" \/>\n\t<meta property=\"og:image:height\" content=\"600\" \/>\n\t<meta property=\"og:image:type\" content=\"image\/jpeg\" \/>\n<meta name=\"twitter:card\" content=\"summary_large_image\" \/>\n<meta name=\"twitter:label1\" content=\"Availability\" \/>\n\t<meta name=\"twitter:data1\" content=\"In stock\" \/>\n<script type=\"application\/ld+json\" class=\"yoast-schema-graph\">{\"@context\":\"https:\\\/\\\/schema.org\",\"@graph\":[{\"@type\":\"WebPage\",\"@id\":\"https:\\\/\\\/amerikaantje.be\\\/product\\\/gilet-jacht\\\/\",\"url\":\"https:\\\/\\\/amerikaantje.be\\\/product\\\/gilet-jacht\\\/\",\"name\":\"GILET JACHT - &#039;t Amerikaantje\",\"isPartOf\":{\"@id\":\"https:\\\/\\\/amerikaantje.be\\\/#website\"},\"primaryImageOfPage\":{\"@id\":\"https:\\\/\\\/amerikaantje.be\\\/product\\\/gilet-jacht\\\/#primaryimage\"},\"image\":{\"@id\":\"https:\\\/\\\/amerikaantje.be\\\/product\\\/gilet-jacht\\\/#primaryimage\"},\"thumbnailUrl\":\"https:\\\/\\\/amerikaantje.be\\\/wp-content\\\/uploads\\\/2015\\\/09\\\/jacht-gilet.jpg?v=1698366169\",\"datePublished\":\"2015-09-24T06:51:05+00:00\",\"dateModified\":\"2024-02-08T12:32:51+00:00\",\"breadcrumb\":{\"@id\":\"https:\\\/\\\/amerikaantje.be\\\/product\\\/gilet-jacht\\\/#breadcrumb\"},\"inLanguage\":\"fr-BE\",\"potentialAction\":[{\"@type\":\"ReadAction\",\"target\":[\"https:\\\/\\\/amerikaantje.be\\\/product\\\/gilet-jacht\\\/\"]}]},{\"@type\":\"ImageObject\",\"inLanguage\":\"fr-BE\",\"@id\":\"https:\\\/\\\/amerikaantje.be\\\/product\\\/gilet-jacht\\\/#primaryimage\",\"url\":\"https:\\\/\\\/amerikaantje.be\\\/wp-content\\\/uploads\\\/2015\\\/09\\\/jacht-gilet.jpg?v=1698366169\",\"contentUrl\":\"https:\\\/\\\/amerikaantje.be\\\/wp-content\\\/uploads\\\/2015\\\/09\\\/jacht-gilet.jpg?v=1698366169\",\"width\":600,\"height\":600},{\"@type\":\"BreadcrumbList\",\"@id\":\"https:\\\/\\\/amerikaantje.be\\\/product\\\/gilet-jacht\\\/#breadcrumb\",\"itemListElement\":[{\"@type\":\"ListItem\",\"position\":1,\"name\":\"Accueil\",\"item\":\"https:\\\/\\\/amerikaantje.be\\\/\"},{\"@type\":\"ListItem\",\"position\":2,\"name\":\"Webshop\",\"item\":\"https:\\\/\\\/amerikaantje.be\\\/alle-producten\\\/\"},{\"@type\":\"ListItem\",\"position\":3,\"name\":\"GILET JACHT\"}]},{\"@type\":\"WebSite\",\"@id\":\"https:\\\/\\\/amerikaantje.be\\\/#website\",\"url\":\"https:\\\/\\\/amerikaantje.be\\\/\",\"name\":\"&#039;t Amerikaantje\",\"description\":\"&#039;s zondags open, supergoe en supergoeiekoop!\",\"publisher\":{\"@id\":\"https:\\\/\\\/amerikaantje.be\\\/#organization\"},\"potentialAction\":[{\"@type\":\"SearchAction\",\"target\":{\"@type\":\"EntryPoint\",\"urlTemplate\":\"https:\\\/\\\/amerikaantje.be\\\/?s={search_term_string}\"},\"query-input\":{\"@type\":\"PropertyValueSpecification\",\"valueRequired\":true,\"valueName\":\"search_term_string\"}}],\"inLanguage\":\"fr-BE\"},{\"@type\":\"Organization\",\"@id\":\"https:\\\/\\\/amerikaantje.be\\\/#organization\",\"name\":\"&#039;t Amerikaantje\",\"url\":\"https:\\\/\\\/amerikaantje.be\\\/\",\"logo\":{\"@type\":\"ImageObject\",\"inLanguage\":\"fr-BE\",\"@id\":\"https:\\\/\\\/amerikaantje.be\\\/#\\\/schema\\\/logo\\\/image\\\/\",\"url\":\"https:\\\/\\\/amerikaantje.be\\\/wp-content\\\/uploads\\\/2023\\\/02\\\/amerikaantje-balk-logo-sterren-transparant.png?v=1703255686\",\"contentUrl\":\"https:\\\/\\\/amerikaantje.be\\\/wp-content\\\/uploads\\\/2023\\\/02\\\/amerikaantje-balk-logo-sterren-transparant.png?v=1703255686\",\"width\":648,\"height\":343,\"caption\":\"&#039;t Amerikaantje\"},\"image\":{\"@id\":\"https:\\\/\\\/amerikaantje.be\\\/#\\\/schema\\\/logo\\\/image\\\/\"},\"sameAs\":[\"https:\\\/\\\/www.facebook.com\\\/t-Amerikaantje-151636621529042\\\/\"]}]}<\/script>\n<meta property=\"og:availability\" content=\"instock\" \/>\n<meta property=\"product:availability\" content=\"instock\" \/>\n<meta property=\"product:retailer_item_id\" content=\"T608\" \/>\n<meta property=\"product:condition\" content=\"new\" \/>\n<!-- \/ Yoast SEO Premium plugin. -->","yoast_head_json":{"title":"GILET JACHT - &#039;t Amerikaantje","robots":{"index":"index","follow":"follow","max-snippet":"max-snippet:-1","max-image-preview":"max-image-preview:large","max-video-preview":"max-video-preview:-1"},"canonical":"https:\/\/amerikaantje.be\/fr\/product\/gilet-jacht\/","og_locale":"fr_FR","og_type":"article","og_title":"GILET JACHT","og_description":"Handig en betaalbaar gilet, specifiek voor jagers. Dit gilet is vervaardigd uit 600D Polyester Oxford en voorzien van een transpiratiewerende netvoering. De schouderstukken zijn versterkt met het oog op extra comfort. Twee rijen voor patronen en twee diepe, afsluitbare zakken met klep aan de voorzijde maken dit praktische jachtgilet compleet. &nbsp;","og_url":"https:\/\/amerikaantje.be\/fr\/product\/gilet-jacht\/","og_site_name":"&#039;t Amerikaantje","article_publisher":"https:\/\/www.facebook.com\/t-Amerikaantje-151636621529042\/","article_modified_time":"2024-02-08T12:32:51+00:00","og_image":[{"width":600,"height":600,"url":"https:\/\/amerikaantje.be\/wp-content\/uploads\/2015\/09\/jacht-gilet.jpg?v=1698366169","type":"image\/jpeg"}],"twitter_card":"summary_large_image","twitter_misc":{"Availability":"In stock"},"schema":{"@context":"https:\/\/schema.org","@graph":[{"@type":"WebPage","@id":"https:\/\/amerikaantje.be\/product\/gilet-jacht\/","url":"https:\/\/amerikaantje.be\/product\/gilet-jacht\/","name":"GILET JACHT - &#039;t Amerikaantje","isPartOf":{"@id":"https:\/\/amerikaantje.be\/#website"},"primaryImageOfPage":{"@id":"https:\/\/amerikaantje.be\/product\/gilet-jacht\/#primaryimage"},"image":{"@id":"https:\/\/amerikaantje.be\/product\/gilet-jacht\/#primaryimage"},"thumbnailUrl":"https:\/\/amerikaantje.be\/wp-content\/uploads\/2015\/09\/jacht-gilet.jpg?v=1698366169","datePublished":"2015-09-24T06:51:05+00:00","dateModified":"2024-02-08T12:32:51+00:00","breadcrumb":{"@id":"https:\/\/amerikaantje.be\/product\/gilet-jacht\/#breadcrumb"},"inLanguage":"fr-BE","potentialAction":[{"@type":"ReadAction","target":["https:\/\/amerikaantje.be\/product\/gilet-jacht\/"]}]},{"@type":"ImageObject","inLanguage":"fr-BE","@id":"https:\/\/amerikaantje.be\/product\/gilet-jacht\/#primaryimage","url":"https:\/\/amerikaantje.be\/wp-content\/uploads\/2015\/09\/jacht-gilet.jpg?v=1698366169","contentUrl":"https:\/\/amerikaantje.be\/wp-content\/uploads\/2015\/09\/jacht-gilet.jpg?v=1698366169","width":600,"height":600},{"@type":"BreadcrumbList","@id":"https:\/\/amerikaantje.be\/product\/gilet-jacht\/#breadcrumb","itemListElement":[{"@type":"ListItem","position":1,"name":"Accueil","item":"https:\/\/amerikaantje.be\/"},{"@type":"ListItem","position":2,"name":"Webshop","item":"https:\/\/amerikaantje.be\/alle-producten\/"},{"@type":"ListItem","position":3,"name":"GILET JACHT"}]},{"@type":"WebSite","@id":"https:\/\/amerikaantje.be\/#website","url":"https:\/\/amerikaantje.be\/","name":"&#039;t Amerikaantje","description":"&#039;ouvert le dimanche, supergoe et super bon march\u00e9 !","publisher":{"@id":"https:\/\/amerikaantje.be\/#organization"},"potentialAction":[{"@type":"SearchAction","target":{"@type":"EntryPoint","urlTemplate":"https:\/\/amerikaantje.be\/?s={search_term_string}"},"query-input":{"@type":"PropertyValueSpecification","valueRequired":true,"valueName":"search_term_string"}}],"inLanguage":"fr-BE"},{"@type":"Organization","@id":"https:\/\/amerikaantje.be\/#organization","name":"&#039;t Amerikaantje","url":"https:\/\/amerikaantje.be\/","logo":{"@type":"ImageObject","inLanguage":"fr-BE","@id":"https:\/\/amerikaantje.be\/#\/schema\/logo\/image\/","url":"https:\/\/amerikaantje.be\/wp-content\/uploads\/2023\/02\/amerikaantje-balk-logo-sterren-transparant.png?v=1703255686","contentUrl":"https:\/\/amerikaantje.be\/wp-content\/uploads\/2023\/02\/amerikaantje-balk-logo-sterren-transparant.png?v=1703255686","width":648,"height":343,"caption":"&#039;t Amerikaantje"},"image":{"@id":"https:\/\/amerikaantje.be\/#\/schema\/logo\/image\/"},"sameAs":["https:\/\/www.facebook.com\/t-Amerikaantje-151636621529042\/"]}]},"og_availability":"instock","product_availability":"instock","product_retailer_item_id":"T608","product_condition":"new"},"df_price":42,"df_sale_price":"","df_regular_price":42,"df_image_link":"https:\/\/amerikaantje.be\/wp-content\/uploads\/2015\/09\/jacht-gilet-300x300.jpg?v=1698366169","_links":{"self":[{"href":"https:\/\/amerikaantje.be\/fr\/wp-json\/wp\/v2\/product\/7613","targetHints":{"allow":["GET"]}}],"collection":[{"href":"https:\/\/amerikaantje.be\/fr\/wp-json\/wp\/v2\/product"}],"about":[{"href":"https:\/\/amerikaantje.be\/fr\/wp-json\/wp\/v2\/types\/product"}],"wp:featuredmedia":[{"embeddable":true,"href":"https:\/\/amerikaantje.be\/fr\/wp-json\/wp\/v2\/media\/20343"}],"wp:attachment":[{"href":"https:\/\/amerikaantje.be\/fr\/wp-json\/wp\/v2\/media?parent=7613"}],"wp:term":[{"taxonomy":"product_brand","embeddable":true,"href":"https:\/\/amerikaantje.be\/fr\/wp-json\/wp\/v2\/product_brand?post=7613"},{"taxonomy":"product_cat","embeddable":true,"href":"https:\/\/amerikaantje.be\/fr\/wp-json\/wp\/v2\/product_cat?post=7613"},{"taxonomy":"product_tag","embeddable":true,"href":"https:\/\/amerikaantje.be\/fr\/wp-json\/wp\/v2\/product_tag?post=7613"}],"curies":[{"name":"wp","href":"https:\/\/api.w.org\/{rel}","templated":true}]}}