{"id":7261,"date":"2015-08-27T19:09:25","date_gmt":"2015-08-27T19:09:25","guid":{"rendered":"http:\/\/amerikaantje.be\/alle-producten\/geen-categorie\/od-first-aid-kit-small\/"},"modified":"2025-01-28T13:08:40","modified_gmt":"2025-01-28T12:08:40","slug":"od-first-aid-kit-small","status":"publish","type":"product","link":"https:\/\/amerikaantje.be\/fr\/product\/od-first-aid-kit-small\/","title":{"rendered":"Od petite trousse de secours"},"content":{"rendered":"<p>Petite trousse de secours, id\u00e9ale pour les miliciens, le trekking et la survie.<\/p>\n<p>Ce kit est livr\u00e9 dans une mallette de transport compacte \u00e0 fermeture \u00e9clair.<\/p>\n<p><strong>SOMMAIRE<\/strong><\/p>\n<ul>\n<li>\u00a0ciseaux<\/li>\n<li>\u00a0\u00e9pingles de s\u00fbret\u00e9<\/li>\n<li>\u00a05 pansements<\/li>\n<li>\u00a0sparadraps adh\u00e9sifs<\/li>\n<li>\u00a0gaze d'alcool<\/li>\n<li>\u00a0bandage de gaze<\/li>\n<li>\u00a02 compresses de gaze st\u00e9rile<\/li>\n<li>\u00a0tampons de premiers soins st\u00e9riles<\/li>\n<li>\u00a0construction triangulaire (96 x 96 x 135 cm)<\/li>\n<li>\u00a0masque de respiration<\/li>\n<li>\u00a04 lingettes humides antiseptiques<\/li>\n<\/ul>\n<p><strong>FEATURES<\/strong><\/p>\n<ul>\n<li>dimensions : 14 x 9 x 5 cm<\/li>\n<li>poids : 80 g<\/li>\n<li>Couleur : olive drab<\/li>\n<\/ul>","protected":false},"excerpt":{"rendered":"<p>Kleine EHBO-kit, ideaal voor miliciiens, trektochten en survival. Deze kit wordt geleverd in een compact, met een rits afsluitbaar draagtasje. INHOUD \u00a0schaar \u00a0veiligheidsspelden \u00a05 pleisters \u00a0kleefpleisters \u00a0alcoholgaas \u00a0gaasverband \u00a02 steriele gaaskompressen \u00a0steriele eerste hulp pads \u00a0driehoeksverband (96 x 96 x 135 cm) \u00a0ademhalingsmasker \u00a04 antiseptische vochtige doekjes KENMERKEN afmetingen: 14 x 9 x 5 cm [&#8230;]\n","protected":false},"featured_media":52827,"template":"","meta":{"_acf_changed":false},"product_brand":[],"product_cat":[13424,13265,13366,13530,13390,13287,13290],"product_tag":[1828,1814],"class_list":{"0":"post-7261","1":"product","2":"type-product","3":"status-publish","4":"has-post-thumbnail","6":"product_cat-eerste-hulp","7":"product_cat-kamperen","8":"product_cat-legeruitrusting","9":"product_cat-militairen","10":"product_cat-survivalmateriaal","11":"product_cat-uitrusting","12":"product_cat-verzorging","13":"product_tag-ehbo","14":"product_tag-milicien","16":"first","17":"instock","18":"taxable","19":"shipping-taxable","20":"purchasable","21":"product-type-simple"},"acf":[],"yoast_head":"<!-- This site is optimized with the Yoast SEO Premium plugin v27.6 (Yoast SEO v27.6) - https:\/\/yoast.com\/product\/yoast-seo-premium-wordpress\/ -->\n<title>Od kleine eerste hulp kit - &#039;t Amerikaantje<\/title>\n<meta name=\"robots\" content=\"index, follow, max-snippet:-1, max-image-preview:large, max-video-preview:-1\" \/>\n<link rel=\"canonical\" href=\"https:\/\/amerikaantje.be\/fr\/product\/od-first-aid-kit-small\/\" \/>\n<meta property=\"og:locale\" content=\"fr_FR\" \/>\n<meta property=\"og:type\" content=\"article\" \/>\n<meta property=\"og:title\" content=\"Od kleine eerste hulp kit\" \/>\n<meta property=\"og:description\" content=\"Kleine EHBO-kit, ideaal voor miliciiens, trektochten en survival. Deze kit wordt geleverd in een compact, met een rits afsluitbaar draagtasje. INHOUD \u00a0schaar \u00a0veiligheidsspelden \u00a05 pleisters \u00a0kleefpleisters \u00a0alcoholgaas \u00a0gaasverband \u00a02 steriele gaaskompressen \u00a0steriele eerste hulp pads \u00a0driehoeksverband (96 x 96 x 135 cm) \u00a0ademhalingsmasker \u00a04 antiseptische vochtige doekjes KENMERKEN afmetingen: 14 x 9 x 5 cm [...]\" \/>\n<meta property=\"og:url\" content=\"https:\/\/amerikaantje.be\/fr\/product\/od-first-aid-kit-small\/\" \/>\n<meta property=\"og:site_name\" content=\"&#039;t Amerikaantje\" \/>\n<meta property=\"article:publisher\" content=\"https:\/\/www.facebook.com\/t-Amerikaantje-151636621529042\/\" \/>\n<meta property=\"article:modified_time\" content=\"2025-01-28T12:08:40+00:00\" \/>\n<meta property=\"og:image\" content=\"https:\/\/amerikaantje.be\/wp-content\/uploads\/2015\/08\/amerikaantje-webshop-88.jpg?v=1703264616\" \/>\n\t<meta property=\"og:image:width\" content=\"1024\" \/>\n\t<meta property=\"og:image:height\" content=\"1024\" \/>\n\t<meta property=\"og:image:type\" content=\"image\/jpeg\" \/>\n<meta name=\"twitter:card\" content=\"summary_large_image\" \/>\n<meta name=\"twitter:label1\" content=\"Price\" \/>\n\t<meta name=\"twitter:data1\" content=\"&euro;&nbsp;5,80\" \/>\n\t<meta name=\"twitter:label2\" content=\"Availability\" \/>\n\t<meta name=\"twitter:data2\" content=\"In stock\" \/>\n<script type=\"application\/ld+json\" class=\"yoast-schema-graph\">{\"@context\":\"https:\\\/\\\/schema.org\",\"@graph\":[{\"@type\":\"WebPage\",\"@id\":\"https:\\\/\\\/amerikaantje.be\\\/product\\\/od-first-aid-kit-small\\\/\",\"url\":\"https:\\\/\\\/amerikaantje.be\\\/product\\\/od-first-aid-kit-small\\\/\",\"name\":\"Od kleine eerste hulp kit - &#039;t Amerikaantje\",\"isPartOf\":{\"@id\":\"https:\\\/\\\/amerikaantje.be\\\/#website\"},\"primaryImageOfPage\":{\"@id\":\"https:\\\/\\\/amerikaantje.be\\\/product\\\/od-first-aid-kit-small\\\/#primaryimage\"},\"image\":{\"@id\":\"https:\\\/\\\/amerikaantje.be\\\/product\\\/od-first-aid-kit-small\\\/#primaryimage\"},\"thumbnailUrl\":\"https:\\\/\\\/amerikaantje.be\\\/wp-content\\\/uploads\\\/2015\\\/08\\\/amerikaantje-webshop-88.jpg?v=1703264616\",\"datePublished\":\"2015-08-27T19:09:25+00:00\",\"dateModified\":\"2025-01-28T12:08:40+00:00\",\"breadcrumb\":{\"@id\":\"https:\\\/\\\/amerikaantje.be\\\/product\\\/od-first-aid-kit-small\\\/#breadcrumb\"},\"inLanguage\":\"fr-BE\",\"potentialAction\":[{\"@type\":\"ReadAction\",\"target\":[\"https:\\\/\\\/amerikaantje.be\\\/product\\\/od-first-aid-kit-small\\\/\"]}]},{\"@type\":\"ImageObject\",\"inLanguage\":\"fr-BE\",\"@id\":\"https:\\\/\\\/amerikaantje.be\\\/product\\\/od-first-aid-kit-small\\\/#primaryimage\",\"url\":\"https:\\\/\\\/amerikaantje.be\\\/wp-content\\\/uploads\\\/2015\\\/08\\\/amerikaantje-webshop-88.jpg?v=1703264616\",\"contentUrl\":\"https:\\\/\\\/amerikaantje.be\\\/wp-content\\\/uploads\\\/2015\\\/08\\\/amerikaantje-webshop-88.jpg?v=1703264616\",\"width\":1024,\"height\":1024},{\"@type\":\"BreadcrumbList\",\"@id\":\"https:\\\/\\\/amerikaantje.be\\\/product\\\/od-first-aid-kit-small\\\/#breadcrumb\",\"itemListElement\":[{\"@type\":\"ListItem\",\"position\":1,\"name\":\"Accueil\",\"item\":\"https:\\\/\\\/amerikaantje.be\\\/\"},{\"@type\":\"ListItem\",\"position\":2,\"name\":\"Webshop\",\"item\":\"https:\\\/\\\/amerikaantje.be\\\/alle-producten\\\/\"},{\"@type\":\"ListItem\",\"position\":3,\"name\":\"Od kleine eerste hulp kit\"}]},{\"@type\":\"WebSite\",\"@id\":\"https:\\\/\\\/amerikaantje.be\\\/#website\",\"url\":\"https:\\\/\\\/amerikaantje.be\\\/\",\"name\":\"&#039;t Amerikaantje\",\"description\":\"&#039;s zondags open, supergoe en supergoeiekoop!\",\"publisher\":{\"@id\":\"https:\\\/\\\/amerikaantje.be\\\/#organization\"},\"potentialAction\":[{\"@type\":\"SearchAction\",\"target\":{\"@type\":\"EntryPoint\",\"urlTemplate\":\"https:\\\/\\\/amerikaantje.be\\\/?s={search_term_string}\"},\"query-input\":{\"@type\":\"PropertyValueSpecification\",\"valueRequired\":true,\"valueName\":\"search_term_string\"}}],\"inLanguage\":\"fr-BE\"},{\"@type\":\"Organization\",\"@id\":\"https:\\\/\\\/amerikaantje.be\\\/#organization\",\"name\":\"&#039;t Amerikaantje\",\"url\":\"https:\\\/\\\/amerikaantje.be\\\/\",\"logo\":{\"@type\":\"ImageObject\",\"inLanguage\":\"fr-BE\",\"@id\":\"https:\\\/\\\/amerikaantje.be\\\/#\\\/schema\\\/logo\\\/image\\\/\",\"url\":\"https:\\\/\\\/amerikaantje.be\\\/wp-content\\\/uploads\\\/2023\\\/02\\\/amerikaantje-balk-logo-sterren-transparant.png?v=1703255686\",\"contentUrl\":\"https:\\\/\\\/amerikaantje.be\\\/wp-content\\\/uploads\\\/2023\\\/02\\\/amerikaantje-balk-logo-sterren-transparant.png?v=1703255686\",\"width\":648,\"height\":343,\"caption\":\"&#039;t Amerikaantje\"},\"image\":{\"@id\":\"https:\\\/\\\/amerikaantje.be\\\/#\\\/schema\\\/logo\\\/image\\\/\"},\"sameAs\":[\"https:\\\/\\\/www.facebook.com\\\/t-Amerikaantje-151636621529042\\\/\"]}]}<\/script>\n<meta property=\"product:price:amount\" content=\"5.80\" \/>\n<meta property=\"product:price:currency\" content=\"EUR\" \/>\n<meta property=\"og:availability\" content=\"instock\" \/>\n<meta property=\"product:availability\" content=\"instock\" \/>\n<meta property=\"product:retailer_item_id\" content=\"16026001\" \/>\n<meta property=\"product:condition\" content=\"new\" \/>\n<!-- \/ Yoast SEO Premium plugin. -->","yoast_head_json":{"title":"Petite trousse de secours Od - &#039;t Amerikaantje","robots":{"index":"index","follow":"follow","max-snippet":"max-snippet:-1","max-image-preview":"max-image-preview:large","max-video-preview":"max-video-preview:-1"},"canonical":"https:\/\/amerikaantje.be\/fr\/product\/od-first-aid-kit-small\/","og_locale":"fr_FR","og_type":"article","og_title":"Od kleine eerste hulp kit","og_description":"Kleine EHBO-kit, ideaal voor miliciiens, trektochten en survival. Deze kit wordt geleverd in een compact, met een rits afsluitbaar draagtasje. INHOUD \u00a0schaar \u00a0veiligheidsspelden \u00a05 pleisters \u00a0kleefpleisters \u00a0alcoholgaas \u00a0gaasverband \u00a02 steriele gaaskompressen \u00a0steriele eerste hulp pads \u00a0driehoeksverband (96 x 96 x 135 cm) \u00a0ademhalingsmasker \u00a04 antiseptische vochtige doekjes KENMERKEN afmetingen: 14 x 9 x 5 cm [...]","og_url":"https:\/\/amerikaantje.be\/fr\/product\/od-first-aid-kit-small\/","og_site_name":"&#039;t Amerikaantje","article_publisher":"https:\/\/www.facebook.com\/t-Amerikaantje-151636621529042\/","article_modified_time":"2025-01-28T12:08:40+00:00","og_image":[{"width":1024,"height":1024,"url":"https:\/\/amerikaantje.be\/wp-content\/uploads\/2015\/08\/amerikaantje-webshop-88.jpg?v=1703264616","type":"image\/jpeg"}],"twitter_card":"summary_large_image","twitter_misc":{"Price":"&euro;&nbsp;5,80","Availability":"In stock"},"schema":{"@context":"https:\/\/schema.org","@graph":[{"@type":"WebPage","@id":"https:\/\/amerikaantje.be\/product\/od-first-aid-kit-small\/","url":"https:\/\/amerikaantje.be\/product\/od-first-aid-kit-small\/","name":"Petite trousse de secours Od - &#039;t Amerikaantje","isPartOf":{"@id":"https:\/\/amerikaantje.be\/#website"},"primaryImageOfPage":{"@id":"https:\/\/amerikaantje.be\/product\/od-first-aid-kit-small\/#primaryimage"},"image":{"@id":"https:\/\/amerikaantje.be\/product\/od-first-aid-kit-small\/#primaryimage"},"thumbnailUrl":"https:\/\/amerikaantje.be\/wp-content\/uploads\/2015\/08\/amerikaantje-webshop-88.jpg?v=1703264616","datePublished":"2015-08-27T19:09:25+00:00","dateModified":"2025-01-28T12:08:40+00:00","breadcrumb":{"@id":"https:\/\/amerikaantje.be\/product\/od-first-aid-kit-small\/#breadcrumb"},"inLanguage":"fr-BE","potentialAction":[{"@type":"ReadAction","target":["https:\/\/amerikaantje.be\/product\/od-first-aid-kit-small\/"]}]},{"@type":"ImageObject","inLanguage":"fr-BE","@id":"https:\/\/amerikaantje.be\/product\/od-first-aid-kit-small\/#primaryimage","url":"https:\/\/amerikaantje.be\/wp-content\/uploads\/2015\/08\/amerikaantje-webshop-88.jpg?v=1703264616","contentUrl":"https:\/\/amerikaantje.be\/wp-content\/uploads\/2015\/08\/amerikaantje-webshop-88.jpg?v=1703264616","width":1024,"height":1024},{"@type":"BreadcrumbList","@id":"https:\/\/amerikaantje.be\/product\/od-first-aid-kit-small\/#breadcrumb","itemListElement":[{"@type":"ListItem","position":1,"name":"Accueil","item":"https:\/\/amerikaantje.be\/"},{"@type":"ListItem","position":2,"name":"Webshop","item":"https:\/\/amerikaantje.be\/alle-producten\/"},{"@type":"ListItem","position":3,"name":"Od kleine eerste hulp kit"}]},{"@type":"WebSite","@id":"https:\/\/amerikaantje.be\/#website","url":"https:\/\/amerikaantje.be\/","name":"&#039;t Amerikaantje","description":"&#039;ouvert le dimanche, supergoe et super bon march\u00e9 !","publisher":{"@id":"https:\/\/amerikaantje.be\/#organization"},"potentialAction":[{"@type":"SearchAction","target":{"@type":"EntryPoint","urlTemplate":"https:\/\/amerikaantje.be\/?s={search_term_string}"},"query-input":{"@type":"PropertyValueSpecification","valueRequired":true,"valueName":"search_term_string"}}],"inLanguage":"fr-BE"},{"@type":"Organization","@id":"https:\/\/amerikaantje.be\/#organization","name":"&#039;t Amerikaantje","url":"https:\/\/amerikaantje.be\/","logo":{"@type":"ImageObject","inLanguage":"fr-BE","@id":"https:\/\/amerikaantje.be\/#\/schema\/logo\/image\/","url":"https:\/\/amerikaantje.be\/wp-content\/uploads\/2023\/02\/amerikaantje-balk-logo-sterren-transparant.png?v=1703255686","contentUrl":"https:\/\/amerikaantje.be\/wp-content\/uploads\/2023\/02\/amerikaantje-balk-logo-sterren-transparant.png?v=1703255686","width":648,"height":343,"caption":"&#039;t Amerikaantje"},"image":{"@id":"https:\/\/amerikaantje.be\/#\/schema\/logo\/image\/"},"sameAs":["https:\/\/www.facebook.com\/t-Amerikaantje-151636621529042\/"]}]},"product_price_amount":"5.80","product_price_currency":"EUR","og_availability":"instock","product_availability":"instock","product_retailer_item_id":"16026001","product_condition":"new"},"df_price":5.8,"df_sale_price":"","df_regular_price":5.8,"df_image_link":"https:\/\/amerikaantje.be\/wp-content\/uploads\/2015\/08\/amerikaantje-webshop-88-300x300.jpg?v=1703264616","_links":{"self":[{"href":"https:\/\/amerikaantje.be\/fr\/wp-json\/wp\/v2\/product\/7261","targetHints":{"allow":["GET"]}}],"collection":[{"href":"https:\/\/amerikaantje.be\/fr\/wp-json\/wp\/v2\/product"}],"about":[{"href":"https:\/\/amerikaantje.be\/fr\/wp-json\/wp\/v2\/types\/product"}],"wp:featuredmedia":[{"embeddable":true,"href":"https:\/\/amerikaantje.be\/fr\/wp-json\/wp\/v2\/media\/52827"}],"wp:attachment":[{"href":"https:\/\/amerikaantje.be\/fr\/wp-json\/wp\/v2\/media?parent=7261"}],"wp:term":[{"taxonomy":"product_brand","embeddable":true,"href":"https:\/\/amerikaantje.be\/fr\/wp-json\/wp\/v2\/product_brand?post=7261"},{"taxonomy":"product_cat","embeddable":true,"href":"https:\/\/amerikaantje.be\/fr\/wp-json\/wp\/v2\/product_cat?post=7261"},{"taxonomy":"product_tag","embeddable":true,"href":"https:\/\/amerikaantje.be\/fr\/wp-json\/wp\/v2\/product_tag?post=7261"}],"curies":[{"name":"wp","href":"https:\/\/api.w.org\/{rel}","templated":true}]}}