{"id":67645,"date":"2019-10-14T15:06:32","date_gmt":"2019-10-14T15:06:32","guid":{"rendered":"https:\/\/amerikaantje.be\/product\/molle-riemzakje-klein-zwart\/"},"modified":"2025-07-04T14:54:36","modified_gmt":"2025-07-04T12:54:36","slug":"molle-riemzakje-klein-zwart","status":"publish","type":"product","link":"https:\/\/amerikaantje.be\/fr\/product\/molle-riemzakje-klein-zwart\/","title":{"rendered":"Pochette de ceinture molle petite noire"},"content":{"rendered":"<p>Tissu ext\u00e9rieur : 100% Polyester (Oxford)<br \/>\nRev\u00eatu de chlorure de polyvinyle<br \/>\nDoublure : 100% Polyester<br \/>\nDimensions : 17 x 5 x 12 cm<br \/>\n- Syst\u00e8me de boucle Molle \u00e0 l'avant<br \/>\n- Bandes de fixation velcro sur le devant pour fixer les patchs<br \/>\n- Fermeture \u00e9clair \u00e0 double sens<br \/>\n- oeil de vidange<br \/>\n- syst\u00e8me d'attache avec Molle et boutons-pression<\/p>\n<p>&nbsp;<\/p>\n<p><em>Pochette de ceinture molle noire, petite<\/em><\/p>","protected":false},"excerpt":{"rendered":"<p>Ext\u00e9rieur : 100% Polyester (Oxford) enduit de chlorure de polyvinyle Doublure : 100% Polyester Dimensions : 17 x 5 x 12 cm - Syst\u00e8me de boucles Molle sur le devant - Bandes de fixation Velcro sur le devant pour fixer des patchs - Fermeture \u00e9clair \u00e0 double sens - Oeillet de drainage - Syst\u00e8me d'attache avec Molle et boutons-pression Pochette de ceinture Molle noire Small<\/p>","protected":false},"featured_media":67646,"template":"","meta":{"_acf_changed":false},"product_brand":[],"product_cat":[13341,13379],"product_tag":[],"class_list":{"0":"post-67645","1":"product","2":"type-product","3":"status-publish","4":"has-post-thumbnail","6":"product_cat-bagage","7":"product_cat-gordeltassen","9":"first","10":"instock","11":"taxable","12":"shipping-taxable","13":"purchasable","14":"product-type-simple"},"acf":[],"yoast_head":"<!-- This site is optimized with the Yoast SEO Premium plugin v27.6 (Yoast SEO v27.6) - https:\/\/yoast.com\/product\/yoast-seo-premium-wordpress\/ -->\n<title>Molle Riemzakje klein zwart - &#039;t Amerikaantje<\/title>\n<meta name=\"robots\" content=\"index, follow, max-snippet:-1, max-image-preview:large, max-video-preview:-1\" \/>\n<link rel=\"canonical\" href=\"https:\/\/amerikaantje.be\/fr\/product\/molle-riemzakje-klein-zwart\/\" \/>\n<meta property=\"og:locale\" content=\"fr_FR\" \/>\n<meta property=\"og:type\" content=\"article\" \/>\n<meta property=\"og:title\" content=\"Molle Riemzakje klein zwart\" \/>\n<meta property=\"og:description\" content=\"Buitenzijde: 100% Polyester (Oxford) Polyvinylchloride gecoat Voering: 100% Polyester Afmetingen: 17 x 5 x 12 cm &#8211; Molle-loop-systeem aan de voorzijde &#8211; klittenbandsluitstroken aan de voorzijde voor het fixeren van de patches &#8211; 2-weg-rits &#8211; afvoeroogje &#8211; bevestigingssysteem met Molle en drukknopen &nbsp; Black Molle Belt Pouch Small\" \/>\n<meta property=\"og:url\" content=\"https:\/\/amerikaantje.be\/fr\/product\/molle-riemzakje-klein-zwart\/\" \/>\n<meta property=\"og:site_name\" content=\"&#039;t Amerikaantje\" \/>\n<meta property=\"article:publisher\" content=\"https:\/\/www.facebook.com\/t-Amerikaantje-151636621529042\/\" \/>\n<meta property=\"article:modified_time\" content=\"2025-07-04T12:54:36+00:00\" \/>\n<meta property=\"og:image\" content=\"https:\/\/amerikaantje.be\/wp-content\/uploads\/2019\/10\/13487002.jpg?v=1703261775\" \/>\n\t<meta property=\"og:image:width\" content=\"799\" \/>\n\t<meta property=\"og:image:height\" content=\"999\" \/>\n\t<meta property=\"og:image:type\" content=\"image\/jpeg\" \/>\n<meta name=\"twitter:card\" content=\"summary_large_image\" \/>\n<meta name=\"twitter:label1\" content=\"Price\" \/>\n\t<meta name=\"twitter:data1\" content=\"&euro;&nbsp;9,00\" \/>\n\t<meta name=\"twitter:label2\" content=\"Availability\" \/>\n\t<meta name=\"twitter:data2\" content=\"In stock\" \/>\n<script type=\"application\/ld+json\" class=\"yoast-schema-graph\">{\"@context\":\"https:\\\/\\\/schema.org\",\"@graph\":[{\"@type\":\"WebPage\",\"@id\":\"https:\\\/\\\/amerikaantje.be\\\/product\\\/molle-riemzakje-klein-zwart\\\/\",\"url\":\"https:\\\/\\\/amerikaantje.be\\\/product\\\/molle-riemzakje-klein-zwart\\\/\",\"name\":\"Molle Riemzakje klein zwart - &#039;t Amerikaantje\",\"isPartOf\":{\"@id\":\"https:\\\/\\\/amerikaantje.be\\\/#website\"},\"primaryImageOfPage\":{\"@id\":\"https:\\\/\\\/amerikaantje.be\\\/product\\\/molle-riemzakje-klein-zwart\\\/#primaryimage\"},\"image\":{\"@id\":\"https:\\\/\\\/amerikaantje.be\\\/product\\\/molle-riemzakje-klein-zwart\\\/#primaryimage\"},\"thumbnailUrl\":\"https:\\\/\\\/amerikaantje.be\\\/wp-content\\\/uploads\\\/2019\\\/10\\\/13487002.jpg?v=1703261775\",\"datePublished\":\"2019-10-14T15:06:32+00:00\",\"dateModified\":\"2025-07-04T12:54:36+00:00\",\"breadcrumb\":{\"@id\":\"https:\\\/\\\/amerikaantje.be\\\/product\\\/molle-riemzakje-klein-zwart\\\/#breadcrumb\"},\"inLanguage\":\"fr-BE\",\"potentialAction\":[{\"@type\":\"ReadAction\",\"target\":[\"https:\\\/\\\/amerikaantje.be\\\/product\\\/molle-riemzakje-klein-zwart\\\/\"]}]},{\"@type\":\"ImageObject\",\"inLanguage\":\"fr-BE\",\"@id\":\"https:\\\/\\\/amerikaantje.be\\\/product\\\/molle-riemzakje-klein-zwart\\\/#primaryimage\",\"url\":\"https:\\\/\\\/amerikaantje.be\\\/wp-content\\\/uploads\\\/2019\\\/10\\\/13487002.jpg?v=1703261775\",\"contentUrl\":\"https:\\\/\\\/amerikaantje.be\\\/wp-content\\\/uploads\\\/2019\\\/10\\\/13487002.jpg?v=1703261775\",\"width\":799,\"height\":999},{\"@type\":\"BreadcrumbList\",\"@id\":\"https:\\\/\\\/amerikaantje.be\\\/product\\\/molle-riemzakje-klein-zwart\\\/#breadcrumb\",\"itemListElement\":[{\"@type\":\"ListItem\",\"position\":1,\"name\":\"Accueil\",\"item\":\"https:\\\/\\\/amerikaantje.be\\\/\"},{\"@type\":\"ListItem\",\"position\":2,\"name\":\"Webshop\",\"item\":\"https:\\\/\\\/amerikaantje.be\\\/alle-producten\\\/\"},{\"@type\":\"ListItem\",\"position\":3,\"name\":\"Molle Riemzakje klein zwart\"}]},{\"@type\":\"WebSite\",\"@id\":\"https:\\\/\\\/amerikaantje.be\\\/#website\",\"url\":\"https:\\\/\\\/amerikaantje.be\\\/\",\"name\":\"&#039;t Amerikaantje\",\"description\":\"&#039;s zondags open, supergoe en supergoeiekoop!\",\"publisher\":{\"@id\":\"https:\\\/\\\/amerikaantje.be\\\/#organization\"},\"potentialAction\":[{\"@type\":\"SearchAction\",\"target\":{\"@type\":\"EntryPoint\",\"urlTemplate\":\"https:\\\/\\\/amerikaantje.be\\\/?s={search_term_string}\"},\"query-input\":{\"@type\":\"PropertyValueSpecification\",\"valueRequired\":true,\"valueName\":\"search_term_string\"}}],\"inLanguage\":\"fr-BE\"},{\"@type\":\"Organization\",\"@id\":\"https:\\\/\\\/amerikaantje.be\\\/#organization\",\"name\":\"&#039;t Amerikaantje\",\"url\":\"https:\\\/\\\/amerikaantje.be\\\/\",\"logo\":{\"@type\":\"ImageObject\",\"inLanguage\":\"fr-BE\",\"@id\":\"https:\\\/\\\/amerikaantje.be\\\/#\\\/schema\\\/logo\\\/image\\\/\",\"url\":\"https:\\\/\\\/amerikaantje.be\\\/wp-content\\\/uploads\\\/2023\\\/02\\\/amerikaantje-balk-logo-sterren-transparant.png?v=1703255686\",\"contentUrl\":\"https:\\\/\\\/amerikaantje.be\\\/wp-content\\\/uploads\\\/2023\\\/02\\\/amerikaantje-balk-logo-sterren-transparant.png?v=1703255686\",\"width\":648,\"height\":343,\"caption\":\"&#039;t Amerikaantje\"},\"image\":{\"@id\":\"https:\\\/\\\/amerikaantje.be\\\/#\\\/schema\\\/logo\\\/image\\\/\"},\"sameAs\":[\"https:\\\/\\\/www.facebook.com\\\/t-Amerikaantje-151636621529042\\\/\"]}]}<\/script>\n<meta property=\"product:price:amount\" content=\"9.00\" \/>\n<meta property=\"product:price:currency\" content=\"EUR\" \/>\n<meta property=\"og:availability\" content=\"instock\" \/>\n<meta property=\"product:availability\" content=\"instock\" \/>\n<meta property=\"product:retailer_item_id\" content=\"13487002\" \/>\n<meta property=\"product:condition\" content=\"new\" \/>\n<!-- \/ Yoast SEO Premium plugin. -->","yoast_head_json":{"title":"Pochette de ceinture Molle petite noire - &#039;t Americana","robots":{"index":"index","follow":"follow","max-snippet":"max-snippet:-1","max-image-preview":"max-image-preview:large","max-video-preview":"max-video-preview:-1"},"canonical":"https:\/\/amerikaantje.be\/fr\/product\/molle-riemzakje-klein-zwart\/","og_locale":"fr_FR","og_type":"article","og_title":"Molle Riemzakje klein zwart","og_description":"Buitenzijde: 100% Polyester (Oxford) Polyvinylchloride gecoat Voering: 100% Polyester Afmetingen: 17 x 5 x 12 cm &#8211; Molle-loop-systeem aan de voorzijde &#8211; klittenbandsluitstroken aan de voorzijde voor het fixeren van de patches &#8211; 2-weg-rits &#8211; afvoeroogje &#8211; bevestigingssysteem met Molle en drukknopen &nbsp; Black Molle Belt Pouch Small","og_url":"https:\/\/amerikaantje.be\/fr\/product\/molle-riemzakje-klein-zwart\/","og_site_name":"&#039;t Amerikaantje","article_publisher":"https:\/\/www.facebook.com\/t-Amerikaantje-151636621529042\/","article_modified_time":"2025-07-04T12:54:36+00:00","og_image":[{"width":799,"height":999,"url":"https:\/\/amerikaantje.be\/wp-content\/uploads\/2019\/10\/13487002.jpg?v=1703261775","type":"image\/jpeg"}],"twitter_card":"summary_large_image","twitter_misc":{"Price":"&euro;&nbsp;9,00","Availability":"In stock"},"schema":{"@context":"https:\/\/schema.org","@graph":[{"@type":"WebPage","@id":"https:\/\/amerikaantje.be\/product\/molle-riemzakje-klein-zwart\/","url":"https:\/\/amerikaantje.be\/product\/molle-riemzakje-klein-zwart\/","name":"Pochette de ceinture Molle petite noire - &#039;t Americana","isPartOf":{"@id":"https:\/\/amerikaantje.be\/#website"},"primaryImageOfPage":{"@id":"https:\/\/amerikaantje.be\/product\/molle-riemzakje-klein-zwart\/#primaryimage"},"image":{"@id":"https:\/\/amerikaantje.be\/product\/molle-riemzakje-klein-zwart\/#primaryimage"},"thumbnailUrl":"https:\/\/amerikaantje.be\/wp-content\/uploads\/2019\/10\/13487002.jpg?v=1703261775","datePublished":"2019-10-14T15:06:32+00:00","dateModified":"2025-07-04T12:54:36+00:00","breadcrumb":{"@id":"https:\/\/amerikaantje.be\/product\/molle-riemzakje-klein-zwart\/#breadcrumb"},"inLanguage":"fr-BE","potentialAction":[{"@type":"ReadAction","target":["https:\/\/amerikaantje.be\/product\/molle-riemzakje-klein-zwart\/"]}]},{"@type":"ImageObject","inLanguage":"fr-BE","@id":"https:\/\/amerikaantje.be\/product\/molle-riemzakje-klein-zwart\/#primaryimage","url":"https:\/\/amerikaantje.be\/wp-content\/uploads\/2019\/10\/13487002.jpg?v=1703261775","contentUrl":"https:\/\/amerikaantje.be\/wp-content\/uploads\/2019\/10\/13487002.jpg?v=1703261775","width":799,"height":999},{"@type":"BreadcrumbList","@id":"https:\/\/amerikaantje.be\/product\/molle-riemzakje-klein-zwart\/#breadcrumb","itemListElement":[{"@type":"ListItem","position":1,"name":"Accueil","item":"https:\/\/amerikaantje.be\/"},{"@type":"ListItem","position":2,"name":"Webshop","item":"https:\/\/amerikaantje.be\/alle-producten\/"},{"@type":"ListItem","position":3,"name":"Molle Riemzakje klein zwart"}]},{"@type":"WebSite","@id":"https:\/\/amerikaantje.be\/#website","url":"https:\/\/amerikaantje.be\/","name":"&#039;t Amerikaantje","description":"&#039;ouvert le dimanche, supergoe et super bon march\u00e9 !","publisher":{"@id":"https:\/\/amerikaantje.be\/#organization"},"potentialAction":[{"@type":"SearchAction","target":{"@type":"EntryPoint","urlTemplate":"https:\/\/amerikaantje.be\/?s={search_term_string}"},"query-input":{"@type":"PropertyValueSpecification","valueRequired":true,"valueName":"search_term_string"}}],"inLanguage":"fr-BE"},{"@type":"Organization","@id":"https:\/\/amerikaantje.be\/#organization","name":"&#039;t Amerikaantje","url":"https:\/\/amerikaantje.be\/","logo":{"@type":"ImageObject","inLanguage":"fr-BE","@id":"https:\/\/amerikaantje.be\/#\/schema\/logo\/image\/","url":"https:\/\/amerikaantje.be\/wp-content\/uploads\/2023\/02\/amerikaantje-balk-logo-sterren-transparant.png?v=1703255686","contentUrl":"https:\/\/amerikaantje.be\/wp-content\/uploads\/2023\/02\/amerikaantje-balk-logo-sterren-transparant.png?v=1703255686","width":648,"height":343,"caption":"&#039;t Amerikaantje"},"image":{"@id":"https:\/\/amerikaantje.be\/#\/schema\/logo\/image\/"},"sameAs":["https:\/\/www.facebook.com\/t-Amerikaantje-151636621529042\/"]}]},"product_price_amount":"9.00","product_price_currency":"EUR","og_availability":"instock","product_availability":"instock","product_retailer_item_id":"13487002","product_condition":"new"},"df_price":9,"df_sale_price":"","df_regular_price":9,"df_image_link":"https:\/\/amerikaantje.be\/wp-content\/uploads\/2019\/10\/13487002-400x500.jpg?v=1703261775","_links":{"self":[{"href":"https:\/\/amerikaantje.be\/fr\/wp-json\/wp\/v2\/product\/67645","targetHints":{"allow":["GET"]}}],"collection":[{"href":"https:\/\/amerikaantje.be\/fr\/wp-json\/wp\/v2\/product"}],"about":[{"href":"https:\/\/amerikaantje.be\/fr\/wp-json\/wp\/v2\/types\/product"}],"wp:featuredmedia":[{"embeddable":true,"href":"https:\/\/amerikaantje.be\/fr\/wp-json\/wp\/v2\/media\/67646"}],"wp:attachment":[{"href":"https:\/\/amerikaantje.be\/fr\/wp-json\/wp\/v2\/media?parent=67645"}],"wp:term":[{"taxonomy":"product_brand","embeddable":true,"href":"https:\/\/amerikaantje.be\/fr\/wp-json\/wp\/v2\/product_brand?post=67645"},{"taxonomy":"product_cat","embeddable":true,"href":"https:\/\/amerikaantje.be\/fr\/wp-json\/wp\/v2\/product_cat?post=67645"},{"taxonomy":"product_tag","embeddable":true,"href":"https:\/\/amerikaantje.be\/fr\/wp-json\/wp\/v2\/product_tag?post=67645"}],"curies":[{"name":"wp","href":"https:\/\/api.w.org\/{rel}","templated":true}]}}