{"id":67121,"date":"2019-09-30T12:06:45","date_gmt":"2019-09-30T12:06:45","guid":{"rendered":"https:\/\/amerikaantje.be\/?post_type=product&#038;p=67121"},"modified":"2023-10-10T14:47:45","modified_gmt":"2023-10-10T14:47:45","slug":"mechanix-m-pact-3-black","status":"publish","type":"product","link":"https:\/\/amerikaantje.be\/fr\/product\/mechanix-m-pact-3-black\/","title":{"rendered":"Mechanix M-Pact 3 Noir"},"content":{"rendered":"<p>Le puissant M-Pact\u00ae 3 prot\u00e8ge les militaires et les forces de l'ordre avec une protection compl\u00e8te des mains sur le terrain.<\/p>\n<p>Un prot\u00e8ge-jointures dense en caoutchouc thermoplastique d'une seule pi\u00e8ce est con\u00e7u de mani\u00e8re anatomique pour absorber les impacts puissants sur le dos de la main et am\u00e9liorer la mobilit\u00e9 globale pendant les op\u00e9rations de charge dure.<\/p>\n<p>Les gants tactiques M-Pact 3 sont dot\u00e9s d'un renfort interne au bout des doigts pour une r\u00e9sistance extr\u00eame \u00e0 l'abrasion et d'un motif gaufr\u00e9 pour une adh\u00e9rence suppl\u00e9mentaire l\u00e0 o\u00f9 vous en avez le plus besoin.<\/p>","protected":false},"excerpt":{"rendered":"<p>De machtige M-Pact\u00ae 3 beschermt militairen en wetshandhavers met volledige bescherming van de handen op het terrein. Een dichte thermoplastische rubberen knokkelbescherming uit \u00e9\u00e9n stuk is anatomisch ontworpen om een krachtige impact op de rug van de hand te absorberen en de algehele mobiliteit te verbeteren tijdens hard-chargerende operaties. M-Pact 3 tactische handschoenen zijn voorzien [&#8230;]\n","protected":false},"featured_media":67151,"template":"","meta":{"_acf_changed":false},"product_brand":[],"product_cat":[13302,13299,13514],"product_tag":[942],"class_list":{"0":"post-67121","1":"product","2":"type-product","3":"status-publish","4":"has-post-thumbnail","6":"product_cat-handschoenen","7":"product_cat-kleding","8":"product_cat-tactical-gaming","9":"product_tag-airsoft","10":"pa_maat-l","11":"pa_maat-m","12":"pa_maat-s","13":"pa_maat-xl","14":"pa_maat-xxl","16":"first","17":"instock","18":"taxable","19":"shipping-taxable","20":"purchasable","21":"product-type-variable"},"acf":[],"yoast_head":"<!-- This site is optimized with the Yoast SEO Premium plugin v27.6 (Yoast SEO v27.6) - https:\/\/yoast.com\/product\/yoast-seo-premium-wordpress\/ -->\n<title>Mechanix M-Pact 3 Black - &#039;t Amerikaantje<\/title>\n<meta name=\"robots\" content=\"index, follow, max-snippet:-1, max-image-preview:large, max-video-preview:-1\" \/>\n<link rel=\"canonical\" href=\"https:\/\/amerikaantje.be\/fr\/product\/mechanix-m-pact-3-black\/\" \/>\n<meta property=\"og:locale\" content=\"fr_FR\" \/>\n<meta property=\"og:type\" content=\"article\" \/>\n<meta property=\"og:title\" content=\"Mechanix M-Pact 3 Black\" \/>\n<meta property=\"og:description\" content=\"De machtige M-Pact\u00ae 3 beschermt militairen en wetshandhavers met volledige bescherming van de handen op het terrein. Een dichte thermoplastische rubberen knokkelbescherming uit \u00e9\u00e9n stuk is anatomisch ontworpen om een krachtige impact op de rug van de hand te absorberen en de algehele mobiliteit te verbeteren tijdens hard-chargerende operaties. M-Pact 3 tactische handschoenen zijn voorzien [...]\" \/>\n<meta property=\"og:url\" content=\"https:\/\/amerikaantje.be\/fr\/product\/mechanix-m-pact-3-black\/\" \/>\n<meta property=\"og:site_name\" content=\"&#039;t Amerikaantje\" \/>\n<meta property=\"article:publisher\" content=\"https:\/\/www.facebook.com\/t-Amerikaantje-151636621529042\/\" \/>\n<meta property=\"article:modified_time\" content=\"2023-10-10T14:47:45+00:00\" \/>\n<meta property=\"og:image\" content=\"https:\/\/amerikaantje.be\/wp-content\/uploads\/2019\/09\/mechanix-m-pact-3-black-amerikaantje-1.jpg\" \/>\n\t<meta property=\"og:image:width\" content=\"1200\" \/>\n\t<meta property=\"og:image:height\" content=\"1200\" \/>\n\t<meta property=\"og:image:type\" content=\"image\/jpeg\" \/>\n<meta name=\"twitter:card\" content=\"summary_large_image\" \/>\n<meta name=\"twitter:label1\" content=\"Availability\" \/>\n\t<meta name=\"twitter:data1\" content=\"In stock\" \/>\n<script type=\"application\/ld+json\" class=\"yoast-schema-graph\">{\"@context\":\"https:\\\/\\\/schema.org\",\"@graph\":[{\"@type\":\"WebPage\",\"@id\":\"https:\\\/\\\/amerikaantje.be\\\/product\\\/mechanix-m-pact-3-black\\\/\",\"url\":\"https:\\\/\\\/amerikaantje.be\\\/product\\\/mechanix-m-pact-3-black\\\/\",\"name\":\"Mechanix M-Pact 3 Black - &#039;t Amerikaantje\",\"isPartOf\":{\"@id\":\"https:\\\/\\\/amerikaantje.be\\\/#website\"},\"primaryImageOfPage\":{\"@id\":\"https:\\\/\\\/amerikaantje.be\\\/product\\\/mechanix-m-pact-3-black\\\/#primaryimage\"},\"image\":{\"@id\":\"https:\\\/\\\/amerikaantje.be\\\/product\\\/mechanix-m-pact-3-black\\\/#primaryimage\"},\"thumbnailUrl\":\"https:\\\/\\\/amerikaantje.be\\\/wp-content\\\/uploads\\\/2019\\\/09\\\/mechanix-m-pact-3-black-amerikaantje-1.jpg?v=1703261866\",\"datePublished\":\"2019-09-30T12:06:45+00:00\",\"dateModified\":\"2023-10-10T14:47:45+00:00\",\"breadcrumb\":{\"@id\":\"https:\\\/\\\/amerikaantje.be\\\/product\\\/mechanix-m-pact-3-black\\\/#breadcrumb\"},\"inLanguage\":\"fr-BE\",\"potentialAction\":[{\"@type\":\"ReadAction\",\"target\":[\"https:\\\/\\\/amerikaantje.be\\\/product\\\/mechanix-m-pact-3-black\\\/\"]}]},{\"@type\":\"ImageObject\",\"inLanguage\":\"fr-BE\",\"@id\":\"https:\\\/\\\/amerikaantje.be\\\/product\\\/mechanix-m-pact-3-black\\\/#primaryimage\",\"url\":\"https:\\\/\\\/amerikaantje.be\\\/wp-content\\\/uploads\\\/2019\\\/09\\\/mechanix-m-pact-3-black-amerikaantje-1.jpg?v=1703261866\",\"contentUrl\":\"https:\\\/\\\/amerikaantje.be\\\/wp-content\\\/uploads\\\/2019\\\/09\\\/mechanix-m-pact-3-black-amerikaantje-1.jpg?v=1703261866\",\"width\":1200,\"height\":1200},{\"@type\":\"BreadcrumbList\",\"@id\":\"https:\\\/\\\/amerikaantje.be\\\/product\\\/mechanix-m-pact-3-black\\\/#breadcrumb\",\"itemListElement\":[{\"@type\":\"ListItem\",\"position\":1,\"name\":\"Accueil\",\"item\":\"https:\\\/\\\/amerikaantje.be\\\/\"},{\"@type\":\"ListItem\",\"position\":2,\"name\":\"Webshop\",\"item\":\"https:\\\/\\\/amerikaantje.be\\\/alle-producten\\\/\"},{\"@type\":\"ListItem\",\"position\":3,\"name\":\"Mechanix M-Pact 3 Black\"}]},{\"@type\":\"WebSite\",\"@id\":\"https:\\\/\\\/amerikaantje.be\\\/#website\",\"url\":\"https:\\\/\\\/amerikaantje.be\\\/\",\"name\":\"&#039;t Amerikaantje\",\"description\":\"&#039;s zondags open, supergoe en supergoeiekoop!\",\"publisher\":{\"@id\":\"https:\\\/\\\/amerikaantje.be\\\/#organization\"},\"potentialAction\":[{\"@type\":\"SearchAction\",\"target\":{\"@type\":\"EntryPoint\",\"urlTemplate\":\"https:\\\/\\\/amerikaantje.be\\\/?s={search_term_string}\"},\"query-input\":{\"@type\":\"PropertyValueSpecification\",\"valueRequired\":true,\"valueName\":\"search_term_string\"}}],\"inLanguage\":\"fr-BE\"},{\"@type\":\"Organization\",\"@id\":\"https:\\\/\\\/amerikaantje.be\\\/#organization\",\"name\":\"&#039;t Amerikaantje\",\"url\":\"https:\\\/\\\/amerikaantje.be\\\/\",\"logo\":{\"@type\":\"ImageObject\",\"inLanguage\":\"fr-BE\",\"@id\":\"https:\\\/\\\/amerikaantje.be\\\/#\\\/schema\\\/logo\\\/image\\\/\",\"url\":\"https:\\\/\\\/amerikaantje.be\\\/wp-content\\\/uploads\\\/2023\\\/02\\\/amerikaantje-balk-logo-sterren-transparant.png?v=1703255686\",\"contentUrl\":\"https:\\\/\\\/amerikaantje.be\\\/wp-content\\\/uploads\\\/2023\\\/02\\\/amerikaantje-balk-logo-sterren-transparant.png?v=1703255686\",\"width\":648,\"height\":343,\"caption\":\"&#039;t Amerikaantje\"},\"image\":{\"@id\":\"https:\\\/\\\/amerikaantje.be\\\/#\\\/schema\\\/logo\\\/image\\\/\"},\"sameAs\":[\"https:\\\/\\\/www.facebook.com\\\/t-Amerikaantje-151636621529042\\\/\"]}]}<\/script>\n<meta property=\"og:availability\" content=\"instock\" \/>\n<meta property=\"product:availability\" content=\"instock\" \/>\n<meta property=\"product:retailer_item_id\" content=\"SOCA830109\" \/>\n<meta property=\"product:condition\" content=\"new\" \/>\n<!-- \/ Yoast SEO Premium plugin. -->","yoast_head_json":{"title":"Mechanix M-Pact 3 Black - &#039;t Amerikaantje","robots":{"index":"index","follow":"follow","max-snippet":"max-snippet:-1","max-image-preview":"max-image-preview:large","max-video-preview":"max-video-preview:-1"},"canonical":"https:\/\/amerikaantje.be\/fr\/product\/mechanix-m-pact-3-black\/","og_locale":"fr_FR","og_type":"article","og_title":"Mechanix M-Pact 3 Black","og_description":"De machtige M-Pact\u00ae 3 beschermt militairen en wetshandhavers met volledige bescherming van de handen op het terrein. Een dichte thermoplastische rubberen knokkelbescherming uit \u00e9\u00e9n stuk is anatomisch ontworpen om een krachtige impact op de rug van de hand te absorberen en de algehele mobiliteit te verbeteren tijdens hard-chargerende operaties. M-Pact 3 tactische handschoenen zijn voorzien [...]","og_url":"https:\/\/amerikaantje.be\/fr\/product\/mechanix-m-pact-3-black\/","og_site_name":"&#039;t Amerikaantje","article_publisher":"https:\/\/www.facebook.com\/t-Amerikaantje-151636621529042\/","article_modified_time":"2023-10-10T14:47:45+00:00","og_image":[{"width":1200,"height":1200,"url":"https:\/\/amerikaantje.be\/wp-content\/uploads\/2019\/09\/mechanix-m-pact-3-black-amerikaantje-1.jpg","type":"image\/jpeg"}],"twitter_card":"summary_large_image","twitter_misc":{"Availability":"In stock"},"schema":{"@context":"https:\/\/schema.org","@graph":[{"@type":"WebPage","@id":"https:\/\/amerikaantje.be\/product\/mechanix-m-pact-3-black\/","url":"https:\/\/amerikaantje.be\/product\/mechanix-m-pact-3-black\/","name":"Mechanix M-Pact 3 Black - &#039;t Amerikaantje","isPartOf":{"@id":"https:\/\/amerikaantje.be\/#website"},"primaryImageOfPage":{"@id":"https:\/\/amerikaantje.be\/product\/mechanix-m-pact-3-black\/#primaryimage"},"image":{"@id":"https:\/\/amerikaantje.be\/product\/mechanix-m-pact-3-black\/#primaryimage"},"thumbnailUrl":"https:\/\/amerikaantje.be\/wp-content\/uploads\/2019\/09\/mechanix-m-pact-3-black-amerikaantje-1.jpg?v=1703261866","datePublished":"2019-09-30T12:06:45+00:00","dateModified":"2023-10-10T14:47:45+00:00","breadcrumb":{"@id":"https:\/\/amerikaantje.be\/product\/mechanix-m-pact-3-black\/#breadcrumb"},"inLanguage":"fr-BE","potentialAction":[{"@type":"ReadAction","target":["https:\/\/amerikaantje.be\/product\/mechanix-m-pact-3-black\/"]}]},{"@type":"ImageObject","inLanguage":"fr-BE","@id":"https:\/\/amerikaantje.be\/product\/mechanix-m-pact-3-black\/#primaryimage","url":"https:\/\/amerikaantje.be\/wp-content\/uploads\/2019\/09\/mechanix-m-pact-3-black-amerikaantje-1.jpg?v=1703261866","contentUrl":"https:\/\/amerikaantje.be\/wp-content\/uploads\/2019\/09\/mechanix-m-pact-3-black-amerikaantje-1.jpg?v=1703261866","width":1200,"height":1200},{"@type":"BreadcrumbList","@id":"https:\/\/amerikaantje.be\/product\/mechanix-m-pact-3-black\/#breadcrumb","itemListElement":[{"@type":"ListItem","position":1,"name":"Accueil","item":"https:\/\/amerikaantje.be\/"},{"@type":"ListItem","position":2,"name":"Webshop","item":"https:\/\/amerikaantje.be\/alle-producten\/"},{"@type":"ListItem","position":3,"name":"Mechanix M-Pact 3 Black"}]},{"@type":"WebSite","@id":"https:\/\/amerikaantje.be\/#website","url":"https:\/\/amerikaantje.be\/","name":"&#039;t Amerikaantje","description":"&#039;ouvert le dimanche, supergoe et super bon march\u00e9 !","publisher":{"@id":"https:\/\/amerikaantje.be\/#organization"},"potentialAction":[{"@type":"SearchAction","target":{"@type":"EntryPoint","urlTemplate":"https:\/\/amerikaantje.be\/?s={search_term_string}"},"query-input":{"@type":"PropertyValueSpecification","valueRequired":true,"valueName":"search_term_string"}}],"inLanguage":"fr-BE"},{"@type":"Organization","@id":"https:\/\/amerikaantje.be\/#organization","name":"&#039;t Amerikaantje","url":"https:\/\/amerikaantje.be\/","logo":{"@type":"ImageObject","inLanguage":"fr-BE","@id":"https:\/\/amerikaantje.be\/#\/schema\/logo\/image\/","url":"https:\/\/amerikaantje.be\/wp-content\/uploads\/2023\/02\/amerikaantje-balk-logo-sterren-transparant.png?v=1703255686","contentUrl":"https:\/\/amerikaantje.be\/wp-content\/uploads\/2023\/02\/amerikaantje-balk-logo-sterren-transparant.png?v=1703255686","width":648,"height":343,"caption":"&#039;t Amerikaantje"},"image":{"@id":"https:\/\/amerikaantje.be\/#\/schema\/logo\/image\/"},"sameAs":["https:\/\/www.facebook.com\/t-Amerikaantje-151636621529042\/"]}]},"og_availability":"instock","product_availability":"instock","product_retailer_item_id":"SOCA830109","product_condition":"new"},"df_price":55.5,"df_sale_price":"","df_regular_price":55.5,"df_image_link":"https:\/\/amerikaantje.be\/wp-content\/uploads\/2019\/09\/mechanix-m-pact-3-black-amerikaantje-1-500x500.jpg?v=1703261866","_links":{"self":[{"href":"https:\/\/amerikaantje.be\/fr\/wp-json\/wp\/v2\/product\/67121","targetHints":{"allow":["GET"]}}],"collection":[{"href":"https:\/\/amerikaantje.be\/fr\/wp-json\/wp\/v2\/product"}],"about":[{"href":"https:\/\/amerikaantje.be\/fr\/wp-json\/wp\/v2\/types\/product"}],"wp:featuredmedia":[{"embeddable":true,"href":"https:\/\/amerikaantje.be\/fr\/wp-json\/wp\/v2\/media\/67151"}],"wp:attachment":[{"href":"https:\/\/amerikaantje.be\/fr\/wp-json\/wp\/v2\/media?parent=67121"}],"wp:term":[{"taxonomy":"product_brand","embeddable":true,"href":"https:\/\/amerikaantje.be\/fr\/wp-json\/wp\/v2\/product_brand?post=67121"},{"taxonomy":"product_cat","embeddable":true,"href":"https:\/\/amerikaantje.be\/fr\/wp-json\/wp\/v2\/product_cat?post=67121"},{"taxonomy":"product_tag","embeddable":true,"href":"https:\/\/amerikaantje.be\/fr\/wp-json\/wp\/v2\/product_tag?post=67121"}],"curies":[{"name":"wp","href":"https:\/\/api.w.org\/{rel}","templated":true}]}}