{"id":61010,"date":"2019-02-03T12:32:46","date_gmt":"2019-02-03T12:32:46","guid":{"rendered":"https:\/\/amerikaantje.be\/?post_type=product&#038;p=61010"},"modified":"2023-12-21T10:23:31","modified_gmt":"2023-12-21T10:23:31","slug":"scheermes-magnum-fleet-street-razor","status":"publish","type":"product","link":"https:\/\/amerikaantje.be\/fr\/product\/scheermes-magnum-fleet-street-razor\/","title":{"rendered":"Rasoir Magnum Fleet Street"},"content":{"rendered":"<p>Couteau pliant extraordinaire et robuste. La forme et la finition rappellent celles d'un rasoir classique, mais ce mod\u00e8le est plus stable.<\/p>\n<p>Le couteau et le manche sont fabriqu\u00e9s en acier inoxydable 440 et pr\u00e9sentent des d\u00e9corations attrayantes. Le couteau n'a pas de m\u00e9canisme de verrouillage.<\/p>\n<p>Caract\u00e9ristiques :<\/p>\n<ul>\n<li>Type : Couteau de poche<\/li>\n<li>Longueur totale : 26,5 cm<\/li>\n<li>Longueur de la lame : 12,3 cm<\/li>\n<li>\u00c9paisseur de la lame : 4,5 mm<\/li>\n<li>Poids : 172 g<\/li>\n<li>Mat\u00e9riau de la lame : 440A<\/li>\n<li>Mat\u00e9riau du manche : Acier<\/li>\n<li>Ouvreur : Aucun<\/li>\n<li>Ouverture : manuelle<\/li>\n<li>Type de serrure : plieuse \u00e0 friction<\/li>\n<li>Couleur : Argent<\/li>\n<li>Couleur de la lame : Non rev\u00eatue<\/li>\n<\/ul>","protected":false},"excerpt":{"rendered":"<p>Buitengewoon en robuust vouwmes. Vorm en afwerking doen denken aan een klassiek scheermes, maar dit model is stabieler. Mes en handvat zijn gemaakt van 440 roestvrij staal en hebben aantrekkelijke versieringen. Het mes heeft geen vastzetmechanisme. Kenmerken: Type: Zakmes Totale lengte: 26,5 cm Lengte van het blad: 12,3 cm Bladdikte: 4,5 mm Gewicht: 172 g [&#8230;]\n","protected":false},"featured_media":75166,"template":"","meta":{"_acf_changed":false},"product_brand":[],"product_cat":[13358,13433,13287],"product_tag":[],"class_list":{"0":"post-61010","1":"product","2":"type-product","3":"status-publish","4":"has-post-thumbnail","6":"product_cat-messen","7":"product_cat-specials","8":"product_cat-uitrusting","10":"first","11":"instock","12":"taxable","13":"shipping-taxable","14":"purchasable","15":"product-type-simple"},"acf":[],"yoast_head":"<!-- This site is optimized with the Yoast SEO Premium plugin v27.6 (Yoast SEO v27.6) - https:\/\/yoast.com\/product\/yoast-seo-premium-wordpress\/ -->\n<title>Magnum Fleet Street Razor - &#039;t Amerikaantje<\/title>\n<meta name=\"robots\" content=\"index, follow, max-snippet:-1, max-image-preview:large, max-video-preview:-1\" \/>\n<link rel=\"canonical\" href=\"https:\/\/amerikaantje.be\/fr\/product\/scheermes-magnum-fleet-street-razor\/\" \/>\n<meta property=\"og:locale\" content=\"fr_FR\" \/>\n<meta property=\"og:type\" content=\"article\" \/>\n<meta property=\"og:title\" content=\"Magnum Fleet Street Razor\" \/>\n<meta property=\"og:description\" content=\"Buitengewoon en robuust vouwmes. Vorm en afwerking doen denken aan een klassiek scheermes, maar dit model is stabieler. Mes en handvat zijn gemaakt van 440 roestvrij staal en hebben aantrekkelijke versieringen. Het mes heeft geen vastzetmechanisme. Kenmerken: Type: Zakmes Totale lengte: 26,5 cm Lengte van het blad: 12,3 cm Bladdikte: 4,5 mm Gewicht: 172 g [...]\" \/>\n<meta property=\"og:url\" content=\"https:\/\/amerikaantje.be\/fr\/product\/scheermes-magnum-fleet-street-razor\/\" \/>\n<meta property=\"og:site_name\" content=\"&#039;t Amerikaantje\" \/>\n<meta property=\"article:publisher\" content=\"https:\/\/www.facebook.com\/t-Amerikaantje-151636621529042\/\" \/>\n<meta property=\"article:modified_time\" content=\"2023-12-21T10:23:31+00:00\" \/>\n<meta property=\"og:image\" content=\"https:\/\/amerikaantje.be\/wp-content\/uploads\/2019\/02\/01LG242-1.jpg?v=1698352051\" \/>\n\t<meta property=\"og:image:width\" content=\"1200\" \/>\n\t<meta property=\"og:image:height\" content=\"1200\" \/>\n\t<meta property=\"og:image:type\" content=\"image\/jpeg\" \/>\n<meta name=\"twitter:card\" content=\"summary_large_image\" \/>\n<meta name=\"twitter:label1\" content=\"Price\" \/>\n\t<meta name=\"twitter:data1\" content=\"&euro;&nbsp;28,00\" \/>\n\t<meta name=\"twitter:label2\" content=\"Availability\" \/>\n\t<meta name=\"twitter:data2\" content=\"In stock\" \/>\n<script type=\"application\/ld+json\" class=\"yoast-schema-graph\">{\"@context\":\"https:\\\/\\\/schema.org\",\"@graph\":[{\"@type\":\"WebPage\",\"@id\":\"https:\\\/\\\/amerikaantje.be\\\/product\\\/scheermes-magnum-fleet-street-razor\\\/\",\"url\":\"https:\\\/\\\/amerikaantje.be\\\/product\\\/scheermes-magnum-fleet-street-razor\\\/\",\"name\":\"Magnum Fleet Street Razor - &#039;t Amerikaantje\",\"isPartOf\":{\"@id\":\"https:\\\/\\\/amerikaantje.be\\\/#website\"},\"primaryImageOfPage\":{\"@id\":\"https:\\\/\\\/amerikaantje.be\\\/product\\\/scheermes-magnum-fleet-street-razor\\\/#primaryimage\"},\"image\":{\"@id\":\"https:\\\/\\\/amerikaantje.be\\\/product\\\/scheermes-magnum-fleet-street-razor\\\/#primaryimage\"},\"thumbnailUrl\":\"https:\\\/\\\/amerikaantje.be\\\/wp-content\\\/uploads\\\/2019\\\/02\\\/01LG242-1.jpg?v=1703261328\",\"datePublished\":\"2019-02-03T12:32:46+00:00\",\"dateModified\":\"2023-12-21T10:23:31+00:00\",\"breadcrumb\":{\"@id\":\"https:\\\/\\\/amerikaantje.be\\\/product\\\/scheermes-magnum-fleet-street-razor\\\/#breadcrumb\"},\"inLanguage\":\"fr-BE\",\"potentialAction\":[{\"@type\":\"ReadAction\",\"target\":[\"https:\\\/\\\/amerikaantje.be\\\/product\\\/scheermes-magnum-fleet-street-razor\\\/\"]}]},{\"@type\":\"ImageObject\",\"inLanguage\":\"fr-BE\",\"@id\":\"https:\\\/\\\/amerikaantje.be\\\/product\\\/scheermes-magnum-fleet-street-razor\\\/#primaryimage\",\"url\":\"https:\\\/\\\/amerikaantje.be\\\/wp-content\\\/uploads\\\/2019\\\/02\\\/01LG242-1.jpg?v=1703261328\",\"contentUrl\":\"https:\\\/\\\/amerikaantje.be\\\/wp-content\\\/uploads\\\/2019\\\/02\\\/01LG242-1.jpg?v=1703261328\",\"width\":1200,\"height\":1200},{\"@type\":\"BreadcrumbList\",\"@id\":\"https:\\\/\\\/amerikaantje.be\\\/product\\\/scheermes-magnum-fleet-street-razor\\\/#breadcrumb\",\"itemListElement\":[{\"@type\":\"ListItem\",\"position\":1,\"name\":\"Accueil\",\"item\":\"https:\\\/\\\/amerikaantje.be\\\/\"},{\"@type\":\"ListItem\",\"position\":2,\"name\":\"Webshop\",\"item\":\"https:\\\/\\\/amerikaantje.be\\\/alle-producten\\\/\"},{\"@type\":\"ListItem\",\"position\":3,\"name\":\"Magnum Fleet Street Razor\"}]},{\"@type\":\"WebSite\",\"@id\":\"https:\\\/\\\/amerikaantje.be\\\/#website\",\"url\":\"https:\\\/\\\/amerikaantje.be\\\/\",\"name\":\"&#039;t Amerikaantje\",\"description\":\"&#039;s zondags open, supergoe en supergoeiekoop!\",\"publisher\":{\"@id\":\"https:\\\/\\\/amerikaantje.be\\\/#organization\"},\"potentialAction\":[{\"@type\":\"SearchAction\",\"target\":{\"@type\":\"EntryPoint\",\"urlTemplate\":\"https:\\\/\\\/amerikaantje.be\\\/?s={search_term_string}\"},\"query-input\":{\"@type\":\"PropertyValueSpecification\",\"valueRequired\":true,\"valueName\":\"search_term_string\"}}],\"inLanguage\":\"fr-BE\"},{\"@type\":\"Organization\",\"@id\":\"https:\\\/\\\/amerikaantje.be\\\/#organization\",\"name\":\"&#039;t Amerikaantje\",\"url\":\"https:\\\/\\\/amerikaantje.be\\\/\",\"logo\":{\"@type\":\"ImageObject\",\"inLanguage\":\"fr-BE\",\"@id\":\"https:\\\/\\\/amerikaantje.be\\\/#\\\/schema\\\/logo\\\/image\\\/\",\"url\":\"https:\\\/\\\/amerikaantje.be\\\/wp-content\\\/uploads\\\/2023\\\/02\\\/amerikaantje-balk-logo-sterren-transparant.png?v=1703255686\",\"contentUrl\":\"https:\\\/\\\/amerikaantje.be\\\/wp-content\\\/uploads\\\/2023\\\/02\\\/amerikaantje-balk-logo-sterren-transparant.png?v=1703255686\",\"width\":648,\"height\":343,\"caption\":\"&#039;t Amerikaantje\"},\"image\":{\"@id\":\"https:\\\/\\\/amerikaantje.be\\\/#\\\/schema\\\/logo\\\/image\\\/\"},\"sameAs\":[\"https:\\\/\\\/www.facebook.com\\\/t-Amerikaantje-151636621529042\\\/\"]}]}<\/script>\n<meta property=\"product:price:amount\" content=\"28.00\" \/>\n<meta property=\"product:price:currency\" content=\"EUR\" \/>\n<meta property=\"og:availability\" content=\"instock\" \/>\n<meta property=\"product:availability\" content=\"instock\" \/>\n<meta property=\"product:retailer_item_id\" content=\"01LG242\" \/>\n<meta property=\"product:condition\" content=\"new\" \/>\n<!-- \/ Yoast SEO Premium plugin. -->","yoast_head_json":{"title":"Magnum Fleet Street Razor - &#039;t Amerikaantje","robots":{"index":"index","follow":"follow","max-snippet":"max-snippet:-1","max-image-preview":"max-image-preview:large","max-video-preview":"max-video-preview:-1"},"canonical":"https:\/\/amerikaantje.be\/fr\/product\/scheermes-magnum-fleet-street-razor\/","og_locale":"fr_FR","og_type":"article","og_title":"Magnum Fleet Street Razor","og_description":"Buitengewoon en robuust vouwmes. Vorm en afwerking doen denken aan een klassiek scheermes, maar dit model is stabieler. Mes en handvat zijn gemaakt van 440 roestvrij staal en hebben aantrekkelijke versieringen. Het mes heeft geen vastzetmechanisme. Kenmerken: Type: Zakmes Totale lengte: 26,5 cm Lengte van het blad: 12,3 cm Bladdikte: 4,5 mm Gewicht: 172 g [...]","og_url":"https:\/\/amerikaantje.be\/fr\/product\/scheermes-magnum-fleet-street-razor\/","og_site_name":"&#039;t Amerikaantje","article_publisher":"https:\/\/www.facebook.com\/t-Amerikaantje-151636621529042\/","article_modified_time":"2023-12-21T10:23:31+00:00","og_image":[{"width":1200,"height":1200,"url":"https:\/\/amerikaantje.be\/wp-content\/uploads\/2019\/02\/01LG242-1.jpg?v=1698352051","type":"image\/jpeg"}],"twitter_card":"summary_large_image","twitter_misc":{"Price":"&euro;&nbsp;28,00","Availability":"In stock"},"schema":{"@context":"https:\/\/schema.org","@graph":[{"@type":"WebPage","@id":"https:\/\/amerikaantje.be\/product\/scheermes-magnum-fleet-street-razor\/","url":"https:\/\/amerikaantje.be\/product\/scheermes-magnum-fleet-street-razor\/","name":"Magnum Fleet Street Razor - &#039;t Amerikaantje","isPartOf":{"@id":"https:\/\/amerikaantje.be\/#website"},"primaryImageOfPage":{"@id":"https:\/\/amerikaantje.be\/product\/scheermes-magnum-fleet-street-razor\/#primaryimage"},"image":{"@id":"https:\/\/amerikaantje.be\/product\/scheermes-magnum-fleet-street-razor\/#primaryimage"},"thumbnailUrl":"https:\/\/amerikaantje.be\/wp-content\/uploads\/2019\/02\/01LG242-1.jpg?v=1703261328","datePublished":"2019-02-03T12:32:46+00:00","dateModified":"2023-12-21T10:23:31+00:00","breadcrumb":{"@id":"https:\/\/amerikaantje.be\/product\/scheermes-magnum-fleet-street-razor\/#breadcrumb"},"inLanguage":"fr-BE","potentialAction":[{"@type":"ReadAction","target":["https:\/\/amerikaantje.be\/product\/scheermes-magnum-fleet-street-razor\/"]}]},{"@type":"ImageObject","inLanguage":"fr-BE","@id":"https:\/\/amerikaantje.be\/product\/scheermes-magnum-fleet-street-razor\/#primaryimage","url":"https:\/\/amerikaantje.be\/wp-content\/uploads\/2019\/02\/01LG242-1.jpg?v=1703261328","contentUrl":"https:\/\/amerikaantje.be\/wp-content\/uploads\/2019\/02\/01LG242-1.jpg?v=1703261328","width":1200,"height":1200},{"@type":"BreadcrumbList","@id":"https:\/\/amerikaantje.be\/product\/scheermes-magnum-fleet-street-razor\/#breadcrumb","itemListElement":[{"@type":"ListItem","position":1,"name":"Accueil","item":"https:\/\/amerikaantje.be\/"},{"@type":"ListItem","position":2,"name":"Webshop","item":"https:\/\/amerikaantje.be\/alle-producten\/"},{"@type":"ListItem","position":3,"name":"Magnum Fleet Street Razor"}]},{"@type":"WebSite","@id":"https:\/\/amerikaantje.be\/#website","url":"https:\/\/amerikaantje.be\/","name":"&#039;t Amerikaantje","description":"&#039;ouvert le dimanche, supergoe et super bon march\u00e9 !","publisher":{"@id":"https:\/\/amerikaantje.be\/#organization"},"potentialAction":[{"@type":"SearchAction","target":{"@type":"EntryPoint","urlTemplate":"https:\/\/amerikaantje.be\/?s={search_term_string}"},"query-input":{"@type":"PropertyValueSpecification","valueRequired":true,"valueName":"search_term_string"}}],"inLanguage":"fr-BE"},{"@type":"Organization","@id":"https:\/\/amerikaantje.be\/#organization","name":"&#039;t Amerikaantje","url":"https:\/\/amerikaantje.be\/","logo":{"@type":"ImageObject","inLanguage":"fr-BE","@id":"https:\/\/amerikaantje.be\/#\/schema\/logo\/image\/","url":"https:\/\/amerikaantje.be\/wp-content\/uploads\/2023\/02\/amerikaantje-balk-logo-sterren-transparant.png?v=1703255686","contentUrl":"https:\/\/amerikaantje.be\/wp-content\/uploads\/2023\/02\/amerikaantje-balk-logo-sterren-transparant.png?v=1703255686","width":648,"height":343,"caption":"&#039;t Amerikaantje"},"image":{"@id":"https:\/\/amerikaantje.be\/#\/schema\/logo\/image\/"},"sameAs":["https:\/\/www.facebook.com\/t-Amerikaantje-151636621529042\/"]}]},"product_price_amount":"28.00","product_price_currency":"EUR","og_availability":"instock","product_availability":"instock","product_retailer_item_id":"01LG242","product_condition":"new"},"df_price":28,"df_sale_price":"","df_regular_price":28,"df_image_link":"https:\/\/amerikaantje.be\/wp-content\/uploads\/2019\/02\/01LG242-1-500x500.jpg?v=1703261328","_links":{"self":[{"href":"https:\/\/amerikaantje.be\/fr\/wp-json\/wp\/v2\/product\/61010","targetHints":{"allow":["GET"]}}],"collection":[{"href":"https:\/\/amerikaantje.be\/fr\/wp-json\/wp\/v2\/product"}],"about":[{"href":"https:\/\/amerikaantje.be\/fr\/wp-json\/wp\/v2\/types\/product"}],"wp:featuredmedia":[{"embeddable":true,"href":"https:\/\/amerikaantje.be\/fr\/wp-json\/wp\/v2\/media\/75166"}],"wp:attachment":[{"href":"https:\/\/amerikaantje.be\/fr\/wp-json\/wp\/v2\/media?parent=61010"}],"wp:term":[{"taxonomy":"product_brand","embeddable":true,"href":"https:\/\/amerikaantje.be\/fr\/wp-json\/wp\/v2\/product_brand?post=61010"},{"taxonomy":"product_cat","embeddable":true,"href":"https:\/\/amerikaantje.be\/fr\/wp-json\/wp\/v2\/product_cat?post=61010"},{"taxonomy":"product_tag","embeddable":true,"href":"https:\/\/amerikaantje.be\/fr\/wp-json\/wp\/v2\/product_tag?post=61010"}],"curies":[{"name":"wp","href":"https:\/\/api.w.org\/{rel}","templated":true}]}}