{"id":56972,"date":"2018-11-12T16:56:26","date_gmt":"2018-11-12T16:56:26","guid":{"rendered":"https:\/\/amerikaantje.be\/?post_type=product&#038;p=56972"},"modified":"2024-02-22T09:45:05","modified_gmt":"2024-02-22T09:45:05","slug":"safari-vest-olive","status":"publish","type":"product","link":"https:\/\/amerikaantje.be\/fr\/product\/safari-vest-olive\/","title":{"rendered":"Cardigan Safari Olive"},"content":{"rendered":"<p>Gilet safari avec 14 poches de rangement pratiques. Ce gilet tactique Mil-Tec est id\u00e9al pour les chasseurs, les p\u00eacheurs et les randonneurs.<\/p>\n<p>Ce gilet est fabriqu\u00e9 en polyester 65% et en coton 35%. Les \u00e9quipements suppl\u00e9mentaires peuvent \u00eatre attach\u00e9s \u00e0 des crochets au niveau de la poitrine, tandis qu'une pl\u00e9thore de poches garde vos essentiels \u00e0 port\u00e9e de main.<\/p>","protected":false},"excerpt":{"rendered":"<p>Gilet safari avec 14 poches de rangement pratiques. Ce gilet tactique Mil-Tec est id\u00e9al pour les chasseurs, les p\u00eacheurs et les randonneurs. Ce gilet est fabriqu\u00e9 en polyester 65% et en coton 35%. Des \u00e9quipements suppl\u00e9mentaires peuvent \u00eatre attach\u00e9s aux crochets situ\u00e9s au niveau de la poitrine, tandis qu'une pl\u00e9thore de poches permet de garder vos essentiels \u00e0 port\u00e9e de main.<\/p>","protected":false},"featured_media":56670,"template":"","meta":{"_acf_changed":false},"product_brand":[],"product_cat":[13426,13318,13299,13514],"product_tag":[1821],"class_list":{"0":"post-56972","1":"product","2":"type-product","3":"status-publish","4":"has-post-thumbnail","6":"product_cat-bodywarmers-en-gilets","7":"product_cat-jassen","8":"product_cat-kleding","9":"product_cat-tactical-gaming","10":"product_tag-jagers","11":"pa_maat-4xl","12":"pa_maat-l","13":"pa_maat-m","14":"pa_maat-s","15":"pa_maat-xl","16":"pa_maat-xxl","17":"pa_maat-xxxl","18":"pa_merk-mil-tec","20":"first","21":"instock","22":"taxable","23":"shipping-taxable","24":"purchasable","25":"product-type-variable"},"acf":[],"yoast_head":"<!-- This site is optimized with the Yoast SEO Premium plugin v27.6 (Yoast SEO v27.6) - https:\/\/yoast.com\/product\/yoast-seo-premium-wordpress\/ -->\n<title>Safari Vest Olive - &#039;t Amerikaantje<\/title>\n<meta name=\"robots\" content=\"index, follow, max-snippet:-1, max-image-preview:large, max-video-preview:-1\" \/>\n<link rel=\"canonical\" href=\"https:\/\/amerikaantje.be\/fr\/product\/safari-vest-olive\/\" \/>\n<meta property=\"og:locale\" content=\"fr_FR\" \/>\n<meta property=\"og:type\" content=\"article\" \/>\n<meta property=\"og:title\" content=\"Safari Vest Olive\" \/>\n<meta property=\"og:description\" content=\"Safari vest met 14 praktische opbergzakken. Deze Mil-Tec tactical vest is ideaal voor jagers, vissers en wandelaars. Deze vest is vervaardigd uit 65% polyester en 35% katoen. Aan de haken ter hoogte van de borst kan extra materiaal worden bevestigd, terwijl een overvloed aan zakken je belangrijkste spullen binnen handbereik houden.\" \/>\n<meta property=\"og:url\" content=\"https:\/\/amerikaantje.be\/fr\/product\/safari-vest-olive\/\" \/>\n<meta property=\"og:site_name\" content=\"&#039;t Amerikaantje\" \/>\n<meta property=\"article:publisher\" content=\"https:\/\/www.facebook.com\/t-Amerikaantje-151636621529042\/\" \/>\n<meta property=\"article:modified_time\" content=\"2024-02-22T09:45:05+00:00\" \/>\n<meta property=\"og:image\" content=\"https:\/\/amerikaantje.be\/wp-content\/uploads\/2018\/11\/kledinshoot-12-11-2018-38.jpg?v=1703263794\" \/>\n\t<meta property=\"og:image:width\" content=\"1200\" \/>\n\t<meta property=\"og:image:height\" content=\"1200\" \/>\n\t<meta property=\"og:image:type\" content=\"image\/jpeg\" \/>\n<meta name=\"twitter:card\" content=\"summary_large_image\" \/>\n<meta name=\"twitter:label1\" content=\"Availability\" \/>\n\t<meta name=\"twitter:data1\" content=\"In stock\" \/>\n<script type=\"application\/ld+json\" class=\"yoast-schema-graph\">{\"@context\":\"https:\\\/\\\/schema.org\",\"@graph\":[{\"@type\":\"WebPage\",\"@id\":\"https:\\\/\\\/amerikaantje.be\\\/product\\\/safari-vest-olive\\\/\",\"url\":\"https:\\\/\\\/amerikaantje.be\\\/product\\\/safari-vest-olive\\\/\",\"name\":\"Safari Vest Olive - &#039;t Amerikaantje\",\"isPartOf\":{\"@id\":\"https:\\\/\\\/amerikaantje.be\\\/#website\"},\"primaryImageOfPage\":{\"@id\":\"https:\\\/\\\/amerikaantje.be\\\/product\\\/safari-vest-olive\\\/#primaryimage\"},\"image\":{\"@id\":\"https:\\\/\\\/amerikaantje.be\\\/product\\\/safari-vest-olive\\\/#primaryimage\"},\"thumbnailUrl\":\"https:\\\/\\\/amerikaantje.be\\\/wp-content\\\/uploads\\\/2018\\\/11\\\/kledinshoot-12-11-2018-38.jpg?v=1703263794\",\"datePublished\":\"2018-11-12T16:56:26+00:00\",\"dateModified\":\"2024-02-22T09:45:05+00:00\",\"breadcrumb\":{\"@id\":\"https:\\\/\\\/amerikaantje.be\\\/product\\\/safari-vest-olive\\\/#breadcrumb\"},\"inLanguage\":\"fr-BE\",\"potentialAction\":[{\"@type\":\"ReadAction\",\"target\":[\"https:\\\/\\\/amerikaantje.be\\\/product\\\/safari-vest-olive\\\/\"]}]},{\"@type\":\"ImageObject\",\"inLanguage\":\"fr-BE\",\"@id\":\"https:\\\/\\\/amerikaantje.be\\\/product\\\/safari-vest-olive\\\/#primaryimage\",\"url\":\"https:\\\/\\\/amerikaantje.be\\\/wp-content\\\/uploads\\\/2018\\\/11\\\/kledinshoot-12-11-2018-38.jpg?v=1703263794\",\"contentUrl\":\"https:\\\/\\\/amerikaantje.be\\\/wp-content\\\/uploads\\\/2018\\\/11\\\/kledinshoot-12-11-2018-38.jpg?v=1703263794\",\"width\":1200,\"height\":1200},{\"@type\":\"BreadcrumbList\",\"@id\":\"https:\\\/\\\/amerikaantje.be\\\/product\\\/safari-vest-olive\\\/#breadcrumb\",\"itemListElement\":[{\"@type\":\"ListItem\",\"position\":1,\"name\":\"Accueil\",\"item\":\"https:\\\/\\\/amerikaantje.be\\\/\"},{\"@type\":\"ListItem\",\"position\":2,\"name\":\"Webshop\",\"item\":\"https:\\\/\\\/amerikaantje.be\\\/alle-producten\\\/\"},{\"@type\":\"ListItem\",\"position\":3,\"name\":\"Safari Vest Olive\"}]},{\"@type\":\"WebSite\",\"@id\":\"https:\\\/\\\/amerikaantje.be\\\/#website\",\"url\":\"https:\\\/\\\/amerikaantje.be\\\/\",\"name\":\"&#039;t Amerikaantje\",\"description\":\"&#039;s zondags open, supergoe en supergoeiekoop!\",\"publisher\":{\"@id\":\"https:\\\/\\\/amerikaantje.be\\\/#organization\"},\"potentialAction\":[{\"@type\":\"SearchAction\",\"target\":{\"@type\":\"EntryPoint\",\"urlTemplate\":\"https:\\\/\\\/amerikaantje.be\\\/?s={search_term_string}\"},\"query-input\":{\"@type\":\"PropertyValueSpecification\",\"valueRequired\":true,\"valueName\":\"search_term_string\"}}],\"inLanguage\":\"fr-BE\"},{\"@type\":\"Organization\",\"@id\":\"https:\\\/\\\/amerikaantje.be\\\/#organization\",\"name\":\"&#039;t Amerikaantje\",\"url\":\"https:\\\/\\\/amerikaantje.be\\\/\",\"logo\":{\"@type\":\"ImageObject\",\"inLanguage\":\"fr-BE\",\"@id\":\"https:\\\/\\\/amerikaantje.be\\\/#\\\/schema\\\/logo\\\/image\\\/\",\"url\":\"https:\\\/\\\/amerikaantje.be\\\/wp-content\\\/uploads\\\/2023\\\/02\\\/amerikaantje-balk-logo-sterren-transparant.png?v=1703255686\",\"contentUrl\":\"https:\\\/\\\/amerikaantje.be\\\/wp-content\\\/uploads\\\/2023\\\/02\\\/amerikaantje-balk-logo-sterren-transparant.png?v=1703255686\",\"width\":648,\"height\":343,\"caption\":\"&#039;t Amerikaantje\"},\"image\":{\"@id\":\"https:\\\/\\\/amerikaantje.be\\\/#\\\/schema\\\/logo\\\/image\\\/\"},\"sameAs\":[\"https:\\\/\\\/www.facebook.com\\\/t-Amerikaantje-151636621529042\\\/\"]}]}<\/script>\n<meta property=\"og:availability\" content=\"instock\" \/>\n<meta property=\"product:availability\" content=\"instock\" \/>\n<meta property=\"product:retailer_item_id\" content=\"miltec-safari\" \/>\n<meta property=\"product:condition\" content=\"new\" \/>\n<!-- \/ Yoast SEO Premium plugin. -->","yoast_head_json":{"title":"Gilet Safari Olive - &#039;t Amerikaantje","robots":{"index":"index","follow":"follow","max-snippet":"max-snippet:-1","max-image-preview":"max-image-preview:large","max-video-preview":"max-video-preview:-1"},"canonical":"https:\/\/amerikaantje.be\/fr\/product\/safari-vest-olive\/","og_locale":"fr_FR","og_type":"article","og_title":"Safari Vest Olive","og_description":"Safari vest met 14 praktische opbergzakken. Deze Mil-Tec tactical vest is ideaal voor jagers, vissers en wandelaars. Deze vest is vervaardigd uit 65% polyester en 35% katoen. Aan de haken ter hoogte van de borst kan extra materiaal worden bevestigd, terwijl een overvloed aan zakken je belangrijkste spullen binnen handbereik houden.","og_url":"https:\/\/amerikaantje.be\/fr\/product\/safari-vest-olive\/","og_site_name":"&#039;t Amerikaantje","article_publisher":"https:\/\/www.facebook.com\/t-Amerikaantje-151636621529042\/","article_modified_time":"2024-02-22T09:45:05+00:00","og_image":[{"width":1200,"height":1200,"url":"https:\/\/amerikaantje.be\/wp-content\/uploads\/2018\/11\/kledinshoot-12-11-2018-38.jpg?v=1703263794","type":"image\/jpeg"}],"twitter_card":"summary_large_image","twitter_misc":{"Availability":"In stock"},"schema":{"@context":"https:\/\/schema.org","@graph":[{"@type":"WebPage","@id":"https:\/\/amerikaantje.be\/product\/safari-vest-olive\/","url":"https:\/\/amerikaantje.be\/product\/safari-vest-olive\/","name":"Gilet Safari Olive - &#039;t Amerikaantje","isPartOf":{"@id":"https:\/\/amerikaantje.be\/#website"},"primaryImageOfPage":{"@id":"https:\/\/amerikaantje.be\/product\/safari-vest-olive\/#primaryimage"},"image":{"@id":"https:\/\/amerikaantje.be\/product\/safari-vest-olive\/#primaryimage"},"thumbnailUrl":"https:\/\/amerikaantje.be\/wp-content\/uploads\/2018\/11\/kledinshoot-12-11-2018-38.jpg?v=1703263794","datePublished":"2018-11-12T16:56:26+00:00","dateModified":"2024-02-22T09:45:05+00:00","breadcrumb":{"@id":"https:\/\/amerikaantje.be\/product\/safari-vest-olive\/#breadcrumb"},"inLanguage":"fr-BE","potentialAction":[{"@type":"ReadAction","target":["https:\/\/amerikaantje.be\/product\/safari-vest-olive\/"]}]},{"@type":"ImageObject","inLanguage":"fr-BE","@id":"https:\/\/amerikaantje.be\/product\/safari-vest-olive\/#primaryimage","url":"https:\/\/amerikaantje.be\/wp-content\/uploads\/2018\/11\/kledinshoot-12-11-2018-38.jpg?v=1703263794","contentUrl":"https:\/\/amerikaantje.be\/wp-content\/uploads\/2018\/11\/kledinshoot-12-11-2018-38.jpg?v=1703263794","width":1200,"height":1200},{"@type":"BreadcrumbList","@id":"https:\/\/amerikaantje.be\/product\/safari-vest-olive\/#breadcrumb","itemListElement":[{"@type":"ListItem","position":1,"name":"Accueil","item":"https:\/\/amerikaantje.be\/"},{"@type":"ListItem","position":2,"name":"Webshop","item":"https:\/\/amerikaantje.be\/alle-producten\/"},{"@type":"ListItem","position":3,"name":"Safari Vest Olive"}]},{"@type":"WebSite","@id":"https:\/\/amerikaantje.be\/#website","url":"https:\/\/amerikaantje.be\/","name":"&#039;t Amerikaantje","description":"&#039;ouvert le dimanche, supergoe et super bon march\u00e9 !","publisher":{"@id":"https:\/\/amerikaantje.be\/#organization"},"potentialAction":[{"@type":"SearchAction","target":{"@type":"EntryPoint","urlTemplate":"https:\/\/amerikaantje.be\/?s={search_term_string}"},"query-input":{"@type":"PropertyValueSpecification","valueRequired":true,"valueName":"search_term_string"}}],"inLanguage":"fr-BE"},{"@type":"Organization","@id":"https:\/\/amerikaantje.be\/#organization","name":"&#039;t Amerikaantje","url":"https:\/\/amerikaantje.be\/","logo":{"@type":"ImageObject","inLanguage":"fr-BE","@id":"https:\/\/amerikaantje.be\/#\/schema\/logo\/image\/","url":"https:\/\/amerikaantje.be\/wp-content\/uploads\/2023\/02\/amerikaantje-balk-logo-sterren-transparant.png?v=1703255686","contentUrl":"https:\/\/amerikaantje.be\/wp-content\/uploads\/2023\/02\/amerikaantje-balk-logo-sterren-transparant.png?v=1703255686","width":648,"height":343,"caption":"&#039;t Amerikaantje"},"image":{"@id":"https:\/\/amerikaantje.be\/#\/schema\/logo\/image\/"},"sameAs":["https:\/\/www.facebook.com\/t-Amerikaantje-151636621529042\/"]}]},"og_availability":"instock","product_availability":"instock","product_retailer_item_id":"miltec-safari","product_condition":"new"},"df_price":33,"df_sale_price":"","df_regular_price":33,"df_image_link":"https:\/\/amerikaantje.be\/wp-content\/uploads\/2018\/11\/kledinshoot-12-11-2018-38-300x300.jpg?v=1703263794","_links":{"self":[{"href":"https:\/\/amerikaantje.be\/fr\/wp-json\/wp\/v2\/product\/56972","targetHints":{"allow":["GET"]}}],"collection":[{"href":"https:\/\/amerikaantje.be\/fr\/wp-json\/wp\/v2\/product"}],"about":[{"href":"https:\/\/amerikaantje.be\/fr\/wp-json\/wp\/v2\/types\/product"}],"wp:featuredmedia":[{"embeddable":true,"href":"https:\/\/amerikaantje.be\/fr\/wp-json\/wp\/v2\/media\/56670"}],"wp:attachment":[{"href":"https:\/\/amerikaantje.be\/fr\/wp-json\/wp\/v2\/media?parent=56972"}],"wp:term":[{"taxonomy":"product_brand","embeddable":true,"href":"https:\/\/amerikaantje.be\/fr\/wp-json\/wp\/v2\/product_brand?post=56972"},{"taxonomy":"product_cat","embeddable":true,"href":"https:\/\/amerikaantje.be\/fr\/wp-json\/wp\/v2\/product_cat?post=56972"},{"taxonomy":"product_tag","embeddable":true,"href":"https:\/\/amerikaantje.be\/fr\/wp-json\/wp\/v2\/product_tag?post=56972"}],"curies":[{"name":"wp","href":"https:\/\/api.w.org\/{rel}","templated":true}]}}