{"id":54030,"date":"2018-08-18T11:03:27","date_gmt":"2018-08-18T11:03:27","guid":{"rendered":"https:\/\/amerikaantje.be\/?post_type=product&#038;p=54030"},"modified":"2024-09-29T09:53:02","modified_gmt":"2024-09-29T07:53:02","slug":"tropenkoppel-gouden-gesp","status":"publish","type":"product","link":"https:\/\/amerikaantje.be\/fr\/product\/tropenkoppel-gouden-gesp\/","title":{"rendered":"Boucle en or tropical"},"content":{"rendered":"<p>Ceinture tropicale avec boucle r\u00e9glable de couleur dor\u00e9e, adapt\u00e9e aux miliciens et \u00e0 toutes sortes d'activit\u00e9s de plein air.<\/p>\n<p>Cette ceinture robuste en nylon 100% comporte une boucle en acier r\u00e9glable en continu.<\/p>\n<p><strong>FEATURES<\/strong><\/p>\n<ul>\n<li>mat\u00e9riau : nylon 100%<\/li>\n<li>bande : 3.00 x 105 cm<\/li>\n<li>boucle : 4,7 x 3,00 cm<\/li>\n<\/ul>","protected":false},"excerpt":{"rendered":"<p>Ceinture tropicale avec boucle r\u00e9glable dor\u00e9e, adapt\u00e9e aux miliciens et \u00e0 toutes sortes d'activit\u00e9s de plein air. Cette ceinture robuste en nylon 100% est dot\u00e9e d'une boucle en acier r\u00e9glable en continu. CARACT\u00c9RISTIQUES mat\u00e9riau : nylon 100% sangle : 3,00 x 105 cm boucle : 4,7 x 3,00 cm<\/p>","protected":false},"featured_media":54036,"template":"","meta":{"_acf_changed":false},"product_brand":[],"product_cat":[13307,13299],"product_tag":[],"class_list":{"0":"post-54030","1":"product","2":"type-product","3":"status-publish","4":"has-post-thumbnail","6":"product_cat-gordels-riemen","7":"product_cat-kleding","8":"pa_kleur-blauw","9":"pa_kleur-groen","10":"pa_kleur-zwart","12":"first","13":"instock","14":"taxable","15":"shipping-taxable","16":"purchasable","17":"product-type-variable"},"acf":[],"yoast_head":"<!-- This site is optimized with the Yoast SEO Premium plugin v27.6 (Yoast SEO v27.6) - https:\/\/yoast.com\/product\/yoast-seo-premium-wordpress\/ -->\n<title>Tropenkoppel gouden gesp - &#039;t Amerikaantje<\/title>\n<meta name=\"robots\" content=\"index, follow, max-snippet:-1, max-image-preview:large, max-video-preview:-1\" \/>\n<link rel=\"canonical\" href=\"https:\/\/amerikaantje.be\/fr\/product\/tropenkoppel-gouden-gesp\/\" \/>\n<meta property=\"og:locale\" content=\"fr_FR\" \/>\n<meta property=\"og:type\" content=\"article\" \/>\n<meta property=\"og:title\" content=\"Tropenkoppel gouden gesp\" \/>\n<meta property=\"og:description\" content=\"Tropenkoppel met verstelbare goudkleurige gesp, geschikt voor miliciens en allerhande outdooractiviteiten. Deze stevige riem in 100% nylon is voorzien van een traploos verstelbare stalen gesp. KENMERKEN materiaal: 100% nylon band: 3,00 x 105 cm gesp: 4,7 x 3,00 cm\" \/>\n<meta property=\"og:url\" content=\"https:\/\/amerikaantje.be\/fr\/product\/tropenkoppel-gouden-gesp\/\" \/>\n<meta property=\"og:site_name\" content=\"&#039;t Amerikaantje\" \/>\n<meta property=\"article:publisher\" content=\"https:\/\/www.facebook.com\/t-Amerikaantje-151636621529042\/\" \/>\n<meta property=\"article:modified_time\" content=\"2024-09-29T07:53:02+00:00\" \/>\n<meta property=\"og:image\" content=\"https:\/\/amerikaantje.be\/wp-content\/uploads\/2018\/08\/tropenkoppel-goud.jpg?v=1703264480\" \/>\n\t<meta property=\"og:image:width\" content=\"960\" \/>\n\t<meta property=\"og:image:height\" content=\"960\" \/>\n\t<meta property=\"og:image:type\" content=\"image\/jpeg\" \/>\n<meta name=\"twitter:card\" content=\"summary_large_image\" \/>\n<meta name=\"twitter:label1\" content=\"Availability\" \/>\n\t<meta name=\"twitter:data1\" content=\"In stock\" \/>\n<script type=\"application\/ld+json\" class=\"yoast-schema-graph\">{\"@context\":\"https:\\\/\\\/schema.org\",\"@graph\":[{\"@type\":\"WebPage\",\"@id\":\"https:\\\/\\\/amerikaantje.be\\\/product\\\/tropenkoppel-gouden-gesp\\\/\",\"url\":\"https:\\\/\\\/amerikaantje.be\\\/product\\\/tropenkoppel-gouden-gesp\\\/\",\"name\":\"Tropenkoppel gouden gesp - &#039;t Amerikaantje\",\"isPartOf\":{\"@id\":\"https:\\\/\\\/amerikaantje.be\\\/#website\"},\"primaryImageOfPage\":{\"@id\":\"https:\\\/\\\/amerikaantje.be\\\/product\\\/tropenkoppel-gouden-gesp\\\/#primaryimage\"},\"image\":{\"@id\":\"https:\\\/\\\/amerikaantje.be\\\/product\\\/tropenkoppel-gouden-gesp\\\/#primaryimage\"},\"thumbnailUrl\":\"https:\\\/\\\/amerikaantje.be\\\/wp-content\\\/uploads\\\/2018\\\/08\\\/tropenkoppel-goud.jpg?v=1703264480\",\"datePublished\":\"2018-08-18T11:03:27+00:00\",\"dateModified\":\"2024-09-29T07:53:02+00:00\",\"breadcrumb\":{\"@id\":\"https:\\\/\\\/amerikaantje.be\\\/product\\\/tropenkoppel-gouden-gesp\\\/#breadcrumb\"},\"inLanguage\":\"fr-BE\",\"potentialAction\":[{\"@type\":\"ReadAction\",\"target\":[\"https:\\\/\\\/amerikaantje.be\\\/product\\\/tropenkoppel-gouden-gesp\\\/\"]}]},{\"@type\":\"ImageObject\",\"inLanguage\":\"fr-BE\",\"@id\":\"https:\\\/\\\/amerikaantje.be\\\/product\\\/tropenkoppel-gouden-gesp\\\/#primaryimage\",\"url\":\"https:\\\/\\\/amerikaantje.be\\\/wp-content\\\/uploads\\\/2018\\\/08\\\/tropenkoppel-goud.jpg?v=1703264480\",\"contentUrl\":\"https:\\\/\\\/amerikaantje.be\\\/wp-content\\\/uploads\\\/2018\\\/08\\\/tropenkoppel-goud.jpg?v=1703264480\",\"width\":960,\"height\":960},{\"@type\":\"BreadcrumbList\",\"@id\":\"https:\\\/\\\/amerikaantje.be\\\/product\\\/tropenkoppel-gouden-gesp\\\/#breadcrumb\",\"itemListElement\":[{\"@type\":\"ListItem\",\"position\":1,\"name\":\"Accueil\",\"item\":\"https:\\\/\\\/amerikaantje.be\\\/\"},{\"@type\":\"ListItem\",\"position\":2,\"name\":\"Webshop\",\"item\":\"https:\\\/\\\/amerikaantje.be\\\/alle-producten\\\/\"},{\"@type\":\"ListItem\",\"position\":3,\"name\":\"Tropenkoppel gouden gesp\"}]},{\"@type\":\"WebSite\",\"@id\":\"https:\\\/\\\/amerikaantje.be\\\/#website\",\"url\":\"https:\\\/\\\/amerikaantje.be\\\/\",\"name\":\"&#039;t Amerikaantje\",\"description\":\"&#039;s zondags open, supergoe en supergoeiekoop!\",\"publisher\":{\"@id\":\"https:\\\/\\\/amerikaantje.be\\\/#organization\"},\"potentialAction\":[{\"@type\":\"SearchAction\",\"target\":{\"@type\":\"EntryPoint\",\"urlTemplate\":\"https:\\\/\\\/amerikaantje.be\\\/?s={search_term_string}\"},\"query-input\":{\"@type\":\"PropertyValueSpecification\",\"valueRequired\":true,\"valueName\":\"search_term_string\"}}],\"inLanguage\":\"fr-BE\"},{\"@type\":\"Organization\",\"@id\":\"https:\\\/\\\/amerikaantje.be\\\/#organization\",\"name\":\"&#039;t Amerikaantje\",\"url\":\"https:\\\/\\\/amerikaantje.be\\\/\",\"logo\":{\"@type\":\"ImageObject\",\"inLanguage\":\"fr-BE\",\"@id\":\"https:\\\/\\\/amerikaantje.be\\\/#\\\/schema\\\/logo\\\/image\\\/\",\"url\":\"https:\\\/\\\/amerikaantje.be\\\/wp-content\\\/uploads\\\/2023\\\/02\\\/amerikaantje-balk-logo-sterren-transparant.png?v=1703255686\",\"contentUrl\":\"https:\\\/\\\/amerikaantje.be\\\/wp-content\\\/uploads\\\/2023\\\/02\\\/amerikaantje-balk-logo-sterren-transparant.png?v=1703255686\",\"width\":648,\"height\":343,\"caption\":\"&#039;t Amerikaantje\"},\"image\":{\"@id\":\"https:\\\/\\\/amerikaantje.be\\\/#\\\/schema\\\/logo\\\/image\\\/\"},\"sameAs\":[\"https:\\\/\\\/www.facebook.com\\\/t-Amerikaantje-151636621529042\\\/\"]}]}<\/script>\n<meta property=\"og:availability\" content=\"instock\" \/>\n<meta property=\"product:availability\" content=\"instock\" \/>\n<meta property=\"product:condition\" content=\"new\" \/>\n<!-- \/ Yoast SEO Premium plugin. -->","yoast_head_json":{"title":"Couple tropical boucle en or - &#039;t Amerikaantje","robots":{"index":"index","follow":"follow","max-snippet":"max-snippet:-1","max-image-preview":"max-image-preview:large","max-video-preview":"max-video-preview:-1"},"canonical":"https:\/\/amerikaantje.be\/fr\/product\/tropenkoppel-gouden-gesp\/","og_locale":"fr_FR","og_type":"article","og_title":"Tropenkoppel gouden gesp","og_description":"Tropenkoppel met verstelbare goudkleurige gesp, geschikt voor miliciens en allerhande outdooractiviteiten. Deze stevige riem in 100% nylon is voorzien van een traploos verstelbare stalen gesp. KENMERKEN materiaal: 100% nylon band: 3,00 x 105 cm gesp: 4,7 x 3,00 cm","og_url":"https:\/\/amerikaantje.be\/fr\/product\/tropenkoppel-gouden-gesp\/","og_site_name":"&#039;t Amerikaantje","article_publisher":"https:\/\/www.facebook.com\/t-Amerikaantje-151636621529042\/","article_modified_time":"2024-09-29T07:53:02+00:00","og_image":[{"width":960,"height":960,"url":"https:\/\/amerikaantje.be\/wp-content\/uploads\/2018\/08\/tropenkoppel-goud.jpg?v=1703264480","type":"image\/jpeg"}],"twitter_card":"summary_large_image","twitter_misc":{"Availability":"In stock"},"schema":{"@context":"https:\/\/schema.org","@graph":[{"@type":"WebPage","@id":"https:\/\/amerikaantje.be\/product\/tropenkoppel-gouden-gesp\/","url":"https:\/\/amerikaantje.be\/product\/tropenkoppel-gouden-gesp\/","name":"Couple tropical boucle en or - &#039;t Amerikaantje","isPartOf":{"@id":"https:\/\/amerikaantje.be\/#website"},"primaryImageOfPage":{"@id":"https:\/\/amerikaantje.be\/product\/tropenkoppel-gouden-gesp\/#primaryimage"},"image":{"@id":"https:\/\/amerikaantje.be\/product\/tropenkoppel-gouden-gesp\/#primaryimage"},"thumbnailUrl":"https:\/\/amerikaantje.be\/wp-content\/uploads\/2018\/08\/tropenkoppel-goud.jpg?v=1703264480","datePublished":"2018-08-18T11:03:27+00:00","dateModified":"2024-09-29T07:53:02+00:00","breadcrumb":{"@id":"https:\/\/amerikaantje.be\/product\/tropenkoppel-gouden-gesp\/#breadcrumb"},"inLanguage":"fr-BE","potentialAction":[{"@type":"ReadAction","target":["https:\/\/amerikaantje.be\/product\/tropenkoppel-gouden-gesp\/"]}]},{"@type":"ImageObject","inLanguage":"fr-BE","@id":"https:\/\/amerikaantje.be\/product\/tropenkoppel-gouden-gesp\/#primaryimage","url":"https:\/\/amerikaantje.be\/wp-content\/uploads\/2018\/08\/tropenkoppel-goud.jpg?v=1703264480","contentUrl":"https:\/\/amerikaantje.be\/wp-content\/uploads\/2018\/08\/tropenkoppel-goud.jpg?v=1703264480","width":960,"height":960},{"@type":"BreadcrumbList","@id":"https:\/\/amerikaantje.be\/product\/tropenkoppel-gouden-gesp\/#breadcrumb","itemListElement":[{"@type":"ListItem","position":1,"name":"Accueil","item":"https:\/\/amerikaantje.be\/"},{"@type":"ListItem","position":2,"name":"Webshop","item":"https:\/\/amerikaantje.be\/alle-producten\/"},{"@type":"ListItem","position":3,"name":"Tropenkoppel gouden gesp"}]},{"@type":"WebSite","@id":"https:\/\/amerikaantje.be\/#website","url":"https:\/\/amerikaantje.be\/","name":"&#039;t Amerikaantje","description":"&#039;ouvert le dimanche, supergoe et super bon march\u00e9 !","publisher":{"@id":"https:\/\/amerikaantje.be\/#organization"},"potentialAction":[{"@type":"SearchAction","target":{"@type":"EntryPoint","urlTemplate":"https:\/\/amerikaantje.be\/?s={search_term_string}"},"query-input":{"@type":"PropertyValueSpecification","valueRequired":true,"valueName":"search_term_string"}}],"inLanguage":"fr-BE"},{"@type":"Organization","@id":"https:\/\/amerikaantje.be\/#organization","name":"&#039;t Amerikaantje","url":"https:\/\/amerikaantje.be\/","logo":{"@type":"ImageObject","inLanguage":"fr-BE","@id":"https:\/\/amerikaantje.be\/#\/schema\/logo\/image\/","url":"https:\/\/amerikaantje.be\/wp-content\/uploads\/2023\/02\/amerikaantje-balk-logo-sterren-transparant.png?v=1703255686","contentUrl":"https:\/\/amerikaantje.be\/wp-content\/uploads\/2023\/02\/amerikaantje-balk-logo-sterren-transparant.png?v=1703255686","width":648,"height":343,"caption":"&#039;t Amerikaantje"},"image":{"@id":"https:\/\/amerikaantje.be\/#\/schema\/logo\/image\/"},"sameAs":["https:\/\/www.facebook.com\/t-Amerikaantje-151636621529042\/"]}]},"og_availability":"instock","product_availability":"instock","product_condition":"new"},"df_price":3.8,"df_sale_price":"","df_regular_price":3.8,"df_image_link":"https:\/\/amerikaantje.be\/wp-content\/uploads\/2018\/08\/tropenkoppel-goud-300x300.jpg?v=1703264480","_links":{"self":[{"href":"https:\/\/amerikaantje.be\/fr\/wp-json\/wp\/v2\/product\/54030","targetHints":{"allow":["GET"]}}],"collection":[{"href":"https:\/\/amerikaantje.be\/fr\/wp-json\/wp\/v2\/product"}],"about":[{"href":"https:\/\/amerikaantje.be\/fr\/wp-json\/wp\/v2\/types\/product"}],"wp:featuredmedia":[{"embeddable":true,"href":"https:\/\/amerikaantje.be\/fr\/wp-json\/wp\/v2\/media\/54036"}],"wp:attachment":[{"href":"https:\/\/amerikaantje.be\/fr\/wp-json\/wp\/v2\/media?parent=54030"}],"wp:term":[{"taxonomy":"product_brand","embeddable":true,"href":"https:\/\/amerikaantje.be\/fr\/wp-json\/wp\/v2\/product_brand?post=54030"},{"taxonomy":"product_cat","embeddable":true,"href":"https:\/\/amerikaantje.be\/fr\/wp-json\/wp\/v2\/product_cat?post=54030"},{"taxonomy":"product_tag","embeddable":true,"href":"https:\/\/amerikaantje.be\/fr\/wp-json\/wp\/v2\/product_tag?post=54030"}],"curies":[{"name":"wp","href":"https:\/\/api.w.org\/{rel}","templated":true}]}}