{"id":4865,"date":"2015-05-08T13:29:22","date_gmt":"2015-05-08T13:29:22","guid":{"rendered":"http:\/\/amerikaantje.be\/alle-producten\/geen-categorie\/heuptas-met-veldfles-2\/"},"modified":"2024-02-07T08:52:25","modified_gmt":"2024-02-07T08:52:25","slug":"heuptas-met-veldfles-2","status":"publish","type":"product","link":"https:\/\/amerikaantje.be\/fr\/produit\/heuptas-met-veldfles-2\/","title":{"rendered":"Sac de hanche avec flasque"},"content":{"rendered":"<p>Sac de hanche avec flasque et divers compartiments de rangement, id\u00e9al pour les d\u00e9placements des jeunes.<\/p>\n<p><strong>FEATURES<\/strong><\/p>\n<ul>\n<li>Dimensions : 20 x 6 x 20cm<\/li>\n<li>Mat\u00e9riau : coton 100%<\/li>\n<li>couleur : camouflage<\/li>\n<\/ul>","protected":false},"excerpt":{"rendered":"<p>Sac \u00e0 bandouli\u00e8re avec flasque et divers compartiments de rangement, id\u00e9al pour les mouvements de jeunesse. Caract\u00e9ristiques Dimensions : 20 x 6 x 20cm Mat\u00e9riau : coton 100% Couleur : camouflage<\/p>","protected":false},"featured_media":4867,"template":"","meta":{"_acf_changed":false},"product_brand":[],"product_cat":[13342,13341,13407,13287],"product_tag":[1813,961],"class_list":{"0":"post-4865","1":"product","2":"type-product","3":"status-publish","4":"has-post-thumbnail","6":"product_cat-abl-multicam","7":"product_cat-bagage","8":"product_cat-heuptassen","9":"product_cat-uitrusting","10":"product_tag-festival","11":"product_tag-jeugdbeweging","12":"pa_kleur-camo","14":"first","15":"instock","16":"taxable","17":"shipping-taxable","18":"purchasable","19":"product-type-simple"},"acf":[],"yoast_head":"<!-- This site is optimized with the Yoast SEO Premium plugin v27.5 (Yoast SEO v27.5) - https:\/\/yoast.com\/product\/yoast-seo-premium-wordpress\/ -->\n<title>Heuptas met veldfles - &#039;t Amerikaantje<\/title>\n<meta name=\"robots\" content=\"index, follow, max-snippet:-1, max-image-preview:large, max-video-preview:-1\" \/>\n<link rel=\"canonical\" href=\"https:\/\/amerikaantje.be\/fr\/produit\/heuptas-met-veldfles-2\/\" \/>\n<meta property=\"og:locale\" content=\"fr_FR\" \/>\n<meta property=\"og:type\" content=\"article\" \/>\n<meta property=\"og:title\" content=\"Heuptas met veldfles\" \/>\n<meta property=\"og:description\" content=\"Heuptas met veldfles en diverse opbergcompartimenten, ideaal voor de jeugdbeweging. KENMERKEN Afmetingen: 20 x 6 x 20cm Materiaal: 100% katoen kleur: camouflage\" \/>\n<meta property=\"og:url\" content=\"https:\/\/amerikaantje.be\/fr\/produit\/heuptas-met-veldfles-2\/\" \/>\n<meta property=\"og:site_name\" content=\"&#039;t Amerikaantje\" \/>\n<meta property=\"article:publisher\" content=\"https:\/\/www.facebook.com\/t-Amerikaantje-151636621529042\/\" \/>\n<meta property=\"article:modified_time\" content=\"2024-02-07T08:52:25+00:00\" \/>\n<meta property=\"og:image\" content=\"https:\/\/amerikaantje.be\/wp-content\/uploads\/2015\/05\/35936311_m.jpg?v=1698371331\" \/>\n\t<meta property=\"og:image:width\" content=\"480\" \/>\n\t<meta property=\"og:image:height\" content=\"480\" \/>\n\t<meta property=\"og:image:type\" content=\"image\/jpeg\" \/>\n<meta name=\"twitter:card\" content=\"summary_large_image\" \/>\n<meta name=\"twitter:label1\" content=\"Price\" \/>\n\t<meta name=\"twitter:data1\" content=\"&euro;&nbsp;11,00\" \/>\n\t<meta name=\"twitter:label2\" content=\"Availability\" \/>\n\t<meta name=\"twitter:data2\" content=\"In stock\" \/>\n<script type=\"application\/ld+json\" class=\"yoast-schema-graph\">{\"@context\":\"https:\\\/\\\/schema.org\",\"@graph\":[{\"@type\":\"WebPage\",\"@id\":\"https:\\\/\\\/amerikaantje.be\\\/product\\\/heuptas-met-veldfles-2\\\/\",\"url\":\"https:\\\/\\\/amerikaantje.be\\\/product\\\/heuptas-met-veldfles-2\\\/\",\"name\":\"Heuptas met veldfles - &#039;t Amerikaantje\",\"isPartOf\":{\"@id\":\"https:\\\/\\\/amerikaantje.be\\\/#website\"},\"primaryImageOfPage\":{\"@id\":\"https:\\\/\\\/amerikaantje.be\\\/product\\\/heuptas-met-veldfles-2\\\/#primaryimage\"},\"image\":{\"@id\":\"https:\\\/\\\/amerikaantje.be\\\/product\\\/heuptas-met-veldfles-2\\\/#primaryimage\"},\"thumbnailUrl\":\"https:\\\/\\\/amerikaantje.be\\\/wp-content\\\/uploads\\\/2015\\\/05\\\/35936311_m.jpg?v=1698371331\",\"datePublished\":\"2015-05-08T13:29:22+00:00\",\"dateModified\":\"2024-02-07T08:52:25+00:00\",\"breadcrumb\":{\"@id\":\"https:\\\/\\\/amerikaantje.be\\\/product\\\/heuptas-met-veldfles-2\\\/#breadcrumb\"},\"inLanguage\":\"fr-BE\",\"potentialAction\":[{\"@type\":\"ReadAction\",\"target\":[\"https:\\\/\\\/amerikaantje.be\\\/product\\\/heuptas-met-veldfles-2\\\/\"]}]},{\"@type\":\"ImageObject\",\"inLanguage\":\"fr-BE\",\"@id\":\"https:\\\/\\\/amerikaantje.be\\\/product\\\/heuptas-met-veldfles-2\\\/#primaryimage\",\"url\":\"https:\\\/\\\/amerikaantje.be\\\/wp-content\\\/uploads\\\/2015\\\/05\\\/35936311_m.jpg?v=1698371331\",\"contentUrl\":\"https:\\\/\\\/amerikaantje.be\\\/wp-content\\\/uploads\\\/2015\\\/05\\\/35936311_m.jpg?v=1698371331\",\"width\":480,\"height\":480},{\"@type\":\"BreadcrumbList\",\"@id\":\"https:\\\/\\\/amerikaantje.be\\\/product\\\/heuptas-met-veldfles-2\\\/#breadcrumb\",\"itemListElement\":[{\"@type\":\"ListItem\",\"position\":1,\"name\":\"Accueil\",\"item\":\"https:\\\/\\\/amerikaantje.be\\\/\"},{\"@type\":\"ListItem\",\"position\":2,\"name\":\"Webshop\",\"item\":\"https:\\\/\\\/amerikaantje.be\\\/alle-producten\\\/\"},{\"@type\":\"ListItem\",\"position\":3,\"name\":\"Heuptas met veldfles\"}]},{\"@type\":\"WebSite\",\"@id\":\"https:\\\/\\\/amerikaantje.be\\\/#website\",\"url\":\"https:\\\/\\\/amerikaantje.be\\\/\",\"name\":\"&#039;t Amerikaantje\",\"description\":\"&#039;s zondags open, supergoe en supergoeiekoop!\",\"publisher\":{\"@id\":\"https:\\\/\\\/amerikaantje.be\\\/#organization\"},\"potentialAction\":[{\"@type\":\"SearchAction\",\"target\":{\"@type\":\"EntryPoint\",\"urlTemplate\":\"https:\\\/\\\/amerikaantje.be\\\/?s={search_term_string}\"},\"query-input\":{\"@type\":\"PropertyValueSpecification\",\"valueRequired\":true,\"valueName\":\"search_term_string\"}}],\"inLanguage\":\"fr-BE\"},{\"@type\":\"Organization\",\"@id\":\"https:\\\/\\\/amerikaantje.be\\\/#organization\",\"name\":\"&#039;t Amerikaantje\",\"url\":\"https:\\\/\\\/amerikaantje.be\\\/\",\"logo\":{\"@type\":\"ImageObject\",\"inLanguage\":\"fr-BE\",\"@id\":\"https:\\\/\\\/amerikaantje.be\\\/#\\\/schema\\\/logo\\\/image\\\/\",\"url\":\"https:\\\/\\\/amerikaantje.be\\\/wp-content\\\/uploads\\\/2023\\\/02\\\/amerikaantje-balk-logo-sterren-transparant.png?v=1703255686\",\"contentUrl\":\"https:\\\/\\\/amerikaantje.be\\\/wp-content\\\/uploads\\\/2023\\\/02\\\/amerikaantje-balk-logo-sterren-transparant.png?v=1703255686\",\"width\":648,\"height\":343,\"caption\":\"&#039;t Amerikaantje\"},\"image\":{\"@id\":\"https:\\\/\\\/amerikaantje.be\\\/#\\\/schema\\\/logo\\\/image\\\/\"},\"sameAs\":[\"https:\\\/\\\/www.facebook.com\\\/t-Amerikaantje-151636621529042\\\/\"]}]}<\/script>\n<meta property=\"product:price:amount\" content=\"11.00\" \/>\n<meta property=\"product:price:currency\" content=\"EUR\" \/>\n<meta property=\"og:availability\" content=\"instock\" \/>\n<meta property=\"product:availability\" content=\"instock\" \/>\n<meta property=\"product:retailer_item_id\" content=\"359363\" \/>\n<meta property=\"product:condition\" content=\"new\" \/>\n<!-- \/ Yoast SEO Premium plugin. -->","yoast_head_json":{"title":"Hip bag avec flasque - &#039;t Amerikaantje","robots":{"index":"index","follow":"follow","max-snippet":"max-snippet:-1","max-image-preview":"max-image-preview:large","max-video-preview":"max-video-preview:-1"},"canonical":"https:\/\/amerikaantje.be\/fr\/produit\/heuptas-met-veldfles-2\/","og_locale":"fr_FR","og_type":"article","og_title":"Heuptas met veldfles","og_description":"Heuptas met veldfles en diverse opbergcompartimenten, ideaal voor de jeugdbeweging. KENMERKEN Afmetingen: 20 x 6 x 20cm Materiaal: 100% katoen kleur: camouflage","og_url":"https:\/\/amerikaantje.be\/fr\/produit\/heuptas-met-veldfles-2\/","og_site_name":"&#039;t Amerikaantje","article_publisher":"https:\/\/www.facebook.com\/t-Amerikaantje-151636621529042\/","article_modified_time":"2024-02-07T08:52:25+00:00","og_image":[{"width":480,"height":480,"url":"https:\/\/amerikaantje.be\/wp-content\/uploads\/2015\/05\/35936311_m.jpg?v=1698371331","type":"image\/jpeg"}],"twitter_card":"summary_large_image","twitter_misc":{"Price":"&euro;&nbsp;11,00","Availability":"In stock"},"schema":{"@context":"https:\/\/schema.org","@graph":[{"@type":"WebPage","@id":"https:\/\/amerikaantje.be\/product\/heuptas-met-veldfles-2\/","url":"https:\/\/amerikaantje.be\/product\/heuptas-met-veldfles-2\/","name":"Hip bag avec flasque - &#039;t Amerikaantje","isPartOf":{"@id":"https:\/\/amerikaantje.be\/#website"},"primaryImageOfPage":{"@id":"https:\/\/amerikaantje.be\/product\/heuptas-met-veldfles-2\/#primaryimage"},"image":{"@id":"https:\/\/amerikaantje.be\/product\/heuptas-met-veldfles-2\/#primaryimage"},"thumbnailUrl":"https:\/\/amerikaantje.be\/wp-content\/uploads\/2015\/05\/35936311_m.jpg?v=1698371331","datePublished":"2015-05-08T13:29:22+00:00","dateModified":"2024-02-07T08:52:25+00:00","breadcrumb":{"@id":"https:\/\/amerikaantje.be\/product\/heuptas-met-veldfles-2\/#breadcrumb"},"inLanguage":"fr-BE","potentialAction":[{"@type":"ReadAction","target":["https:\/\/amerikaantje.be\/product\/heuptas-met-veldfles-2\/"]}]},{"@type":"ImageObject","inLanguage":"fr-BE","@id":"https:\/\/amerikaantje.be\/product\/heuptas-met-veldfles-2\/#primaryimage","url":"https:\/\/amerikaantje.be\/wp-content\/uploads\/2015\/05\/35936311_m.jpg?v=1698371331","contentUrl":"https:\/\/amerikaantje.be\/wp-content\/uploads\/2015\/05\/35936311_m.jpg?v=1698371331","width":480,"height":480},{"@type":"BreadcrumbList","@id":"https:\/\/amerikaantje.be\/product\/heuptas-met-veldfles-2\/#breadcrumb","itemListElement":[{"@type":"ListItem","position":1,"name":"Accueil","item":"https:\/\/amerikaantje.be\/"},{"@type":"ListItem","position":2,"name":"Webshop","item":"https:\/\/amerikaantje.be\/alle-producten\/"},{"@type":"ListItem","position":3,"name":"Heuptas met veldfles"}]},{"@type":"WebSite","@id":"https:\/\/amerikaantje.be\/#website","url":"https:\/\/amerikaantje.be\/","name":"&#039;t Amerikaantje","description":"&#039;ouvert le dimanche, supergoe et super bon march\u00e9 !","publisher":{"@id":"https:\/\/amerikaantje.be\/#organization"},"potentialAction":[{"@type":"SearchAction","target":{"@type":"EntryPoint","urlTemplate":"https:\/\/amerikaantje.be\/?s={search_term_string}"},"query-input":{"@type":"PropertyValueSpecification","valueRequired":true,"valueName":"search_term_string"}}],"inLanguage":"fr-BE"},{"@type":"Organization","@id":"https:\/\/amerikaantje.be\/#organization","name":"&#039;t Amerikaantje","url":"https:\/\/amerikaantje.be\/","logo":{"@type":"ImageObject","inLanguage":"fr-BE","@id":"https:\/\/amerikaantje.be\/#\/schema\/logo\/image\/","url":"https:\/\/amerikaantje.be\/wp-content\/uploads\/2023\/02\/amerikaantje-balk-logo-sterren-transparant.png?v=1703255686","contentUrl":"https:\/\/amerikaantje.be\/wp-content\/uploads\/2023\/02\/amerikaantje-balk-logo-sterren-transparant.png?v=1703255686","width":648,"height":343,"caption":"&#039;t Amerikaantje"},"image":{"@id":"https:\/\/amerikaantje.be\/#\/schema\/logo\/image\/"},"sameAs":["https:\/\/www.facebook.com\/t-Amerikaantje-151636621529042\/"]}]},"product_price_amount":"11.00","product_price_currency":"EUR","og_availability":"instock","product_availability":"instock","product_retailer_item_id":"359363","product_condition":"new"},"df_price":11,"df_sale_price":"","df_regular_price":11,"df_image_link":"https:\/\/amerikaantje.be\/wp-content\/uploads\/2015\/05\/35936311_m-300x300.jpg?v=1698371331","_links":{"self":[{"href":"https:\/\/amerikaantje.be\/fr\/wp-json\/wp\/v2\/product\/4865","targetHints":{"allow":["GET"]}}],"collection":[{"href":"https:\/\/amerikaantje.be\/fr\/wp-json\/wp\/v2\/product"}],"about":[{"href":"https:\/\/amerikaantje.be\/fr\/wp-json\/wp\/v2\/types\/product"}],"wp:featuredmedia":[{"embeddable":true,"href":"https:\/\/amerikaantje.be\/fr\/wp-json\/wp\/v2\/media\/4867"}],"wp:attachment":[{"href":"https:\/\/amerikaantje.be\/fr\/wp-json\/wp\/v2\/media?parent=4865"}],"wp:term":[{"taxonomy":"product_brand","embeddable":true,"href":"https:\/\/amerikaantje.be\/fr\/wp-json\/wp\/v2\/product_brand?post=4865"},{"taxonomy":"product_cat","embeddable":true,"href":"https:\/\/amerikaantje.be\/fr\/wp-json\/wp\/v2\/product_cat?post=4865"},{"taxonomy":"product_tag","embeddable":true,"href":"https:\/\/amerikaantje.be\/fr\/wp-json\/wp\/v2\/product_tag?post=4865"}],"curies":[{"name":"wp","href":"https:\/\/api.w.org\/{rel}","templated":true}]}}