{"id":4775,"date":"2015-05-08T13:28:45","date_gmt":"2015-05-08T13:28:45","guid":{"rendered":"http:\/\/amerikaantje.be\/alle-producten\/geen-categorie\/camo-stick-2-kleuren\/"},"modified":"2025-08-03T14:20:55","modified_gmt":"2025-08-03T12:20:55","slug":"camo-stick-2-kleuren","status":"publish","type":"product","link":"https:\/\/amerikaantje.be\/fr\/product\/camo-stick-2-kleuren\/","title":{"rendered":"B\u00e2ton camo 2 couleurs"},"content":{"rendered":"<p>B\u00e2ton de camouflage en deux couleurs, convenant pour la milice, l'airsoft, le paintball et autres occasions de camouflage.<\/p>\n<p>Ce maquillage r\u00e9sistant \u00e0 la sueur peut \u00eatre enlev\u00e9 \u00e0 l'eau chaude savonneuse apr\u00e8s application.<\/p>\n<p>Disponible en deux combinaisons de couleurs (vert\/marron ou vert\/noir) et en petites et grandes tailles.<\/p>","protected":false},"excerpt":{"rendered":"<p>B\u00e2ton de camouflage en deux couleurs, adapt\u00e9 \u00e0 la milice, \u00e0 l'airsoft, au paintball et \u00e0 d'autres occasions de camouflage. Ce maquillage r\u00e9sistant \u00e0 la transpiration peut \u00eatre enlev\u00e9 avec de l'eau chaude savonneuse apr\u00e8s application. Disponible en deux combinaisons de couleurs (vert\/marron ou vert\/noir) et en petites et grandes tailles.<\/p>","protected":false},"featured_media":4778,"template":"","meta":{"_acf_changed":false},"product_brand":[],"product_cat":[13377,13366,13530,13514,13287],"product_tag":[11129,1814],"class_list":{"0":"post-4775","1":"product","2":"type-product","3":"status-publish","4":"has-post-thumbnail","6":"product_cat-camouflage","7":"product_cat-legeruitrusting","8":"product_cat-militairen","9":"product_cat-tactical-gaming","10":"product_cat-uitrusting","11":"product_tag-carnaval","12":"product_tag-milicien","13":"pa_formaat-groot","14":"pa_formaat-klein","15":"pa_kleur-bruingroen","16":"pa_kleur-zwartgroen","18":"first","19":"instock","20":"taxable","21":"shipping-taxable","22":"purchasable","23":"product-type-variable"},"acf":[],"yoast_head":"<!-- This site is optimized with the Yoast SEO Premium plugin v27.6 (Yoast SEO v27.6) - https:\/\/yoast.com\/product\/yoast-seo-premium-wordpress\/ -->\n<title>Camostick 2 kleuren - &#039;t Amerikaantje<\/title>\n<meta name=\"robots\" content=\"index, follow, max-snippet:-1, max-image-preview:large, max-video-preview:-1\" \/>\n<link rel=\"canonical\" href=\"https:\/\/amerikaantje.be\/fr\/product\/camo-stick-2-kleuren\/\" \/>\n<meta property=\"og:locale\" content=\"fr_FR\" \/>\n<meta property=\"og:type\" content=\"article\" \/>\n<meta property=\"og:title\" content=\"Camostick 2 kleuren\" \/>\n<meta property=\"og:description\" content=\"Camostick met twee kleuren, geschikt voor miliciens, airsoft, paintball en andere gelegenheden tot camouflage. Deze zweetbestendige schmink kan na het aanbrengen worden verwijderd met warm zeepwater Beschikbaar in twee kleurencombinaties (groen\/bruin of groen\/zwart) en in klein en groot formaat.\" \/>\n<meta property=\"og:url\" content=\"https:\/\/amerikaantje.be\/fr\/product\/camo-stick-2-kleuren\/\" \/>\n<meta property=\"og:site_name\" content=\"&#039;t Amerikaantje\" \/>\n<meta property=\"article:publisher\" content=\"https:\/\/www.facebook.com\/t-Amerikaantje-151636621529042\/\" \/>\n<meta property=\"article:modified_time\" content=\"2025-08-03T12:20:55+00:00\" \/>\n<meta property=\"og:image\" content=\"https:\/\/amerikaantje.be\/wp-content\/uploads\/2015\/05\/463111_z.jpg?v=1698371350\" \/>\n\t<meta property=\"og:image:width\" content=\"960\" \/>\n\t<meta property=\"og:image:height\" content=\"960\" \/>\n\t<meta property=\"og:image:type\" content=\"image\/jpeg\" \/>\n<meta name=\"twitter:card\" content=\"summary_large_image\" \/>\n<meta name=\"twitter:label1\" content=\"Availability\" \/>\n\t<meta name=\"twitter:data1\" content=\"In stock\" \/>\n<script type=\"application\/ld+json\" class=\"yoast-schema-graph\">{\"@context\":\"https:\\\/\\\/schema.org\",\"@graph\":[{\"@type\":\"WebPage\",\"@id\":\"https:\\\/\\\/amerikaantje.be\\\/product\\\/camo-stick-2-kleuren\\\/\",\"url\":\"https:\\\/\\\/amerikaantje.be\\\/product\\\/camo-stick-2-kleuren\\\/\",\"name\":\"Camostick 2 kleuren - &#039;t Amerikaantje\",\"isPartOf\":{\"@id\":\"https:\\\/\\\/amerikaantje.be\\\/#website\"},\"primaryImageOfPage\":{\"@id\":\"https:\\\/\\\/amerikaantje.be\\\/product\\\/camo-stick-2-kleuren\\\/#primaryimage\"},\"image\":{\"@id\":\"https:\\\/\\\/amerikaantje.be\\\/product\\\/camo-stick-2-kleuren\\\/#primaryimage\"},\"thumbnailUrl\":\"https:\\\/\\\/amerikaantje.be\\\/wp-content\\\/uploads\\\/2015\\\/05\\\/463111_z.jpg?v=1698371350\",\"datePublished\":\"2015-05-08T13:28:45+00:00\",\"dateModified\":\"2025-08-03T12:20:55+00:00\",\"breadcrumb\":{\"@id\":\"https:\\\/\\\/amerikaantje.be\\\/product\\\/camo-stick-2-kleuren\\\/#breadcrumb\"},\"inLanguage\":\"fr-BE\",\"potentialAction\":[{\"@type\":\"ReadAction\",\"target\":[\"https:\\\/\\\/amerikaantje.be\\\/product\\\/camo-stick-2-kleuren\\\/\"]}]},{\"@type\":\"ImageObject\",\"inLanguage\":\"fr-BE\",\"@id\":\"https:\\\/\\\/amerikaantje.be\\\/product\\\/camo-stick-2-kleuren\\\/#primaryimage\",\"url\":\"https:\\\/\\\/amerikaantje.be\\\/wp-content\\\/uploads\\\/2015\\\/05\\\/463111_z.jpg?v=1698371350\",\"contentUrl\":\"https:\\\/\\\/amerikaantje.be\\\/wp-content\\\/uploads\\\/2015\\\/05\\\/463111_z.jpg?v=1698371350\",\"width\":960,\"height\":960},{\"@type\":\"BreadcrumbList\",\"@id\":\"https:\\\/\\\/amerikaantje.be\\\/product\\\/camo-stick-2-kleuren\\\/#breadcrumb\",\"itemListElement\":[{\"@type\":\"ListItem\",\"position\":1,\"name\":\"Accueil\",\"item\":\"https:\\\/\\\/amerikaantje.be\\\/\"},{\"@type\":\"ListItem\",\"position\":2,\"name\":\"Webshop\",\"item\":\"https:\\\/\\\/amerikaantje.be\\\/alle-producten\\\/\"},{\"@type\":\"ListItem\",\"position\":3,\"name\":\"Camostick 2 kleuren\"}]},{\"@type\":\"WebSite\",\"@id\":\"https:\\\/\\\/amerikaantje.be\\\/#website\",\"url\":\"https:\\\/\\\/amerikaantje.be\\\/\",\"name\":\"&#039;t Amerikaantje\",\"description\":\"&#039;s zondags open, supergoe en supergoeiekoop!\",\"publisher\":{\"@id\":\"https:\\\/\\\/amerikaantje.be\\\/#organization\"},\"potentialAction\":[{\"@type\":\"SearchAction\",\"target\":{\"@type\":\"EntryPoint\",\"urlTemplate\":\"https:\\\/\\\/amerikaantje.be\\\/?s={search_term_string}\"},\"query-input\":{\"@type\":\"PropertyValueSpecification\",\"valueRequired\":true,\"valueName\":\"search_term_string\"}}],\"inLanguage\":\"fr-BE\"},{\"@type\":\"Organization\",\"@id\":\"https:\\\/\\\/amerikaantje.be\\\/#organization\",\"name\":\"&#039;t Amerikaantje\",\"url\":\"https:\\\/\\\/amerikaantje.be\\\/\",\"logo\":{\"@type\":\"ImageObject\",\"inLanguage\":\"fr-BE\",\"@id\":\"https:\\\/\\\/amerikaantje.be\\\/#\\\/schema\\\/logo\\\/image\\\/\",\"url\":\"https:\\\/\\\/amerikaantje.be\\\/wp-content\\\/uploads\\\/2023\\\/02\\\/amerikaantje-balk-logo-sterren-transparant.png?v=1703255686\",\"contentUrl\":\"https:\\\/\\\/amerikaantje.be\\\/wp-content\\\/uploads\\\/2023\\\/02\\\/amerikaantje-balk-logo-sterren-transparant.png?v=1703255686\",\"width\":648,\"height\":343,\"caption\":\"&#039;t Amerikaantje\"},\"image\":{\"@id\":\"https:\\\/\\\/amerikaantje.be\\\/#\\\/schema\\\/logo\\\/image\\\/\"},\"sameAs\":[\"https:\\\/\\\/www.facebook.com\\\/t-Amerikaantje-151636621529042\\\/\"]}]}<\/script>\n<meta property=\"og:availability\" content=\"instock\" \/>\n<meta property=\"product:availability\" content=\"instock\" \/>\n<meta property=\"product:retailer_item_id\" content=\"463111\" \/>\n<meta property=\"product:condition\" content=\"new\" \/>\n<!-- \/ Yoast SEO Premium plugin. -->","yoast_head_json":{"title":"B\u00e2ton Camo 2 couleurs - &#039;t Amerikaantje","robots":{"index":"index","follow":"follow","max-snippet":"max-snippet:-1","max-image-preview":"max-image-preview:large","max-video-preview":"max-video-preview:-1"},"canonical":"https:\/\/amerikaantje.be\/fr\/product\/camo-stick-2-kleuren\/","og_locale":"fr_FR","og_type":"article","og_title":"Camostick 2 kleuren","og_description":"Camostick met twee kleuren, geschikt voor miliciens, airsoft, paintball en andere gelegenheden tot camouflage. Deze zweetbestendige schmink kan na het aanbrengen worden verwijderd met warm zeepwater Beschikbaar in twee kleurencombinaties (groen\/bruin of groen\/zwart) en in klein en groot formaat.","og_url":"https:\/\/amerikaantje.be\/fr\/product\/camo-stick-2-kleuren\/","og_site_name":"&#039;t Amerikaantje","article_publisher":"https:\/\/www.facebook.com\/t-Amerikaantje-151636621529042\/","article_modified_time":"2025-08-03T12:20:55+00:00","og_image":[{"width":960,"height":960,"url":"https:\/\/amerikaantje.be\/wp-content\/uploads\/2015\/05\/463111_z.jpg?v=1698371350","type":"image\/jpeg"}],"twitter_card":"summary_large_image","twitter_misc":{"Availability":"In stock"},"schema":{"@context":"https:\/\/schema.org","@graph":[{"@type":"WebPage","@id":"https:\/\/amerikaantje.be\/product\/camo-stick-2-kleuren\/","url":"https:\/\/amerikaantje.be\/product\/camo-stick-2-kleuren\/","name":"B\u00e2ton Camo 2 couleurs - &#039;t Amerikaantje","isPartOf":{"@id":"https:\/\/amerikaantje.be\/#website"},"primaryImageOfPage":{"@id":"https:\/\/amerikaantje.be\/product\/camo-stick-2-kleuren\/#primaryimage"},"image":{"@id":"https:\/\/amerikaantje.be\/product\/camo-stick-2-kleuren\/#primaryimage"},"thumbnailUrl":"https:\/\/amerikaantje.be\/wp-content\/uploads\/2015\/05\/463111_z.jpg?v=1698371350","datePublished":"2015-05-08T13:28:45+00:00","dateModified":"2025-08-03T12:20:55+00:00","breadcrumb":{"@id":"https:\/\/amerikaantje.be\/product\/camo-stick-2-kleuren\/#breadcrumb"},"inLanguage":"fr-BE","potentialAction":[{"@type":"ReadAction","target":["https:\/\/amerikaantje.be\/product\/camo-stick-2-kleuren\/"]}]},{"@type":"ImageObject","inLanguage":"fr-BE","@id":"https:\/\/amerikaantje.be\/product\/camo-stick-2-kleuren\/#primaryimage","url":"https:\/\/amerikaantje.be\/wp-content\/uploads\/2015\/05\/463111_z.jpg?v=1698371350","contentUrl":"https:\/\/amerikaantje.be\/wp-content\/uploads\/2015\/05\/463111_z.jpg?v=1698371350","width":960,"height":960},{"@type":"BreadcrumbList","@id":"https:\/\/amerikaantje.be\/product\/camo-stick-2-kleuren\/#breadcrumb","itemListElement":[{"@type":"ListItem","position":1,"name":"Accueil","item":"https:\/\/amerikaantje.be\/"},{"@type":"ListItem","position":2,"name":"Webshop","item":"https:\/\/amerikaantje.be\/alle-producten\/"},{"@type":"ListItem","position":3,"name":"Camostick 2 kleuren"}]},{"@type":"WebSite","@id":"https:\/\/amerikaantje.be\/#website","url":"https:\/\/amerikaantje.be\/","name":"&#039;t Amerikaantje","description":"&#039;ouvert le dimanche, supergoe et super bon march\u00e9 !","publisher":{"@id":"https:\/\/amerikaantje.be\/#organization"},"potentialAction":[{"@type":"SearchAction","target":{"@type":"EntryPoint","urlTemplate":"https:\/\/amerikaantje.be\/?s={search_term_string}"},"query-input":{"@type":"PropertyValueSpecification","valueRequired":true,"valueName":"search_term_string"}}],"inLanguage":"fr-BE"},{"@type":"Organization","@id":"https:\/\/amerikaantje.be\/#organization","name":"&#039;t Amerikaantje","url":"https:\/\/amerikaantje.be\/","logo":{"@type":"ImageObject","inLanguage":"fr-BE","@id":"https:\/\/amerikaantje.be\/#\/schema\/logo\/image\/","url":"https:\/\/amerikaantje.be\/wp-content\/uploads\/2023\/02\/amerikaantje-balk-logo-sterren-transparant.png?v=1703255686","contentUrl":"https:\/\/amerikaantje.be\/wp-content\/uploads\/2023\/02\/amerikaantje-balk-logo-sterren-transparant.png?v=1703255686","width":648,"height":343,"caption":"&#039;t Amerikaantje"},"image":{"@id":"https:\/\/amerikaantje.be\/#\/schema\/logo\/image\/"},"sameAs":["https:\/\/www.facebook.com\/t-Amerikaantje-151636621529042\/"]}]},"og_availability":"instock","product_availability":"instock","product_retailer_item_id":"463111","product_condition":"new"},"df_price":3.8,"df_sale_price":"","df_regular_price":3.8,"df_image_link":"https:\/\/amerikaantje.be\/wp-content\/uploads\/2015\/05\/463111_z-300x300.jpg?v=1698371350","_links":{"self":[{"href":"https:\/\/amerikaantje.be\/fr\/wp-json\/wp\/v2\/product\/4775","targetHints":{"allow":["GET"]}}],"collection":[{"href":"https:\/\/amerikaantje.be\/fr\/wp-json\/wp\/v2\/product"}],"about":[{"href":"https:\/\/amerikaantje.be\/fr\/wp-json\/wp\/v2\/types\/product"}],"wp:featuredmedia":[{"embeddable":true,"href":"https:\/\/amerikaantje.be\/fr\/wp-json\/wp\/v2\/media\/4778"}],"wp:attachment":[{"href":"https:\/\/amerikaantje.be\/fr\/wp-json\/wp\/v2\/media?parent=4775"}],"wp:term":[{"taxonomy":"product_brand","embeddable":true,"href":"https:\/\/amerikaantje.be\/fr\/wp-json\/wp\/v2\/product_brand?post=4775"},{"taxonomy":"product_cat","embeddable":true,"href":"https:\/\/amerikaantje.be\/fr\/wp-json\/wp\/v2\/product_cat?post=4775"},{"taxonomy":"product_tag","embeddable":true,"href":"https:\/\/amerikaantje.be\/fr\/wp-json\/wp\/v2\/product_tag?post=4775"}],"curies":[{"name":"wp","href":"https:\/\/api.w.org\/{rel}","templated":true}]}}