{"id":41851,"date":"2017-10-05T14:59:37","date_gmt":"2017-10-05T14:59:37","guid":{"rendered":"https:\/\/amerikaantje.be\/?post_type=product&#038;p=41851\/"},"modified":"2025-08-26T11:00:50","modified_gmt":"2025-08-26T09:00:50","slug":"braambestendige-jacht-broek","status":"publish","type":"product","link":"https:\/\/amerikaantje.be\/fr\/produit\/braambestendige-jacht-broek\/","title":{"rendered":"Pantalon de chasse r\u00e9sistant aux bavures"},"content":{"rendered":"<p>Pantalon de chasse polyvalent d'excellente qualit\u00e9, id\u00e9al pour le traqueur et la b\u00e9cassine.<\/p>\n<p>Ce pantalon extr\u00eamement confortable mais solide comme le roc est extr\u00eamement r\u00e9sistant \u00e0 l'ext\u00e9rieur et merveilleusement doux \u00e0 l'int\u00e9rieur. Ultra r\u00e9sistant \u00e0 la d\u00e9chirure et imperm\u00e9able (sur les parties en cordura), ce mod\u00e8le est encore renforc\u00e9 par une double couche de nylon cordura RIPSTOP au niveau des genoux. Avec ce pantalon de haute qualit\u00e9, vous \u00eates assur\u00e9 d'une performance parfaite, m\u00eame dans les conditions les plus difficiles.<\/p>\n<p>Vous cherchez le pantalon de chasse id\u00e9al ? Vous les avez trouv\u00e9s !<\/p>\n<p>Veuillez consulter le tableau des tailles sur la page d'accueil.<\/p>","protected":false},"excerpt":{"rendered":"<p>Allround jachtbroek van een uitstekende kwaliteit, ideaal voor tracker en snipe. Deze bijzonder comfortabele, maar oerdegelijke broek is uiterst sterk aan de buitenzijde en heerlijk zacht aan de binnenkant. Ultrabestendig tegen scheuren en waterdicht (op cordura onderdelen) is dit model nog eens versterkt met een dubbele laag RIPSTOP nylon cordura ter hoogte van de knie\u00ebn. [&#8230;]\n","protected":false},"featured_media":41860,"template":"","meta":{"_acf_changed":false},"product_brand":[],"product_cat":[13327,13299,13328],"product_tag":[1821],"class_list":{"0":"post-41851","1":"product","2":"type-product","3":"status-publish","4":"has-post-thumbnail","6":"product_cat-broeken","7":"product_cat-kleding","8":"product_cat-lange-broeken","9":"product_tag-jagers","10":"pa_maat-425","11":"pa_maat-411","12":"pa_maat-428","13":"pa_maat-430","14":"pa_maat-413","15":"pa_maat-414","16":"pa_maat-489","18":"first","19":"instock","20":"taxable","21":"shipping-taxable","22":"purchasable","23":"product-type-variable"},"acf":[],"yoast_head":"<!-- This site is optimized with the Yoast SEO Premium plugin v27.2 (Yoast SEO v27.2) - https:\/\/yoast.com\/product\/yoast-seo-premium-wordpress\/ -->\n<title>Braambestendige jachtbroek - &#039;t Amerikaantje<\/title>\n<meta name=\"robots\" content=\"index, follow, max-snippet:-1, max-image-preview:large, max-video-preview:-1\" \/>\n<link rel=\"canonical\" href=\"https:\/\/amerikaantje.be\/fr\/produit\/braambestendige-jacht-broek\/\" \/>\n<meta property=\"og:locale\" content=\"fr_FR\" \/>\n<meta property=\"og:type\" content=\"article\" \/>\n<meta property=\"og:title\" content=\"Braambestendige jachtbroek\" \/>\n<meta property=\"og:description\" content=\"Allround jachtbroek van een uitstekende kwaliteit, ideaal voor tracker en snipe. Deze bijzonder comfortabele, maar oerdegelijke broek is uiterst sterk aan de buitenzijde en heerlijk zacht aan de binnenkant. Ultrabestendig tegen scheuren en waterdicht (op cordura onderdelen) is dit model nog eens versterkt met een dubbele laag RIPSTOP nylon cordura ter hoogte van de knie\u00ebn. [...]\" \/>\n<meta property=\"og:url\" content=\"https:\/\/amerikaantje.be\/fr\/produit\/braambestendige-jacht-broek\/\" \/>\n<meta property=\"og:site_name\" content=\"&#039;t Amerikaantje\" \/>\n<meta property=\"article:publisher\" content=\"https:\/\/www.facebook.com\/t-Amerikaantje-151636621529042\/\" \/>\n<meta property=\"article:modified_time\" content=\"2025-08-26T09:00:50+00:00\" \/>\n<meta property=\"og:image\" content=\"https:\/\/amerikaantje.be\/wp-content\/uploads\/2017\/10\/585n-fuseau-.jpg?v=1698358912\" \/>\n\t<meta property=\"og:image:width\" content=\"800\" \/>\n\t<meta property=\"og:image:height\" content=\"800\" \/>\n\t<meta property=\"og:image:type\" content=\"image\/jpeg\" \/>\n<meta name=\"twitter:card\" content=\"summary_large_image\" \/>\n<meta name=\"twitter:label1\" content=\"Availability\" \/>\n\t<meta name=\"twitter:data1\" content=\"In stock\" \/>\n<script type=\"application\/ld+json\" class=\"yoast-schema-graph\">{\"@context\":\"https:\/\/schema.org\",\"@graph\":[{\"@type\":\"WebPage\",\"@id\":\"https:\/\/amerikaantje.be\/product\/braambestendige-jacht-broek\/\",\"url\":\"https:\/\/amerikaantje.be\/product\/braambestendige-jacht-broek\/\",\"name\":\"Braambestendige jachtbroek - &#039;t Amerikaantje\",\"isPartOf\":{\"@id\":\"https:\/\/amerikaantje.be\/#website\"},\"primaryImageOfPage\":{\"@id\":\"https:\/\/amerikaantje.be\/product\/braambestendige-jacht-broek\/#primaryimage\"},\"image\":{\"@id\":\"https:\/\/amerikaantje.be\/product\/braambestendige-jacht-broek\/#primaryimage\"},\"thumbnailUrl\":\"https:\/\/amerikaantje.be\/wp-content\/uploads\/2017\/10\/585n-fuseau-.jpg?v=1698358912\",\"datePublished\":\"2017-10-05T14:59:37+00:00\",\"dateModified\":\"2025-08-26T09:00:50+00:00\",\"breadcrumb\":{\"@id\":\"https:\/\/amerikaantje.be\/product\/braambestendige-jacht-broek\/#breadcrumb\"},\"inLanguage\":\"fr-BE\",\"potentialAction\":[{\"@type\":\"ReadAction\",\"target\":[\"https:\/\/amerikaantje.be\/product\/braambestendige-jacht-broek\/\"]}]},{\"@type\":\"ImageObject\",\"inLanguage\":\"fr-BE\",\"@id\":\"https:\/\/amerikaantje.be\/product\/braambestendige-jacht-broek\/#primaryimage\",\"url\":\"https:\/\/amerikaantje.be\/wp-content\/uploads\/2017\/10\/585n-fuseau-.jpg?v=1698358912\",\"contentUrl\":\"https:\/\/amerikaantje.be\/wp-content\/uploads\/2017\/10\/585n-fuseau-.jpg?v=1698358912\",\"width\":800,\"height\":800},{\"@type\":\"BreadcrumbList\",\"@id\":\"https:\/\/amerikaantje.be\/product\/braambestendige-jacht-broek\/#breadcrumb\",\"itemListElement\":[{\"@type\":\"ListItem\",\"position\":1,\"name\":\"Accueil\",\"item\":\"https:\/\/amerikaantje.be\/\"},{\"@type\":\"ListItem\",\"position\":2,\"name\":\"Webshop\",\"item\":\"https:\/\/amerikaantje.be\/alle-producten\/\"},{\"@type\":\"ListItem\",\"position\":3,\"name\":\"Braambestendige jachtbroek\"}]},{\"@type\":\"WebSite\",\"@id\":\"https:\/\/amerikaantje.be\/#website\",\"url\":\"https:\/\/amerikaantje.be\/\",\"name\":\"&#039;t Amerikaantje\",\"description\":\"&#039;s zondags open, supergoe en supergoeiekoop!\",\"publisher\":{\"@id\":\"https:\/\/amerikaantje.be\/#organization\"},\"potentialAction\":[{\"@type\":\"SearchAction\",\"target\":{\"@type\":\"EntryPoint\",\"urlTemplate\":\"https:\/\/amerikaantje.be\/?s={search_term_string}\"},\"query-input\":{\"@type\":\"PropertyValueSpecification\",\"valueRequired\":true,\"valueName\":\"search_term_string\"}}],\"inLanguage\":\"fr-BE\"},{\"@type\":\"Organization\",\"@id\":\"https:\/\/amerikaantje.be\/#organization\",\"name\":\"&#039;t Amerikaantje\",\"url\":\"https:\/\/amerikaantje.be\/\",\"logo\":{\"@type\":\"ImageObject\",\"inLanguage\":\"fr-BE\",\"@id\":\"https:\/\/amerikaantje.be\/#\/schema\/logo\/image\/\",\"url\":\"https:\/\/amerikaantje.be\/wp-content\/uploads\/2023\/02\/amerikaantje-balk-logo-sterren-transparant.png?v=1703255686\",\"contentUrl\":\"https:\/\/amerikaantje.be\/wp-content\/uploads\/2023\/02\/amerikaantje-balk-logo-sterren-transparant.png?v=1703255686\",\"width\":648,\"height\":343,\"caption\":\"&#039;t Amerikaantje\"},\"image\":{\"@id\":\"https:\/\/amerikaantje.be\/#\/schema\/logo\/image\/\"},\"sameAs\":[\"https:\/\/www.facebook.com\/t-Amerikaantje-151636621529042\/\"]}]}<\/script>\n<meta property=\"og:availability\" content=\"instock\" \/>\n<meta property=\"product:availability\" content=\"instock\" \/>\n<meta property=\"product:retailer_item_id\" content=\"585N\" \/>\n<meta property=\"product:condition\" content=\"new\" \/>\n<!-- \/ Yoast SEO Premium plugin. -->","yoast_head_json":{"title":"Pantalon de chasse r\u00e9sistant \u00e0 la ronce - &#039;t Amerikaantje","robots":{"index":"index","follow":"follow","max-snippet":"max-snippet:-1","max-image-preview":"max-image-preview:large","max-video-preview":"max-video-preview:-1"},"canonical":"https:\/\/amerikaantje.be\/fr\/produit\/braambestendige-jacht-broek\/","og_locale":"fr_FR","og_type":"article","og_title":"Braambestendige jachtbroek","og_description":"Allround jachtbroek van een uitstekende kwaliteit, ideaal voor tracker en snipe. Deze bijzonder comfortabele, maar oerdegelijke broek is uiterst sterk aan de buitenzijde en heerlijk zacht aan de binnenkant. Ultrabestendig tegen scheuren en waterdicht (op cordura onderdelen) is dit model nog eens versterkt met een dubbele laag RIPSTOP nylon cordura ter hoogte van de knie\u00ebn. [...]","og_url":"https:\/\/amerikaantje.be\/fr\/produit\/braambestendige-jacht-broek\/","og_site_name":"&#039;t Amerikaantje","article_publisher":"https:\/\/www.facebook.com\/t-Amerikaantje-151636621529042\/","article_modified_time":"2025-08-26T09:00:50+00:00","og_image":[{"width":800,"height":800,"url":"https:\/\/amerikaantje.be\/wp-content\/uploads\/2017\/10\/585n-fuseau-.jpg?v=1698358912","type":"image\/jpeg"}],"twitter_card":"summary_large_image","twitter_misc":{"Availability":"In stock"},"schema":{"@context":"https:\/\/schema.org","@graph":[{"@type":"WebPage","@id":"https:\/\/amerikaantje.be\/product\/braambestendige-jacht-broek\/","url":"https:\/\/amerikaantje.be\/product\/braambestendige-jacht-broek\/","name":"Pantalon de chasse r\u00e9sistant \u00e0 la ronce - &#039;t Amerikaantje","isPartOf":{"@id":"https:\/\/amerikaantje.be\/#website"},"primaryImageOfPage":{"@id":"https:\/\/amerikaantje.be\/product\/braambestendige-jacht-broek\/#primaryimage"},"image":{"@id":"https:\/\/amerikaantje.be\/product\/braambestendige-jacht-broek\/#primaryimage"},"thumbnailUrl":"https:\/\/amerikaantje.be\/wp-content\/uploads\/2017\/10\/585n-fuseau-.jpg?v=1698358912","datePublished":"2017-10-05T14:59:37+00:00","dateModified":"2025-08-26T09:00:50+00:00","breadcrumb":{"@id":"https:\/\/amerikaantje.be\/product\/braambestendige-jacht-broek\/#breadcrumb"},"inLanguage":"fr-BE","potentialAction":[{"@type":"ReadAction","target":["https:\/\/amerikaantje.be\/product\/braambestendige-jacht-broek\/"]}]},{"@type":"ImageObject","inLanguage":"fr-BE","@id":"https:\/\/amerikaantje.be\/product\/braambestendige-jacht-broek\/#primaryimage","url":"https:\/\/amerikaantje.be\/wp-content\/uploads\/2017\/10\/585n-fuseau-.jpg?v=1698358912","contentUrl":"https:\/\/amerikaantje.be\/wp-content\/uploads\/2017\/10\/585n-fuseau-.jpg?v=1698358912","width":800,"height":800},{"@type":"BreadcrumbList","@id":"https:\/\/amerikaantje.be\/product\/braambestendige-jacht-broek\/#breadcrumb","itemListElement":[{"@type":"ListItem","position":1,"name":"Accueil","item":"https:\/\/amerikaantje.be\/"},{"@type":"ListItem","position":2,"name":"Webshop","item":"https:\/\/amerikaantje.be\/alle-producten\/"},{"@type":"ListItem","position":3,"name":"Braambestendige jachtbroek"}]},{"@type":"WebSite","@id":"https:\/\/amerikaantje.be\/#website","url":"https:\/\/amerikaantje.be\/","name":"&#039;t Amerikaantje","description":"&#039;ouvert le dimanche, supergoe et super bon march\u00e9 !","publisher":{"@id":"https:\/\/amerikaantje.be\/#organization"},"potentialAction":[{"@type":"SearchAction","target":{"@type":"EntryPoint","urlTemplate":"https:\/\/amerikaantje.be\/?s={search_term_string}"},"query-input":{"@type":"PropertyValueSpecification","valueRequired":true,"valueName":"search_term_string"}}],"inLanguage":"fr-BE"},{"@type":"Organization","@id":"https:\/\/amerikaantje.be\/#organization","name":"&#039;t Amerikaantje","url":"https:\/\/amerikaantje.be\/","logo":{"@type":"ImageObject","inLanguage":"fr-BE","@id":"https:\/\/amerikaantje.be\/#\/schema\/logo\/image\/","url":"https:\/\/amerikaantje.be\/wp-content\/uploads\/2023\/02\/amerikaantje-balk-logo-sterren-transparant.png?v=1703255686","contentUrl":"https:\/\/amerikaantje.be\/wp-content\/uploads\/2023\/02\/amerikaantje-balk-logo-sterren-transparant.png?v=1703255686","width":648,"height":343,"caption":"&#039;t Amerikaantje"},"image":{"@id":"https:\/\/amerikaantje.be\/#\/schema\/logo\/image\/"},"sameAs":["https:\/\/www.facebook.com\/t-Amerikaantje-151636621529042\/"]}]},"og_availability":"instock","product_availability":"instock","product_retailer_item_id":"585N","product_condition":"new"},"df_price":123,"df_sale_price":"","df_regular_price":123,"df_image_link":"https:\/\/amerikaantje.be\/wp-content\/uploads\/2017\/10\/585n-fuseau--300x300.jpg?v=1698358912","_links":{"self":[{"href":"https:\/\/amerikaantje.be\/fr\/wp-json\/wp\/v2\/product\/41851","targetHints":{"allow":["GET"]}}],"collection":[{"href":"https:\/\/amerikaantje.be\/fr\/wp-json\/wp\/v2\/product"}],"about":[{"href":"https:\/\/amerikaantje.be\/fr\/wp-json\/wp\/v2\/types\/product"}],"wp:featuredmedia":[{"embeddable":true,"href":"https:\/\/amerikaantje.be\/fr\/wp-json\/wp\/v2\/media\/41860"}],"wp:attachment":[{"href":"https:\/\/amerikaantje.be\/fr\/wp-json\/wp\/v2\/media?parent=41851"}],"wp:term":[{"taxonomy":"product_brand","embeddable":true,"href":"https:\/\/amerikaantje.be\/fr\/wp-json\/wp\/v2\/product_brand?post=41851"},{"taxonomy":"product_cat","embeddable":true,"href":"https:\/\/amerikaantje.be\/fr\/wp-json\/wp\/v2\/product_cat?post=41851"},{"taxonomy":"product_tag","embeddable":true,"href":"https:\/\/amerikaantje.be\/fr\/wp-json\/wp\/v2\/product_tag?post=41851"}],"curies":[{"name":"wp","href":"https:\/\/api.w.org\/{rel}","templated":true}]}}