{"id":41179,"date":"2017-09-30T12:12:44","date_gmt":"2017-09-30T12:12:44","guid":{"rendered":"https:\/\/amerikaantje.be\/?post_type=product&#038;p=41179\/"},"modified":"2023-03-06T20:26:39","modified_gmt":"2023-03-06T20:26:39","slug":"gezicht-sjaal-zwart","status":"publish","type":"product","link":"https:\/\/amerikaantje.be\/fr\/product\/gezicht-sjaal-zwart\/","title":{"rendered":"Foulard noir"},"content":{"rendered":"<p>Foulard en polyester 100%, adapt\u00e9 aux activit\u00e9s militaires, aux cyclistes, aux motocyclistes, entre autres...<\/p>\n<p>Cette \u00e9charpe prot\u00e8ge le visage, les oreilles et le nez, mais couvre \u00e9galement l'ensemble du cou gr\u00e2ce \u00e0 sa forme triangulaire.<\/p>\n<p>Un \u00e9lastique permet de maintenir l'\u00e9charpe bien en place, tandis que le tissu extensible et respirant assure le confort n\u00e9cessaire pour un port prolong\u00e9.<\/p>\n<p>Disponible en plusieurs mod\u00e8les<\/p>","protected":false},"excerpt":{"rendered":"<p>Gezicht sjaal in 100% polyester, onder meer geschikt voor militaire activiteiten, fietsers, motorrijders&#8230; Deze sjaal beschermt het gezicht, de oren en de neus, maar bedekt dankzij de driehoekige vorm ook de volledige nek. Een elastiek zorgt ervoor dat de sjaal netjes op z&#8217;n plaats blijft zitten, terwijl de elastische, ademende stof voor langere tijd het [&#8230;]\n","protected":false},"featured_media":41183,"template":"","meta":{"_acf_changed":false},"product_brand":[],"product_cat":[13299,13305],"product_tag":[1826],"class_list":{"0":"post-41179","1":"product","2":"type-product","3":"status-publish","4":"has-post-thumbnail","6":"product_cat-kleding","7":"product_cat-sjaals","8":"product_tag-winterkleding","10":"first","11":"instock","12":"taxable","13":"shipping-taxable","14":"purchasable","15":"product-type-simple"},"acf":[],"yoast_head":"<!-- This site is optimized with the Yoast SEO Premium plugin v27.6 (Yoast SEO v27.6) - https:\/\/yoast.com\/product\/yoast-seo-premium-wordpress\/ -->\n<title>Gezicht sjaal zwart - &#039;t Amerikaantje<\/title>\n<meta name=\"robots\" content=\"index, follow, max-snippet:-1, max-image-preview:large, max-video-preview:-1\" \/>\n<link rel=\"canonical\" href=\"https:\/\/amerikaantje.be\/fr\/product\/gezicht-sjaal-zwart\/\" \/>\n<meta property=\"og:locale\" content=\"fr_FR\" \/>\n<meta property=\"og:type\" content=\"article\" \/>\n<meta property=\"og:title\" content=\"Gezicht sjaal zwart\" \/>\n<meta property=\"og:description\" content=\"Gezicht sjaal in 100% polyester, onder meer geschikt voor militaire activiteiten, fietsers, motorrijders&#8230; Deze sjaal beschermt het gezicht, de oren en de neus, maar bedekt dankzij de driehoekige vorm ook de volledige nek. Een elastiek zorgt ervoor dat de sjaal netjes op z&#8217;n plaats blijft zitten, terwijl de elastische, ademende stof voor langere tijd het [...]\" \/>\n<meta property=\"og:url\" content=\"https:\/\/amerikaantje.be\/fr\/product\/gezicht-sjaal-zwart\/\" \/>\n<meta property=\"og:site_name\" content=\"&#039;t Amerikaantje\" \/>\n<meta property=\"article:publisher\" content=\"https:\/\/www.facebook.com\/t-Amerikaantje-151636621529042\/\" \/>\n<meta property=\"article:modified_time\" content=\"2023-03-06T20:26:39+00:00\" \/>\n<meta property=\"og:image\" content=\"https:\/\/amerikaantje.be\/wp-content\/uploads\/2017\/09\/12621002.png\" \/>\n\t<meta property=\"og:image:width\" content=\"630\" \/>\n\t<meta property=\"og:image:height\" content=\"774\" \/>\n\t<meta property=\"og:image:type\" content=\"image\/png\" \/>\n<meta name=\"twitter:card\" content=\"summary_large_image\" \/>\n<meta name=\"twitter:label1\" content=\"Price\" \/>\n\t<meta name=\"twitter:data1\" content=\"&euro;&nbsp;5,80\" \/>\n\t<meta name=\"twitter:label2\" content=\"Availability\" \/>\n\t<meta name=\"twitter:data2\" content=\"In stock\" \/>\n<script type=\"application\/ld+json\" class=\"yoast-schema-graph\">{\"@context\":\"https:\\\/\\\/schema.org\",\"@graph\":[{\"@type\":\"WebPage\",\"@id\":\"https:\\\/\\\/amerikaantje.be\\\/product\\\/gezicht-sjaal-zwart\\\/\",\"url\":\"https:\\\/\\\/amerikaantje.be\\\/product\\\/gezicht-sjaal-zwart\\\/\",\"name\":\"Gezicht sjaal zwart - &#039;t Amerikaantje\",\"isPartOf\":{\"@id\":\"https:\\\/\\\/amerikaantje.be\\\/#website\"},\"primaryImageOfPage\":{\"@id\":\"https:\\\/\\\/amerikaantje.be\\\/product\\\/gezicht-sjaal-zwart\\\/#primaryimage\"},\"image\":{\"@id\":\"https:\\\/\\\/amerikaantje.be\\\/product\\\/gezicht-sjaal-zwart\\\/#primaryimage\"},\"thumbnailUrl\":\"https:\\\/\\\/amerikaantje.be\\\/wp-content\\\/uploads\\\/2017\\\/09\\\/12621002.png\",\"datePublished\":\"2017-09-30T12:12:44+00:00\",\"dateModified\":\"2023-03-06T20:26:39+00:00\",\"breadcrumb\":{\"@id\":\"https:\\\/\\\/amerikaantje.be\\\/product\\\/gezicht-sjaal-zwart\\\/#breadcrumb\"},\"inLanguage\":\"fr-BE\",\"potentialAction\":[{\"@type\":\"ReadAction\",\"target\":[\"https:\\\/\\\/amerikaantje.be\\\/product\\\/gezicht-sjaal-zwart\\\/\"]}]},{\"@type\":\"ImageObject\",\"inLanguage\":\"fr-BE\",\"@id\":\"https:\\\/\\\/amerikaantje.be\\\/product\\\/gezicht-sjaal-zwart\\\/#primaryimage\",\"url\":\"https:\\\/\\\/amerikaantje.be\\\/wp-content\\\/uploads\\\/2017\\\/09\\\/12621002.png\",\"contentUrl\":\"https:\\\/\\\/amerikaantje.be\\\/wp-content\\\/uploads\\\/2017\\\/09\\\/12621002.png\",\"width\":630,\"height\":774},{\"@type\":\"BreadcrumbList\",\"@id\":\"https:\\\/\\\/amerikaantje.be\\\/product\\\/gezicht-sjaal-zwart\\\/#breadcrumb\",\"itemListElement\":[{\"@type\":\"ListItem\",\"position\":1,\"name\":\"Accueil\",\"item\":\"https:\\\/\\\/amerikaantje.be\\\/\"},{\"@type\":\"ListItem\",\"position\":2,\"name\":\"Webshop\",\"item\":\"https:\\\/\\\/amerikaantje.be\\\/alle-producten\\\/\"},{\"@type\":\"ListItem\",\"position\":3,\"name\":\"Gezicht sjaal zwart\"}]},{\"@type\":\"WebSite\",\"@id\":\"https:\\\/\\\/amerikaantje.be\\\/#website\",\"url\":\"https:\\\/\\\/amerikaantje.be\\\/\",\"name\":\"&#039;t Amerikaantje\",\"description\":\"&#039;s zondags open, supergoe en supergoeiekoop!\",\"publisher\":{\"@id\":\"https:\\\/\\\/amerikaantje.be\\\/#organization\"},\"potentialAction\":[{\"@type\":\"SearchAction\",\"target\":{\"@type\":\"EntryPoint\",\"urlTemplate\":\"https:\\\/\\\/amerikaantje.be\\\/?s={search_term_string}\"},\"query-input\":{\"@type\":\"PropertyValueSpecification\",\"valueRequired\":true,\"valueName\":\"search_term_string\"}}],\"inLanguage\":\"fr-BE\"},{\"@type\":\"Organization\",\"@id\":\"https:\\\/\\\/amerikaantje.be\\\/#organization\",\"name\":\"&#039;t Amerikaantje\",\"url\":\"https:\\\/\\\/amerikaantje.be\\\/\",\"logo\":{\"@type\":\"ImageObject\",\"inLanguage\":\"fr-BE\",\"@id\":\"https:\\\/\\\/amerikaantje.be\\\/#\\\/schema\\\/logo\\\/image\\\/\",\"url\":\"https:\\\/\\\/amerikaantje.be\\\/wp-content\\\/uploads\\\/2023\\\/02\\\/amerikaantje-balk-logo-sterren-transparant.png?v=1703255686\",\"contentUrl\":\"https:\\\/\\\/amerikaantje.be\\\/wp-content\\\/uploads\\\/2023\\\/02\\\/amerikaantje-balk-logo-sterren-transparant.png?v=1703255686\",\"width\":648,\"height\":343,\"caption\":\"&#039;t Amerikaantje\"},\"image\":{\"@id\":\"https:\\\/\\\/amerikaantje.be\\\/#\\\/schema\\\/logo\\\/image\\\/\"},\"sameAs\":[\"https:\\\/\\\/www.facebook.com\\\/t-Amerikaantje-151636621529042\\\/\"]}]}<\/script>\n<meta property=\"product:price:amount\" content=\"5.80\" \/>\n<meta property=\"product:price:currency\" content=\"EUR\" \/>\n<meta property=\"og:availability\" content=\"instock\" \/>\n<meta property=\"product:availability\" content=\"instock\" \/>\n<meta property=\"product:retailer_item_id\" content=\"12621002\" \/>\n<meta property=\"product:condition\" content=\"new\" \/>\n<!-- \/ Yoast SEO Premium plugin. -->","yoast_head_json":{"title":"Foulard noir - &#039;t Amerikaantje","robots":{"index":"index","follow":"follow","max-snippet":"max-snippet:-1","max-image-preview":"max-image-preview:large","max-video-preview":"max-video-preview:-1"},"canonical":"https:\/\/amerikaantje.be\/fr\/product\/gezicht-sjaal-zwart\/","og_locale":"fr_FR","og_type":"article","og_title":"Gezicht sjaal zwart","og_description":"Gezicht sjaal in 100% polyester, onder meer geschikt voor militaire activiteiten, fietsers, motorrijders&#8230; Deze sjaal beschermt het gezicht, de oren en de neus, maar bedekt dankzij de driehoekige vorm ook de volledige nek. Een elastiek zorgt ervoor dat de sjaal netjes op z&#8217;n plaats blijft zitten, terwijl de elastische, ademende stof voor langere tijd het [...]","og_url":"https:\/\/amerikaantje.be\/fr\/product\/gezicht-sjaal-zwart\/","og_site_name":"&#039;t Amerikaantje","article_publisher":"https:\/\/www.facebook.com\/t-Amerikaantje-151636621529042\/","article_modified_time":"2023-03-06T20:26:39+00:00","og_image":[{"width":630,"height":774,"url":"https:\/\/amerikaantje.be\/wp-content\/uploads\/2017\/09\/12621002.png","type":"image\/png"}],"twitter_card":"summary_large_image","twitter_misc":{"Price":"&euro;&nbsp;5,80","Availability":"In stock"},"schema":{"@context":"https:\/\/schema.org","@graph":[{"@type":"WebPage","@id":"https:\/\/amerikaantje.be\/product\/gezicht-sjaal-zwart\/","url":"https:\/\/amerikaantje.be\/product\/gezicht-sjaal-zwart\/","name":"Foulard noir - &#039;t Amerikaantje","isPartOf":{"@id":"https:\/\/amerikaantje.be\/#website"},"primaryImageOfPage":{"@id":"https:\/\/amerikaantje.be\/product\/gezicht-sjaal-zwart\/#primaryimage"},"image":{"@id":"https:\/\/amerikaantje.be\/product\/gezicht-sjaal-zwart\/#primaryimage"},"thumbnailUrl":"https:\/\/amerikaantje.be\/wp-content\/uploads\/2017\/09\/12621002.png","datePublished":"2017-09-30T12:12:44+00:00","dateModified":"2023-03-06T20:26:39+00:00","breadcrumb":{"@id":"https:\/\/amerikaantje.be\/product\/gezicht-sjaal-zwart\/#breadcrumb"},"inLanguage":"fr-BE","potentialAction":[{"@type":"ReadAction","target":["https:\/\/amerikaantje.be\/product\/gezicht-sjaal-zwart\/"]}]},{"@type":"ImageObject","inLanguage":"fr-BE","@id":"https:\/\/amerikaantje.be\/product\/gezicht-sjaal-zwart\/#primaryimage","url":"https:\/\/amerikaantje.be\/wp-content\/uploads\/2017\/09\/12621002.png","contentUrl":"https:\/\/amerikaantje.be\/wp-content\/uploads\/2017\/09\/12621002.png","width":630,"height":774},{"@type":"BreadcrumbList","@id":"https:\/\/amerikaantje.be\/product\/gezicht-sjaal-zwart\/#breadcrumb","itemListElement":[{"@type":"ListItem","position":1,"name":"Accueil","item":"https:\/\/amerikaantje.be\/"},{"@type":"ListItem","position":2,"name":"Webshop","item":"https:\/\/amerikaantje.be\/alle-producten\/"},{"@type":"ListItem","position":3,"name":"Gezicht sjaal zwart"}]},{"@type":"WebSite","@id":"https:\/\/amerikaantje.be\/#website","url":"https:\/\/amerikaantje.be\/","name":"&#039;t Amerikaantje","description":"&#039;ouvert le dimanche, supergoe et super bon march\u00e9 !","publisher":{"@id":"https:\/\/amerikaantje.be\/#organization"},"potentialAction":[{"@type":"SearchAction","target":{"@type":"EntryPoint","urlTemplate":"https:\/\/amerikaantje.be\/?s={search_term_string}"},"query-input":{"@type":"PropertyValueSpecification","valueRequired":true,"valueName":"search_term_string"}}],"inLanguage":"fr-BE"},{"@type":"Organization","@id":"https:\/\/amerikaantje.be\/#organization","name":"&#039;t Amerikaantje","url":"https:\/\/amerikaantje.be\/","logo":{"@type":"ImageObject","inLanguage":"fr-BE","@id":"https:\/\/amerikaantje.be\/#\/schema\/logo\/image\/","url":"https:\/\/amerikaantje.be\/wp-content\/uploads\/2023\/02\/amerikaantje-balk-logo-sterren-transparant.png?v=1703255686","contentUrl":"https:\/\/amerikaantje.be\/wp-content\/uploads\/2023\/02\/amerikaantje-balk-logo-sterren-transparant.png?v=1703255686","width":648,"height":343,"caption":"&#039;t Amerikaantje"},"image":{"@id":"https:\/\/amerikaantje.be\/#\/schema\/logo\/image\/"},"sameAs":["https:\/\/www.facebook.com\/t-Amerikaantje-151636621529042\/"]}]},"product_price_amount":"5.80","product_price_currency":"EUR","og_availability":"instock","product_availability":"instock","product_retailer_item_id":"12621002","product_condition":"new"},"df_price":5.8,"df_sale_price":"","df_regular_price":5.8,"df_image_link":"https:\/\/amerikaantje.be\/wp-content\/uploads\/2017\/09\/12621002-244x300.png","_links":{"self":[{"href":"https:\/\/amerikaantje.be\/fr\/wp-json\/wp\/v2\/product\/41179","targetHints":{"allow":["GET"]}}],"collection":[{"href":"https:\/\/amerikaantje.be\/fr\/wp-json\/wp\/v2\/product"}],"about":[{"href":"https:\/\/amerikaantje.be\/fr\/wp-json\/wp\/v2\/types\/product"}],"wp:featuredmedia":[{"embeddable":true,"href":"https:\/\/amerikaantje.be\/fr\/wp-json\/wp\/v2\/media\/41183"}],"wp:attachment":[{"href":"https:\/\/amerikaantje.be\/fr\/wp-json\/wp\/v2\/media?parent=41179"}],"wp:term":[{"taxonomy":"product_brand","embeddable":true,"href":"https:\/\/amerikaantje.be\/fr\/wp-json\/wp\/v2\/product_brand?post=41179"},{"taxonomy":"product_cat","embeddable":true,"href":"https:\/\/amerikaantje.be\/fr\/wp-json\/wp\/v2\/product_cat?post=41179"},{"taxonomy":"product_tag","embeddable":true,"href":"https:\/\/amerikaantje.be\/fr\/wp-json\/wp\/v2\/product_tag?post=41179"}],"curies":[{"name":"wp","href":"https:\/\/api.w.org\/{rel}","templated":true}]}}