{"id":39134,"date":"2017-07-29T15:53:16","date_gmt":"2017-07-29T15:53:16","guid":{"rendered":"https:\/\/amerikaantje.be\/?post_type=product&#038;p=39134\/"},"modified":"2025-03-12T09:45:51","modified_gmt":"2025-03-12T08:45:51","slug":"coyote-paracord-lanyard","status":"publish","type":"product","link":"https:\/\/amerikaantje.be\/fr\/product\/coyote-paracord-lanyard\/","title":{"rendered":"CORDON PARACORDE COYOTE"},"content":{"rendered":"<p>Sangle de transport polyvalente avec paracorde, id\u00e9ale pour la traite, la survie et le bushcraft.<\/p>\n<p>Cette sangle de transport pratique comporte une section de para-corde tress\u00e9e, qui peut \u00eatre utilis\u00e9e rapidement \u00e0 diverses fins en cas d'urgence. L'appareil est \u00e9galement \u00e9quip\u00e9 d'un grand mousqueton, auquel on peut accrocher divers objets (tasse, boussole, cl\u00e9s...) La fermeture \u00e0 bouchon permet de lib\u00e9rer rapidement la ceinture.<\/p>\n<p><strong>FEATURES<\/strong><\/p>\n<ul>\n<li>Mat\u00e9riau de la sangle de transport : polyester 100%<\/li>\n<li>Mat\u00e9riau du mousqueton : aluminium 100%<\/li>\n<li>Longueur : 57 cm<\/li>\n<li>Longueur de la paracorde (ouverte) : 260 cm<\/li>\n<li>Couleur : coyote<\/li>\n<\/ul>\n<p>&nbsp;<\/p>\n<p>&nbsp;<\/p>","protected":false},"excerpt":{"rendered":"<p>Veelzijdige draagriem met parakoord, uitermate geschikt voor miliciens, survival en bushcraft. Deze handige draagriem heeft een gedeelte van gevlochten paratouw, dat in geval van nood snel voor allerlei doeleinden kan worden ingezet. Het geheel is tevens uitgerust met een grote karabijnhaak, waaraan diverse items kunnen opgehangen worden (beker, kompas, sleutels&#8230;) De plugsluiting maakt het mogelijk [&#8230;]\n","protected":false},"featured_media":39135,"template":"","meta":{"_acf_changed":false},"product_brand":[],"product_cat":[13514],"product_tag":[1814],"class_list":{"0":"post-39134","1":"product","2":"type-product","3":"status-publish","4":"has-post-thumbnail","6":"product_cat-tactical-gaming","7":"product_tag-milicien","9":"first","10":"instock","11":"taxable","12":"shipping-taxable","13":"purchasable","14":"product-type-simple"},"acf":[],"yoast_head":"<!-- This site is optimized with the Yoast SEO Premium plugin v27.6 (Yoast SEO v27.6) - https:\/\/yoast.com\/product\/yoast-seo-premium-wordpress\/ -->\n<title>COYOTE PARACORD LANYARD - &#039;t Amerikaantje<\/title>\n<meta name=\"robots\" content=\"index, follow, max-snippet:-1, max-image-preview:large, max-video-preview:-1\" \/>\n<link rel=\"canonical\" href=\"https:\/\/amerikaantje.be\/fr\/product\/coyote-paracord-lanyard\/\" \/>\n<meta property=\"og:locale\" content=\"fr_FR\" \/>\n<meta property=\"og:type\" content=\"article\" \/>\n<meta property=\"og:title\" content=\"COYOTE PARACORD LANYARD\" \/>\n<meta property=\"og:description\" content=\"Veelzijdige draagriem met parakoord, uitermate geschikt voor miliciens, survival en bushcraft. Deze handige draagriem heeft een gedeelte van gevlochten paratouw, dat in geval van nood snel voor allerlei doeleinden kan worden ingezet. Het geheel is tevens uitgerust met een grote karabijnhaak, waaraan diverse items kunnen opgehangen worden (beker, kompas, sleutels&#8230;) De plugsluiting maakt het mogelijk [...]\" \/>\n<meta property=\"og:url\" content=\"https:\/\/amerikaantje.be\/fr\/product\/coyote-paracord-lanyard\/\" \/>\n<meta property=\"og:site_name\" content=\"&#039;t Amerikaantje\" \/>\n<meta property=\"article:publisher\" content=\"https:\/\/www.facebook.com\/t-Amerikaantje-151636621529042\/\" \/>\n<meta property=\"article:modified_time\" content=\"2025-03-12T08:45:51+00:00\" \/>\n<meta property=\"og:image\" content=\"https:\/\/amerikaantje.be\/wp-content\/uploads\/2017\/07\/15931505.png\" \/>\n\t<meta property=\"og:image:width\" content=\"463\" \/>\n\t<meta property=\"og:image:height\" content=\"663\" \/>\n\t<meta property=\"og:image:type\" content=\"image\/png\" \/>\n<meta name=\"twitter:card\" content=\"summary_large_image\" \/>\n<meta name=\"twitter:label1\" content=\"Price\" \/>\n\t<meta name=\"twitter:data1\" content=\"&euro;&nbsp;3,50\" \/>\n\t<meta name=\"twitter:label2\" content=\"Availability\" \/>\n\t<meta name=\"twitter:data2\" content=\"In stock\" \/>\n<script type=\"application\/ld+json\" class=\"yoast-schema-graph\">{\"@context\":\"https:\\\/\\\/schema.org\",\"@graph\":[{\"@type\":\"WebPage\",\"@id\":\"https:\\\/\\\/amerikaantje.be\\\/product\\\/coyote-paracord-lanyard\\\/\",\"url\":\"https:\\\/\\\/amerikaantje.be\\\/product\\\/coyote-paracord-lanyard\\\/\",\"name\":\"COYOTE PARACORD LANYARD - &#039;t Amerikaantje\",\"isPartOf\":{\"@id\":\"https:\\\/\\\/amerikaantje.be\\\/#website\"},\"primaryImageOfPage\":{\"@id\":\"https:\\\/\\\/amerikaantje.be\\\/product\\\/coyote-paracord-lanyard\\\/#primaryimage\"},\"image\":{\"@id\":\"https:\\\/\\\/amerikaantje.be\\\/product\\\/coyote-paracord-lanyard\\\/#primaryimage\"},\"thumbnailUrl\":\"https:\\\/\\\/amerikaantje.be\\\/wp-content\\\/uploads\\\/2017\\\/07\\\/15931505.png\",\"datePublished\":\"2017-07-29T15:53:16+00:00\",\"dateModified\":\"2025-03-12T08:45:51+00:00\",\"breadcrumb\":{\"@id\":\"https:\\\/\\\/amerikaantje.be\\\/product\\\/coyote-paracord-lanyard\\\/#breadcrumb\"},\"inLanguage\":\"fr-BE\",\"potentialAction\":[{\"@type\":\"ReadAction\",\"target\":[\"https:\\\/\\\/amerikaantje.be\\\/product\\\/coyote-paracord-lanyard\\\/\"]}]},{\"@type\":\"ImageObject\",\"inLanguage\":\"fr-BE\",\"@id\":\"https:\\\/\\\/amerikaantje.be\\\/product\\\/coyote-paracord-lanyard\\\/#primaryimage\",\"url\":\"https:\\\/\\\/amerikaantje.be\\\/wp-content\\\/uploads\\\/2017\\\/07\\\/15931505.png\",\"contentUrl\":\"https:\\\/\\\/amerikaantje.be\\\/wp-content\\\/uploads\\\/2017\\\/07\\\/15931505.png\",\"width\":463,\"height\":663},{\"@type\":\"BreadcrumbList\",\"@id\":\"https:\\\/\\\/amerikaantje.be\\\/product\\\/coyote-paracord-lanyard\\\/#breadcrumb\",\"itemListElement\":[{\"@type\":\"ListItem\",\"position\":1,\"name\":\"Accueil\",\"item\":\"https:\\\/\\\/amerikaantje.be\\\/\"},{\"@type\":\"ListItem\",\"position\":2,\"name\":\"Webshop\",\"item\":\"https:\\\/\\\/amerikaantje.be\\\/alle-producten\\\/\"},{\"@type\":\"ListItem\",\"position\":3,\"name\":\"COYOTE PARACORD LANYARD\"}]},{\"@type\":\"WebSite\",\"@id\":\"https:\\\/\\\/amerikaantje.be\\\/#website\",\"url\":\"https:\\\/\\\/amerikaantje.be\\\/\",\"name\":\"&#039;t Amerikaantje\",\"description\":\"&#039;s zondags open, supergoe en supergoeiekoop!\",\"publisher\":{\"@id\":\"https:\\\/\\\/amerikaantje.be\\\/#organization\"},\"potentialAction\":[{\"@type\":\"SearchAction\",\"target\":{\"@type\":\"EntryPoint\",\"urlTemplate\":\"https:\\\/\\\/amerikaantje.be\\\/?s={search_term_string}\"},\"query-input\":{\"@type\":\"PropertyValueSpecification\",\"valueRequired\":true,\"valueName\":\"search_term_string\"}}],\"inLanguage\":\"fr-BE\"},{\"@type\":\"Organization\",\"@id\":\"https:\\\/\\\/amerikaantje.be\\\/#organization\",\"name\":\"&#039;t Amerikaantje\",\"url\":\"https:\\\/\\\/amerikaantje.be\\\/\",\"logo\":{\"@type\":\"ImageObject\",\"inLanguage\":\"fr-BE\",\"@id\":\"https:\\\/\\\/amerikaantje.be\\\/#\\\/schema\\\/logo\\\/image\\\/\",\"url\":\"https:\\\/\\\/amerikaantje.be\\\/wp-content\\\/uploads\\\/2023\\\/02\\\/amerikaantje-balk-logo-sterren-transparant.png?v=1703255686\",\"contentUrl\":\"https:\\\/\\\/amerikaantje.be\\\/wp-content\\\/uploads\\\/2023\\\/02\\\/amerikaantje-balk-logo-sterren-transparant.png?v=1703255686\",\"width\":648,\"height\":343,\"caption\":\"&#039;t Amerikaantje\"},\"image\":{\"@id\":\"https:\\\/\\\/amerikaantje.be\\\/#\\\/schema\\\/logo\\\/image\\\/\"},\"sameAs\":[\"https:\\\/\\\/www.facebook.com\\\/t-Amerikaantje-151636621529042\\\/\"]}]}<\/script>\n<meta property=\"product:price:amount\" content=\"3.50\" \/>\n<meta property=\"product:price:currency\" content=\"EUR\" \/>\n<meta property=\"og:availability\" content=\"instock\" \/>\n<meta property=\"product:availability\" content=\"instock\" \/>\n<meta property=\"product:retailer_item_id\" content=\"15931505\" \/>\n<meta property=\"product:condition\" content=\"new\" \/>\n<!-- \/ Yoast SEO Premium plugin. -->","yoast_head_json":{"title":"COYOTE PARACORD LANYARD - &#039;t Amerikaantje","robots":{"index":"index","follow":"follow","max-snippet":"max-snippet:-1","max-image-preview":"max-image-preview:large","max-video-preview":"max-video-preview:-1"},"canonical":"https:\/\/amerikaantje.be\/fr\/product\/coyote-paracord-lanyard\/","og_locale":"fr_FR","og_type":"article","og_title":"COYOTE PARACORD LANYARD","og_description":"Veelzijdige draagriem met parakoord, uitermate geschikt voor miliciens, survival en bushcraft. Deze handige draagriem heeft een gedeelte van gevlochten paratouw, dat in geval van nood snel voor allerlei doeleinden kan worden ingezet. Het geheel is tevens uitgerust met een grote karabijnhaak, waaraan diverse items kunnen opgehangen worden (beker, kompas, sleutels&#8230;) De plugsluiting maakt het mogelijk [...]","og_url":"https:\/\/amerikaantje.be\/fr\/product\/coyote-paracord-lanyard\/","og_site_name":"&#039;t Amerikaantje","article_publisher":"https:\/\/www.facebook.com\/t-Amerikaantje-151636621529042\/","article_modified_time":"2025-03-12T08:45:51+00:00","og_image":[{"width":463,"height":663,"url":"https:\/\/amerikaantje.be\/wp-content\/uploads\/2017\/07\/15931505.png","type":"image\/png"}],"twitter_card":"summary_large_image","twitter_misc":{"Price":"&euro;&nbsp;3,50","Availability":"In stock"},"schema":{"@context":"https:\/\/schema.org","@graph":[{"@type":"WebPage","@id":"https:\/\/amerikaantje.be\/product\/coyote-paracord-lanyard\/","url":"https:\/\/amerikaantje.be\/product\/coyote-paracord-lanyard\/","name":"COYOTE PARACORD LANYARD - &#039;t Amerikaantje","isPartOf":{"@id":"https:\/\/amerikaantje.be\/#website"},"primaryImageOfPage":{"@id":"https:\/\/amerikaantje.be\/product\/coyote-paracord-lanyard\/#primaryimage"},"image":{"@id":"https:\/\/amerikaantje.be\/product\/coyote-paracord-lanyard\/#primaryimage"},"thumbnailUrl":"https:\/\/amerikaantje.be\/wp-content\/uploads\/2017\/07\/15931505.png","datePublished":"2017-07-29T15:53:16+00:00","dateModified":"2025-03-12T08:45:51+00:00","breadcrumb":{"@id":"https:\/\/amerikaantje.be\/product\/coyote-paracord-lanyard\/#breadcrumb"},"inLanguage":"fr-BE","potentialAction":[{"@type":"ReadAction","target":["https:\/\/amerikaantje.be\/product\/coyote-paracord-lanyard\/"]}]},{"@type":"ImageObject","inLanguage":"fr-BE","@id":"https:\/\/amerikaantje.be\/product\/coyote-paracord-lanyard\/#primaryimage","url":"https:\/\/amerikaantje.be\/wp-content\/uploads\/2017\/07\/15931505.png","contentUrl":"https:\/\/amerikaantje.be\/wp-content\/uploads\/2017\/07\/15931505.png","width":463,"height":663},{"@type":"BreadcrumbList","@id":"https:\/\/amerikaantje.be\/product\/coyote-paracord-lanyard\/#breadcrumb","itemListElement":[{"@type":"ListItem","position":1,"name":"Accueil","item":"https:\/\/amerikaantje.be\/"},{"@type":"ListItem","position":2,"name":"Webshop","item":"https:\/\/amerikaantje.be\/alle-producten\/"},{"@type":"ListItem","position":3,"name":"COYOTE PARACORD LANYARD"}]},{"@type":"WebSite","@id":"https:\/\/amerikaantje.be\/#website","url":"https:\/\/amerikaantje.be\/","name":"&#039;t Amerikaantje","description":"&#039;ouvert le dimanche, supergoe et super bon march\u00e9 !","publisher":{"@id":"https:\/\/amerikaantje.be\/#organization"},"potentialAction":[{"@type":"SearchAction","target":{"@type":"EntryPoint","urlTemplate":"https:\/\/amerikaantje.be\/?s={search_term_string}"},"query-input":{"@type":"PropertyValueSpecification","valueRequired":true,"valueName":"search_term_string"}}],"inLanguage":"fr-BE"},{"@type":"Organization","@id":"https:\/\/amerikaantje.be\/#organization","name":"&#039;t Amerikaantje","url":"https:\/\/amerikaantje.be\/","logo":{"@type":"ImageObject","inLanguage":"fr-BE","@id":"https:\/\/amerikaantje.be\/#\/schema\/logo\/image\/","url":"https:\/\/amerikaantje.be\/wp-content\/uploads\/2023\/02\/amerikaantje-balk-logo-sterren-transparant.png?v=1703255686","contentUrl":"https:\/\/amerikaantje.be\/wp-content\/uploads\/2023\/02\/amerikaantje-balk-logo-sterren-transparant.png?v=1703255686","width":648,"height":343,"caption":"&#039;t Amerikaantje"},"image":{"@id":"https:\/\/amerikaantje.be\/#\/schema\/logo\/image\/"},"sameAs":["https:\/\/www.facebook.com\/t-Amerikaantje-151636621529042\/"]}]},"product_price_amount":"3.50","product_price_currency":"EUR","og_availability":"instock","product_availability":"instock","product_retailer_item_id":"15931505","product_condition":"new"},"df_price":3.5,"df_sale_price":"","df_regular_price":3.5,"df_image_link":"https:\/\/amerikaantje.be\/wp-content\/uploads\/2017\/07\/15931505-210x300.png","_links":{"self":[{"href":"https:\/\/amerikaantje.be\/fr\/wp-json\/wp\/v2\/product\/39134","targetHints":{"allow":["GET"]}}],"collection":[{"href":"https:\/\/amerikaantje.be\/fr\/wp-json\/wp\/v2\/product"}],"about":[{"href":"https:\/\/amerikaantje.be\/fr\/wp-json\/wp\/v2\/types\/product"}],"wp:featuredmedia":[{"embeddable":true,"href":"https:\/\/amerikaantje.be\/fr\/wp-json\/wp\/v2\/media\/39135"}],"wp:attachment":[{"href":"https:\/\/amerikaantje.be\/fr\/wp-json\/wp\/v2\/media?parent=39134"}],"wp:term":[{"taxonomy":"product_brand","embeddable":true,"href":"https:\/\/amerikaantje.be\/fr\/wp-json\/wp\/v2\/product_brand?post=39134"},{"taxonomy":"product_cat","embeddable":true,"href":"https:\/\/amerikaantje.be\/fr\/wp-json\/wp\/v2\/product_cat?post=39134"},{"taxonomy":"product_tag","embeddable":true,"href":"https:\/\/amerikaantje.be\/fr\/wp-json\/wp\/v2\/product_tag?post=39134"}],"curies":[{"name":"wp","href":"https:\/\/api.w.org\/{rel}","templated":true}]}}