{"id":19741,"date":"2017-04-08T12:07:13","date_gmt":"2017-04-08T12:07:13","guid":{"rendered":"https:\/\/amerikaantje.be\/?post_type=product&#038;p=19741"},"modified":"2025-08-26T16:37:55","modified_gmt":"2025-08-26T14:37:55","slug":"inlegzool-letex","status":"publish","type":"product","link":"https:\/\/amerikaantje.be\/fr\/produit\/inlegzool-letex\/","title":{"rendered":"semelles letex"},"content":{"rendered":"<p>Semelle int\u00e9rieure en Letex, tr\u00e8s adapt\u00e9e aux randonneurs.<\/p>\n<p>Cette semelle \u00e0 double usage permet de garder vos chaussures au chaud en hiver et au frais en \u00e9t\u00e9.<\/p>\n<p>La semelle int\u00e9rieure Letex est en cuir doubl\u00e9, ce qui permet de garder vos pieds secs et frais en \u00e9t\u00e9. Retournez-les pour l'hiver, et le feutre gardera vos pieds au chaud.<\/p>\n<p>La perforation permet une meilleure circulation de l'air \u00e0 l'int\u00e9rieur de la chaussure.<\/p>","protected":false},"excerpt":{"rendered":"<p>Letex inlegzool, uitermate geschikt voor wandelaars. Deze dual-use binnenzool houdt je stappers warm in de winter en koel in de zomer. De Letex inlegzool is gemaakt van gevoerd leder, waardoor je voeten droog en fris blijven in de zomer. Draai je ze om voor de winter, dan houdt het vilt je voeten warm. De perforatie [&#8230;]\n","protected":false},"featured_media":19809,"template":"","meta":{"_acf_changed":false},"product_brand":[],"product_cat":[13335,13334],"product_tag":[1824],"class_list":{"0":"post-19741","1":"product","2":"type-product","3":"status-publish","4":"has-post-thumbnail","6":"product_cat-schoen-accessoires","7":"product_cat-schoenen","8":"product_tag-wandelen","9":"pa_maat-420","10":"pa_maat-421","11":"pa_maat-409","12":"pa_maat-422","13":"pa_maat-423","14":"pa_maat-424","15":"pa_maat-425","16":"pa_maat-426","17":"pa_maat-411","18":"pa_maat-427","19":"pa_maat-428","20":"pa_maat-429","21":"pa_merk-debe","23":"first","24":"instock","25":"taxable","26":"shipping-taxable","27":"purchasable","28":"product-type-variable"},"acf":[],"yoast_head":"<!-- This site is optimized with the Yoast SEO Premium plugin v27.2 (Yoast SEO v27.2) - https:\/\/yoast.com\/product\/yoast-seo-premium-wordpress\/ -->\n<title>inlegzool letex - &#039;t Amerikaantje<\/title>\n<meta name=\"robots\" content=\"index, follow, max-snippet:-1, max-image-preview:large, max-video-preview:-1\" \/>\n<link rel=\"canonical\" href=\"https:\/\/amerikaantje.be\/fr\/produit\/inlegzool-letex\/\" \/>\n<meta property=\"og:locale\" content=\"fr_FR\" \/>\n<meta property=\"og:type\" content=\"article\" \/>\n<meta property=\"og:title\" content=\"inlegzool letex\" \/>\n<meta property=\"og:description\" content=\"Letex inlegzool, uitermate geschikt voor wandelaars. Deze dual-use binnenzool houdt je stappers warm in de winter en koel in de zomer. De Letex inlegzool is gemaakt van gevoerd leder, waardoor je voeten droog en fris blijven in de zomer. Draai je ze om voor de winter, dan houdt het vilt je voeten warm. De perforatie [...]\" \/>\n<meta property=\"og:url\" content=\"https:\/\/amerikaantje.be\/fr\/produit\/inlegzool-letex\/\" \/>\n<meta property=\"og:site_name\" content=\"&#039;t Amerikaantje\" \/>\n<meta property=\"article:publisher\" content=\"https:\/\/www.facebook.com\/t-Amerikaantje-151636621529042\/\" \/>\n<meta property=\"article:modified_time\" content=\"2025-08-26T14:37:55+00:00\" \/>\n<meta property=\"og:image\" content=\"https:\/\/amerikaantje.be\/wp-content\/uploads\/2017\/04\/inlegzool-letex.jpg?v=1698366299\" \/>\n\t<meta property=\"og:image:width\" content=\"500\" \/>\n\t<meta property=\"og:image:height\" content=\"500\" \/>\n\t<meta property=\"og:image:type\" content=\"image\/jpeg\" \/>\n<meta name=\"twitter:card\" content=\"summary_large_image\" \/>\n<meta name=\"twitter:label1\" content=\"Availability\" \/>\n\t<meta name=\"twitter:data1\" content=\"In stock\" \/>\n<script type=\"application\/ld+json\" class=\"yoast-schema-graph\">{\"@context\":\"https:\/\/schema.org\",\"@graph\":[{\"@type\":\"WebPage\",\"@id\":\"https:\/\/amerikaantje.be\/product\/inlegzool-letex\/\",\"url\":\"https:\/\/amerikaantje.be\/product\/inlegzool-letex\/\",\"name\":\"inlegzool letex - &#039;t Amerikaantje\",\"isPartOf\":{\"@id\":\"https:\/\/amerikaantje.be\/#website\"},\"primaryImageOfPage\":{\"@id\":\"https:\/\/amerikaantje.be\/product\/inlegzool-letex\/#primaryimage\"},\"image\":{\"@id\":\"https:\/\/amerikaantje.be\/product\/inlegzool-letex\/#primaryimage\"},\"thumbnailUrl\":\"https:\/\/amerikaantje.be\/wp-content\/uploads\/2017\/04\/inlegzool-letex.jpg?v=1698366299\",\"datePublished\":\"2017-04-08T12:07:13+00:00\",\"dateModified\":\"2025-08-26T14:37:55+00:00\",\"breadcrumb\":{\"@id\":\"https:\/\/amerikaantje.be\/product\/inlegzool-letex\/#breadcrumb\"},\"inLanguage\":\"fr-BE\",\"potentialAction\":[{\"@type\":\"ReadAction\",\"target\":[\"https:\/\/amerikaantje.be\/product\/inlegzool-letex\/\"]}]},{\"@type\":\"ImageObject\",\"inLanguage\":\"fr-BE\",\"@id\":\"https:\/\/amerikaantje.be\/product\/inlegzool-letex\/#primaryimage\",\"url\":\"https:\/\/amerikaantje.be\/wp-content\/uploads\/2017\/04\/inlegzool-letex.jpg?v=1698366299\",\"contentUrl\":\"https:\/\/amerikaantje.be\/wp-content\/uploads\/2017\/04\/inlegzool-letex.jpg?v=1698366299\",\"width\":500,\"height\":500},{\"@type\":\"BreadcrumbList\",\"@id\":\"https:\/\/amerikaantje.be\/product\/inlegzool-letex\/#breadcrumb\",\"itemListElement\":[{\"@type\":\"ListItem\",\"position\":1,\"name\":\"Accueil\",\"item\":\"https:\/\/amerikaantje.be\/\"},{\"@type\":\"ListItem\",\"position\":2,\"name\":\"Webshop\",\"item\":\"https:\/\/amerikaantje.be\/alle-producten\/\"},{\"@type\":\"ListItem\",\"position\":3,\"name\":\"inlegzool letex\"}]},{\"@type\":\"WebSite\",\"@id\":\"https:\/\/amerikaantje.be\/#website\",\"url\":\"https:\/\/amerikaantje.be\/\",\"name\":\"&#039;t Amerikaantje\",\"description\":\"&#039;s zondags open, supergoe en supergoeiekoop!\",\"publisher\":{\"@id\":\"https:\/\/amerikaantje.be\/#organization\"},\"potentialAction\":[{\"@type\":\"SearchAction\",\"target\":{\"@type\":\"EntryPoint\",\"urlTemplate\":\"https:\/\/amerikaantje.be\/?s={search_term_string}\"},\"query-input\":{\"@type\":\"PropertyValueSpecification\",\"valueRequired\":true,\"valueName\":\"search_term_string\"}}],\"inLanguage\":\"fr-BE\"},{\"@type\":\"Organization\",\"@id\":\"https:\/\/amerikaantje.be\/#organization\",\"name\":\"&#039;t Amerikaantje\",\"url\":\"https:\/\/amerikaantje.be\/\",\"logo\":{\"@type\":\"ImageObject\",\"inLanguage\":\"fr-BE\",\"@id\":\"https:\/\/amerikaantje.be\/#\/schema\/logo\/image\/\",\"url\":\"https:\/\/amerikaantje.be\/wp-content\/uploads\/2023\/02\/amerikaantje-balk-logo-sterren-transparant.png?v=1703255686\",\"contentUrl\":\"https:\/\/amerikaantje.be\/wp-content\/uploads\/2023\/02\/amerikaantje-balk-logo-sterren-transparant.png?v=1703255686\",\"width\":648,\"height\":343,\"caption\":\"&#039;t Amerikaantje\"},\"image\":{\"@id\":\"https:\/\/amerikaantje.be\/#\/schema\/logo\/image\/\"},\"sameAs\":[\"https:\/\/www.facebook.com\/t-Amerikaantje-151636621529042\/\"]}]}<\/script>\n<meta property=\"og:availability\" content=\"instock\" \/>\n<meta property=\"product:availability\" content=\"instock\" \/>\n<meta property=\"product:retailer_item_id\" content=\"11\" \/>\n<meta property=\"product:condition\" content=\"new\" \/>\n<!-- \/ Yoast SEO Premium plugin. -->","yoast_head_json":{"title":"semelles letex - &#039;t Amerikaantje","robots":{"index":"index","follow":"follow","max-snippet":"max-snippet:-1","max-image-preview":"max-image-preview:large","max-video-preview":"max-video-preview:-1"},"canonical":"https:\/\/amerikaantje.be\/fr\/produit\/inlegzool-letex\/","og_locale":"fr_FR","og_type":"article","og_title":"inlegzool letex","og_description":"Letex inlegzool, uitermate geschikt voor wandelaars. Deze dual-use binnenzool houdt je stappers warm in de winter en koel in de zomer. De Letex inlegzool is gemaakt van gevoerd leder, waardoor je voeten droog en fris blijven in de zomer. Draai je ze om voor de winter, dan houdt het vilt je voeten warm. De perforatie [...]","og_url":"https:\/\/amerikaantje.be\/fr\/produit\/inlegzool-letex\/","og_site_name":"&#039;t Amerikaantje","article_publisher":"https:\/\/www.facebook.com\/t-Amerikaantje-151636621529042\/","article_modified_time":"2025-08-26T14:37:55+00:00","og_image":[{"width":500,"height":500,"url":"https:\/\/amerikaantje.be\/wp-content\/uploads\/2017\/04\/inlegzool-letex.jpg?v=1698366299","type":"image\/jpeg"}],"twitter_card":"summary_large_image","twitter_misc":{"Availability":"In stock"},"schema":{"@context":"https:\/\/schema.org","@graph":[{"@type":"WebPage","@id":"https:\/\/amerikaantje.be\/product\/inlegzool-letex\/","url":"https:\/\/amerikaantje.be\/product\/inlegzool-letex\/","name":"semelles letex - &#039;t Amerikaantje","isPartOf":{"@id":"https:\/\/amerikaantje.be\/#website"},"primaryImageOfPage":{"@id":"https:\/\/amerikaantje.be\/product\/inlegzool-letex\/#primaryimage"},"image":{"@id":"https:\/\/amerikaantje.be\/product\/inlegzool-letex\/#primaryimage"},"thumbnailUrl":"https:\/\/amerikaantje.be\/wp-content\/uploads\/2017\/04\/inlegzool-letex.jpg?v=1698366299","datePublished":"2017-04-08T12:07:13+00:00","dateModified":"2025-08-26T14:37:55+00:00","breadcrumb":{"@id":"https:\/\/amerikaantje.be\/product\/inlegzool-letex\/#breadcrumb"},"inLanguage":"fr-BE","potentialAction":[{"@type":"ReadAction","target":["https:\/\/amerikaantje.be\/product\/inlegzool-letex\/"]}]},{"@type":"ImageObject","inLanguage":"fr-BE","@id":"https:\/\/amerikaantje.be\/product\/inlegzool-letex\/#primaryimage","url":"https:\/\/amerikaantje.be\/wp-content\/uploads\/2017\/04\/inlegzool-letex.jpg?v=1698366299","contentUrl":"https:\/\/amerikaantje.be\/wp-content\/uploads\/2017\/04\/inlegzool-letex.jpg?v=1698366299","width":500,"height":500},{"@type":"BreadcrumbList","@id":"https:\/\/amerikaantje.be\/product\/inlegzool-letex\/#breadcrumb","itemListElement":[{"@type":"ListItem","position":1,"name":"Accueil","item":"https:\/\/amerikaantje.be\/"},{"@type":"ListItem","position":2,"name":"Webshop","item":"https:\/\/amerikaantje.be\/alle-producten\/"},{"@type":"ListItem","position":3,"name":"inlegzool letex"}]},{"@type":"WebSite","@id":"https:\/\/amerikaantje.be\/#website","url":"https:\/\/amerikaantje.be\/","name":"&#039;t Amerikaantje","description":"&#039;ouvert le dimanche, supergoe et super bon march\u00e9 !","publisher":{"@id":"https:\/\/amerikaantje.be\/#organization"},"potentialAction":[{"@type":"SearchAction","target":{"@type":"EntryPoint","urlTemplate":"https:\/\/amerikaantje.be\/?s={search_term_string}"},"query-input":{"@type":"PropertyValueSpecification","valueRequired":true,"valueName":"search_term_string"}}],"inLanguage":"fr-BE"},{"@type":"Organization","@id":"https:\/\/amerikaantje.be\/#organization","name":"&#039;t Amerikaantje","url":"https:\/\/amerikaantje.be\/","logo":{"@type":"ImageObject","inLanguage":"fr-BE","@id":"https:\/\/amerikaantje.be\/#\/schema\/logo\/image\/","url":"https:\/\/amerikaantje.be\/wp-content\/uploads\/2023\/02\/amerikaantje-balk-logo-sterren-transparant.png?v=1703255686","contentUrl":"https:\/\/amerikaantje.be\/wp-content\/uploads\/2023\/02\/amerikaantje-balk-logo-sterren-transparant.png?v=1703255686","width":648,"height":343,"caption":"&#039;t Amerikaantje"},"image":{"@id":"https:\/\/amerikaantje.be\/#\/schema\/logo\/image\/"},"sameAs":["https:\/\/www.facebook.com\/t-Amerikaantje-151636621529042\/"]}]},"og_availability":"instock","product_availability":"instock","product_retailer_item_id":"11","product_condition":"new"},"df_price":4.8,"df_sale_price":"","df_regular_price":4.8,"df_image_link":"https:\/\/amerikaantje.be\/wp-content\/uploads\/2017\/04\/inlegzool-letex-300x300.jpg?v=1698366299","_links":{"self":[{"href":"https:\/\/amerikaantje.be\/fr\/wp-json\/wp\/v2\/product\/19741","targetHints":{"allow":["GET"]}}],"collection":[{"href":"https:\/\/amerikaantje.be\/fr\/wp-json\/wp\/v2\/product"}],"about":[{"href":"https:\/\/amerikaantje.be\/fr\/wp-json\/wp\/v2\/types\/product"}],"wp:featuredmedia":[{"embeddable":true,"href":"https:\/\/amerikaantje.be\/fr\/wp-json\/wp\/v2\/media\/19809"}],"wp:attachment":[{"href":"https:\/\/amerikaantje.be\/fr\/wp-json\/wp\/v2\/media?parent=19741"}],"wp:term":[{"taxonomy":"product_brand","embeddable":true,"href":"https:\/\/amerikaantje.be\/fr\/wp-json\/wp\/v2\/product_brand?post=19741"},{"taxonomy":"product_cat","embeddable":true,"href":"https:\/\/amerikaantje.be\/fr\/wp-json\/wp\/v2\/product_cat?post=19741"},{"taxonomy":"product_tag","embeddable":true,"href":"https:\/\/amerikaantje.be\/fr\/wp-json\/wp\/v2\/product_tag?post=19741"}],"curies":[{"name":"wp","href":"https:\/\/api.w.org\/{rel}","templated":true}]}}