{"id":19663,"date":"2017-04-07T12:40:46","date_gmt":"2017-04-07T12:40:46","guid":{"rendered":"https:\/\/amerikaantje.be\/?post_type=product&#038;p=19663"},"modified":"2025-08-26T16:37:50","modified_gmt":"2025-08-26T14:37:50","slug":"inlegzool-warmn-felt-vilt","status":"publish","type":"product","link":"https:\/\/amerikaantje.be\/fr\/produit\/inlegzool-warmn-felt-vilt\/","title":{"rendered":"semelles chaudes et feutr\u00e9es"},"content":{"rendered":"<p>Semelle int\u00e9rieure extra-\u00e9paisse, r\u00e9sistante et rembourr\u00e9e pour les bottes, \u00e9galement id\u00e9ale pour les chaussures de travail.<\/p>\n<p>Le feutre extra chaud et r\u00e9sistant assure des pieds confortablement chauds. Le fond en latex fournit l'amortissement n\u00e9cessaire.<\/p>\n<p>La coupe extra-large garantit un ajustement parfait dans les bottes et les chaussures de travail.<\/p>\n<p>Id\u00e9al pour les randonneurs qui ne reculent pas devant les sentiers difficiles.<\/p>","protected":false},"excerpt":{"rendered":"<p>Semelle extra-\u00e9paisse, r\u00e9sistante et rembourr\u00e9e pour les bottes, \u00e9galement id\u00e9ale pour les bottes de travail. Le feutre extra-chaud et r\u00e9sistant garantit des pieds confortablement chauds. Le fond en latex apporte le rembourrage n\u00e9cessaire. La coupe extra-large garantit un ajustement parfait dans les bottes et les chaussures de travail. Id\u00e9ale pour les randonneurs qui n'h\u00e9sitent pas \u00e0 emprunter des chemins difficiles.<\/p>","protected":false},"featured_media":19814,"template":"","meta":{"_acf_changed":false},"product_brand":[],"product_cat":[13335,13334],"product_tag":[1824],"class_list":{"0":"post-19663","1":"product","2":"type-product","3":"status-publish","4":"has-post-thumbnail","6":"product_cat-schoen-accessoires","7":"product_cat-schoenen","8":"product_tag-wandelen","9":"pa_maat-424","10":"pa_maat-425","11":"pa_maat-426","12":"pa_maat-411","13":"pa_maat-427","14":"pa_maat-428","15":"pa_maat-429","16":"pa_merk-debe","18":"first","19":"instock","20":"taxable","21":"shipping-taxable","22":"purchasable","23":"product-type-variable"},"acf":[],"yoast_head":"<!-- This site is optimized with the Yoast SEO Premium plugin v27.2 (Yoast SEO v27.2) - https:\/\/yoast.com\/product\/yoast-seo-premium-wordpress\/ -->\n<title>inlegzool warm&#039;n felt \/ vilt - &#039;t Amerikaantje<\/title>\n<meta name=\"robots\" content=\"index, follow, max-snippet:-1, max-image-preview:large, max-video-preview:-1\" \/>\n<link rel=\"canonical\" href=\"https:\/\/amerikaantje.be\/fr\/produit\/inlegzool-warmn-felt-vilt\/\" \/>\n<meta property=\"og:locale\" content=\"fr_FR\" \/>\n<meta property=\"og:type\" content=\"article\" \/>\n<meta property=\"og:title\" content=\"inlegzool warm&#039;n felt \/ vilt\" \/>\n<meta property=\"og:description\" content=\"Extra dikke, slijtvaste en gevoerde binnenzool voor laarzen, tevens ideaal voor werkschoenen. Het extra warme en sterk vilt zorgt voor comfortabel warme voeten. De latex bodem biedt de benodigde demping. De extra brede snit garandeert een perfecte pasvorm in laarzen en werkschoenen. Ideaal voor wandelaars die de moeilijke paden niet schuwen.\" \/>\n<meta property=\"og:url\" content=\"https:\/\/amerikaantje.be\/fr\/produit\/inlegzool-warmn-felt-vilt\/\" \/>\n<meta property=\"og:site_name\" content=\"&#039;t Amerikaantje\" \/>\n<meta property=\"article:publisher\" content=\"https:\/\/www.facebook.com\/t-Amerikaantje-151636621529042\/\" \/>\n<meta property=\"article:modified_time\" content=\"2025-08-26T14:37:50+00:00\" \/>\n<meta property=\"og:image\" content=\"https:\/\/amerikaantje.be\/wp-content\/uploads\/2017\/04\/inlegzool-warm-felt.jpg?v=1698366296\" \/>\n\t<meta property=\"og:image:width\" content=\"500\" \/>\n\t<meta property=\"og:image:height\" content=\"500\" \/>\n\t<meta property=\"og:image:type\" content=\"image\/jpeg\" \/>\n<meta name=\"twitter:card\" content=\"summary_large_image\" \/>\n<meta name=\"twitter:label1\" content=\"Availability\" \/>\n\t<meta name=\"twitter:data1\" content=\"In stock\" \/>\n<script type=\"application\/ld+json\" class=\"yoast-schema-graph\">{\"@context\":\"https:\/\/schema.org\",\"@graph\":[{\"@type\":\"WebPage\",\"@id\":\"https:\/\/amerikaantje.be\/product\/inlegzool-warmn-felt-vilt\/\",\"url\":\"https:\/\/amerikaantje.be\/product\/inlegzool-warmn-felt-vilt\/\",\"name\":\"inlegzool warm'n felt \/ vilt - &#039;t Amerikaantje\",\"isPartOf\":{\"@id\":\"https:\/\/amerikaantje.be\/#website\"},\"primaryImageOfPage\":{\"@id\":\"https:\/\/amerikaantje.be\/product\/inlegzool-warmn-felt-vilt\/#primaryimage\"},\"image\":{\"@id\":\"https:\/\/amerikaantje.be\/product\/inlegzool-warmn-felt-vilt\/#primaryimage\"},\"thumbnailUrl\":\"https:\/\/amerikaantje.be\/wp-content\/uploads\/2017\/04\/inlegzool-warm-felt.jpg?v=1698366296\",\"datePublished\":\"2017-04-07T12:40:46+00:00\",\"dateModified\":\"2025-08-26T14:37:50+00:00\",\"breadcrumb\":{\"@id\":\"https:\/\/amerikaantje.be\/product\/inlegzool-warmn-felt-vilt\/#breadcrumb\"},\"inLanguage\":\"fr-BE\",\"potentialAction\":[{\"@type\":\"ReadAction\",\"target\":[\"https:\/\/amerikaantje.be\/product\/inlegzool-warmn-felt-vilt\/\"]}]},{\"@type\":\"ImageObject\",\"inLanguage\":\"fr-BE\",\"@id\":\"https:\/\/amerikaantje.be\/product\/inlegzool-warmn-felt-vilt\/#primaryimage\",\"url\":\"https:\/\/amerikaantje.be\/wp-content\/uploads\/2017\/04\/inlegzool-warm-felt.jpg?v=1698366296\",\"contentUrl\":\"https:\/\/amerikaantje.be\/wp-content\/uploads\/2017\/04\/inlegzool-warm-felt.jpg?v=1698366296\",\"width\":500,\"height\":500},{\"@type\":\"BreadcrumbList\",\"@id\":\"https:\/\/amerikaantje.be\/product\/inlegzool-warmn-felt-vilt\/#breadcrumb\",\"itemListElement\":[{\"@type\":\"ListItem\",\"position\":1,\"name\":\"Accueil\",\"item\":\"https:\/\/amerikaantje.be\/\"},{\"@type\":\"ListItem\",\"position\":2,\"name\":\"Webshop\",\"item\":\"https:\/\/amerikaantje.be\/alle-producten\/\"},{\"@type\":\"ListItem\",\"position\":3,\"name\":\"inlegzool warm&#8217;n felt \/ vilt\"}]},{\"@type\":\"WebSite\",\"@id\":\"https:\/\/amerikaantje.be\/#website\",\"url\":\"https:\/\/amerikaantje.be\/\",\"name\":\"&#039;t Amerikaantje\",\"description\":\"&#039;s zondags open, supergoe en supergoeiekoop!\",\"publisher\":{\"@id\":\"https:\/\/amerikaantje.be\/#organization\"},\"potentialAction\":[{\"@type\":\"SearchAction\",\"target\":{\"@type\":\"EntryPoint\",\"urlTemplate\":\"https:\/\/amerikaantje.be\/?s={search_term_string}\"},\"query-input\":{\"@type\":\"PropertyValueSpecification\",\"valueRequired\":true,\"valueName\":\"search_term_string\"}}],\"inLanguage\":\"fr-BE\"},{\"@type\":\"Organization\",\"@id\":\"https:\/\/amerikaantje.be\/#organization\",\"name\":\"&#039;t Amerikaantje\",\"url\":\"https:\/\/amerikaantje.be\/\",\"logo\":{\"@type\":\"ImageObject\",\"inLanguage\":\"fr-BE\",\"@id\":\"https:\/\/amerikaantje.be\/#\/schema\/logo\/image\/\",\"url\":\"https:\/\/amerikaantje.be\/wp-content\/uploads\/2023\/02\/amerikaantje-balk-logo-sterren-transparant.png?v=1703255686\",\"contentUrl\":\"https:\/\/amerikaantje.be\/wp-content\/uploads\/2023\/02\/amerikaantje-balk-logo-sterren-transparant.png?v=1703255686\",\"width\":648,\"height\":343,\"caption\":\"&#039;t Amerikaantje\"},\"image\":{\"@id\":\"https:\/\/amerikaantje.be\/#\/schema\/logo\/image\/\"},\"sameAs\":[\"https:\/\/www.facebook.com\/t-Amerikaantje-151636621529042\/\"]}]}<\/script>\n<meta property=\"og:availability\" content=\"instock\" \/>\n<meta property=\"product:availability\" content=\"instock\" \/>\n<meta property=\"product:retailer_item_id\" content=\"26\" \/>\n<meta property=\"product:condition\" content=\"new\" \/>\n<!-- \/ Yoast SEO Premium plugin. -->","yoast_head_json":{"title":"semelles chaudes en feutre \/ feutre - &#039;t Amerikaantje","robots":{"index":"index","follow":"follow","max-snippet":"max-snippet:-1","max-image-preview":"max-image-preview:large","max-video-preview":"max-video-preview:-1"},"canonical":"https:\/\/amerikaantje.be\/fr\/produit\/inlegzool-warmn-felt-vilt\/","og_locale":"fr_FR","og_type":"article","og_title":"inlegzool warm'n felt \/ vilt","og_description":"Extra dikke, slijtvaste en gevoerde binnenzool voor laarzen, tevens ideaal voor werkschoenen. Het extra warme en sterk vilt zorgt voor comfortabel warme voeten. De latex bodem biedt de benodigde demping. De extra brede snit garandeert een perfecte pasvorm in laarzen en werkschoenen. Ideaal voor wandelaars die de moeilijke paden niet schuwen.","og_url":"https:\/\/amerikaantje.be\/fr\/produit\/inlegzool-warmn-felt-vilt\/","og_site_name":"&#039;t Amerikaantje","article_publisher":"https:\/\/www.facebook.com\/t-Amerikaantje-151636621529042\/","article_modified_time":"2025-08-26T14:37:50+00:00","og_image":[{"width":500,"height":500,"url":"https:\/\/amerikaantje.be\/wp-content\/uploads\/2017\/04\/inlegzool-warm-felt.jpg?v=1698366296","type":"image\/jpeg"}],"twitter_card":"summary_large_image","twitter_misc":{"Availability":"In stock"},"schema":{"@context":"https:\/\/schema.org","@graph":[{"@type":"WebPage","@id":"https:\/\/amerikaantje.be\/product\/inlegzool-warmn-felt-vilt\/","url":"https:\/\/amerikaantje.be\/product\/inlegzool-warmn-felt-vilt\/","name":"semelles chaudes en feutre \/ feutre - &#039;t Amerikaantje","isPartOf":{"@id":"https:\/\/amerikaantje.be\/#website"},"primaryImageOfPage":{"@id":"https:\/\/amerikaantje.be\/product\/inlegzool-warmn-felt-vilt\/#primaryimage"},"image":{"@id":"https:\/\/amerikaantje.be\/product\/inlegzool-warmn-felt-vilt\/#primaryimage"},"thumbnailUrl":"https:\/\/amerikaantje.be\/wp-content\/uploads\/2017\/04\/inlegzool-warm-felt.jpg?v=1698366296","datePublished":"2017-04-07T12:40:46+00:00","dateModified":"2025-08-26T14:37:50+00:00","breadcrumb":{"@id":"https:\/\/amerikaantje.be\/product\/inlegzool-warmn-felt-vilt\/#breadcrumb"},"inLanguage":"fr-BE","potentialAction":[{"@type":"ReadAction","target":["https:\/\/amerikaantje.be\/product\/inlegzool-warmn-felt-vilt\/"]}]},{"@type":"ImageObject","inLanguage":"fr-BE","@id":"https:\/\/amerikaantje.be\/product\/inlegzool-warmn-felt-vilt\/#primaryimage","url":"https:\/\/amerikaantje.be\/wp-content\/uploads\/2017\/04\/inlegzool-warm-felt.jpg?v=1698366296","contentUrl":"https:\/\/amerikaantje.be\/wp-content\/uploads\/2017\/04\/inlegzool-warm-felt.jpg?v=1698366296","width":500,"height":500},{"@type":"BreadcrumbList","@id":"https:\/\/amerikaantje.be\/product\/inlegzool-warmn-felt-vilt\/#breadcrumb","itemListElement":[{"@type":"ListItem","position":1,"name":"Accueil","item":"https:\/\/amerikaantje.be\/"},{"@type":"ListItem","position":2,"name":"Webshop","item":"https:\/\/amerikaantje.be\/alle-producten\/"},{"@type":"ListItem","position":3,"name":"inlegzool warm&#8217;n felt \/ vilt"}]},{"@type":"WebSite","@id":"https:\/\/amerikaantje.be\/#website","url":"https:\/\/amerikaantje.be\/","name":"&#039;t Amerikaantje","description":"&#039;ouvert le dimanche, supergoe et super bon march\u00e9 !","publisher":{"@id":"https:\/\/amerikaantje.be\/#organization"},"potentialAction":[{"@type":"SearchAction","target":{"@type":"EntryPoint","urlTemplate":"https:\/\/amerikaantje.be\/?s={search_term_string}"},"query-input":{"@type":"PropertyValueSpecification","valueRequired":true,"valueName":"search_term_string"}}],"inLanguage":"fr-BE"},{"@type":"Organization","@id":"https:\/\/amerikaantje.be\/#organization","name":"&#039;t Amerikaantje","url":"https:\/\/amerikaantje.be\/","logo":{"@type":"ImageObject","inLanguage":"fr-BE","@id":"https:\/\/amerikaantje.be\/#\/schema\/logo\/image\/","url":"https:\/\/amerikaantje.be\/wp-content\/uploads\/2023\/02\/amerikaantje-balk-logo-sterren-transparant.png?v=1703255686","contentUrl":"https:\/\/amerikaantje.be\/wp-content\/uploads\/2023\/02\/amerikaantje-balk-logo-sterren-transparant.png?v=1703255686","width":648,"height":343,"caption":"&#039;t Amerikaantje"},"image":{"@id":"https:\/\/amerikaantje.be\/#\/schema\/logo\/image\/"},"sameAs":["https:\/\/www.facebook.com\/t-Amerikaantje-151636621529042\/"]}]},"og_availability":"instock","product_availability":"instock","product_retailer_item_id":"26","product_condition":"new"},"df_price":5.5,"df_sale_price":"","df_regular_price":5.5,"df_image_link":"https:\/\/amerikaantje.be\/wp-content\/uploads\/2017\/04\/inlegzool-warm-felt-300x300.jpg?v=1698366296","_links":{"self":[{"href":"https:\/\/amerikaantje.be\/fr\/wp-json\/wp\/v2\/product\/19663","targetHints":{"allow":["GET"]}}],"collection":[{"href":"https:\/\/amerikaantje.be\/fr\/wp-json\/wp\/v2\/product"}],"about":[{"href":"https:\/\/amerikaantje.be\/fr\/wp-json\/wp\/v2\/types\/product"}],"wp:featuredmedia":[{"embeddable":true,"href":"https:\/\/amerikaantje.be\/fr\/wp-json\/wp\/v2\/media\/19814"}],"wp:attachment":[{"href":"https:\/\/amerikaantje.be\/fr\/wp-json\/wp\/v2\/media?parent=19663"}],"wp:term":[{"taxonomy":"product_brand","embeddable":true,"href":"https:\/\/amerikaantje.be\/fr\/wp-json\/wp\/v2\/product_brand?post=19663"},{"taxonomy":"product_cat","embeddable":true,"href":"https:\/\/amerikaantje.be\/fr\/wp-json\/wp\/v2\/product_cat?post=19663"},{"taxonomy":"product_tag","embeddable":true,"href":"https:\/\/amerikaantje.be\/fr\/wp-json\/wp\/v2\/product_tag?post=19663"}],"curies":[{"name":"wp","href":"https:\/\/api.w.org\/{rel}","templated":true}]}}