{"id":17883,"date":"2016-12-24T09:30:39","date_gmt":"2016-12-24T09:30:39","guid":{"rendered":"https:\/\/amerikaantje.be\/?post_type=product&#038;p=17883"},"modified":"2023-10-17T11:25:18","modified_gmt":"2023-10-17T11:25:18","slug":"knie-bescherming-101-inc","status":"publish","type":"product","link":"https:\/\/amerikaantje.be\/fr\/produit\/knie-bescherming-101-inc\/","title":{"rendered":"PROTECTION DES GENOUX 101 INC"},"content":{"rendered":"<p>Genouill\u00e8res de la marque 101 INC, id\u00e9ales pour l'airsoft et le paintball.<\/p>\n<p>Ces genouill\u00e8res robustes sont disponibles chez 't Amerikaantje en deux mod\u00e8les diff\u00e9rents : vert, camouflage ou noir.<\/p>\n<p>&nbsp;<\/p>","protected":false},"excerpt":{"rendered":"<p>Genouill\u00e8res de la marque 101 INC, id\u00e9ales pour l'airsoft et le paintball. Ces genouill\u00e8res robustes sont disponibles chez 't Amerikaantje en deux mod\u00e8les diff\u00e9rents : vert, camouflage ou noir. &nbsp;<\/p>","protected":false},"featured_media":17886,"template":"","meta":{"_acf_changed":false},"product_brand":[],"product_cat":[13514],"product_tag":[942],"class_list":{"0":"post-17883","1":"product","2":"type-product","3":"status-publish","4":"has-post-thumbnail","6":"product_cat-tactical-gaming","7":"product_tag-airsoft","8":"pa_kleur-camo","9":"pa_kleur-groen","10":"pa_kleur-zwart","12":"first","13":"instock","14":"taxable","15":"shipping-taxable","16":"purchasable","17":"product-type-variable"},"acf":[],"yoast_head":"<!-- This site is optimized with the Yoast SEO Premium plugin v27.2 (Yoast SEO v27.2) - https:\/\/yoast.com\/product\/yoast-seo-premium-wordpress\/ -->\n<title>KNIEBESCHERMING 101 INC - &#039;t Amerikaantje<\/title>\n<meta name=\"robots\" content=\"index, follow, max-snippet:-1, max-image-preview:large, max-video-preview:-1\" \/>\n<link rel=\"canonical\" href=\"https:\/\/amerikaantje.be\/fr\/produit\/knie-bescherming-101-inc\/\" \/>\n<meta property=\"og:locale\" content=\"fr_FR\" \/>\n<meta property=\"og:type\" content=\"article\" \/>\n<meta property=\"og:title\" content=\"KNIEBESCHERMING 101 INC\" \/>\n<meta property=\"og:description\" content=\"Kniebeschermers van het merk 101 INC, ideaal voor airsoft en paintball. Deze robuuste kniebeschermers zijn bij &#8217;t Amerikaantje verkrijgbaar in twee verschillende uitvoeringen: groen, camouflage of zwart. &nbsp;\" \/>\n<meta property=\"og:url\" content=\"https:\/\/amerikaantje.be\/fr\/produit\/knie-bescherming-101-inc\/\" \/>\n<meta property=\"og:site_name\" content=\"&#039;t Amerikaantje\" \/>\n<meta property=\"article:publisher\" content=\"https:\/\/www.facebook.com\/t-Amerikaantje-151636621529042\/\" \/>\n<meta property=\"article:modified_time\" content=\"2023-10-17T11:25:18+00:00\" \/>\n<meta property=\"og:image\" content=\"https:\/\/amerikaantje.be\/wp-content\/uploads\/2016\/12\/469336_z.jpg\" \/>\n\t<meta property=\"og:image:width\" content=\"960\" \/>\n\t<meta property=\"og:image:height\" content=\"960\" \/>\n\t<meta property=\"og:image:type\" content=\"image\/jpeg\" \/>\n<meta name=\"twitter:card\" content=\"summary_large_image\" \/>\n<meta name=\"twitter:label1\" content=\"Availability\" \/>\n\t<meta name=\"twitter:data1\" content=\"In stock\" \/>\n<script type=\"application\/ld+json\" class=\"yoast-schema-graph\">{\"@context\":\"https:\/\/schema.org\",\"@graph\":[{\"@type\":\"WebPage\",\"@id\":\"https:\/\/amerikaantje.be\/product\/knie-bescherming-101-inc\/\",\"url\":\"https:\/\/amerikaantje.be\/product\/knie-bescherming-101-inc\/\",\"name\":\"KNIEBESCHERMING 101 INC - &#039;t Amerikaantje\",\"isPartOf\":{\"@id\":\"https:\/\/amerikaantje.be\/#website\"},\"primaryImageOfPage\":{\"@id\":\"https:\/\/amerikaantje.be\/product\/knie-bescherming-101-inc\/#primaryimage\"},\"image\":{\"@id\":\"https:\/\/amerikaantje.be\/product\/knie-bescherming-101-inc\/#primaryimage\"},\"thumbnailUrl\":\"https:\/\/amerikaantje.be\/wp-content\/uploads\/2016\/12\/469336_z.jpg?v=1698366723\",\"datePublished\":\"2016-12-24T09:30:39+00:00\",\"dateModified\":\"2023-10-17T11:25:18+00:00\",\"breadcrumb\":{\"@id\":\"https:\/\/amerikaantje.be\/product\/knie-bescherming-101-inc\/#breadcrumb\"},\"inLanguage\":\"fr-BE\",\"potentialAction\":[{\"@type\":\"ReadAction\",\"target\":[\"https:\/\/amerikaantje.be\/product\/knie-bescherming-101-inc\/\"]}]},{\"@type\":\"ImageObject\",\"inLanguage\":\"fr-BE\",\"@id\":\"https:\/\/amerikaantje.be\/product\/knie-bescherming-101-inc\/#primaryimage\",\"url\":\"https:\/\/amerikaantje.be\/wp-content\/uploads\/2016\/12\/469336_z.jpg?v=1698366723\",\"contentUrl\":\"https:\/\/amerikaantje.be\/wp-content\/uploads\/2016\/12\/469336_z.jpg?v=1698366723\",\"width\":960,\"height\":960},{\"@type\":\"BreadcrumbList\",\"@id\":\"https:\/\/amerikaantje.be\/product\/knie-bescherming-101-inc\/#breadcrumb\",\"itemListElement\":[{\"@type\":\"ListItem\",\"position\":1,\"name\":\"Accueil\",\"item\":\"https:\/\/amerikaantje.be\/\"},{\"@type\":\"ListItem\",\"position\":2,\"name\":\"Webshop\",\"item\":\"https:\/\/amerikaantje.be\/alle-producten\/\"},{\"@type\":\"ListItem\",\"position\":3,\"name\":\"KNIEBESCHERMING 101 INC\"}]},{\"@type\":\"WebSite\",\"@id\":\"https:\/\/amerikaantje.be\/#website\",\"url\":\"https:\/\/amerikaantje.be\/\",\"name\":\"&#039;t Amerikaantje\",\"description\":\"&#039;s zondags open, supergoe en supergoeiekoop!\",\"publisher\":{\"@id\":\"https:\/\/amerikaantje.be\/#organization\"},\"potentialAction\":[{\"@type\":\"SearchAction\",\"target\":{\"@type\":\"EntryPoint\",\"urlTemplate\":\"https:\/\/amerikaantje.be\/?s={search_term_string}\"},\"query-input\":{\"@type\":\"PropertyValueSpecification\",\"valueRequired\":true,\"valueName\":\"search_term_string\"}}],\"inLanguage\":\"fr-BE\"},{\"@type\":\"Organization\",\"@id\":\"https:\/\/amerikaantje.be\/#organization\",\"name\":\"&#039;t Amerikaantje\",\"url\":\"https:\/\/amerikaantje.be\/\",\"logo\":{\"@type\":\"ImageObject\",\"inLanguage\":\"fr-BE\",\"@id\":\"https:\/\/amerikaantje.be\/#\/schema\/logo\/image\/\",\"url\":\"https:\/\/amerikaantje.be\/wp-content\/uploads\/2023\/02\/amerikaantje-balk-logo-sterren-transparant.png?v=1703255686\",\"contentUrl\":\"https:\/\/amerikaantje.be\/wp-content\/uploads\/2023\/02\/amerikaantje-balk-logo-sterren-transparant.png?v=1703255686\",\"width\":648,\"height\":343,\"caption\":\"&#039;t Amerikaantje\"},\"image\":{\"@id\":\"https:\/\/amerikaantje.be\/#\/schema\/logo\/image\/\"},\"sameAs\":[\"https:\/\/www.facebook.com\/t-Amerikaantje-151636621529042\/\"]}]}<\/script>\n<meta property=\"og:availability\" content=\"instock\" \/>\n<meta property=\"product:availability\" content=\"instock\" \/>\n<meta property=\"product:condition\" content=\"new\" \/>\n<!-- \/ Yoast SEO Premium plugin. -->","yoast_head_json":{"title":"KNIEB SAFETY 101 INC - &#039;t Amerikaantje","robots":{"index":"index","follow":"follow","max-snippet":"max-snippet:-1","max-image-preview":"max-image-preview:large","max-video-preview":"max-video-preview:-1"},"canonical":"https:\/\/amerikaantje.be\/fr\/produit\/knie-bescherming-101-inc\/","og_locale":"fr_FR","og_type":"article","og_title":"KNIEBESCHERMING 101 INC","og_description":"Kniebeschermers van het merk 101 INC, ideaal voor airsoft en paintball. Deze robuuste kniebeschermers zijn bij &#8217;t Amerikaantje verkrijgbaar in twee verschillende uitvoeringen: groen, camouflage of zwart. &nbsp;","og_url":"https:\/\/amerikaantje.be\/fr\/produit\/knie-bescherming-101-inc\/","og_site_name":"&#039;t Amerikaantje","article_publisher":"https:\/\/www.facebook.com\/t-Amerikaantje-151636621529042\/","article_modified_time":"2023-10-17T11:25:18+00:00","og_image":[{"width":960,"height":960,"url":"https:\/\/amerikaantje.be\/wp-content\/uploads\/2016\/12\/469336_z.jpg","type":"image\/jpeg"}],"twitter_card":"summary_large_image","twitter_misc":{"Availability":"In stock"},"schema":{"@context":"https:\/\/schema.org","@graph":[{"@type":"WebPage","@id":"https:\/\/amerikaantje.be\/product\/knie-bescherming-101-inc\/","url":"https:\/\/amerikaantje.be\/product\/knie-bescherming-101-inc\/","name":"KNIEB SAFETY 101 INC - &#039;t Amerikaantje","isPartOf":{"@id":"https:\/\/amerikaantje.be\/#website"},"primaryImageOfPage":{"@id":"https:\/\/amerikaantje.be\/product\/knie-bescherming-101-inc\/#primaryimage"},"image":{"@id":"https:\/\/amerikaantje.be\/product\/knie-bescherming-101-inc\/#primaryimage"},"thumbnailUrl":"https:\/\/amerikaantje.be\/wp-content\/uploads\/2016\/12\/469336_z.jpg?v=1698366723","datePublished":"2016-12-24T09:30:39+00:00","dateModified":"2023-10-17T11:25:18+00:00","breadcrumb":{"@id":"https:\/\/amerikaantje.be\/product\/knie-bescherming-101-inc\/#breadcrumb"},"inLanguage":"fr-BE","potentialAction":[{"@type":"ReadAction","target":["https:\/\/amerikaantje.be\/product\/knie-bescherming-101-inc\/"]}]},{"@type":"ImageObject","inLanguage":"fr-BE","@id":"https:\/\/amerikaantje.be\/product\/knie-bescherming-101-inc\/#primaryimage","url":"https:\/\/amerikaantje.be\/wp-content\/uploads\/2016\/12\/469336_z.jpg?v=1698366723","contentUrl":"https:\/\/amerikaantje.be\/wp-content\/uploads\/2016\/12\/469336_z.jpg?v=1698366723","width":960,"height":960},{"@type":"BreadcrumbList","@id":"https:\/\/amerikaantje.be\/product\/knie-bescherming-101-inc\/#breadcrumb","itemListElement":[{"@type":"ListItem","position":1,"name":"Accueil","item":"https:\/\/amerikaantje.be\/"},{"@type":"ListItem","position":2,"name":"Webshop","item":"https:\/\/amerikaantje.be\/alle-producten\/"},{"@type":"ListItem","position":3,"name":"KNIEBESCHERMING 101 INC"}]},{"@type":"WebSite","@id":"https:\/\/amerikaantje.be\/#website","url":"https:\/\/amerikaantje.be\/","name":"&#039;t Amerikaantje","description":"&#039;ouvert le dimanche, supergoe et super bon march\u00e9 !","publisher":{"@id":"https:\/\/amerikaantje.be\/#organization"},"potentialAction":[{"@type":"SearchAction","target":{"@type":"EntryPoint","urlTemplate":"https:\/\/amerikaantje.be\/?s={search_term_string}"},"query-input":{"@type":"PropertyValueSpecification","valueRequired":true,"valueName":"search_term_string"}}],"inLanguage":"fr-BE"},{"@type":"Organization","@id":"https:\/\/amerikaantje.be\/#organization","name":"&#039;t Amerikaantje","url":"https:\/\/amerikaantje.be\/","logo":{"@type":"ImageObject","inLanguage":"fr-BE","@id":"https:\/\/amerikaantje.be\/#\/schema\/logo\/image\/","url":"https:\/\/amerikaantje.be\/wp-content\/uploads\/2023\/02\/amerikaantje-balk-logo-sterren-transparant.png?v=1703255686","contentUrl":"https:\/\/amerikaantje.be\/wp-content\/uploads\/2023\/02\/amerikaantje-balk-logo-sterren-transparant.png?v=1703255686","width":648,"height":343,"caption":"&#039;t Amerikaantje"},"image":{"@id":"https:\/\/amerikaantje.be\/#\/schema\/logo\/image\/"},"sameAs":["https:\/\/www.facebook.com\/t-Amerikaantje-151636621529042\/"]}]},"og_availability":"instock","product_availability":"instock","product_condition":"new"},"df_price":18,"df_sale_price":"","df_regular_price":18,"df_image_link":"https:\/\/amerikaantje.be\/wp-content\/uploads\/2016\/12\/469336_z-300x300.jpg?v=1698366723","_links":{"self":[{"href":"https:\/\/amerikaantje.be\/fr\/wp-json\/wp\/v2\/product\/17883","targetHints":{"allow":["GET"]}}],"collection":[{"href":"https:\/\/amerikaantje.be\/fr\/wp-json\/wp\/v2\/product"}],"about":[{"href":"https:\/\/amerikaantje.be\/fr\/wp-json\/wp\/v2\/types\/product"}],"wp:featuredmedia":[{"embeddable":true,"href":"https:\/\/amerikaantje.be\/fr\/wp-json\/wp\/v2\/media\/17886"}],"wp:attachment":[{"href":"https:\/\/amerikaantje.be\/fr\/wp-json\/wp\/v2\/media?parent=17883"}],"wp:term":[{"taxonomy":"product_brand","embeddable":true,"href":"https:\/\/amerikaantje.be\/fr\/wp-json\/wp\/v2\/product_brand?post=17883"},{"taxonomy":"product_cat","embeddable":true,"href":"https:\/\/amerikaantje.be\/fr\/wp-json\/wp\/v2\/product_cat?post=17883"},{"taxonomy":"product_tag","embeddable":true,"href":"https:\/\/amerikaantje.be\/fr\/wp-json\/wp\/v2\/product_tag?post=17883"}],"curies":[{"name":"wp","href":"https:\/\/api.w.org\/{rel}","templated":true}]}}