{"id":14950,"date":"2016-05-11T07:44:59","date_gmt":"2016-05-11T07:44:59","guid":{"rendered":"https:\/\/amerikaantje.be\/?post_type=product&#038;p=14950"},"modified":"2023-07-27T12:16:27","modified_gmt":"2023-07-27T12:16:27","slug":"terrance-shorts","status":"publish","type":"product","link":"https:\/\/amerikaantje.be\/fr\/product\/terrance-shorts\/","title":{"rendered":"Terrance short"},"content":{"rendered":"<p>Short camo r\u00e9sistant en coton ripstop 100%, id\u00e9al pour la randonn\u00e9e, le trekking et la survie.<\/p>\n<p>Ce short confortable au design camouflage n'a pas seulement un look cool, ce mod\u00e8le est tout aussi pratique gr\u00e2ce \u00e0 deux poches cargo spacieuses qui peuvent \u00eatre ferm\u00e9es par de grands rabats, deux poches avant facilement accessibles et un tour de hanches r\u00e9glable.<\/p>\n<p>La survie \u00e0 la mode ? V\u00e9rifiez !<\/p>","protected":false},"excerpt":{"rendered":"<p>Stoere camo short in 100% ripstop katoen, ideaal voor wandeltochten, trekking en survival. Deze comfortabele korte broek in camo uitvoering ziet er niet alleen cool uit, dit model scoort net zo goed hoog op praktisch vlak dankzij twee ruime, met grote flappen afsluitbare cargozakken, twee vlot toegankelijke voorzakken en een aanpasbare heupomtrek. Op survival in [&#8230;]\n","protected":false},"featured_media":14956,"template":"","meta":{"_acf_changed":false},"product_brand":[],"product_cat":[13327,13299,13437],"product_tag":[1813],"class_list":{"0":"post-14950","1":"product","2":"type-product","3":"status-publish","4":"has-post-thumbnail","6":"product_cat-broeken","7":"product_cat-kleding","8":"product_cat-shorts","9":"product_tag-festival","10":"pa_maat-3xl","11":"pa_maat-l","12":"pa_maat-m","13":"pa_maat-s","14":"pa_maat-xl","15":"pa_maat-xxl","17":"first","18":"instock","19":"taxable","20":"shipping-taxable","21":"purchasable","22":"product-type-variable"},"acf":[],"yoast_head":"<!-- This site is optimized with the Yoast SEO Premium plugin v27.6 (Yoast SEO v27.6) - https:\/\/yoast.com\/product\/yoast-seo-premium-wordpress\/ -->\n<title>Terrance short - &#039;t Amerikaantje<\/title>\n<meta name=\"robots\" content=\"index, follow, max-snippet:-1, max-image-preview:large, max-video-preview:-1\" \/>\n<link rel=\"canonical\" href=\"https:\/\/amerikaantje.be\/fr\/product\/terrance-shorts\/\" \/>\n<meta property=\"og:locale\" content=\"fr_FR\" \/>\n<meta property=\"og:type\" content=\"article\" \/>\n<meta property=\"og:title\" content=\"Terrance short\" \/>\n<meta property=\"og:description\" content=\"Stoere camo short in 100% ripstop katoen, ideaal voor wandeltochten, trekking en survival. Deze comfortabele korte broek in camo uitvoering ziet er niet alleen cool uit, dit model scoort net zo goed hoog op praktisch vlak dankzij twee ruime, met grote flappen afsluitbare cargozakken, twee vlot toegankelijke voorzakken en een aanpasbare heupomtrek. Op survival in [...]\" \/>\n<meta property=\"og:url\" content=\"https:\/\/amerikaantje.be\/fr\/product\/terrance-shorts\/\" \/>\n<meta property=\"og:site_name\" content=\"&#039;t Amerikaantje\" \/>\n<meta property=\"article:publisher\" content=\"https:\/\/www.facebook.com\/t-Amerikaantje-151636621529042\/\" \/>\n<meta property=\"article:modified_time\" content=\"2023-07-27T12:16:27+00:00\" \/>\n<meta property=\"og:image\" content=\"https:\/\/amerikaantje.be\/wp-content\/uploads\/2016\/05\/1211_woodland.jpg\" \/>\n\t<meta property=\"og:image:width\" content=\"880\" \/>\n\t<meta property=\"og:image:height\" content=\"980\" \/>\n\t<meta property=\"og:image:type\" content=\"image\/jpeg\" \/>\n<meta name=\"twitter:card\" content=\"summary_large_image\" \/>\n<meta name=\"twitter:label1\" content=\"Availability\" \/>\n\t<meta name=\"twitter:data1\" content=\"In stock\" \/>\n<script type=\"application\/ld+json\" class=\"yoast-schema-graph\">{\"@context\":\"https:\\\/\\\/schema.org\",\"@graph\":[{\"@type\":\"WebPage\",\"@id\":\"https:\\\/\\\/amerikaantje.be\\\/product\\\/terrance-shorts\\\/\",\"url\":\"https:\\\/\\\/amerikaantje.be\\\/product\\\/terrance-shorts\\\/\",\"name\":\"Terrance short - &#039;t Amerikaantje\",\"isPartOf\":{\"@id\":\"https:\\\/\\\/amerikaantje.be\\\/#website\"},\"primaryImageOfPage\":{\"@id\":\"https:\\\/\\\/amerikaantje.be\\\/product\\\/terrance-shorts\\\/#primaryimage\"},\"image\":{\"@id\":\"https:\\\/\\\/amerikaantje.be\\\/product\\\/terrance-shorts\\\/#primaryimage\"},\"thumbnailUrl\":\"https:\\\/\\\/amerikaantje.be\\\/wp-content\\\/uploads\\\/2016\\\/05\\\/1211_woodland.jpg?v=1698367253\",\"datePublished\":\"2016-05-11T07:44:59+00:00\",\"dateModified\":\"2023-07-27T12:16:27+00:00\",\"breadcrumb\":{\"@id\":\"https:\\\/\\\/amerikaantje.be\\\/product\\\/terrance-shorts\\\/#breadcrumb\"},\"inLanguage\":\"fr-BE\",\"potentialAction\":[{\"@type\":\"ReadAction\",\"target\":[\"https:\\\/\\\/amerikaantje.be\\\/product\\\/terrance-shorts\\\/\"]}]},{\"@type\":\"ImageObject\",\"inLanguage\":\"fr-BE\",\"@id\":\"https:\\\/\\\/amerikaantje.be\\\/product\\\/terrance-shorts\\\/#primaryimage\",\"url\":\"https:\\\/\\\/amerikaantje.be\\\/wp-content\\\/uploads\\\/2016\\\/05\\\/1211_woodland.jpg?v=1698367253\",\"contentUrl\":\"https:\\\/\\\/amerikaantje.be\\\/wp-content\\\/uploads\\\/2016\\\/05\\\/1211_woodland.jpg?v=1698367253\",\"width\":880,\"height\":980},{\"@type\":\"BreadcrumbList\",\"@id\":\"https:\\\/\\\/amerikaantje.be\\\/product\\\/terrance-shorts\\\/#breadcrumb\",\"itemListElement\":[{\"@type\":\"ListItem\",\"position\":1,\"name\":\"Accueil\",\"item\":\"https:\\\/\\\/amerikaantje.be\\\/\"},{\"@type\":\"ListItem\",\"position\":2,\"name\":\"Webshop\",\"item\":\"https:\\\/\\\/amerikaantje.be\\\/alle-producten\\\/\"},{\"@type\":\"ListItem\",\"position\":3,\"name\":\"Terrance short\"}]},{\"@type\":\"WebSite\",\"@id\":\"https:\\\/\\\/amerikaantje.be\\\/#website\",\"url\":\"https:\\\/\\\/amerikaantje.be\\\/\",\"name\":\"&#039;t Amerikaantje\",\"description\":\"&#039;s zondags open, supergoe en supergoeiekoop!\",\"publisher\":{\"@id\":\"https:\\\/\\\/amerikaantje.be\\\/#organization\"},\"potentialAction\":[{\"@type\":\"SearchAction\",\"target\":{\"@type\":\"EntryPoint\",\"urlTemplate\":\"https:\\\/\\\/amerikaantje.be\\\/?s={search_term_string}\"},\"query-input\":{\"@type\":\"PropertyValueSpecification\",\"valueRequired\":true,\"valueName\":\"search_term_string\"}}],\"inLanguage\":\"fr-BE\"},{\"@type\":\"Organization\",\"@id\":\"https:\\\/\\\/amerikaantje.be\\\/#organization\",\"name\":\"&#039;t Amerikaantje\",\"url\":\"https:\\\/\\\/amerikaantje.be\\\/\",\"logo\":{\"@type\":\"ImageObject\",\"inLanguage\":\"fr-BE\",\"@id\":\"https:\\\/\\\/amerikaantje.be\\\/#\\\/schema\\\/logo\\\/image\\\/\",\"url\":\"https:\\\/\\\/amerikaantje.be\\\/wp-content\\\/uploads\\\/2023\\\/02\\\/amerikaantje-balk-logo-sterren-transparant.png?v=1703255686\",\"contentUrl\":\"https:\\\/\\\/amerikaantje.be\\\/wp-content\\\/uploads\\\/2023\\\/02\\\/amerikaantje-balk-logo-sterren-transparant.png?v=1703255686\",\"width\":648,\"height\":343,\"caption\":\"&#039;t Amerikaantje\"},\"image\":{\"@id\":\"https:\\\/\\\/amerikaantje.be\\\/#\\\/schema\\\/logo\\\/image\\\/\"},\"sameAs\":[\"https:\\\/\\\/www.facebook.com\\\/t-Amerikaantje-151636621529042\\\/\"]}]}<\/script>\n<meta property=\"og:availability\" content=\"instock\" \/>\n<meta property=\"product:availability\" content=\"instock\" \/>\n<meta property=\"product:retailer_item_id\" content=\"1211\" \/>\n<meta property=\"product:condition\" content=\"new\" \/>\n<!-- \/ Yoast SEO Premium plugin. -->","yoast_head_json":{"title":"Terrance short - &#039;t Amerikaantje","robots":{"index":"index","follow":"follow","max-snippet":"max-snippet:-1","max-image-preview":"max-image-preview:large","max-video-preview":"max-video-preview:-1"},"canonical":"https:\/\/amerikaantje.be\/fr\/product\/terrance-shorts\/","og_locale":"fr_FR","og_type":"article","og_title":"Terrance short","og_description":"Stoere camo short in 100% ripstop katoen, ideaal voor wandeltochten, trekking en survival. Deze comfortabele korte broek in camo uitvoering ziet er niet alleen cool uit, dit model scoort net zo goed hoog op praktisch vlak dankzij twee ruime, met grote flappen afsluitbare cargozakken, twee vlot toegankelijke voorzakken en een aanpasbare heupomtrek. Op survival in [...]","og_url":"https:\/\/amerikaantje.be\/fr\/product\/terrance-shorts\/","og_site_name":"&#039;t Amerikaantje","article_publisher":"https:\/\/www.facebook.com\/t-Amerikaantje-151636621529042\/","article_modified_time":"2023-07-27T12:16:27+00:00","og_image":[{"width":880,"height":980,"url":"https:\/\/amerikaantje.be\/wp-content\/uploads\/2016\/05\/1211_woodland.jpg","type":"image\/jpeg"}],"twitter_card":"summary_large_image","twitter_misc":{"Availability":"In stock"},"schema":{"@context":"https:\/\/schema.org","@graph":[{"@type":"WebPage","@id":"https:\/\/amerikaantje.be\/product\/terrance-shorts\/","url":"https:\/\/amerikaantje.be\/product\/terrance-shorts\/","name":"Terrance short - &#039;t Amerikaantje","isPartOf":{"@id":"https:\/\/amerikaantje.be\/#website"},"primaryImageOfPage":{"@id":"https:\/\/amerikaantje.be\/product\/terrance-shorts\/#primaryimage"},"image":{"@id":"https:\/\/amerikaantje.be\/product\/terrance-shorts\/#primaryimage"},"thumbnailUrl":"https:\/\/amerikaantje.be\/wp-content\/uploads\/2016\/05\/1211_woodland.jpg?v=1698367253","datePublished":"2016-05-11T07:44:59+00:00","dateModified":"2023-07-27T12:16:27+00:00","breadcrumb":{"@id":"https:\/\/amerikaantje.be\/product\/terrance-shorts\/#breadcrumb"},"inLanguage":"fr-BE","potentialAction":[{"@type":"ReadAction","target":["https:\/\/amerikaantje.be\/product\/terrance-shorts\/"]}]},{"@type":"ImageObject","inLanguage":"fr-BE","@id":"https:\/\/amerikaantje.be\/product\/terrance-shorts\/#primaryimage","url":"https:\/\/amerikaantje.be\/wp-content\/uploads\/2016\/05\/1211_woodland.jpg?v=1698367253","contentUrl":"https:\/\/amerikaantje.be\/wp-content\/uploads\/2016\/05\/1211_woodland.jpg?v=1698367253","width":880,"height":980},{"@type":"BreadcrumbList","@id":"https:\/\/amerikaantje.be\/product\/terrance-shorts\/#breadcrumb","itemListElement":[{"@type":"ListItem","position":1,"name":"Accueil","item":"https:\/\/amerikaantje.be\/"},{"@type":"ListItem","position":2,"name":"Webshop","item":"https:\/\/amerikaantje.be\/alle-producten\/"},{"@type":"ListItem","position":3,"name":"Terrance short"}]},{"@type":"WebSite","@id":"https:\/\/amerikaantje.be\/#website","url":"https:\/\/amerikaantje.be\/","name":"&#039;t Amerikaantje","description":"&#039;ouvert le dimanche, supergoe et super bon march\u00e9 !","publisher":{"@id":"https:\/\/amerikaantje.be\/#organization"},"potentialAction":[{"@type":"SearchAction","target":{"@type":"EntryPoint","urlTemplate":"https:\/\/amerikaantje.be\/?s={search_term_string}"},"query-input":{"@type":"PropertyValueSpecification","valueRequired":true,"valueName":"search_term_string"}}],"inLanguage":"fr-BE"},{"@type":"Organization","@id":"https:\/\/amerikaantje.be\/#organization","name":"&#039;t Amerikaantje","url":"https:\/\/amerikaantje.be\/","logo":{"@type":"ImageObject","inLanguage":"fr-BE","@id":"https:\/\/amerikaantje.be\/#\/schema\/logo\/image\/","url":"https:\/\/amerikaantje.be\/wp-content\/uploads\/2023\/02\/amerikaantje-balk-logo-sterren-transparant.png?v=1703255686","contentUrl":"https:\/\/amerikaantje.be\/wp-content\/uploads\/2023\/02\/amerikaantje-balk-logo-sterren-transparant.png?v=1703255686","width":648,"height":343,"caption":"&#039;t Amerikaantje"},"image":{"@id":"https:\/\/amerikaantje.be\/#\/schema\/logo\/image\/"},"sameAs":["https:\/\/www.facebook.com\/t-Amerikaantje-151636621529042\/"]}]},"og_availability":"instock","product_availability":"instock","product_retailer_item_id":"1211","product_condition":"new"},"df_price":41,"df_sale_price":"","df_regular_price":41,"df_image_link":"https:\/\/amerikaantje.be\/wp-content\/uploads\/2016\/05\/1211_woodland-269x300.jpg?v=1698367253","_links":{"self":[{"href":"https:\/\/amerikaantje.be\/fr\/wp-json\/wp\/v2\/product\/14950","targetHints":{"allow":["GET"]}}],"collection":[{"href":"https:\/\/amerikaantje.be\/fr\/wp-json\/wp\/v2\/product"}],"about":[{"href":"https:\/\/amerikaantje.be\/fr\/wp-json\/wp\/v2\/types\/product"}],"wp:featuredmedia":[{"embeddable":true,"href":"https:\/\/amerikaantje.be\/fr\/wp-json\/wp\/v2\/media\/14956"}],"wp:attachment":[{"href":"https:\/\/amerikaantje.be\/fr\/wp-json\/wp\/v2\/media?parent=14950"}],"wp:term":[{"taxonomy":"product_brand","embeddable":true,"href":"https:\/\/amerikaantje.be\/fr\/wp-json\/wp\/v2\/product_brand?post=14950"},{"taxonomy":"product_cat","embeddable":true,"href":"https:\/\/amerikaantje.be\/fr\/wp-json\/wp\/v2\/product_cat?post=14950"},{"taxonomy":"product_tag","embeddable":true,"href":"https:\/\/amerikaantje.be\/fr\/wp-json\/wp\/v2\/product_tag?post=14950"}],"curies":[{"name":"wp","href":"https:\/\/api.w.org\/{rel}","templated":true}]}}