{"id":14785,"date":"2016-05-10T10:01:42","date_gmt":"2016-05-10T10:01:42","guid":{"rendered":"https:\/\/amerikaantje.be\/?post_type=product&#038;p=14785"},"modified":"2026-04-28T14:37:33","modified_gmt":"2026-04-28T12:37:33","slug":"meindl-black-boa-gtxr","status":"publish","type":"product","link":"https:\/\/amerikaantje.be\/fr\/product\/meindl-black-boa-gtxr\/","title":{"rendered":"Meindl Black BOA GTX (R)"},"content":{"rendered":"<p>La Black Boa GTX de Meindl est une botte en cuir haut de gamme extr\u00eamement l\u00e9g\u00e8re et flexible. Id\u00e9al pour une utilisation quotidienne et\/ou intensive par les forces de police, le personnel de s\u00e9curit\u00e9 ou dans le cadre d'activit\u00e9s militaires.<\/p>\n<p>Cette chaussure agile de qualit\u00e9 offre une bonne stabilit\u00e9 et un soutien \u00e9lev\u00e9 de la cheville, associ\u00e9s \u00e0 une foul\u00e9e souple. Courir un sprint ne pose donc pas le moindre probl\u00e8me !<\/p>\n<p>Gr\u00e2ce \u00e0 la doublure int\u00e9rieure en Gore-Tex\u00ae, la Black Boa GTX, parfaitement ajust\u00e9e, est imperm\u00e9able et convient \u00e9galement \u00e0 une utilisation dans des conditions plus chaudes. La semelle Contagrip Trail garantit une adh\u00e9rence suffisante m\u00eame lorsque la surface est tach\u00e9e d'huile ou d'essence.<\/p>\n<p>La marque allemande Meindl est l'un des producteurs les plus connus de chaussures de randonn\u00e9e de qualit\u00e9, avec une capacit\u00e9 unique \u00e0 maintenir des m\u00e9thodes de production classiques et traditionnelles tout en continuant \u00e0 innover.<\/p>\n<p>FEATURES<\/p>\n<ul>\n<li>Couche ext\u00e9rieure : cuir<\/li>\n<li>Doublure : GORE-TEX\u00ae imperm\u00e9able et respirant<\/li>\n<li>Assise plantaire : semelle s\u00e8che Air-ActiveR, absorbant les chocs et lavable.<\/li>\n<li>Bande de roulement : Contagrip Trail adh\u00e9rence extr\u00eamement confortable et ferme<\/li>\n<li>Poids : +\/-560g<\/li>\n<\/ul>\n<p>Disponible en tailles enti\u00e8res et demi, voir la liste ci-dessous pour trouver votre taille EU :<\/p>\n<ul>\n<li>7.5 = 41,5<\/li>\n<li>8 = 42<\/li>\n<li>8.5 = 42,5<\/li>\n<li>9 = 43<\/li>\n<li>9.5 = 44<\/li>\n<li>10 = 44,5<\/li>\n<li>10.5 = 45<\/li>\n<li>11 = 46<\/li>\n<li>11.5 = 46,5<\/li>\n<li>12 = 47<\/li>\n<\/ul>","protected":false},"excerpt":{"rendered":"<p>De Meindl Black Boa GTX is een extreem lichte, flexibele toplaars in leder. Ideaal voor dagelijks en\/of intensief gebruik door politiediensten, beveiligingspersoneel of bij militaire activiteiten. De wendbare kwaliteitsschoen geeft een goede stabiliteit en een hoge enkelsteun in combinatie met een soepele afwikkeling. Een sprintje trekken vormt dus niet het minste probleem! Door de Gore-Tex\u00ae [&#8230;]\n","protected":false},"featured_media":15014,"template":"","meta":{"_acf_changed":false},"product_brand":[],"product_cat":[13409,13334],"product_tag":[1814,948],"class_list":{"0":"post-14785","1":"product","2":"type-product","3":"status-publish","4":"has-post-thumbnail","6":"product_cat-adventure-boots","7":"product_cat-schoenen","8":"product_tag-milicien","9":"product_tag-security","10":"pa_maten-549","11":"pa_maten-10-5","12":"pa_maten-551","13":"pa_maten-11-5","14":"pa_maten-553","15":"pa_maten-13546","16":"pa_maten-13544","17":"pa_maten-13545","18":"pa_maten-7-fr","19":"pa_maten-7-5","20":"pa_maten-545","21":"pa_maten-8-5","22":"pa_maten-547","23":"pa_maten-9-5","24":"pa_merk-meindl","26":"first","27":"instock","28":"taxable","29":"shipping-taxable","30":"purchasable","31":"product-type-variable"},"acf":[],"yoast_head":"<!-- This site is optimized with the Yoast SEO Premium plugin v27.6 (Yoast SEO v27.6) - https:\/\/yoast.com\/product\/yoast-seo-premium-wordpress\/ -->\n<title>Meindl Black BOA GTX (R) - &#039;t Amerikaantje<\/title>\n<meta name=\"robots\" content=\"index, follow, max-snippet:-1, max-image-preview:large, max-video-preview:-1\" \/>\n<link rel=\"canonical\" href=\"https:\/\/amerikaantje.be\/fr\/product\/meindl-black-boa-gtxr\/\" \/>\n<meta property=\"og:locale\" content=\"fr_FR\" \/>\n<meta property=\"og:type\" content=\"article\" \/>\n<meta property=\"og:title\" content=\"Meindl Black BOA GTX (R)\" \/>\n<meta property=\"og:description\" content=\"De Meindl Black Boa GTX is een extreem lichte, flexibele toplaars in leder. Ideaal voor dagelijks en\/of intensief gebruik door politiediensten, beveiligingspersoneel of bij militaire activiteiten. De wendbare kwaliteitsschoen geeft een goede stabiliteit en een hoge enkelsteun in combinatie met een soepele afwikkeling. Een sprintje trekken vormt dus niet het minste probleem! Door de Gore-Tex\u00ae [...]\" \/>\n<meta property=\"og:url\" content=\"https:\/\/amerikaantje.be\/fr\/product\/meindl-black-boa-gtxr\/\" \/>\n<meta property=\"og:site_name\" content=\"&#039;t Amerikaantje\" \/>\n<meta property=\"article:publisher\" content=\"https:\/\/www.facebook.com\/t-Amerikaantje-151636621529042\/\" \/>\n<meta property=\"article:modified_time\" content=\"2026-04-28T12:37:33+00:00\" \/>\n<meta property=\"og:image\" content=\"https:\/\/amerikaantje.be\/wp-content\/uploads\/2016\/05\/amerikaantje-meindl-2.jpg?v=1698367237\" \/>\n\t<meta property=\"og:image:width\" content=\"600\" \/>\n\t<meta property=\"og:image:height\" content=\"600\" \/>\n\t<meta property=\"og:image:type\" content=\"image\/jpeg\" \/>\n<meta name=\"twitter:card\" content=\"summary_large_image\" \/>\n<meta name=\"twitter:label1\" content=\"Availability\" \/>\n\t<meta name=\"twitter:data1\" content=\"In stock\" \/>\n<script type=\"application\/ld+json\" class=\"yoast-schema-graph\">{\"@context\":\"https:\\\/\\\/schema.org\",\"@graph\":[{\"@type\":\"WebPage\",\"@id\":\"https:\\\/\\\/amerikaantje.be\\\/product\\\/meindl-black-boa-gtxr\\\/\",\"url\":\"https:\\\/\\\/amerikaantje.be\\\/product\\\/meindl-black-boa-gtxr\\\/\",\"name\":\"Meindl Black BOA GTX (R) - &#039;t Amerikaantje\",\"isPartOf\":{\"@id\":\"https:\\\/\\\/amerikaantje.be\\\/#website\"},\"primaryImageOfPage\":{\"@id\":\"https:\\\/\\\/amerikaantje.be\\\/product\\\/meindl-black-boa-gtxr\\\/#primaryimage\"},\"image\":{\"@id\":\"https:\\\/\\\/amerikaantje.be\\\/product\\\/meindl-black-boa-gtxr\\\/#primaryimage\"},\"thumbnailUrl\":\"https:\\\/\\\/amerikaantje.be\\\/wp-content\\\/uploads\\\/2016\\\/05\\\/amerikaantje-meindl-2.jpg?v=1698367237\",\"datePublished\":\"2016-05-10T10:01:42+00:00\",\"dateModified\":\"2026-04-28T12:37:33+00:00\",\"breadcrumb\":{\"@id\":\"https:\\\/\\\/amerikaantje.be\\\/product\\\/meindl-black-boa-gtxr\\\/#breadcrumb\"},\"inLanguage\":\"fr-BE\",\"potentialAction\":[{\"@type\":\"ReadAction\",\"target\":[\"https:\\\/\\\/amerikaantje.be\\\/product\\\/meindl-black-boa-gtxr\\\/\"]}]},{\"@type\":\"ImageObject\",\"inLanguage\":\"fr-BE\",\"@id\":\"https:\\\/\\\/amerikaantje.be\\\/product\\\/meindl-black-boa-gtxr\\\/#primaryimage\",\"url\":\"https:\\\/\\\/amerikaantje.be\\\/wp-content\\\/uploads\\\/2016\\\/05\\\/amerikaantje-meindl-2.jpg?v=1698367237\",\"contentUrl\":\"https:\\\/\\\/amerikaantje.be\\\/wp-content\\\/uploads\\\/2016\\\/05\\\/amerikaantje-meindl-2.jpg?v=1698367237\",\"width\":600,\"height\":600},{\"@type\":\"BreadcrumbList\",\"@id\":\"https:\\\/\\\/amerikaantje.be\\\/product\\\/meindl-black-boa-gtxr\\\/#breadcrumb\",\"itemListElement\":[{\"@type\":\"ListItem\",\"position\":1,\"name\":\"Accueil\",\"item\":\"https:\\\/\\\/amerikaantje.be\\\/\"},{\"@type\":\"ListItem\",\"position\":2,\"name\":\"Webshop\",\"item\":\"https:\\\/\\\/amerikaantje.be\\\/alle-producten\\\/\"},{\"@type\":\"ListItem\",\"position\":3,\"name\":\"Meindl Black BOA GTX (R)\"}]},{\"@type\":\"WebSite\",\"@id\":\"https:\\\/\\\/amerikaantje.be\\\/#website\",\"url\":\"https:\\\/\\\/amerikaantje.be\\\/\",\"name\":\"&#039;t Amerikaantje\",\"description\":\"&#039;s zondags open, supergoe en supergoeiekoop!\",\"publisher\":{\"@id\":\"https:\\\/\\\/amerikaantje.be\\\/#organization\"},\"potentialAction\":[{\"@type\":\"SearchAction\",\"target\":{\"@type\":\"EntryPoint\",\"urlTemplate\":\"https:\\\/\\\/amerikaantje.be\\\/?s={search_term_string}\"},\"query-input\":{\"@type\":\"PropertyValueSpecification\",\"valueRequired\":true,\"valueName\":\"search_term_string\"}}],\"inLanguage\":\"fr-BE\"},{\"@type\":\"Organization\",\"@id\":\"https:\\\/\\\/amerikaantje.be\\\/#organization\",\"name\":\"&#039;t Amerikaantje\",\"url\":\"https:\\\/\\\/amerikaantje.be\\\/\",\"logo\":{\"@type\":\"ImageObject\",\"inLanguage\":\"fr-BE\",\"@id\":\"https:\\\/\\\/amerikaantje.be\\\/#\\\/schema\\\/logo\\\/image\\\/\",\"url\":\"https:\\\/\\\/amerikaantje.be\\\/wp-content\\\/uploads\\\/2023\\\/02\\\/amerikaantje-balk-logo-sterren-transparant.png?v=1703255686\",\"contentUrl\":\"https:\\\/\\\/amerikaantje.be\\\/wp-content\\\/uploads\\\/2023\\\/02\\\/amerikaantje-balk-logo-sterren-transparant.png?v=1703255686\",\"width\":648,\"height\":343,\"caption\":\"&#039;t Amerikaantje\"},\"image\":{\"@id\":\"https:\\\/\\\/amerikaantje.be\\\/#\\\/schema\\\/logo\\\/image\\\/\"},\"sameAs\":[\"https:\\\/\\\/www.facebook.com\\\/t-Amerikaantje-151636621529042\\\/\"]}]}<\/script>\n<meta property=\"og:availability\" content=\"instock\" \/>\n<meta property=\"product:availability\" content=\"instock\" \/>\n<meta property=\"product:retailer_item_id\" content=\"3749\" \/>\n<meta property=\"product:condition\" content=\"new\" \/>\n<!-- \/ Yoast SEO Premium plugin. -->","yoast_head_json":{"title":"Meindl Black BOA GTX (R) - &#039;t Amerikaantje","robots":{"index":"index","follow":"follow","max-snippet":"max-snippet:-1","max-image-preview":"max-image-preview:large","max-video-preview":"max-video-preview:-1"},"canonical":"https:\/\/amerikaantje.be\/fr\/product\/meindl-black-boa-gtxr\/","og_locale":"fr_FR","og_type":"article","og_title":"Meindl Black BOA GTX (R)","og_description":"De Meindl Black Boa GTX is een extreem lichte, flexibele toplaars in leder. Ideaal voor dagelijks en\/of intensief gebruik door politiediensten, beveiligingspersoneel of bij militaire activiteiten. De wendbare kwaliteitsschoen geeft een goede stabiliteit en een hoge enkelsteun in combinatie met een soepele afwikkeling. Een sprintje trekken vormt dus niet het minste probleem! Door de Gore-Tex\u00ae [...]","og_url":"https:\/\/amerikaantje.be\/fr\/product\/meindl-black-boa-gtxr\/","og_site_name":"&#039;t Amerikaantje","article_publisher":"https:\/\/www.facebook.com\/t-Amerikaantje-151636621529042\/","article_modified_time":"2026-04-28T12:37:33+00:00","og_image":[{"width":600,"height":600,"url":"https:\/\/amerikaantje.be\/wp-content\/uploads\/2016\/05\/amerikaantje-meindl-2.jpg?v=1698367237","type":"image\/jpeg"}],"twitter_card":"summary_large_image","twitter_misc":{"Availability":"In stock"},"schema":{"@context":"https:\/\/schema.org","@graph":[{"@type":"WebPage","@id":"https:\/\/amerikaantje.be\/product\/meindl-black-boa-gtxr\/","url":"https:\/\/amerikaantje.be\/product\/meindl-black-boa-gtxr\/","name":"Meindl Black BOA GTX (R) - &#039;t Amerikaantje","isPartOf":{"@id":"https:\/\/amerikaantje.be\/#website"},"primaryImageOfPage":{"@id":"https:\/\/amerikaantje.be\/product\/meindl-black-boa-gtxr\/#primaryimage"},"image":{"@id":"https:\/\/amerikaantje.be\/product\/meindl-black-boa-gtxr\/#primaryimage"},"thumbnailUrl":"https:\/\/amerikaantje.be\/wp-content\/uploads\/2016\/05\/amerikaantje-meindl-2.jpg?v=1698367237","datePublished":"2016-05-10T10:01:42+00:00","dateModified":"2026-04-28T12:37:33+00:00","breadcrumb":{"@id":"https:\/\/amerikaantje.be\/product\/meindl-black-boa-gtxr\/#breadcrumb"},"inLanguage":"fr-BE","potentialAction":[{"@type":"ReadAction","target":["https:\/\/amerikaantje.be\/product\/meindl-black-boa-gtxr\/"]}]},{"@type":"ImageObject","inLanguage":"fr-BE","@id":"https:\/\/amerikaantje.be\/product\/meindl-black-boa-gtxr\/#primaryimage","url":"https:\/\/amerikaantje.be\/wp-content\/uploads\/2016\/05\/amerikaantje-meindl-2.jpg?v=1698367237","contentUrl":"https:\/\/amerikaantje.be\/wp-content\/uploads\/2016\/05\/amerikaantje-meindl-2.jpg?v=1698367237","width":600,"height":600},{"@type":"BreadcrumbList","@id":"https:\/\/amerikaantje.be\/product\/meindl-black-boa-gtxr\/#breadcrumb","itemListElement":[{"@type":"ListItem","position":1,"name":"Accueil","item":"https:\/\/amerikaantje.be\/"},{"@type":"ListItem","position":2,"name":"Webshop","item":"https:\/\/amerikaantje.be\/alle-producten\/"},{"@type":"ListItem","position":3,"name":"Meindl Black BOA GTX (R)"}]},{"@type":"WebSite","@id":"https:\/\/amerikaantje.be\/#website","url":"https:\/\/amerikaantje.be\/","name":"&#039;t Amerikaantje","description":"&#039;ouvert le dimanche, supergoe et super bon march\u00e9 !","publisher":{"@id":"https:\/\/amerikaantje.be\/#organization"},"potentialAction":[{"@type":"SearchAction","target":{"@type":"EntryPoint","urlTemplate":"https:\/\/amerikaantje.be\/?s={search_term_string}"},"query-input":{"@type":"PropertyValueSpecification","valueRequired":true,"valueName":"search_term_string"}}],"inLanguage":"fr-BE"},{"@type":"Organization","@id":"https:\/\/amerikaantje.be\/#organization","name":"&#039;t Amerikaantje","url":"https:\/\/amerikaantje.be\/","logo":{"@type":"ImageObject","inLanguage":"fr-BE","@id":"https:\/\/amerikaantje.be\/#\/schema\/logo\/image\/","url":"https:\/\/amerikaantje.be\/wp-content\/uploads\/2023\/02\/amerikaantje-balk-logo-sterren-transparant.png?v=1703255686","contentUrl":"https:\/\/amerikaantje.be\/wp-content\/uploads\/2023\/02\/amerikaantje-balk-logo-sterren-transparant.png?v=1703255686","width":648,"height":343,"caption":"&#039;t Amerikaantje"},"image":{"@id":"https:\/\/amerikaantje.be\/#\/schema\/logo\/image\/"},"sameAs":["https:\/\/www.facebook.com\/t-Amerikaantje-151636621529042\/"]}]},"og_availability":"instock","product_availability":"instock","product_retailer_item_id":"3749","product_condition":"new"},"df_price":245,"df_sale_price":"","df_regular_price":245,"df_image_link":"https:\/\/amerikaantje.be\/wp-content\/uploads\/2016\/05\/amerikaantje-meindl-2-300x300.jpg?v=1698367237","_links":{"self":[{"href":"https:\/\/amerikaantje.be\/fr\/wp-json\/wp\/v2\/product\/14785","targetHints":{"allow":["GET"]}}],"collection":[{"href":"https:\/\/amerikaantje.be\/fr\/wp-json\/wp\/v2\/product"}],"about":[{"href":"https:\/\/amerikaantje.be\/fr\/wp-json\/wp\/v2\/types\/product"}],"wp:featuredmedia":[{"embeddable":true,"href":"https:\/\/amerikaantje.be\/fr\/wp-json\/wp\/v2\/media\/15014"}],"wp:attachment":[{"href":"https:\/\/amerikaantje.be\/fr\/wp-json\/wp\/v2\/media?parent=14785"}],"wp:term":[{"taxonomy":"product_brand","embeddable":true,"href":"https:\/\/amerikaantje.be\/fr\/wp-json\/wp\/v2\/product_brand?post=14785"},{"taxonomy":"product_cat","embeddable":true,"href":"https:\/\/amerikaantje.be\/fr\/wp-json\/wp\/v2\/product_cat?post=14785"},{"taxonomy":"product_tag","embeddable":true,"href":"https:\/\/amerikaantje.be\/fr\/wp-json\/wp\/v2\/product_tag?post=14785"}],"curies":[{"name":"wp","href":"https:\/\/api.w.org\/{rel}","templated":true}]}}