{"id":136873,"date":"2026-02-02T17:01:23","date_gmt":"2026-02-02T16:01:23","guid":{"rendered":"https:\/\/amerikaantje.be\/product\/tropenkoppel-style-1-navy-seal\/"},"modified":"2026-02-19T10:26:23","modified_gmt":"2026-02-19T09:26:23","slug":"tropenkoppel-style-1-navy-seal","status":"publish","type":"product","link":"https:\/\/amerikaantje.be\/fr\/product\/tropenkoppel-style-1-navy-seal\/","title":{"rendered":"Paire tropicale style 1 Navy Seal"},"content":{"rendered":"<p>Pochette tropicale en toile\/coton 100% avec boucle coulissante en m\u00e9tal.<\/p>\n<p>Caract\u00e9ristiques :<\/p>\n<ul>\n<li>Largeur : 35 mm<\/li>\n<li>Longueur : en 115 et 130 cm<\/li>\n<li>Boucle chrom\u00e9e<\/li>\n<li>Couleur : noir<\/li>\n<\/ul>\n<p>Mat\u00e9riau :<\/p>\n<ul>\n<li>100% coton\/toile<\/li>\n<\/ul>\n<p>La marque 101 INC est bien connue dans le monde du tactique et de l'airsoft. 101INC est synonyme d'\u00e9quipements bien pens\u00e9s aussi bien pour l'airsofteur fanatique que pour l'aventurier passionn\u00e9 de plein air. Du mat\u00e9riel tactique d'ext\u00e9rieur pour r\u00e9pondre aux besoins des aventuriers de deux mondes pleins d'adr\u00e9naline !<\/p>","protected":false},"excerpt":{"rendered":"<p>Tropenkoppel gemaakt van van 100% katoen\/canvas en met een metalen schuifgesp. Kenmerken: Breedte: 35 mm Lengte: in 115 en130 cm Chromen gesp Kleur: zwart Materiaal: 100% katoen\/canvas\u200b The 101 INC brand is well know within the worlds of tactical and airsoft. 101INC stands for\u00a0well-thought-out equipment for as well the fanatic Airsofter as the passionate adventurer [&#8230;]\n","protected":false},"featured_media":137046,"template":"","meta":{"_acf_changed":false},"product_brand":[],"product_cat":[13307,13585],"product_tag":[],"class_list":{"0":"post-136873","1":"product","2":"type-product","3":"status-publish","4":"has-post-thumbnail","6":"product_cat-gordels-riemen","7":"product_cat-nieuw","8":"pa_lengte-115-cm","9":"pa_lengte-130-cm","10":"pa_merk-101-inc","12":"first","13":"instock","14":"purchasable","15":"product-type-variable"},"acf":[],"yoast_head":"<!-- This site is optimized with the Yoast SEO Premium plugin v27.6 (Yoast SEO v27.6) - https:\/\/yoast.com\/product\/yoast-seo-premium-wordpress\/ -->\n<title>Tropenkoppel style 1 Navy Seal - &#039;t Amerikaantje<\/title>\n<meta name=\"robots\" content=\"index, follow, max-snippet:-1, max-image-preview:large, max-video-preview:-1\" \/>\n<link rel=\"canonical\" href=\"https:\/\/amerikaantje.be\/fr\/product\/tropenkoppel-style-1-navy-seal\/\" \/>\n<meta property=\"og:locale\" content=\"fr_FR\" \/>\n<meta property=\"og:type\" content=\"article\" \/>\n<meta property=\"og:title\" content=\"Tropenkoppel style 1 Navy Seal\" \/>\n<meta property=\"og:description\" content=\"Tropenkoppel gemaakt van van 100% katoen\/canvas en met een metalen schuifgesp. Kenmerken: Breedte: 35 mm Lengte: in 115 en130 cm Chromen gesp Kleur: zwart Materiaal: 100% katoen\/canvas\u200b The 101 INC brand is well know within the worlds of tactical and airsoft. 101INC stands for\u00a0well-thought-out equipment for as well the fanatic Airsofter as the passionate adventurer [...]\" \/>\n<meta property=\"og:url\" content=\"https:\/\/amerikaantje.be\/fr\/product\/tropenkoppel-style-1-navy-seal\/\" \/>\n<meta property=\"og:site_name\" content=\"&#039;t Amerikaantje\" \/>\n<meta property=\"article:publisher\" content=\"https:\/\/www.facebook.com\/t-Amerikaantje-151636621529042\/\" \/>\n<meta property=\"article:modified_time\" content=\"2026-02-19T09:26:23+00:00\" \/>\n<meta property=\"og:image\" content=\"https:\/\/amerikaantje.be\/wp-content\/uploads\/2026\/02\/241330_13_01.png\" \/>\n\t<meta property=\"og:image:width\" content=\"800\" \/>\n\t<meta property=\"og:image:height\" content=\"800\" \/>\n\t<meta property=\"og:image:type\" content=\"image\/png\" \/>\n<meta name=\"twitter:card\" content=\"summary_large_image\" \/>\n<meta name=\"twitter:label1\" content=\"Availability\" \/>\n\t<meta name=\"twitter:data1\" content=\"In stock\" \/>\n<script type=\"application\/ld+json\" class=\"yoast-schema-graph\">{\"@context\":\"https:\\\/\\\/schema.org\",\"@graph\":[{\"@type\":\"WebPage\",\"@id\":\"https:\\\/\\\/amerikaantje.be\\\/product\\\/tropenkoppel-style-1-navy-seal\\\/\",\"url\":\"https:\\\/\\\/amerikaantje.be\\\/product\\\/tropenkoppel-style-1-navy-seal\\\/\",\"name\":\"Tropenkoppel style 1 Navy Seal - &#039;t Amerikaantje\",\"isPartOf\":{\"@id\":\"https:\\\/\\\/amerikaantje.be\\\/#website\"},\"primaryImageOfPage\":{\"@id\":\"https:\\\/\\\/amerikaantje.be\\\/product\\\/tropenkoppel-style-1-navy-seal\\\/#primaryimage\"},\"image\":{\"@id\":\"https:\\\/\\\/amerikaantje.be\\\/product\\\/tropenkoppel-style-1-navy-seal\\\/#primaryimage\"},\"thumbnailUrl\":\"https:\\\/\\\/amerikaantje.be\\\/wp-content\\\/uploads\\\/2026\\\/02\\\/241330_13_01.png\",\"datePublished\":\"2026-02-02T16:01:23+00:00\",\"dateModified\":\"2026-02-19T09:26:23+00:00\",\"breadcrumb\":{\"@id\":\"https:\\\/\\\/amerikaantje.be\\\/product\\\/tropenkoppel-style-1-navy-seal\\\/#breadcrumb\"},\"inLanguage\":\"fr-BE\",\"potentialAction\":[{\"@type\":\"ReadAction\",\"target\":[\"https:\\\/\\\/amerikaantje.be\\\/product\\\/tropenkoppel-style-1-navy-seal\\\/\"]}]},{\"@type\":\"ImageObject\",\"inLanguage\":\"fr-BE\",\"@id\":\"https:\\\/\\\/amerikaantje.be\\\/product\\\/tropenkoppel-style-1-navy-seal\\\/#primaryimage\",\"url\":\"https:\\\/\\\/amerikaantje.be\\\/wp-content\\\/uploads\\\/2026\\\/02\\\/241330_13_01.png\",\"contentUrl\":\"https:\\\/\\\/amerikaantje.be\\\/wp-content\\\/uploads\\\/2026\\\/02\\\/241330_13_01.png\",\"width\":800,\"height\":800},{\"@type\":\"BreadcrumbList\",\"@id\":\"https:\\\/\\\/amerikaantje.be\\\/product\\\/tropenkoppel-style-1-navy-seal\\\/#breadcrumb\",\"itemListElement\":[{\"@type\":\"ListItem\",\"position\":1,\"name\":\"Accueil\",\"item\":\"https:\\\/\\\/amerikaantje.be\\\/\"},{\"@type\":\"ListItem\",\"position\":2,\"name\":\"Webshop\",\"item\":\"https:\\\/\\\/amerikaantje.be\\\/alle-producten\\\/\"},{\"@type\":\"ListItem\",\"position\":3,\"name\":\"Tropenkoppel style 1 Navy Seal\"}]},{\"@type\":\"WebSite\",\"@id\":\"https:\\\/\\\/amerikaantje.be\\\/#website\",\"url\":\"https:\\\/\\\/amerikaantje.be\\\/\",\"name\":\"&#039;t Amerikaantje\",\"description\":\"&#039;s zondags open, supergoe en supergoeiekoop!\",\"publisher\":{\"@id\":\"https:\\\/\\\/amerikaantje.be\\\/#organization\"},\"potentialAction\":[{\"@type\":\"SearchAction\",\"target\":{\"@type\":\"EntryPoint\",\"urlTemplate\":\"https:\\\/\\\/amerikaantje.be\\\/?s={search_term_string}\"},\"query-input\":{\"@type\":\"PropertyValueSpecification\",\"valueRequired\":true,\"valueName\":\"search_term_string\"}}],\"inLanguage\":\"fr-BE\"},{\"@type\":\"Organization\",\"@id\":\"https:\\\/\\\/amerikaantje.be\\\/#organization\",\"name\":\"&#039;t Amerikaantje\",\"url\":\"https:\\\/\\\/amerikaantje.be\\\/\",\"logo\":{\"@type\":\"ImageObject\",\"inLanguage\":\"fr-BE\",\"@id\":\"https:\\\/\\\/amerikaantje.be\\\/#\\\/schema\\\/logo\\\/image\\\/\",\"url\":\"https:\\\/\\\/amerikaantje.be\\\/wp-content\\\/uploads\\\/2023\\\/02\\\/amerikaantje-balk-logo-sterren-transparant.png?v=1703255686\",\"contentUrl\":\"https:\\\/\\\/amerikaantje.be\\\/wp-content\\\/uploads\\\/2023\\\/02\\\/amerikaantje-balk-logo-sterren-transparant.png?v=1703255686\",\"width\":648,\"height\":343,\"caption\":\"&#039;t Amerikaantje\"},\"image\":{\"@id\":\"https:\\\/\\\/amerikaantje.be\\\/#\\\/schema\\\/logo\\\/image\\\/\"},\"sameAs\":[\"https:\\\/\\\/www.facebook.com\\\/t-Amerikaantje-151636621529042\\\/\"]}]}<\/script>\n<meta property=\"og:availability\" content=\"instock\" \/>\n<meta property=\"product:availability\" content=\"instock\" \/>\n<meta property=\"product:retailer_item_id\" content=\"241330\" \/>\n<meta property=\"product:condition\" content=\"new\" \/>\n<!-- \/ Yoast SEO Premium plugin. -->","yoast_head_json":{"title":"Couple tropical style 1 Navy Seal - 't Amerikaantje","robots":{"index":"index","follow":"follow","max-snippet":"max-snippet:-1","max-image-preview":"max-image-preview:large","max-video-preview":"max-video-preview:-1"},"canonical":"https:\/\/amerikaantje.be\/fr\/product\/tropenkoppel-style-1-navy-seal\/","og_locale":"fr_FR","og_type":"article","og_title":"Tropenkoppel style 1 Navy Seal","og_description":"Tropenkoppel gemaakt van van 100% katoen\/canvas en met een metalen schuifgesp. Kenmerken: Breedte: 35 mm Lengte: in 115 en130 cm Chromen gesp Kleur: zwart Materiaal: 100% katoen\/canvas\u200b The 101 INC brand is well know within the worlds of tactical and airsoft. 101INC stands for\u00a0well-thought-out equipment for as well the fanatic Airsofter as the passionate adventurer [...]","og_url":"https:\/\/amerikaantje.be\/fr\/product\/tropenkoppel-style-1-navy-seal\/","og_site_name":"&#039;t Amerikaantje","article_publisher":"https:\/\/www.facebook.com\/t-Amerikaantje-151636621529042\/","article_modified_time":"2026-02-19T09:26:23+00:00","og_image":[{"width":800,"height":800,"url":"https:\/\/amerikaantje.be\/wp-content\/uploads\/2026\/02\/241330_13_01.png","type":"image\/png"}],"twitter_card":"summary_large_image","twitter_misc":{"Availability":"In stock"},"schema":{"@context":"https:\/\/schema.org","@graph":[{"@type":"WebPage","@id":"https:\/\/amerikaantje.be\/product\/tropenkoppel-style-1-navy-seal\/","url":"https:\/\/amerikaantje.be\/product\/tropenkoppel-style-1-navy-seal\/","name":"Couple tropical style 1 Navy Seal - 't Amerikaantje","isPartOf":{"@id":"https:\/\/amerikaantje.be\/#website"},"primaryImageOfPage":{"@id":"https:\/\/amerikaantje.be\/product\/tropenkoppel-style-1-navy-seal\/#primaryimage"},"image":{"@id":"https:\/\/amerikaantje.be\/product\/tropenkoppel-style-1-navy-seal\/#primaryimage"},"thumbnailUrl":"https:\/\/amerikaantje.be\/wp-content\/uploads\/2026\/02\/241330_13_01.png","datePublished":"2026-02-02T16:01:23+00:00","dateModified":"2026-02-19T09:26:23+00:00","breadcrumb":{"@id":"https:\/\/amerikaantje.be\/product\/tropenkoppel-style-1-navy-seal\/#breadcrumb"},"inLanguage":"fr-BE","potentialAction":[{"@type":"ReadAction","target":["https:\/\/amerikaantje.be\/product\/tropenkoppel-style-1-navy-seal\/"]}]},{"@type":"ImageObject","inLanguage":"fr-BE","@id":"https:\/\/amerikaantje.be\/product\/tropenkoppel-style-1-navy-seal\/#primaryimage","url":"https:\/\/amerikaantje.be\/wp-content\/uploads\/2026\/02\/241330_13_01.png","contentUrl":"https:\/\/amerikaantje.be\/wp-content\/uploads\/2026\/02\/241330_13_01.png","width":800,"height":800},{"@type":"BreadcrumbList","@id":"https:\/\/amerikaantje.be\/product\/tropenkoppel-style-1-navy-seal\/#breadcrumb","itemListElement":[{"@type":"ListItem","position":1,"name":"Accueil","item":"https:\/\/amerikaantje.be\/"},{"@type":"ListItem","position":2,"name":"Webshop","item":"https:\/\/amerikaantje.be\/alle-producten\/"},{"@type":"ListItem","position":3,"name":"Tropenkoppel style 1 Navy Seal"}]},{"@type":"WebSite","@id":"https:\/\/amerikaantje.be\/#website","url":"https:\/\/amerikaantje.be\/","name":"&#039;t Amerikaantje","description":"&#039;ouvert le dimanche, supergoe et super bon march\u00e9 !","publisher":{"@id":"https:\/\/amerikaantje.be\/#organization"},"potentialAction":[{"@type":"SearchAction","target":{"@type":"EntryPoint","urlTemplate":"https:\/\/amerikaantje.be\/?s={search_term_string}"},"query-input":{"@type":"PropertyValueSpecification","valueRequired":true,"valueName":"search_term_string"}}],"inLanguage":"fr-BE"},{"@type":"Organization","@id":"https:\/\/amerikaantje.be\/#organization","name":"&#039;t Amerikaantje","url":"https:\/\/amerikaantje.be\/","logo":{"@type":"ImageObject","inLanguage":"fr-BE","@id":"https:\/\/amerikaantje.be\/#\/schema\/logo\/image\/","url":"https:\/\/amerikaantje.be\/wp-content\/uploads\/2023\/02\/amerikaantje-balk-logo-sterren-transparant.png?v=1703255686","contentUrl":"https:\/\/amerikaantje.be\/wp-content\/uploads\/2023\/02\/amerikaantje-balk-logo-sterren-transparant.png?v=1703255686","width":648,"height":343,"caption":"&#039;t Amerikaantje"},"image":{"@id":"https:\/\/amerikaantje.be\/#\/schema\/logo\/image\/"},"sameAs":["https:\/\/www.facebook.com\/t-Amerikaantje-151636621529042\/"]}]},"og_availability":"instock","product_availability":"instock","product_retailer_item_id":"241330","product_condition":"new"},"df_price":8.3,"df_sale_price":"","df_regular_price":8.3,"df_image_link":"https:\/\/amerikaantje.be\/wp-content\/uploads\/2026\/02\/241330_13_01-500x500.png","_links":{"self":[{"href":"https:\/\/amerikaantje.be\/fr\/wp-json\/wp\/v2\/product\/136873","targetHints":{"allow":["GET"]}}],"collection":[{"href":"https:\/\/amerikaantje.be\/fr\/wp-json\/wp\/v2\/product"}],"about":[{"href":"https:\/\/amerikaantje.be\/fr\/wp-json\/wp\/v2\/types\/product"}],"wp:featuredmedia":[{"embeddable":true,"href":"https:\/\/amerikaantje.be\/fr\/wp-json\/wp\/v2\/media\/137046"}],"wp:attachment":[{"href":"https:\/\/amerikaantje.be\/fr\/wp-json\/wp\/v2\/media?parent=136873"}],"wp:term":[{"taxonomy":"product_brand","embeddable":true,"href":"https:\/\/amerikaantje.be\/fr\/wp-json\/wp\/v2\/product_brand?post=136873"},{"taxonomy":"product_cat","embeddable":true,"href":"https:\/\/amerikaantje.be\/fr\/wp-json\/wp\/v2\/product_cat?post=136873"},{"taxonomy":"product_tag","embeddable":true,"href":"https:\/\/amerikaantje.be\/fr\/wp-json\/wp\/v2\/product_tag?post=136873"}],"curies":[{"name":"wp","href":"https:\/\/api.w.org\/{rel}","templated":true}]}}