{"id":136869,"date":"2026-02-02T17:01:23","date_gmt":"2026-02-02T16:01:23","guid":{"rendered":"https:\/\/amerikaantje.be\/product\/tropenkoppel-style-3-airborne\/"},"modified":"2026-02-19T10:27:27","modified_gmt":"2026-02-19T09:27:27","slug":"tropenkoppel-style-3-airborne","status":"publish","type":"product","link":"https:\/\/amerikaantje.be\/fr\/product\/tropenkoppel-style-3-airborne\/","title":{"rendered":"Style couple tropical 3 Airborne"},"content":{"rendered":"<p>Pochette tropicale en toile\/coton 100% avec boucle coulissante en m\u00e9tal.<br \/>\nLargeur : 35 mm<\/p>\n<p>La 101e division a\u00e9roport\u00e9e (\u201cScreaming Eagles\u201d) est une division d'infanterie l\u00e9g\u00e8re modulaire sp\u00e9cialis\u00e9e de l'arm\u00e9e am\u00e9ricaine, entra\u00een\u00e9e aux op\u00e9rations d'assaut a\u00e9rien.  Elle a \u00e9t\u00e9 qualifi\u00e9e de \u201cpointe de la lance\u201d par l'ancien secr\u00e9taire am\u00e9ricain \u00e0 la d\u00e9fense Robert Gates et de division la plus puissante et la plus mobile tactiquement de l'arm\u00e9e am\u00e9ricaine par l'ancien chef d'\u00e9tat-major de l'arm\u00e9e, le g\u00e9n\u00e9ral Edward C. Meyer (retrait\u00e9). La 101e a\u00e9roport\u00e9e est capable de planifier, de coordonner et d'ex\u00e9cuter des op\u00e9rations d'assaut a\u00e9rien de la taille d'une brigade, de s'emparer de terrains cl\u00e9s \u00e0 l'appui d'objectifs op\u00e9rationnels et de travailler dans des environnements aust\u00e8res dot\u00e9s d'une infrastructure limit\u00e9e ou d\u00e9grad\u00e9e. Ces op\u00e9rations particuli\u00e8res sont men\u00e9es par des \u00e9quipes tr\u00e8s mobiles qui couvrent de grandes distances et engagent les forces ennemies derri\u00e8re les lignes ennemies. Selon l'auteur de Screaming Eagles : 101st Airborne Division, sa mobilit\u00e9 unique sur le champ de bataille et son haut niveau d'entra\u00eenement l'ont maintenue \u00e0 l'avant-garde des forces de combat terrestres am\u00e9ricaines dans les conflits r\u00e9cents. Plus r\u00e9cemment, la 101e division a\u00e9roport\u00e9e a particip\u00e9 \u00e0 des op\u00e9rations de d\u00e9fense int\u00e9rieure \u00e9trang\u00e8re et de lutte contre le terrorisme en Irak et en Afghanistan.<br \/>\nL'histoire de la 101e division a\u00e9roport\u00e9e s'\u00e9tend sur pr\u00e8s d'un si\u00e8cle. Pendant la Seconde Guerre mondiale, elle s'est illustr\u00e9e par son r\u00f4le dans l'op\u00e9ration Overlord (le d\u00e9barquement et les d\u00e9barquements a\u00e9roport\u00e9s du 6 juin 1944, en Normandie, France), l'op\u00e9ration Market Garden, la lib\u00e9ration des Pays-Bas et son action pendant la bataille des Ardennes autour de la ville de Bastogne, en Belgique. Pendant la guerre du Vi\u00eat Nam, la 101e division a\u00e9roport\u00e9e a particip\u00e9 \u00e0 plusieurs campagnes et batailles majeures, dont la bataille de Hamburger Hill en mai 1969.<\/p>\n<p>La marque 101 INC est bien connue dans le monde du tactique et de l'airsoft. 101INC est synonyme d'\u00e9quipements bien pens\u00e9s aussi bien pour l'airsofteur fanatique que pour l'aventurier passionn\u00e9 de plein air. Du mat\u00e9riel tactique d'ext\u00e9rieur pour r\u00e9pondre aux besoins des aventuriers de deux mondes pleins d'adr\u00e9naline !<\/p>","protected":false},"excerpt":{"rendered":"<p>Tropenkoppel van 100% katoen\/canvas met metalen schuifgesp. Breedte: 35 mm The\u00a0101st Airborne Division\u00a0(&#8220;Screaming Eagles&#8221;) is a specialized modular\u00a0light infantry\u00a0division\u00a0of the\u00a0US Army\u00a0trained for\u00a0air assault\u00a0operations.\u00a0\u00a0The Screaming Eagles has been referred to as &#8220;the tip of the spear&#8221; by former\u00a0U.S. Secretary of Defense\u00a0Robert Gates\u00a0and the most potent and tactically\u00a0mobile\u00a0of the U.S. Army&#8217;s divisions by former\u00a0Chief of Staff of [&#8230;]\n","protected":false},"featured_media":136870,"template":"","meta":{"_acf_changed":false},"product_brand":[],"product_cat":[13307,13585],"product_tag":[],"class_list":{"0":"post-136869","1":"product","2":"type-product","3":"status-publish","4":"has-post-thumbnail","6":"product_cat-gordels-riemen","7":"product_cat-nieuw","8":"pa_lengte-115-cm","9":"pa_lengte-130-cm","10":"pa_merk-101-inc","12":"first","13":"instock","14":"purchasable","15":"product-type-variable"},"acf":[],"yoast_head":"<!-- This site is optimized with the Yoast SEO Premium plugin v27.6 (Yoast SEO v27.6) - https:\/\/yoast.com\/product\/yoast-seo-premium-wordpress\/ -->\n<title>Tropenkoppel style 3 Airborne - &#039;t Amerikaantje<\/title>\n<meta name=\"robots\" content=\"index, follow, max-snippet:-1, max-image-preview:large, max-video-preview:-1\" \/>\n<link rel=\"canonical\" href=\"https:\/\/amerikaantje.be\/fr\/product\/tropenkoppel-style-3-airborne\/\" \/>\n<meta property=\"og:locale\" content=\"fr_FR\" \/>\n<meta property=\"og:type\" content=\"article\" \/>\n<meta property=\"og:title\" content=\"Tropenkoppel style 3 Airborne\" \/>\n<meta property=\"og:description\" content=\"Tropenkoppel van 100% katoen\/canvas met metalen schuifgesp. Breedte: 35 mm The\u00a0101st Airborne Division\u00a0(&#8220;Screaming Eagles&#8221;) is a specialized modular\u00a0light infantry\u00a0division\u00a0of the\u00a0US Army\u00a0trained for\u00a0air assault\u00a0operations.\u00a0\u00a0The Screaming Eagles has been referred to as &#8220;the tip of the spear&#8221; by former\u00a0U.S. Secretary of Defense\u00a0Robert Gates\u00a0and the most potent and tactically\u00a0mobile\u00a0of the U.S. Army&#8217;s divisions by former\u00a0Chief of Staff of [...]\" \/>\n<meta property=\"og:url\" content=\"https:\/\/amerikaantje.be\/fr\/product\/tropenkoppel-style-3-airborne\/\" \/>\n<meta property=\"og:site_name\" content=\"&#039;t Amerikaantje\" \/>\n<meta property=\"article:publisher\" content=\"https:\/\/www.facebook.com\/t-Amerikaantje-151636621529042\/\" \/>\n<meta property=\"article:modified_time\" content=\"2026-02-19T09:27:27+00:00\" \/>\n<meta property=\"og:image\" content=\"https:\/\/amerikaantje.be\/wp-content\/uploads\/2026\/02\/241332_11_01.png\" \/>\n\t<meta property=\"og:image:width\" content=\"900\" \/>\n\t<meta property=\"og:image:height\" content=\"900\" \/>\n\t<meta property=\"og:image:type\" content=\"image\/png\" \/>\n<meta name=\"twitter:card\" content=\"summary_large_image\" \/>\n<meta name=\"twitter:label1\" content=\"Availability\" \/>\n\t<meta name=\"twitter:data1\" content=\"In stock\" \/>\n<script type=\"application\/ld+json\" class=\"yoast-schema-graph\">{\"@context\":\"https:\\\/\\\/schema.org\",\"@graph\":[{\"@type\":\"WebPage\",\"@id\":\"https:\\\/\\\/amerikaantje.be\\\/product\\\/tropenkoppel-style-3-airborne\\\/\",\"url\":\"https:\\\/\\\/amerikaantje.be\\\/product\\\/tropenkoppel-style-3-airborne\\\/\",\"name\":\"Tropenkoppel style 3 Airborne - &#039;t Amerikaantje\",\"isPartOf\":{\"@id\":\"https:\\\/\\\/amerikaantje.be\\\/#website\"},\"primaryImageOfPage\":{\"@id\":\"https:\\\/\\\/amerikaantje.be\\\/product\\\/tropenkoppel-style-3-airborne\\\/#primaryimage\"},\"image\":{\"@id\":\"https:\\\/\\\/amerikaantje.be\\\/product\\\/tropenkoppel-style-3-airborne\\\/#primaryimage\"},\"thumbnailUrl\":\"https:\\\/\\\/amerikaantje.be\\\/wp-content\\\/uploads\\\/2026\\\/02\\\/241332_11_01.png\",\"datePublished\":\"2026-02-02T16:01:23+00:00\",\"dateModified\":\"2026-02-19T09:27:27+00:00\",\"breadcrumb\":{\"@id\":\"https:\\\/\\\/amerikaantje.be\\\/product\\\/tropenkoppel-style-3-airborne\\\/#breadcrumb\"},\"inLanguage\":\"fr-BE\",\"potentialAction\":[{\"@type\":\"ReadAction\",\"target\":[\"https:\\\/\\\/amerikaantje.be\\\/product\\\/tropenkoppel-style-3-airborne\\\/\"]}]},{\"@type\":\"ImageObject\",\"inLanguage\":\"fr-BE\",\"@id\":\"https:\\\/\\\/amerikaantje.be\\\/product\\\/tropenkoppel-style-3-airborne\\\/#primaryimage\",\"url\":\"https:\\\/\\\/amerikaantje.be\\\/wp-content\\\/uploads\\\/2026\\\/02\\\/241332_11_01.png\",\"contentUrl\":\"https:\\\/\\\/amerikaantje.be\\\/wp-content\\\/uploads\\\/2026\\\/02\\\/241332_11_01.png\",\"width\":900,\"height\":900},{\"@type\":\"BreadcrumbList\",\"@id\":\"https:\\\/\\\/amerikaantje.be\\\/product\\\/tropenkoppel-style-3-airborne\\\/#breadcrumb\",\"itemListElement\":[{\"@type\":\"ListItem\",\"position\":1,\"name\":\"Accueil\",\"item\":\"https:\\\/\\\/amerikaantje.be\\\/\"},{\"@type\":\"ListItem\",\"position\":2,\"name\":\"Webshop\",\"item\":\"https:\\\/\\\/amerikaantje.be\\\/alle-producten\\\/\"},{\"@type\":\"ListItem\",\"position\":3,\"name\":\"Tropenkoppel style 3 Airborne\"}]},{\"@type\":\"WebSite\",\"@id\":\"https:\\\/\\\/amerikaantje.be\\\/#website\",\"url\":\"https:\\\/\\\/amerikaantje.be\\\/\",\"name\":\"&#039;t Amerikaantje\",\"description\":\"&#039;s zondags open, supergoe en supergoeiekoop!\",\"publisher\":{\"@id\":\"https:\\\/\\\/amerikaantje.be\\\/#organization\"},\"potentialAction\":[{\"@type\":\"SearchAction\",\"target\":{\"@type\":\"EntryPoint\",\"urlTemplate\":\"https:\\\/\\\/amerikaantje.be\\\/?s={search_term_string}\"},\"query-input\":{\"@type\":\"PropertyValueSpecification\",\"valueRequired\":true,\"valueName\":\"search_term_string\"}}],\"inLanguage\":\"fr-BE\"},{\"@type\":\"Organization\",\"@id\":\"https:\\\/\\\/amerikaantje.be\\\/#organization\",\"name\":\"&#039;t Amerikaantje\",\"url\":\"https:\\\/\\\/amerikaantje.be\\\/\",\"logo\":{\"@type\":\"ImageObject\",\"inLanguage\":\"fr-BE\",\"@id\":\"https:\\\/\\\/amerikaantje.be\\\/#\\\/schema\\\/logo\\\/image\\\/\",\"url\":\"https:\\\/\\\/amerikaantje.be\\\/wp-content\\\/uploads\\\/2023\\\/02\\\/amerikaantje-balk-logo-sterren-transparant.png?v=1703255686\",\"contentUrl\":\"https:\\\/\\\/amerikaantje.be\\\/wp-content\\\/uploads\\\/2023\\\/02\\\/amerikaantje-balk-logo-sterren-transparant.png?v=1703255686\",\"width\":648,\"height\":343,\"caption\":\"&#039;t Amerikaantje\"},\"image\":{\"@id\":\"https:\\\/\\\/amerikaantje.be\\\/#\\\/schema\\\/logo\\\/image\\\/\"},\"sameAs\":[\"https:\\\/\\\/www.facebook.com\\\/t-Amerikaantje-151636621529042\\\/\"]}]}<\/script>\n<meta property=\"og:availability\" content=\"instock\" \/>\n<meta property=\"product:availability\" content=\"instock\" \/>\n<meta property=\"product:retailer_item_id\" content=\"241332\" \/>\n<meta property=\"product:condition\" content=\"new\" \/>\n<!-- \/ Yoast SEO Premium plugin. -->","yoast_head_json":{"title":"Couple tropical style 3 Airborne - 't Amerikaantje","robots":{"index":"index","follow":"follow","max-snippet":"max-snippet:-1","max-image-preview":"max-image-preview:large","max-video-preview":"max-video-preview:-1"},"canonical":"https:\/\/amerikaantje.be\/fr\/product\/tropenkoppel-style-3-airborne\/","og_locale":"fr_FR","og_type":"article","og_title":"Tropenkoppel style 3 Airborne","og_description":"Tropenkoppel van 100% katoen\/canvas met metalen schuifgesp. Breedte: 35 mm The\u00a0101st Airborne Division\u00a0(&#8220;Screaming Eagles&#8221;) is a specialized modular\u00a0light infantry\u00a0division\u00a0of the\u00a0US Army\u00a0trained for\u00a0air assault\u00a0operations.\u00a0\u00a0The Screaming Eagles has been referred to as &#8220;the tip of the spear&#8221; by former\u00a0U.S. Secretary of Defense\u00a0Robert Gates\u00a0and the most potent and tactically\u00a0mobile\u00a0of the U.S. Army&#8217;s divisions by former\u00a0Chief of Staff of [...]","og_url":"https:\/\/amerikaantje.be\/fr\/product\/tropenkoppel-style-3-airborne\/","og_site_name":"&#039;t Amerikaantje","article_publisher":"https:\/\/www.facebook.com\/t-Amerikaantje-151636621529042\/","article_modified_time":"2026-02-19T09:27:27+00:00","og_image":[{"width":900,"height":900,"url":"https:\/\/amerikaantje.be\/wp-content\/uploads\/2026\/02\/241332_11_01.png","type":"image\/png"}],"twitter_card":"summary_large_image","twitter_misc":{"Availability":"In stock"},"schema":{"@context":"https:\/\/schema.org","@graph":[{"@type":"WebPage","@id":"https:\/\/amerikaantje.be\/product\/tropenkoppel-style-3-airborne\/","url":"https:\/\/amerikaantje.be\/product\/tropenkoppel-style-3-airborne\/","name":"Couple tropical style 3 Airborne - 't Amerikaantje","isPartOf":{"@id":"https:\/\/amerikaantje.be\/#website"},"primaryImageOfPage":{"@id":"https:\/\/amerikaantje.be\/product\/tropenkoppel-style-3-airborne\/#primaryimage"},"image":{"@id":"https:\/\/amerikaantje.be\/product\/tropenkoppel-style-3-airborne\/#primaryimage"},"thumbnailUrl":"https:\/\/amerikaantje.be\/wp-content\/uploads\/2026\/02\/241332_11_01.png","datePublished":"2026-02-02T16:01:23+00:00","dateModified":"2026-02-19T09:27:27+00:00","breadcrumb":{"@id":"https:\/\/amerikaantje.be\/product\/tropenkoppel-style-3-airborne\/#breadcrumb"},"inLanguage":"fr-BE","potentialAction":[{"@type":"ReadAction","target":["https:\/\/amerikaantje.be\/product\/tropenkoppel-style-3-airborne\/"]}]},{"@type":"ImageObject","inLanguage":"fr-BE","@id":"https:\/\/amerikaantje.be\/product\/tropenkoppel-style-3-airborne\/#primaryimage","url":"https:\/\/amerikaantje.be\/wp-content\/uploads\/2026\/02\/241332_11_01.png","contentUrl":"https:\/\/amerikaantje.be\/wp-content\/uploads\/2026\/02\/241332_11_01.png","width":900,"height":900},{"@type":"BreadcrumbList","@id":"https:\/\/amerikaantje.be\/product\/tropenkoppel-style-3-airborne\/#breadcrumb","itemListElement":[{"@type":"ListItem","position":1,"name":"Accueil","item":"https:\/\/amerikaantje.be\/"},{"@type":"ListItem","position":2,"name":"Webshop","item":"https:\/\/amerikaantje.be\/alle-producten\/"},{"@type":"ListItem","position":3,"name":"Tropenkoppel style 3 Airborne"}]},{"@type":"WebSite","@id":"https:\/\/amerikaantje.be\/#website","url":"https:\/\/amerikaantje.be\/","name":"&#039;t Amerikaantje","description":"&#039;ouvert le dimanche, supergoe et super bon march\u00e9 !","publisher":{"@id":"https:\/\/amerikaantje.be\/#organization"},"potentialAction":[{"@type":"SearchAction","target":{"@type":"EntryPoint","urlTemplate":"https:\/\/amerikaantje.be\/?s={search_term_string}"},"query-input":{"@type":"PropertyValueSpecification","valueRequired":true,"valueName":"search_term_string"}}],"inLanguage":"fr-BE"},{"@type":"Organization","@id":"https:\/\/amerikaantje.be\/#organization","name":"&#039;t Amerikaantje","url":"https:\/\/amerikaantje.be\/","logo":{"@type":"ImageObject","inLanguage":"fr-BE","@id":"https:\/\/amerikaantje.be\/#\/schema\/logo\/image\/","url":"https:\/\/amerikaantje.be\/wp-content\/uploads\/2023\/02\/amerikaantje-balk-logo-sterren-transparant.png?v=1703255686","contentUrl":"https:\/\/amerikaantje.be\/wp-content\/uploads\/2023\/02\/amerikaantje-balk-logo-sterren-transparant.png?v=1703255686","width":648,"height":343,"caption":"&#039;t Amerikaantje"},"image":{"@id":"https:\/\/amerikaantje.be\/#\/schema\/logo\/image\/"},"sameAs":["https:\/\/www.facebook.com\/t-Amerikaantje-151636621529042\/"]}]},"og_availability":"instock","product_availability":"instock","product_retailer_item_id":"241332","product_condition":"new"},"df_price":8.3,"df_sale_price":"","df_regular_price":8.3,"df_image_link":"https:\/\/amerikaantje.be\/wp-content\/uploads\/2026\/02\/241332_11_01-500x500.png","_links":{"self":[{"href":"https:\/\/amerikaantje.be\/fr\/wp-json\/wp\/v2\/product\/136869","targetHints":{"allow":["GET"]}}],"collection":[{"href":"https:\/\/amerikaantje.be\/fr\/wp-json\/wp\/v2\/product"}],"about":[{"href":"https:\/\/amerikaantje.be\/fr\/wp-json\/wp\/v2\/types\/product"}],"wp:featuredmedia":[{"embeddable":true,"href":"https:\/\/amerikaantje.be\/fr\/wp-json\/wp\/v2\/media\/136870"}],"wp:attachment":[{"href":"https:\/\/amerikaantje.be\/fr\/wp-json\/wp\/v2\/media?parent=136869"}],"wp:term":[{"taxonomy":"product_brand","embeddable":true,"href":"https:\/\/amerikaantje.be\/fr\/wp-json\/wp\/v2\/product_brand?post=136869"},{"taxonomy":"product_cat","embeddable":true,"href":"https:\/\/amerikaantje.be\/fr\/wp-json\/wp\/v2\/product_cat?post=136869"},{"taxonomy":"product_tag","embeddable":true,"href":"https:\/\/amerikaantje.be\/fr\/wp-json\/wp\/v2\/product_tag?post=136869"}],"curies":[{"name":"wp","href":"https:\/\/api.w.org\/{rel}","templated":true}]}}