{"id":1307,"date":"2015-01-12T02:08:25","date_gmt":"2015-01-12T02:08:25","guid":{"rendered":"http:\/\/amerikaantje.be\/?product=geweerpistool-slot-met-cijfercode"},"modified":"2023-10-10T14:48:20","modified_gmt":"2023-10-10T14:48:20","slug":"slot-met-cijfercode","status":"publish","type":"product","link":"https:\/\/amerikaantje.be\/fr\/product\/slot-met-cijfercode\/","title":{"rendered":"serrure de valise avec code num\u00e9rique"},"content":{"rendered":"<p>Emp\u00eachez l'utilisation non autoris\u00e9e de votre \u00e9quipement de tir sportif gr\u00e2ce \u00e0 ce cadenas \u00e0 code num\u00e9rique.<\/p>\n<p>Mod\u00e8le standard, le FOSCO Trigger Lock est \u00e9galement appr\u00e9ci\u00e9 dans le monde de l'airsoft et du paintball. Le m\u00e9canisme est facile \u00e0 installer et \u00e0 r\u00e9gler, tandis qu'un rev\u00eatement protecteur garantit que votre \u00e9quipement ne sera pas endommag\u00e9 par des rayures.<\/p>\n<p>L'utilisation d'un code num\u00e9rique r\u00e9initialisable \u00e9limine le besoin d'une cl\u00e9 (facilement perdue).<\/p>\n<p>Pour votre information :<\/p>\n<ul>\n<li>Pour modifier la combinaison, tournez les chiffres (la combinaison est r\u00e9gl\u00e9e par d\u00e9faut sur 0-0-0 par l'usine).<\/li>\n<li>Avec les chiffres r\u00e9gl\u00e9s sur la combinaison standard, d\u00e9placez la palette de chrome vers le haut ou vers le bas. Vous pouvez maintenant s\u00e9parer les deux moiti\u00e9s de la serrure.<\/li>\n<li>Ensuite, vous devez utiliser un stylo pour appuyer et maintenir le bouton de r\u00e9initialisation sur le c\u00f4t\u00e9 gauche de la serrure. En m\u00eame temps, utilisez les chiffres pour s\u00e9lectionner une nouvelle combinaison.<\/li>\n<li>Une fois que vous avez d\u00e9fini la combinaison souhait\u00e9e, rel\u00e2chez le bouton et la nouvelle combinaison pour la machine \u00e0 sous sera active.<\/li>\n<\/ul>","protected":false},"excerpt":{"rendered":"<p>Voorkom oneigenlijk gebruik van je schietsportmateriaal dankzij dit slot met cijfercode. Het FOSCO Trigger Lock is een standaardmodel en wordt ook in de airsoft- en paintballwereld naar waarde geschat. Het mechanisme is eenvoudig te installeren en in te stellen, terwijl een beschermlaag ervoor zorgt dat je materiaal niet door krassen wordt ontsierd. Door gebruik te [&#8230;]\n","protected":false},"featured_media":1308,"template":"","meta":{"_acf_changed":false},"product_brand":[],"product_cat":[13514],"product_tag":[1821,1823],"class_list":{"0":"post-1307","1":"product","2":"type-product","3":"status-publish","4":"has-post-thumbnail","6":"product_cat-tactical-gaming","7":"product_tag-jagers","8":"product_tag-schietsport","10":"first","11":"instock","12":"taxable","13":"shipping-taxable","14":"purchasable","15":"product-type-simple"},"acf":[],"yoast_head":"<!-- This site is optimized with the Yoast SEO Premium plugin v27.6 (Yoast SEO v27.6) - https:\/\/yoast.com\/product\/yoast-seo-premium-wordpress\/ -->\n<title>kofferslot met cijfercode - &#039;t Amerikaantje<\/title>\n<meta name=\"robots\" content=\"index, follow, max-snippet:-1, max-image-preview:large, max-video-preview:-1\" \/>\n<link rel=\"canonical\" href=\"https:\/\/amerikaantje.be\/fr\/product\/slot-met-cijfercode\/\" \/>\n<meta property=\"og:locale\" content=\"fr_FR\" \/>\n<meta property=\"og:type\" content=\"article\" \/>\n<meta property=\"og:title\" content=\"kofferslot met cijfercode\" \/>\n<meta property=\"og:description\" content=\"Voorkom oneigenlijk gebruik van je schietsportmateriaal dankzij dit slot met cijfercode. Het FOSCO Trigger Lock is een standaardmodel en wordt ook in de airsoft- en paintballwereld naar waarde geschat. Het mechanisme is eenvoudig te installeren en in te stellen, terwijl een beschermlaag ervoor zorgt dat je materiaal niet door krassen wordt ontsierd. Door gebruik te [...]\" \/>\n<meta property=\"og:url\" content=\"https:\/\/amerikaantje.be\/fr\/product\/slot-met-cijfercode\/\" \/>\n<meta property=\"og:site_name\" content=\"&#039;t Amerikaantje\" \/>\n<meta property=\"article:publisher\" content=\"https:\/\/www.facebook.com\/t-Amerikaantje-151636621529042\/\" \/>\n<meta property=\"article:modified_time\" content=\"2023-10-10T14:48:20+00:00\" \/>\n<meta property=\"og:image\" content=\"https:\/\/amerikaantje.be\/wp-content\/uploads\/2015\/01\/pist_slot.jpg\" \/>\n\t<meta property=\"og:image:width\" content=\"480\" \/>\n\t<meta property=\"og:image:height\" content=\"480\" \/>\n\t<meta property=\"og:image:type\" content=\"image\/jpeg\" \/>\n<meta name=\"twitter:card\" content=\"summary_large_image\" \/>\n<meta name=\"twitter:label1\" content=\"Price\" \/>\n\t<meta name=\"twitter:data1\" content=\"&euro;&nbsp;10,50\" \/>\n\t<meta name=\"twitter:label2\" content=\"Availability\" \/>\n\t<meta name=\"twitter:data2\" content=\"In stock\" \/>\n<script type=\"application\/ld+json\" class=\"yoast-schema-graph\">{\"@context\":\"https:\\\/\\\/schema.org\",\"@graph\":[{\"@type\":\"WebPage\",\"@id\":\"https:\\\/\\\/amerikaantje.be\\\/product\\\/slot-met-cijfercode\\\/\",\"url\":\"https:\\\/\\\/amerikaantje.be\\\/product\\\/slot-met-cijfercode\\\/\",\"name\":\"kofferslot met cijfercode - &#039;t Amerikaantje\",\"isPartOf\":{\"@id\":\"https:\\\/\\\/amerikaantje.be\\\/#website\"},\"primaryImageOfPage\":{\"@id\":\"https:\\\/\\\/amerikaantje.be\\\/product\\\/slot-met-cijfercode\\\/#primaryimage\"},\"image\":{\"@id\":\"https:\\\/\\\/amerikaantje.be\\\/product\\\/slot-met-cijfercode\\\/#primaryimage\"},\"thumbnailUrl\":\"https:\\\/\\\/amerikaantje.be\\\/wp-content\\\/uploads\\\/2015\\\/01\\\/pist_slot.jpg?v=1703197059\",\"datePublished\":\"2015-01-12T02:08:25+00:00\",\"dateModified\":\"2023-10-10T14:48:20+00:00\",\"breadcrumb\":{\"@id\":\"https:\\\/\\\/amerikaantje.be\\\/product\\\/slot-met-cijfercode\\\/#breadcrumb\"},\"inLanguage\":\"fr-BE\",\"potentialAction\":[{\"@type\":\"ReadAction\",\"target\":[\"https:\\\/\\\/amerikaantje.be\\\/product\\\/slot-met-cijfercode\\\/\"]}]},{\"@type\":\"ImageObject\",\"inLanguage\":\"fr-BE\",\"@id\":\"https:\\\/\\\/amerikaantje.be\\\/product\\\/slot-met-cijfercode\\\/#primaryimage\",\"url\":\"https:\\\/\\\/amerikaantje.be\\\/wp-content\\\/uploads\\\/2015\\\/01\\\/pist_slot.jpg?v=1703197059\",\"contentUrl\":\"https:\\\/\\\/amerikaantje.be\\\/wp-content\\\/uploads\\\/2015\\\/01\\\/pist_slot.jpg?v=1703197059\",\"width\":480,\"height\":480},{\"@type\":\"BreadcrumbList\",\"@id\":\"https:\\\/\\\/amerikaantje.be\\\/product\\\/slot-met-cijfercode\\\/#breadcrumb\",\"itemListElement\":[{\"@type\":\"ListItem\",\"position\":1,\"name\":\"Accueil\",\"item\":\"https:\\\/\\\/amerikaantje.be\\\/\"},{\"@type\":\"ListItem\",\"position\":2,\"name\":\"Webshop\",\"item\":\"https:\\\/\\\/amerikaantje.be\\\/alle-producten\\\/\"},{\"@type\":\"ListItem\",\"position\":3,\"name\":\"kofferslot met cijfercode\"}]},{\"@type\":\"WebSite\",\"@id\":\"https:\\\/\\\/amerikaantje.be\\\/#website\",\"url\":\"https:\\\/\\\/amerikaantje.be\\\/\",\"name\":\"&#039;t Amerikaantje\",\"description\":\"&#039;s zondags open, supergoe en supergoeiekoop!\",\"publisher\":{\"@id\":\"https:\\\/\\\/amerikaantje.be\\\/#organization\"},\"potentialAction\":[{\"@type\":\"SearchAction\",\"target\":{\"@type\":\"EntryPoint\",\"urlTemplate\":\"https:\\\/\\\/amerikaantje.be\\\/?s={search_term_string}\"},\"query-input\":{\"@type\":\"PropertyValueSpecification\",\"valueRequired\":true,\"valueName\":\"search_term_string\"}}],\"inLanguage\":\"fr-BE\"},{\"@type\":\"Organization\",\"@id\":\"https:\\\/\\\/amerikaantje.be\\\/#organization\",\"name\":\"&#039;t Amerikaantje\",\"url\":\"https:\\\/\\\/amerikaantje.be\\\/\",\"logo\":{\"@type\":\"ImageObject\",\"inLanguage\":\"fr-BE\",\"@id\":\"https:\\\/\\\/amerikaantje.be\\\/#\\\/schema\\\/logo\\\/image\\\/\",\"url\":\"https:\\\/\\\/amerikaantje.be\\\/wp-content\\\/uploads\\\/2023\\\/02\\\/amerikaantje-balk-logo-sterren-transparant.png?v=1703255686\",\"contentUrl\":\"https:\\\/\\\/amerikaantje.be\\\/wp-content\\\/uploads\\\/2023\\\/02\\\/amerikaantje-balk-logo-sterren-transparant.png?v=1703255686\",\"width\":648,\"height\":343,\"caption\":\"&#039;t Amerikaantje\"},\"image\":{\"@id\":\"https:\\\/\\\/amerikaantje.be\\\/#\\\/schema\\\/logo\\\/image\\\/\"},\"sameAs\":[\"https:\\\/\\\/www.facebook.com\\\/t-Amerikaantje-151636621529042\\\/\"]}]}<\/script>\n<meta property=\"product:price:amount\" content=\"10.50\" \/>\n<meta property=\"product:price:currency\" content=\"EUR\" \/>\n<meta property=\"og:availability\" content=\"instock\" \/>\n<meta property=\"product:availability\" content=\"instock\" \/>\n<meta property=\"product:retailer_item_id\" content=\"MH27997\" \/>\n<meta property=\"product:condition\" content=\"new\" \/>\n<!-- \/ Yoast SEO Premium plugin. -->","yoast_head_json":{"title":"Serrure de valise avec code num\u00e9rique - &#039;t Amerikaantje","robots":{"index":"index","follow":"follow","max-snippet":"max-snippet:-1","max-image-preview":"max-image-preview:large","max-video-preview":"max-video-preview:-1"},"canonical":"https:\/\/amerikaantje.be\/fr\/product\/slot-met-cijfercode\/","og_locale":"fr_FR","og_type":"article","og_title":"kofferslot met cijfercode","og_description":"Voorkom oneigenlijk gebruik van je schietsportmateriaal dankzij dit slot met cijfercode. Het FOSCO Trigger Lock is een standaardmodel en wordt ook in de airsoft- en paintballwereld naar waarde geschat. Het mechanisme is eenvoudig te installeren en in te stellen, terwijl een beschermlaag ervoor zorgt dat je materiaal niet door krassen wordt ontsierd. Door gebruik te [...]","og_url":"https:\/\/amerikaantje.be\/fr\/product\/slot-met-cijfercode\/","og_site_name":"&#039;t Amerikaantje","article_publisher":"https:\/\/www.facebook.com\/t-Amerikaantje-151636621529042\/","article_modified_time":"2023-10-10T14:48:20+00:00","og_image":[{"width":480,"height":480,"url":"https:\/\/amerikaantje.be\/wp-content\/uploads\/2015\/01\/pist_slot.jpg","type":"image\/jpeg"}],"twitter_card":"summary_large_image","twitter_misc":{"Price":"&euro;&nbsp;10,50","Availability":"In stock"},"schema":{"@context":"https:\/\/schema.org","@graph":[{"@type":"WebPage","@id":"https:\/\/amerikaantje.be\/product\/slot-met-cijfercode\/","url":"https:\/\/amerikaantje.be\/product\/slot-met-cijfercode\/","name":"Serrure de valise avec code num\u00e9rique - &#039;t Amerikaantje","isPartOf":{"@id":"https:\/\/amerikaantje.be\/#website"},"primaryImageOfPage":{"@id":"https:\/\/amerikaantje.be\/product\/slot-met-cijfercode\/#primaryimage"},"image":{"@id":"https:\/\/amerikaantje.be\/product\/slot-met-cijfercode\/#primaryimage"},"thumbnailUrl":"https:\/\/amerikaantje.be\/wp-content\/uploads\/2015\/01\/pist_slot.jpg?v=1703197059","datePublished":"2015-01-12T02:08:25+00:00","dateModified":"2023-10-10T14:48:20+00:00","breadcrumb":{"@id":"https:\/\/amerikaantje.be\/product\/slot-met-cijfercode\/#breadcrumb"},"inLanguage":"fr-BE","potentialAction":[{"@type":"ReadAction","target":["https:\/\/amerikaantje.be\/product\/slot-met-cijfercode\/"]}]},{"@type":"ImageObject","inLanguage":"fr-BE","@id":"https:\/\/amerikaantje.be\/product\/slot-met-cijfercode\/#primaryimage","url":"https:\/\/amerikaantje.be\/wp-content\/uploads\/2015\/01\/pist_slot.jpg?v=1703197059","contentUrl":"https:\/\/amerikaantje.be\/wp-content\/uploads\/2015\/01\/pist_slot.jpg?v=1703197059","width":480,"height":480},{"@type":"BreadcrumbList","@id":"https:\/\/amerikaantje.be\/product\/slot-met-cijfercode\/#breadcrumb","itemListElement":[{"@type":"ListItem","position":1,"name":"Accueil","item":"https:\/\/amerikaantje.be\/"},{"@type":"ListItem","position":2,"name":"Webshop","item":"https:\/\/amerikaantje.be\/alle-producten\/"},{"@type":"ListItem","position":3,"name":"kofferslot met cijfercode"}]},{"@type":"WebSite","@id":"https:\/\/amerikaantje.be\/#website","url":"https:\/\/amerikaantje.be\/","name":"&#039;t Amerikaantje","description":"&#039;ouvert le dimanche, supergoe et super bon march\u00e9 !","publisher":{"@id":"https:\/\/amerikaantje.be\/#organization"},"potentialAction":[{"@type":"SearchAction","target":{"@type":"EntryPoint","urlTemplate":"https:\/\/amerikaantje.be\/?s={search_term_string}"},"query-input":{"@type":"PropertyValueSpecification","valueRequired":true,"valueName":"search_term_string"}}],"inLanguage":"fr-BE"},{"@type":"Organization","@id":"https:\/\/amerikaantje.be\/#organization","name":"&#039;t Amerikaantje","url":"https:\/\/amerikaantje.be\/","logo":{"@type":"ImageObject","inLanguage":"fr-BE","@id":"https:\/\/amerikaantje.be\/#\/schema\/logo\/image\/","url":"https:\/\/amerikaantje.be\/wp-content\/uploads\/2023\/02\/amerikaantje-balk-logo-sterren-transparant.png?v=1703255686","contentUrl":"https:\/\/amerikaantje.be\/wp-content\/uploads\/2023\/02\/amerikaantje-balk-logo-sterren-transparant.png?v=1703255686","width":648,"height":343,"caption":"&#039;t Amerikaantje"},"image":{"@id":"https:\/\/amerikaantje.be\/#\/schema\/logo\/image\/"},"sameAs":["https:\/\/www.facebook.com\/t-Amerikaantje-151636621529042\/"]}]},"product_price_amount":"10.50","product_price_currency":"EUR","og_availability":"instock","product_availability":"instock","product_retailer_item_id":"MH27997","product_condition":"new"},"df_price":10.5,"df_sale_price":"","df_regular_price":10.5,"df_image_link":"https:\/\/amerikaantje.be\/wp-content\/uploads\/2015\/01\/pist_slot-300x300.jpg?v=1703197059","_links":{"self":[{"href":"https:\/\/amerikaantje.be\/fr\/wp-json\/wp\/v2\/product\/1307","targetHints":{"allow":["GET"]}}],"collection":[{"href":"https:\/\/amerikaantje.be\/fr\/wp-json\/wp\/v2\/product"}],"about":[{"href":"https:\/\/amerikaantje.be\/fr\/wp-json\/wp\/v2\/types\/product"}],"wp:featuredmedia":[{"embeddable":true,"href":"https:\/\/amerikaantje.be\/fr\/wp-json\/wp\/v2\/media\/1308"}],"wp:attachment":[{"href":"https:\/\/amerikaantje.be\/fr\/wp-json\/wp\/v2\/media?parent=1307"}],"wp:term":[{"taxonomy":"product_brand","embeddable":true,"href":"https:\/\/amerikaantje.be\/fr\/wp-json\/wp\/v2\/product_brand?post=1307"},{"taxonomy":"product_cat","embeddable":true,"href":"https:\/\/amerikaantje.be\/fr\/wp-json\/wp\/v2\/product_cat?post=1307"},{"taxonomy":"product_tag","embeddable":true,"href":"https:\/\/amerikaantje.be\/fr\/wp-json\/wp\/v2\/product_tag?post=1307"}],"curies":[{"name":"wp","href":"https:\/\/api.w.org\/{rel}","templated":true}]}}