{"id":128166,"date":"2024-11-28T12:25:53","date_gmt":"2024-11-28T11:25:53","guid":{"rendered":"https:\/\/amerikaantje.be\/?post_type=product&#038;p=128166"},"modified":"2025-05-15T16:59:15","modified_gmt":"2025-05-15T14:59:15","slug":"gehoorbescherming-active-zwart","status":"publish","type":"product","link":"https:\/\/amerikaantje.be\/fr\/produit\/gehoorbescherming-active-zwart\/","title":{"rendered":"Protection auditive Active - Noir"},"content":{"rendered":"<div>Couleur : Noir<\/div>\n<div>Coquille d'oreille : ABS<\/div>\n<div>Pont : polyoxym\u00e9thyl\u00e8ne<\/div>\n<div>Poids : 235 g<\/div>\n<div>SNR 25,0 dB\/H 28,8 dB\/ M 22,6 dB\/ L 16,3 dB<\/div>\n<div><\/div>\n<div>Cette protection auditive est sp\u00e9cialement con\u00e7ue pour un usage professionnel.<\/div>\n<div>Il n'assure pas seulement la protection sonore de vos oreilles, mais permet \u00e9galement une communication normale.<\/div>\n<div>Prot\u00e8ge contre les niveaux de bruit sup\u00e9rieurs \u00e0 82 dB.<\/div>\n<div>Test\u00e9 et \u00e9prouv\u00e9 \u00e0 grande \u00e9chelle.<\/div>\n<div><\/div>\n<div>- design fin<\/div>\n<div>- 4 piles AAA (non incluses)<\/div>\n<div>- R\u00e9glable pour toute taille de t\u00eate<\/div>\n<div>- Oreillettes et bandeau rembourr\u00e9s<\/div>\n<div>- Confort de port optimal<\/div>\n<div>- Entr\u00e9e audio pour t\u00e9l\u00e9phone portable, lecteur MP3 ou ordinateur portable<\/div>","protected":false},"excerpt":{"rendered":"<p>Kleur: Zwart Oorschelp: ABS Brug: polyoxymethyleen Gewicht: 235 g SNR 25,0 dB\/H 28,8 dB\/ M 22,6 dB\/ L 16,3 dB Deze gehoorbescherming is speciaal ontwikkeld voor professioneel gebruik. Het biedt niet alleen geluidsbescherming voor je oren, maar maakt ook normale communicatie mogelijk. Beschermt tegen geluidsniveaus van meer dan 82 dB. Uitgebreid getest en bewezen. &#8211; [&#8230;]\n","protected":false},"featured_media":128167,"template":"","meta":{"_acf_changed":false},"product_brand":[],"product_cat":[13311,13514],"product_tag":[],"class_list":{"0":"post-128166","1":"product","2":"type-product","3":"status-publish","4":"has-post-thumbnail","6":"product_cat-accessoires","7":"product_cat-tactical-gaming","9":"first","10":"instock","11":"taxable","12":"shipping-taxable","13":"purchasable","14":"product-type-simple"},"acf":[],"yoast_head":"<!-- This site is optimized with the Yoast SEO Premium plugin v27.2 (Yoast SEO v27.2) - https:\/\/yoast.com\/product\/yoast-seo-premium-wordpress\/ -->\n<title>Gehoorbescherming Active - Zwart - &#039;t Amerikaantje<\/title>\n<meta name=\"robots\" content=\"index, follow, max-snippet:-1, max-image-preview:large, max-video-preview:-1\" \/>\n<link rel=\"canonical\" href=\"https:\/\/amerikaantje.be\/fr\/produit\/gehoorbescherming-active-zwart\/\" \/>\n<meta property=\"og:locale\" content=\"fr_FR\" \/>\n<meta property=\"og:type\" content=\"article\" \/>\n<meta property=\"og:title\" content=\"Gehoorbescherming Active - Zwart\" \/>\n<meta property=\"og:description\" content=\"Kleur: Zwart Oorschelp: ABS Brug: polyoxymethyleen Gewicht: 235 g SNR 25,0 dB\/H 28,8 dB\/ M 22,6 dB\/ L 16,3 dB Deze gehoorbescherming is speciaal ontwikkeld voor professioneel gebruik. Het biedt niet alleen geluidsbescherming voor je oren, maar maakt ook normale communicatie mogelijk. Beschermt tegen geluidsniveaus van meer dan 82 dB. Uitgebreid getest en bewezen. &#8211; [...]\" \/>\n<meta property=\"og:url\" content=\"https:\/\/amerikaantje.be\/fr\/produit\/gehoorbescherming-active-zwart\/\" \/>\n<meta property=\"og:site_name\" content=\"&#039;t Amerikaantje\" \/>\n<meta property=\"article:publisher\" content=\"https:\/\/www.facebook.com\/t-Amerikaantje-151636621529042\/\" \/>\n<meta property=\"article:modified_time\" content=\"2025-05-15T14:59:15+00:00\" \/>\n<meta property=\"og:image\" content=\"https:\/\/amerikaantje.be\/wp-content\/uploads\/2024\/11\/16243002.jpg?v=1732793278\" \/>\n\t<meta property=\"og:image:width\" content=\"1920\" \/>\n\t<meta property=\"og:image:height\" content=\"1920\" \/>\n\t<meta property=\"og:image:type\" content=\"image\/jpeg\" \/>\n<meta name=\"twitter:card\" content=\"summary_large_image\" \/>\n<meta name=\"twitter:label1\" content=\"Price\" \/>\n\t<meta name=\"twitter:data1\" content=\"&euro;&nbsp;37,00\" \/>\n\t<meta name=\"twitter:label2\" content=\"Availability\" \/>\n\t<meta name=\"twitter:data2\" content=\"In stock\" \/>\n<script type=\"application\/ld+json\" class=\"yoast-schema-graph\">{\"@context\":\"https:\/\/schema.org\",\"@graph\":[{\"@type\":\"WebPage\",\"@id\":\"https:\/\/amerikaantje.be\/product\/gehoorbescherming-active-zwart\/\",\"url\":\"https:\/\/amerikaantje.be\/product\/gehoorbescherming-active-zwart\/\",\"name\":\"Gehoorbescherming Active - Zwart - &#039;t Amerikaantje\",\"isPartOf\":{\"@id\":\"https:\/\/amerikaantje.be\/#website\"},\"primaryImageOfPage\":{\"@id\":\"https:\/\/amerikaantje.be\/product\/gehoorbescherming-active-zwart\/#primaryimage\"},\"image\":{\"@id\":\"https:\/\/amerikaantje.be\/product\/gehoorbescherming-active-zwart\/#primaryimage\"},\"thumbnailUrl\":\"https:\/\/amerikaantje.be\/wp-content\/uploads\/2024\/11\/16243002.jpg?v=1732793278\",\"datePublished\":\"2024-11-28T11:25:53+00:00\",\"dateModified\":\"2025-05-15T14:59:15+00:00\",\"breadcrumb\":{\"@id\":\"https:\/\/amerikaantje.be\/product\/gehoorbescherming-active-zwart\/#breadcrumb\"},\"inLanguage\":\"fr-BE\",\"potentialAction\":[{\"@type\":\"ReadAction\",\"target\":[\"https:\/\/amerikaantje.be\/product\/gehoorbescherming-active-zwart\/\"]}]},{\"@type\":\"ImageObject\",\"inLanguage\":\"fr-BE\",\"@id\":\"https:\/\/amerikaantje.be\/product\/gehoorbescherming-active-zwart\/#primaryimage\",\"url\":\"https:\/\/amerikaantje.be\/wp-content\/uploads\/2024\/11\/16243002.jpg?v=1732793278\",\"contentUrl\":\"https:\/\/amerikaantje.be\/wp-content\/uploads\/2024\/11\/16243002.jpg?v=1732793278\",\"width\":1920,\"height\":1920},{\"@type\":\"BreadcrumbList\",\"@id\":\"https:\/\/amerikaantje.be\/product\/gehoorbescherming-active-zwart\/#breadcrumb\",\"itemListElement\":[{\"@type\":\"ListItem\",\"position\":1,\"name\":\"Accueil\",\"item\":\"https:\/\/amerikaantje.be\/\"},{\"@type\":\"ListItem\",\"position\":2,\"name\":\"Webshop\",\"item\":\"https:\/\/amerikaantje.be\/alle-producten\/\"},{\"@type\":\"ListItem\",\"position\":3,\"name\":\"Gehoorbescherming Active &#8211; Zwart\"}]},{\"@type\":\"WebSite\",\"@id\":\"https:\/\/amerikaantje.be\/#website\",\"url\":\"https:\/\/amerikaantje.be\/\",\"name\":\"&#039;t Amerikaantje\",\"description\":\"&#039;s zondags open, supergoe en supergoeiekoop!\",\"publisher\":{\"@id\":\"https:\/\/amerikaantje.be\/#organization\"},\"potentialAction\":[{\"@type\":\"SearchAction\",\"target\":{\"@type\":\"EntryPoint\",\"urlTemplate\":\"https:\/\/amerikaantje.be\/?s={search_term_string}\"},\"query-input\":{\"@type\":\"PropertyValueSpecification\",\"valueRequired\":true,\"valueName\":\"search_term_string\"}}],\"inLanguage\":\"fr-BE\"},{\"@type\":\"Organization\",\"@id\":\"https:\/\/amerikaantje.be\/#organization\",\"name\":\"&#039;t Amerikaantje\",\"url\":\"https:\/\/amerikaantje.be\/\",\"logo\":{\"@type\":\"ImageObject\",\"inLanguage\":\"fr-BE\",\"@id\":\"https:\/\/amerikaantje.be\/#\/schema\/logo\/image\/\",\"url\":\"https:\/\/amerikaantje.be\/wp-content\/uploads\/2023\/02\/amerikaantje-balk-logo-sterren-transparant.png?v=1703255686\",\"contentUrl\":\"https:\/\/amerikaantje.be\/wp-content\/uploads\/2023\/02\/amerikaantje-balk-logo-sterren-transparant.png?v=1703255686\",\"width\":648,\"height\":343,\"caption\":\"&#039;t Amerikaantje\"},\"image\":{\"@id\":\"https:\/\/amerikaantje.be\/#\/schema\/logo\/image\/\"},\"sameAs\":[\"https:\/\/www.facebook.com\/t-Amerikaantje-151636621529042\/\"]}]}<\/script>\n<meta property=\"product:price:amount\" content=\"37.00\" \/>\n<meta property=\"product:price:currency\" content=\"EUR\" \/>\n<meta property=\"og:availability\" content=\"instock\" \/>\n<meta property=\"product:availability\" content=\"instock\" \/>\n<meta property=\"product:retailer_item_id\" content=\"16243002\" \/>\n<meta property=\"product:condition\" content=\"new\" \/>\n<!-- \/ Yoast SEO Premium plugin. -->","yoast_head_json":{"title":"Protection auditive Active - Noir - 't Amerikaantje","robots":{"index":"index","follow":"follow","max-snippet":"max-snippet:-1","max-image-preview":"max-image-preview:large","max-video-preview":"max-video-preview:-1"},"canonical":"https:\/\/amerikaantje.be\/fr\/produit\/gehoorbescherming-active-zwart\/","og_locale":"fr_FR","og_type":"article","og_title":"Gehoorbescherming Active - Zwart","og_description":"Kleur: Zwart Oorschelp: ABS Brug: polyoxymethyleen Gewicht: 235 g SNR 25,0 dB\/H 28,8 dB\/ M 22,6 dB\/ L 16,3 dB Deze gehoorbescherming is speciaal ontwikkeld voor professioneel gebruik. Het biedt niet alleen geluidsbescherming voor je oren, maar maakt ook normale communicatie mogelijk. Beschermt tegen geluidsniveaus van meer dan 82 dB. Uitgebreid getest en bewezen. &#8211; [...]","og_url":"https:\/\/amerikaantje.be\/fr\/produit\/gehoorbescherming-active-zwart\/","og_site_name":"&#039;t Amerikaantje","article_publisher":"https:\/\/www.facebook.com\/t-Amerikaantje-151636621529042\/","article_modified_time":"2025-05-15T14:59:15+00:00","og_image":[{"width":1920,"height":1920,"url":"https:\/\/amerikaantje.be\/wp-content\/uploads\/2024\/11\/16243002.jpg?v=1732793278","type":"image\/jpeg"}],"twitter_card":"summary_large_image","twitter_misc":{"Price":"&euro;&nbsp;37,00","Availability":"In stock"},"schema":{"@context":"https:\/\/schema.org","@graph":[{"@type":"WebPage","@id":"https:\/\/amerikaantje.be\/product\/gehoorbescherming-active-zwart\/","url":"https:\/\/amerikaantje.be\/product\/gehoorbescherming-active-zwart\/","name":"Protection auditive Active - Noir - 't Amerikaantje","isPartOf":{"@id":"https:\/\/amerikaantje.be\/#website"},"primaryImageOfPage":{"@id":"https:\/\/amerikaantje.be\/product\/gehoorbescherming-active-zwart\/#primaryimage"},"image":{"@id":"https:\/\/amerikaantje.be\/product\/gehoorbescherming-active-zwart\/#primaryimage"},"thumbnailUrl":"https:\/\/amerikaantje.be\/wp-content\/uploads\/2024\/11\/16243002.jpg?v=1732793278","datePublished":"2024-11-28T11:25:53+00:00","dateModified":"2025-05-15T14:59:15+00:00","breadcrumb":{"@id":"https:\/\/amerikaantje.be\/product\/gehoorbescherming-active-zwart\/#breadcrumb"},"inLanguage":"fr-BE","potentialAction":[{"@type":"ReadAction","target":["https:\/\/amerikaantje.be\/product\/gehoorbescherming-active-zwart\/"]}]},{"@type":"ImageObject","inLanguage":"fr-BE","@id":"https:\/\/amerikaantje.be\/product\/gehoorbescherming-active-zwart\/#primaryimage","url":"https:\/\/amerikaantje.be\/wp-content\/uploads\/2024\/11\/16243002.jpg?v=1732793278","contentUrl":"https:\/\/amerikaantje.be\/wp-content\/uploads\/2024\/11\/16243002.jpg?v=1732793278","width":1920,"height":1920},{"@type":"BreadcrumbList","@id":"https:\/\/amerikaantje.be\/product\/gehoorbescherming-active-zwart\/#breadcrumb","itemListElement":[{"@type":"ListItem","position":1,"name":"Accueil","item":"https:\/\/amerikaantje.be\/"},{"@type":"ListItem","position":2,"name":"Webshop","item":"https:\/\/amerikaantje.be\/alle-producten\/"},{"@type":"ListItem","position":3,"name":"Gehoorbescherming Active &#8211; Zwart"}]},{"@type":"WebSite","@id":"https:\/\/amerikaantje.be\/#website","url":"https:\/\/amerikaantje.be\/","name":"&#039;t Amerikaantje","description":"&#039;ouvert le dimanche, supergoe et super bon march\u00e9 !","publisher":{"@id":"https:\/\/amerikaantje.be\/#organization"},"potentialAction":[{"@type":"SearchAction","target":{"@type":"EntryPoint","urlTemplate":"https:\/\/amerikaantje.be\/?s={search_term_string}"},"query-input":{"@type":"PropertyValueSpecification","valueRequired":true,"valueName":"search_term_string"}}],"inLanguage":"fr-BE"},{"@type":"Organization","@id":"https:\/\/amerikaantje.be\/#organization","name":"&#039;t Amerikaantje","url":"https:\/\/amerikaantje.be\/","logo":{"@type":"ImageObject","inLanguage":"fr-BE","@id":"https:\/\/amerikaantje.be\/#\/schema\/logo\/image\/","url":"https:\/\/amerikaantje.be\/wp-content\/uploads\/2023\/02\/amerikaantje-balk-logo-sterren-transparant.png?v=1703255686","contentUrl":"https:\/\/amerikaantje.be\/wp-content\/uploads\/2023\/02\/amerikaantje-balk-logo-sterren-transparant.png?v=1703255686","width":648,"height":343,"caption":"&#039;t Amerikaantje"},"image":{"@id":"https:\/\/amerikaantje.be\/#\/schema\/logo\/image\/"},"sameAs":["https:\/\/www.facebook.com\/t-Amerikaantje-151636621529042\/"]}]},"product_price_amount":"37.00","product_price_currency":"EUR","og_availability":"instock","product_availability":"instock","product_retailer_item_id":"16243002","product_condition":"new"},"df_price":37,"df_sale_price":"","df_regular_price":37,"df_image_link":"https:\/\/amerikaantje.be\/wp-content\/uploads\/2024\/11\/16243002-500x500.jpg?v=1732793278","_links":{"self":[{"href":"https:\/\/amerikaantje.be\/fr\/wp-json\/wp\/v2\/product\/128166","targetHints":{"allow":["GET"]}}],"collection":[{"href":"https:\/\/amerikaantje.be\/fr\/wp-json\/wp\/v2\/product"}],"about":[{"href":"https:\/\/amerikaantje.be\/fr\/wp-json\/wp\/v2\/types\/product"}],"wp:featuredmedia":[{"embeddable":true,"href":"https:\/\/amerikaantje.be\/fr\/wp-json\/wp\/v2\/media\/128167"}],"wp:attachment":[{"href":"https:\/\/amerikaantje.be\/fr\/wp-json\/wp\/v2\/media?parent=128166"}],"wp:term":[{"taxonomy":"product_brand","embeddable":true,"href":"https:\/\/amerikaantje.be\/fr\/wp-json\/wp\/v2\/product_brand?post=128166"},{"taxonomy":"product_cat","embeddable":true,"href":"https:\/\/amerikaantje.be\/fr\/wp-json\/wp\/v2\/product_cat?post=128166"},{"taxonomy":"product_tag","embeddable":true,"href":"https:\/\/amerikaantje.be\/fr\/wp-json\/wp\/v2\/product_tag?post=128166"}],"curies":[{"name":"wp","href":"https:\/\/api.w.org\/{rel}","templated":true}]}}