{"id":120577,"date":"2023-11-28T16:05:04","date_gmt":"2023-11-28T16:05:04","guid":{"rendered":"https:\/\/amerikaantje.be\/?post_type=product&#038;p=120577"},"modified":"2023-11-28T16:09:05","modified_gmt":"2023-11-28T16:09:05","slug":"regenbroek-fluogeel","status":"publish","type":"product","link":"https:\/\/amerikaantje.be\/fr\/produit\/regenbroek-fluogeel\/","title":{"rendered":"Pantalon de pluie Jaune fluo"},"content":{"rendered":"<p>Un costume de pluie. V\u00eatements de signalisation de classe 3. <\/p>\n<p>Pantalon : Taille \u00e9lastiqu\u00e9e. Fermeture par boutons-pression. Jambes r\u00e9glables en bas par boutons-pression. Avec des ouvertures pour les mains. <\/p>\n<p>Sangles r\u00e9tro-r\u00e9fl\u00e9chissantes cousues : Argent - Sangles parall\u00e8les.<br \/>\nPolyester Oxford enduit de PU.<\/p>","protected":false},"excerpt":{"rendered":"<p>Combinaison de pluie. V\u00eatements de signalisation de classe 3. BROOKES : Taille \u00e9lastiqu\u00e9e. Fermeture par boutons pression. Jambes r\u00e9glables en bas par boutons-pression. Avec ouvertures pour les mains. Sangles r\u00e9tro-r\u00e9fl\u00e9chissantes cousues : Argent - Sangles parall\u00e8les. Polyester Oxford enduit de PU.<\/p>","protected":false},"featured_media":120582,"template":"","meta":{"_acf_changed":false},"product_brand":[],"product_cat":[13513],"product_tag":[860],"class_list":{"0":"post-120577","1":"product","2":"type-product","3":"status-publish","4":"has-post-thumbnail","6":"product_cat-regenkleding","7":"product_tag-werkkleding","8":"pa_maat-l","9":"pa_maat-m","10":"pa_maat-xl","11":"pa_maat-xxl","13":"first","14":"instock","15":"taxable","16":"shipping-taxable","17":"purchasable","18":"product-type-variable"},"acf":[],"yoast_head":"<!-- This site is optimized with the Yoast SEO Premium plugin v27.5 (Yoast SEO v27.5) - https:\/\/yoast.com\/product\/yoast-seo-premium-wordpress\/ -->\n<title>Regenbroek Fluogeel - &#039;t Amerikaantje<\/title>\n<meta name=\"robots\" content=\"index, follow, max-snippet:-1, max-image-preview:large, max-video-preview:-1\" \/>\n<link rel=\"canonical\" href=\"https:\/\/amerikaantje.be\/fr\/produit\/regenbroek-fluogeel\/\" \/>\n<meta property=\"og:locale\" content=\"fr_FR\" \/>\n<meta property=\"og:type\" content=\"article\" \/>\n<meta property=\"og:title\" content=\"Regenbroek Fluogeel\" \/>\n<meta property=\"og:description\" content=\"Regenpak. Signaalkledij Klasse 3. BROEK : Elastiek in de taille. Sluiting met drukknopen. Benen aan onderzijde aanpasbaar met drukknopen. Met openingen voor de handen. Opgestikte retro-reflecterende banden : Zilverkleurig &#8211; Parallelle banden. PU gecoat Oxford polyester.\" \/>\n<meta property=\"og:url\" content=\"https:\/\/amerikaantje.be\/fr\/produit\/regenbroek-fluogeel\/\" \/>\n<meta property=\"og:site_name\" content=\"&#039;t Amerikaantje\" \/>\n<meta property=\"article:publisher\" content=\"https:\/\/www.facebook.com\/t-Amerikaantje-151636621529042\/\" \/>\n<meta property=\"article:modified_time\" content=\"2023-11-28T16:09:05+00:00\" \/>\n<meta property=\"og:image\" content=\"https:\/\/amerikaantje.be\/wp-content\/uploads\/2021\/01\/EN208V2-broek.jpg?v=1701187554\" \/>\n\t<meta property=\"og:image:width\" content=\"1920\" \/>\n\t<meta property=\"og:image:height\" content=\"1920\" \/>\n\t<meta property=\"og:image:type\" content=\"image\/jpeg\" \/>\n<meta name=\"twitter:card\" content=\"summary_large_image\" \/>\n<meta name=\"twitter:label1\" content=\"Availability\" \/>\n\t<meta name=\"twitter:data1\" content=\"In stock\" \/>\n<script type=\"application\/ld+json\" class=\"yoast-schema-graph\">{\"@context\":\"https:\\\/\\\/schema.org\",\"@graph\":[{\"@type\":\"WebPage\",\"@id\":\"https:\\\/\\\/amerikaantje.be\\\/product\\\/regenbroek-fluogeel\\\/\",\"url\":\"https:\\\/\\\/amerikaantje.be\\\/product\\\/regenbroek-fluogeel\\\/\",\"name\":\"Regenbroek Fluogeel - &#039;t Amerikaantje\",\"isPartOf\":{\"@id\":\"https:\\\/\\\/amerikaantje.be\\\/#website\"},\"primaryImageOfPage\":{\"@id\":\"https:\\\/\\\/amerikaantje.be\\\/product\\\/regenbroek-fluogeel\\\/#primaryimage\"},\"image\":{\"@id\":\"https:\\\/\\\/amerikaantje.be\\\/product\\\/regenbroek-fluogeel\\\/#primaryimage\"},\"thumbnailUrl\":\"https:\\\/\\\/amerikaantje.be\\\/wp-content\\\/uploads\\\/2021\\\/01\\\/EN208V2-broek.jpg?v=1703269791\",\"datePublished\":\"2023-11-28T16:05:04+00:00\",\"dateModified\":\"2023-11-28T16:09:05+00:00\",\"breadcrumb\":{\"@id\":\"https:\\\/\\\/amerikaantje.be\\\/product\\\/regenbroek-fluogeel\\\/#breadcrumb\"},\"inLanguage\":\"fr-BE\",\"potentialAction\":[{\"@type\":\"ReadAction\",\"target\":[\"https:\\\/\\\/amerikaantje.be\\\/product\\\/regenbroek-fluogeel\\\/\"]}]},{\"@type\":\"ImageObject\",\"inLanguage\":\"fr-BE\",\"@id\":\"https:\\\/\\\/amerikaantje.be\\\/product\\\/regenbroek-fluogeel\\\/#primaryimage\",\"url\":\"https:\\\/\\\/amerikaantje.be\\\/wp-content\\\/uploads\\\/2021\\\/01\\\/EN208V2-broek.jpg?v=1703269791\",\"contentUrl\":\"https:\\\/\\\/amerikaantje.be\\\/wp-content\\\/uploads\\\/2021\\\/01\\\/EN208V2-broek.jpg?v=1703269791\",\"width\":1920,\"height\":1920},{\"@type\":\"BreadcrumbList\",\"@id\":\"https:\\\/\\\/amerikaantje.be\\\/product\\\/regenbroek-fluogeel\\\/#breadcrumb\",\"itemListElement\":[{\"@type\":\"ListItem\",\"position\":1,\"name\":\"Accueil\",\"item\":\"https:\\\/\\\/amerikaantje.be\\\/\"},{\"@type\":\"ListItem\",\"position\":2,\"name\":\"Webshop\",\"item\":\"https:\\\/\\\/amerikaantje.be\\\/alle-producten\\\/\"},{\"@type\":\"ListItem\",\"position\":3,\"name\":\"Regenbroek Fluogeel\"}]},{\"@type\":\"WebSite\",\"@id\":\"https:\\\/\\\/amerikaantje.be\\\/#website\",\"url\":\"https:\\\/\\\/amerikaantje.be\\\/\",\"name\":\"&#039;t Amerikaantje\",\"description\":\"&#039;s zondags open, supergoe en supergoeiekoop!\",\"publisher\":{\"@id\":\"https:\\\/\\\/amerikaantje.be\\\/#organization\"},\"potentialAction\":[{\"@type\":\"SearchAction\",\"target\":{\"@type\":\"EntryPoint\",\"urlTemplate\":\"https:\\\/\\\/amerikaantje.be\\\/?s={search_term_string}\"},\"query-input\":{\"@type\":\"PropertyValueSpecification\",\"valueRequired\":true,\"valueName\":\"search_term_string\"}}],\"inLanguage\":\"fr-BE\"},{\"@type\":\"Organization\",\"@id\":\"https:\\\/\\\/amerikaantje.be\\\/#organization\",\"name\":\"&#039;t Amerikaantje\",\"url\":\"https:\\\/\\\/amerikaantje.be\\\/\",\"logo\":{\"@type\":\"ImageObject\",\"inLanguage\":\"fr-BE\",\"@id\":\"https:\\\/\\\/amerikaantje.be\\\/#\\\/schema\\\/logo\\\/image\\\/\",\"url\":\"https:\\\/\\\/amerikaantje.be\\\/wp-content\\\/uploads\\\/2023\\\/02\\\/amerikaantje-balk-logo-sterren-transparant.png?v=1703255686\",\"contentUrl\":\"https:\\\/\\\/amerikaantje.be\\\/wp-content\\\/uploads\\\/2023\\\/02\\\/amerikaantje-balk-logo-sterren-transparant.png?v=1703255686\",\"width\":648,\"height\":343,\"caption\":\"&#039;t Amerikaantje\"},\"image\":{\"@id\":\"https:\\\/\\\/amerikaantje.be\\\/#\\\/schema\\\/logo\\\/image\\\/\"},\"sameAs\":[\"https:\\\/\\\/www.facebook.com\\\/t-Amerikaantje-151636621529042\\\/\"]}]}<\/script>\n<meta property=\"og:availability\" content=\"instock\" \/>\n<meta property=\"product:availability\" content=\"instock\" \/>\n<meta property=\"product:retailer_item_id\" content=\"EN208V2-broek\" \/>\n<meta property=\"product:condition\" content=\"new\" \/>\n<!-- \/ Yoast SEO Premium plugin. -->","yoast_head_json":{"title":"Pantalon de pluie jaune fluo - 't Amerikaantje","robots":{"index":"index","follow":"follow","max-snippet":"max-snippet:-1","max-image-preview":"max-image-preview:large","max-video-preview":"max-video-preview:-1"},"canonical":"https:\/\/amerikaantje.be\/fr\/produit\/regenbroek-fluogeel\/","og_locale":"fr_FR","og_type":"article","og_title":"Regenbroek Fluogeel","og_description":"Regenpak. Signaalkledij Klasse 3. BROEK : Elastiek in de taille. Sluiting met drukknopen. Benen aan onderzijde aanpasbaar met drukknopen. Met openingen voor de handen. Opgestikte retro-reflecterende banden : Zilverkleurig &#8211; Parallelle banden. PU gecoat Oxford polyester.","og_url":"https:\/\/amerikaantje.be\/fr\/produit\/regenbroek-fluogeel\/","og_site_name":"&#039;t Amerikaantje","article_publisher":"https:\/\/www.facebook.com\/t-Amerikaantje-151636621529042\/","article_modified_time":"2023-11-28T16:09:05+00:00","og_image":[{"width":1920,"height":1920,"url":"https:\/\/amerikaantje.be\/wp-content\/uploads\/2021\/01\/EN208V2-broek.jpg?v=1701187554","type":"image\/jpeg"}],"twitter_card":"summary_large_image","twitter_misc":{"Availability":"In stock"},"schema":{"@context":"https:\/\/schema.org","@graph":[{"@type":"WebPage","@id":"https:\/\/amerikaantje.be\/product\/regenbroek-fluogeel\/","url":"https:\/\/amerikaantje.be\/product\/regenbroek-fluogeel\/","name":"Pantalon de pluie jaune fluo - 't Amerikaantje","isPartOf":{"@id":"https:\/\/amerikaantje.be\/#website"},"primaryImageOfPage":{"@id":"https:\/\/amerikaantje.be\/product\/regenbroek-fluogeel\/#primaryimage"},"image":{"@id":"https:\/\/amerikaantje.be\/product\/regenbroek-fluogeel\/#primaryimage"},"thumbnailUrl":"https:\/\/amerikaantje.be\/wp-content\/uploads\/2021\/01\/EN208V2-broek.jpg?v=1703269791","datePublished":"2023-11-28T16:05:04+00:00","dateModified":"2023-11-28T16:09:05+00:00","breadcrumb":{"@id":"https:\/\/amerikaantje.be\/product\/regenbroek-fluogeel\/#breadcrumb"},"inLanguage":"fr-BE","potentialAction":[{"@type":"ReadAction","target":["https:\/\/amerikaantje.be\/product\/regenbroek-fluogeel\/"]}]},{"@type":"ImageObject","inLanguage":"fr-BE","@id":"https:\/\/amerikaantje.be\/product\/regenbroek-fluogeel\/#primaryimage","url":"https:\/\/amerikaantje.be\/wp-content\/uploads\/2021\/01\/EN208V2-broek.jpg?v=1703269791","contentUrl":"https:\/\/amerikaantje.be\/wp-content\/uploads\/2021\/01\/EN208V2-broek.jpg?v=1703269791","width":1920,"height":1920},{"@type":"BreadcrumbList","@id":"https:\/\/amerikaantje.be\/product\/regenbroek-fluogeel\/#breadcrumb","itemListElement":[{"@type":"ListItem","position":1,"name":"Accueil","item":"https:\/\/amerikaantje.be\/"},{"@type":"ListItem","position":2,"name":"Webshop","item":"https:\/\/amerikaantje.be\/alle-producten\/"},{"@type":"ListItem","position":3,"name":"Regenbroek Fluogeel"}]},{"@type":"WebSite","@id":"https:\/\/amerikaantje.be\/#website","url":"https:\/\/amerikaantje.be\/","name":"&#039;t Amerikaantje","description":"&#039;ouvert le dimanche, supergoe et super bon march\u00e9 !","publisher":{"@id":"https:\/\/amerikaantje.be\/#organization"},"potentialAction":[{"@type":"SearchAction","target":{"@type":"EntryPoint","urlTemplate":"https:\/\/amerikaantje.be\/?s={search_term_string}"},"query-input":{"@type":"PropertyValueSpecification","valueRequired":true,"valueName":"search_term_string"}}],"inLanguage":"fr-BE"},{"@type":"Organization","@id":"https:\/\/amerikaantje.be\/#organization","name":"&#039;t Amerikaantje","url":"https:\/\/amerikaantje.be\/","logo":{"@type":"ImageObject","inLanguage":"fr-BE","@id":"https:\/\/amerikaantje.be\/#\/schema\/logo\/image\/","url":"https:\/\/amerikaantje.be\/wp-content\/uploads\/2023\/02\/amerikaantje-balk-logo-sterren-transparant.png?v=1703255686","contentUrl":"https:\/\/amerikaantje.be\/wp-content\/uploads\/2023\/02\/amerikaantje-balk-logo-sterren-transparant.png?v=1703255686","width":648,"height":343,"caption":"&#039;t Amerikaantje"},"image":{"@id":"https:\/\/amerikaantje.be\/#\/schema\/logo\/image\/"},"sameAs":["https:\/\/www.facebook.com\/t-Amerikaantje-151636621529042\/"]}]},"og_availability":"instock","product_availability":"instock","product_retailer_item_id":"EN208V2-broek","product_condition":"new"},"df_price":38.5,"df_sale_price":"","df_regular_price":38.5,"df_image_link":"https:\/\/amerikaantje.be\/wp-content\/uploads\/2021\/01\/EN208V2-broek-500x500.jpg?v=1703269791","_links":{"self":[{"href":"https:\/\/amerikaantje.be\/fr\/wp-json\/wp\/v2\/product\/120577","targetHints":{"allow":["GET"]}}],"collection":[{"href":"https:\/\/amerikaantje.be\/fr\/wp-json\/wp\/v2\/product"}],"about":[{"href":"https:\/\/amerikaantje.be\/fr\/wp-json\/wp\/v2\/types\/product"}],"wp:featuredmedia":[{"embeddable":true,"href":"https:\/\/amerikaantje.be\/fr\/wp-json\/wp\/v2\/media\/120582"}],"wp:attachment":[{"href":"https:\/\/amerikaantje.be\/fr\/wp-json\/wp\/v2\/media?parent=120577"}],"wp:term":[{"taxonomy":"product_brand","embeddable":true,"href":"https:\/\/amerikaantje.be\/fr\/wp-json\/wp\/v2\/product_brand?post=120577"},{"taxonomy":"product_cat","embeddable":true,"href":"https:\/\/amerikaantje.be\/fr\/wp-json\/wp\/v2\/product_cat?post=120577"},{"taxonomy":"product_tag","embeddable":true,"href":"https:\/\/amerikaantje.be\/fr\/wp-json\/wp\/v2\/product_tag?post=120577"}],"curies":[{"name":"wp","href":"https:\/\/api.w.org\/{rel}","templated":true}]}}