{"id":120462,"date":"2023-11-28T14:04:26","date_gmt":"2023-11-28T14:04:26","guid":{"rendered":"https:\/\/amerikaantje.be\/?post_type=product&#038;p=120462"},"modified":"2025-07-29T12:42:34","modified_gmt":"2025-07-29T10:42:34","slug":"us-tactical-flight-jacket","status":"publish","type":"product","link":"https:\/\/amerikaantje.be\/fr\/produit\/us-tactical-flight-jacket\/","title":{"rendered":"Veste de vol tactique US"},"content":{"rendered":"<p>Mat\u00e9riau ext\u00e9rieur : nylon 100%<br \/>\nDoublure : 100% polyester<br \/>\nCeinture en tricot : polyester 90%, \u00e9lasthanne 10%<\/p>\n<p>Caract\u00e9ristiques :<\/p>\n<ul>\n<li>Veste de pilote tendance en nylon robuste<\/li>\n<li>Fermeture \u00e0 glissi\u00e8re frontale YKK solide<\/li>\n<li>2 poches lat\u00e9rales avec fermeture velcro<\/li>\n<li>2 grands compartiments de rangement zipp\u00e9s sur le devant - \u00e0 droite et \u00e0 gauche de la fermeture \u00e0 glissi\u00e8re avant<\/li>\n<li>Compartiments de rangement avec poches d'organisation en filet<\/li>\n<li>Zone velcro sur la poitrine droite pour attacher des patchs<\/li>\n<li>2 poches int\u00e9rieures avec boutons-pression<\/li>\n<li>Fentes d'a\u00e9ration sous les bras<\/li>\n<li>Zone velcro sur les deux bras pour attacher des patchs<\/li>\n<li>Poche zipp\u00e9e et porte-stylo sur la partie sup\u00e9rieure du bras gauche<\/li>\n<li>Poignets en tricot au col, aux manches et \u00e0 l'ourlet<\/li>\n<li>Col montant<\/li>\n<\/ul>","protected":false},"excerpt":{"rendered":"<p>Buitenmateriaal: 100% nylon Voering: 100% polyester Gebreide tailleband: 90% polyester, 10% elastaan Kenmerken: trendy pilotenjack van robuust nylon materiaal sterke YKK-ritssluiting aan de voorkant 2 zijzakken met klittenbandsluiting 2 grote opbergvakken met ritssluiting aan de voorkant &#8211; rechts en links van de ritssluiting aan de voorkant Opbergvakken met mesh organiserzakken Klittenbandoppervlak op de rechterborst voor [&#8230;]\n","protected":false},"featured_media":120464,"template":"","meta":{"_acf_changed":false},"product_brand":[],"product_cat":[13323],"product_tag":[],"class_list":{"0":"post-120462","1":"product","2":"type-product","3":"status-publish","4":"has-post-thumbnail","6":"product_cat-blousons","7":"pa_maat-l","8":"pa_maat-m","9":"pa_maat-s","10":"pa_maat-xl","11":"pa_maat-xxl","12":"pa_maat-xxxl","13":"pa_merk-mil-tec","15":"first","16":"instock","17":"taxable","18":"shipping-taxable","19":"purchasable","20":"product-type-variable"},"acf":[],"yoast_head":"<!-- This site is optimized with the Yoast SEO Premium plugin v27.2 (Yoast SEO v27.2) - https:\/\/yoast.com\/product\/yoast-seo-premium-wordpress\/ -->\n<title>US Tactical Flight Jacket - &#039;t Amerikaantje<\/title>\n<meta name=\"robots\" content=\"index, follow, max-snippet:-1, max-image-preview:large, max-video-preview:-1\" \/>\n<link rel=\"canonical\" href=\"https:\/\/amerikaantje.be\/fr\/produit\/us-tactical-flight-jacket\/\" \/>\n<meta property=\"og:locale\" content=\"fr_FR\" \/>\n<meta property=\"og:type\" content=\"article\" \/>\n<meta property=\"og:title\" content=\"US Tactical Flight Jacket\" \/>\n<meta property=\"og:description\" content=\"Buitenmateriaal: 100% nylon Voering: 100% polyester Gebreide tailleband: 90% polyester, 10% elastaan Kenmerken: trendy pilotenjack van robuust nylon materiaal sterke YKK-ritssluiting aan de voorkant 2 zijzakken met klittenbandsluiting 2 grote opbergvakken met ritssluiting aan de voorkant &#8211; rechts en links van de ritssluiting aan de voorkant Opbergvakken met mesh organiserzakken Klittenbandoppervlak op de rechterborst voor [...]\" \/>\n<meta property=\"og:url\" content=\"https:\/\/amerikaantje.be\/fr\/produit\/us-tactical-flight-jacket\/\" \/>\n<meta property=\"og:site_name\" content=\"&#039;t Amerikaantje\" \/>\n<meta property=\"article:publisher\" content=\"https:\/\/www.facebook.com\/t-Amerikaantje-151636621529042\/\" \/>\n<meta property=\"article:modified_time\" content=\"2025-07-29T10:42:34+00:00\" \/>\n<meta property=\"og:image\" content=\"https:\/\/amerikaantje.be\/wp-content\/uploads\/2023\/11\/10404601-1.jpg?v=1703269811\" \/>\n\t<meta property=\"og:image:width\" content=\"1920\" \/>\n\t<meta property=\"og:image:height\" content=\"1920\" \/>\n\t<meta property=\"og:image:type\" content=\"image\/jpeg\" \/>\n<meta name=\"twitter:card\" content=\"summary_large_image\" \/>\n<meta name=\"twitter:label1\" content=\"Availability\" \/>\n\t<meta name=\"twitter:data1\" content=\"In stock\" \/>\n<script type=\"application\/ld+json\" class=\"yoast-schema-graph\">{\"@context\":\"https:\/\/schema.org\",\"@graph\":[{\"@type\":\"WebPage\",\"@id\":\"https:\/\/amerikaantje.be\/product\/us-tactical-flight-jacket\/\",\"url\":\"https:\/\/amerikaantje.be\/product\/us-tactical-flight-jacket\/\",\"name\":\"US Tactical Flight Jacket - &#039;t Amerikaantje\",\"isPartOf\":{\"@id\":\"https:\/\/amerikaantje.be\/#website\"},\"primaryImageOfPage\":{\"@id\":\"https:\/\/amerikaantje.be\/product\/us-tactical-flight-jacket\/#primaryimage\"},\"image\":{\"@id\":\"https:\/\/amerikaantje.be\/product\/us-tactical-flight-jacket\/#primaryimage\"},\"thumbnailUrl\":\"https:\/\/amerikaantje.be\/wp-content\/uploads\/2023\/11\/10404601-1.jpg?v=1703269811\",\"datePublished\":\"2023-11-28T14:04:26+00:00\",\"dateModified\":\"2025-07-29T10:42:34+00:00\",\"breadcrumb\":{\"@id\":\"https:\/\/amerikaantje.be\/product\/us-tactical-flight-jacket\/#breadcrumb\"},\"inLanguage\":\"fr-BE\",\"potentialAction\":[{\"@type\":\"ReadAction\",\"target\":[\"https:\/\/amerikaantje.be\/product\/us-tactical-flight-jacket\/\"]}]},{\"@type\":\"ImageObject\",\"inLanguage\":\"fr-BE\",\"@id\":\"https:\/\/amerikaantje.be\/product\/us-tactical-flight-jacket\/#primaryimage\",\"url\":\"https:\/\/amerikaantje.be\/wp-content\/uploads\/2023\/11\/10404601-1.jpg?v=1703269811\",\"contentUrl\":\"https:\/\/amerikaantje.be\/wp-content\/uploads\/2023\/11\/10404601-1.jpg?v=1703269811\",\"width\":1920,\"height\":1920},{\"@type\":\"BreadcrumbList\",\"@id\":\"https:\/\/amerikaantje.be\/product\/us-tactical-flight-jacket\/#breadcrumb\",\"itemListElement\":[{\"@type\":\"ListItem\",\"position\":1,\"name\":\"Accueil\",\"item\":\"https:\/\/amerikaantje.be\/\"},{\"@type\":\"ListItem\",\"position\":2,\"name\":\"Webshop\",\"item\":\"https:\/\/amerikaantje.be\/alle-producten\/\"},{\"@type\":\"ListItem\",\"position\":3,\"name\":\"US Tactical Flight Jacket\"}]},{\"@type\":\"WebSite\",\"@id\":\"https:\/\/amerikaantje.be\/#website\",\"url\":\"https:\/\/amerikaantje.be\/\",\"name\":\"&#039;t Amerikaantje\",\"description\":\"&#039;s zondags open, supergoe en supergoeiekoop!\",\"publisher\":{\"@id\":\"https:\/\/amerikaantje.be\/#organization\"},\"potentialAction\":[{\"@type\":\"SearchAction\",\"target\":{\"@type\":\"EntryPoint\",\"urlTemplate\":\"https:\/\/amerikaantje.be\/?s={search_term_string}\"},\"query-input\":{\"@type\":\"PropertyValueSpecification\",\"valueRequired\":true,\"valueName\":\"search_term_string\"}}],\"inLanguage\":\"fr-BE\"},{\"@type\":\"Organization\",\"@id\":\"https:\/\/amerikaantje.be\/#organization\",\"name\":\"&#039;t Amerikaantje\",\"url\":\"https:\/\/amerikaantje.be\/\",\"logo\":{\"@type\":\"ImageObject\",\"inLanguage\":\"fr-BE\",\"@id\":\"https:\/\/amerikaantje.be\/#\/schema\/logo\/image\/\",\"url\":\"https:\/\/amerikaantje.be\/wp-content\/uploads\/2023\/02\/amerikaantje-balk-logo-sterren-transparant.png?v=1703255686\",\"contentUrl\":\"https:\/\/amerikaantje.be\/wp-content\/uploads\/2023\/02\/amerikaantje-balk-logo-sterren-transparant.png?v=1703255686\",\"width\":648,\"height\":343,\"caption\":\"&#039;t Amerikaantje\"},\"image\":{\"@id\":\"https:\/\/amerikaantje.be\/#\/schema\/logo\/image\/\"},\"sameAs\":[\"https:\/\/www.facebook.com\/t-Amerikaantje-151636621529042\/\"]}]}<\/script>\n<meta property=\"og:availability\" content=\"instock\" \/>\n<meta property=\"product:availability\" content=\"instock\" \/>\n<meta property=\"product:retailer_item_id\" content=\"10404601\" \/>\n<meta property=\"product:condition\" content=\"new\" \/>\n<!-- \/ Yoast SEO Premium plugin. -->","yoast_head_json":{"title":"Veste de vol tactique US - 't Amerikaantje","robots":{"index":"index","follow":"follow","max-snippet":"max-snippet:-1","max-image-preview":"max-image-preview:large","max-video-preview":"max-video-preview:-1"},"canonical":"https:\/\/amerikaantje.be\/fr\/produit\/us-tactical-flight-jacket\/","og_locale":"fr_FR","og_type":"article","og_title":"US Tactical Flight Jacket","og_description":"Buitenmateriaal: 100% nylon Voering: 100% polyester Gebreide tailleband: 90% polyester, 10% elastaan Kenmerken: trendy pilotenjack van robuust nylon materiaal sterke YKK-ritssluiting aan de voorkant 2 zijzakken met klittenbandsluiting 2 grote opbergvakken met ritssluiting aan de voorkant &#8211; rechts en links van de ritssluiting aan de voorkant Opbergvakken met mesh organiserzakken Klittenbandoppervlak op de rechterborst voor [...]","og_url":"https:\/\/amerikaantje.be\/fr\/produit\/us-tactical-flight-jacket\/","og_site_name":"&#039;t Amerikaantje","article_publisher":"https:\/\/www.facebook.com\/t-Amerikaantje-151636621529042\/","article_modified_time":"2025-07-29T10:42:34+00:00","og_image":[{"width":1920,"height":1920,"url":"https:\/\/amerikaantje.be\/wp-content\/uploads\/2023\/11\/10404601-1.jpg?v=1703269811","type":"image\/jpeg"}],"twitter_card":"summary_large_image","twitter_misc":{"Availability":"In stock"},"schema":{"@context":"https:\/\/schema.org","@graph":[{"@type":"WebPage","@id":"https:\/\/amerikaantje.be\/product\/us-tactical-flight-jacket\/","url":"https:\/\/amerikaantje.be\/product\/us-tactical-flight-jacket\/","name":"Veste de vol tactique US - 't Amerikaantje","isPartOf":{"@id":"https:\/\/amerikaantje.be\/#website"},"primaryImageOfPage":{"@id":"https:\/\/amerikaantje.be\/product\/us-tactical-flight-jacket\/#primaryimage"},"image":{"@id":"https:\/\/amerikaantje.be\/product\/us-tactical-flight-jacket\/#primaryimage"},"thumbnailUrl":"https:\/\/amerikaantje.be\/wp-content\/uploads\/2023\/11\/10404601-1.jpg?v=1703269811","datePublished":"2023-11-28T14:04:26+00:00","dateModified":"2025-07-29T10:42:34+00:00","breadcrumb":{"@id":"https:\/\/amerikaantje.be\/product\/us-tactical-flight-jacket\/#breadcrumb"},"inLanguage":"fr-BE","potentialAction":[{"@type":"ReadAction","target":["https:\/\/amerikaantje.be\/product\/us-tactical-flight-jacket\/"]}]},{"@type":"ImageObject","inLanguage":"fr-BE","@id":"https:\/\/amerikaantje.be\/product\/us-tactical-flight-jacket\/#primaryimage","url":"https:\/\/amerikaantje.be\/wp-content\/uploads\/2023\/11\/10404601-1.jpg?v=1703269811","contentUrl":"https:\/\/amerikaantje.be\/wp-content\/uploads\/2023\/11\/10404601-1.jpg?v=1703269811","width":1920,"height":1920},{"@type":"BreadcrumbList","@id":"https:\/\/amerikaantje.be\/product\/us-tactical-flight-jacket\/#breadcrumb","itemListElement":[{"@type":"ListItem","position":1,"name":"Accueil","item":"https:\/\/amerikaantje.be\/"},{"@type":"ListItem","position":2,"name":"Webshop","item":"https:\/\/amerikaantje.be\/alle-producten\/"},{"@type":"ListItem","position":3,"name":"US Tactical Flight Jacket"}]},{"@type":"WebSite","@id":"https:\/\/amerikaantje.be\/#website","url":"https:\/\/amerikaantje.be\/","name":"&#039;t Amerikaantje","description":"&#039;ouvert le dimanche, supergoe et super bon march\u00e9 !","publisher":{"@id":"https:\/\/amerikaantje.be\/#organization"},"potentialAction":[{"@type":"SearchAction","target":{"@type":"EntryPoint","urlTemplate":"https:\/\/amerikaantje.be\/?s={search_term_string}"},"query-input":{"@type":"PropertyValueSpecification","valueRequired":true,"valueName":"search_term_string"}}],"inLanguage":"fr-BE"},{"@type":"Organization","@id":"https:\/\/amerikaantje.be\/#organization","name":"&#039;t Amerikaantje","url":"https:\/\/amerikaantje.be\/","logo":{"@type":"ImageObject","inLanguage":"fr-BE","@id":"https:\/\/amerikaantje.be\/#\/schema\/logo\/image\/","url":"https:\/\/amerikaantje.be\/wp-content\/uploads\/2023\/02\/amerikaantje-balk-logo-sterren-transparant.png?v=1703255686","contentUrl":"https:\/\/amerikaantje.be\/wp-content\/uploads\/2023\/02\/amerikaantje-balk-logo-sterren-transparant.png?v=1703255686","width":648,"height":343,"caption":"&#039;t Amerikaantje"},"image":{"@id":"https:\/\/amerikaantje.be\/#\/schema\/logo\/image\/"},"sameAs":["https:\/\/www.facebook.com\/t-Amerikaantje-151636621529042\/"]}]},"og_availability":"instock","product_availability":"instock","product_retailer_item_id":"10404601","product_condition":"new"},"df_price":77,"df_sale_price":"","df_regular_price":77,"df_image_link":"https:\/\/amerikaantje.be\/wp-content\/uploads\/2023\/11\/10404601-1-500x500.jpg?v=1703269811","_links":{"self":[{"href":"https:\/\/amerikaantje.be\/fr\/wp-json\/wp\/v2\/product\/120462","targetHints":{"allow":["GET"]}}],"collection":[{"href":"https:\/\/amerikaantje.be\/fr\/wp-json\/wp\/v2\/product"}],"about":[{"href":"https:\/\/amerikaantje.be\/fr\/wp-json\/wp\/v2\/types\/product"}],"wp:featuredmedia":[{"embeddable":true,"href":"https:\/\/amerikaantje.be\/fr\/wp-json\/wp\/v2\/media\/120464"}],"wp:attachment":[{"href":"https:\/\/amerikaantje.be\/fr\/wp-json\/wp\/v2\/media?parent=120462"}],"wp:term":[{"taxonomy":"product_brand","embeddable":true,"href":"https:\/\/amerikaantje.be\/fr\/wp-json\/wp\/v2\/product_brand?post=120462"},{"taxonomy":"product_cat","embeddable":true,"href":"https:\/\/amerikaantje.be\/fr\/wp-json\/wp\/v2\/product_cat?post=120462"},{"taxonomy":"product_tag","embeddable":true,"href":"https:\/\/amerikaantje.be\/fr\/wp-json\/wp\/v2\/product_tag?post=120462"}],"curies":[{"name":"wp","href":"https:\/\/api.w.org\/{rel}","templated":true}]}}