{"id":119273,"date":"2023-10-25T11:57:56","date_gmt":"2023-10-25T11:57:56","guid":{"rendered":"https:\/\/amerikaantje.be\/?post_type=product&#038;p=119273"},"modified":"2024-02-21T18:08:20","modified_gmt":"2024-02-21T18:08:20","slug":"kinderoverall-woodland","status":"publish","type":"product","link":"https:\/\/amerikaantje.be\/fr\/product\/kinderoverall-woodland\/","title":{"rendered":"Salopettes pour enfants Woodland"},"content":{"rendered":"<p>Une salopette d'enfant super cool pour les futurs pilotes.<\/p>\n<p>Cette robuste combinaison de pilote, fabriqu\u00e9e en polyester 65% et en coton 35%, est appr\u00e9ci\u00e9e partout.<br \/>\nLa fermeture \u00e9clair \u00e0 double sens facile \u00e0 utiliser et les fermetures \u00e9clair tout aussi pratiques des poches de poitrine sont tr\u00e8s appr\u00e9ci\u00e9es des enfants. Des fermetures Velcro pratiques pour ajuster les poignets, les jambes et la taille garantissent toujours un ajustement parfait.<br \/>\nDeux poches lat\u00e9rales, une poche sur la manche et plusieurs emplacements pour fixer des embl\u00e8mes compl\u00e8tent le plaid aviateur.<\/p>\n<p><em>Disponible en vert ou en camouflage.<\/em><\/p>\n<p><strong>Tailles enfants =<\/strong><br \/>\n104 = XXS \/ 2 ans<br \/>\n116 = XS \/ 4 ans<br \/>\n128 = S \/ 6 ans<br \/>\n140 = M \/ 8 ans<br \/>\n152 = L \/ 10 ans<br \/>\n164 = XL \/ 12 ans<br \/>\n176 = XXL \/ 14 ans<br \/>\n188 = XXXL \/ 16 ans<\/p>\n<p><img loading=\"lazy\" decoding=\"async\" class=\"aligncenter size-full wp-image-119308\" src=\"https:\/\/amerikaantje.be\/wp-content\/uploads\/2023\/10\/woodland-overall.jpg\" alt=\"\" width=\"1920\" height=\"1371\" srcset=\"https:\/\/amerikaantje.be\/wp-content\/uploads\/2023\/10\/woodland-overall.jpg?v=1703270030 1920w, https:\/\/amerikaantje.be\/wp-content\/uploads\/2023\/10\/woodland-overall-410x293.jpg?v=1703270030 410w, https:\/\/amerikaantje.be\/wp-content\/uploads\/2023\/10\/woodland-overall-500x357.jpg?v=1703270030 500w, https:\/\/amerikaantje.be\/wp-content\/uploads\/2023\/10\/woodland-overall-1024x731.jpg?v=1703270030 1024w, https:\/\/amerikaantje.be\/wp-content\/uploads\/2023\/10\/woodland-overall-768x548.jpg?v=1703270030 768w, https:\/\/amerikaantje.be\/wp-content\/uploads\/2023\/10\/woodland-overall-1536x1097.jpg?v=1703270030 1536w, https:\/\/amerikaantje.be\/wp-content\/uploads\/2023\/10\/woodland-overall-18x12.jpg?v=1703270030 18w\" sizes=\"auto, (max-width: 1920px) 100vw, 1920px\" \/><\/p>","protected":false},"excerpt":{"rendered":"<p>\u00dcbercoole kinderoverall voor piloten in spe. Deze stoere pilotenoverall van 65% polyester en 35% katoen gooit overal hoge ogen. De makkelijk te bedienen tweewegs ritssluiting en net zo handige ritsen ter hoogte van de borstzakken vallen erg in de smaak bij de kids. Praktische velcrosluitingen om de polsen, pijpen en taille aan te passen garanderen [&#8230;]\n","protected":false},"featured_media":119290,"template":"","meta":{"_acf_changed":false},"product_brand":[],"product_cat":[13313],"product_tag":[11129,961],"class_list":{"0":"post-119273","1":"product","2":"type-product","3":"status-publish","4":"has-post-thumbnail","6":"product_cat-kinderkleding","7":"product_tag-carnaval","8":"product_tag-jeugdbeweging","9":"pa_maat-l","10":"pa_maat-m","11":"pa_maat-s","12":"pa_maat-xl","13":"pa_maat-xs","14":"pa_maat-xxl","15":"pa_maat-xxs","17":"first","18":"instock","19":"taxable","20":"shipping-taxable","21":"purchasable","22":"product-type-variable"},"acf":[],"yoast_head":"<!-- This site is optimized with the Yoast SEO Premium plugin v27.6 (Yoast SEO v27.6) - https:\/\/yoast.com\/product\/yoast-seo-premium-wordpress\/ -->\n<title>Kinderoverall Woodland - &#039;t Amerikaantje<\/title>\n<meta name=\"robots\" content=\"index, follow, max-snippet:-1, max-image-preview:large, max-video-preview:-1\" \/>\n<link rel=\"canonical\" href=\"https:\/\/amerikaantje.be\/fr\/product\/kinderoverall-woodland\/\" \/>\n<meta property=\"og:locale\" content=\"fr_FR\" \/>\n<meta property=\"og:type\" content=\"article\" \/>\n<meta property=\"og:title\" content=\"Kinderoverall Woodland\" \/>\n<meta property=\"og:description\" content=\"\u00dcbercoole kinderoverall voor piloten in spe. Deze stoere pilotenoverall van 65% polyester en 35% katoen gooit overal hoge ogen. De makkelijk te bedienen tweewegs ritssluiting en net zo handige ritsen ter hoogte van de borstzakken vallen erg in de smaak bij de kids. Praktische velcrosluitingen om de polsen, pijpen en taille aan te passen garanderen [...]\" \/>\n<meta property=\"og:url\" content=\"https:\/\/amerikaantje.be\/fr\/product\/kinderoverall-woodland\/\" \/>\n<meta property=\"og:site_name\" content=\"&#039;t Amerikaantje\" \/>\n<meta property=\"article:publisher\" content=\"https:\/\/www.facebook.com\/t-Amerikaantje-151636621529042\/\" \/>\n<meta property=\"article:modified_time\" content=\"2024-02-21T18:08:20+00:00\" \/>\n<meta property=\"og:image\" content=\"https:\/\/amerikaantje.be\/wp-content\/uploads\/2015\/05\/kinderoverall-piloot-feat.jpg?v=1703270315\" \/>\n\t<meta property=\"og:image:width\" content=\"2100\" \/>\n\t<meta property=\"og:image:height\" content=\"1500\" \/>\n\t<meta property=\"og:image:type\" content=\"image\/jpeg\" \/>\n<meta name=\"twitter:card\" content=\"summary_large_image\" \/>\n<meta name=\"twitter:label1\" content=\"Availability\" \/>\n\t<meta name=\"twitter:data1\" content=\"In stock\" \/>\n<script type=\"application\/ld+json\" class=\"yoast-schema-graph\">{\"@context\":\"https:\\\/\\\/schema.org\",\"@graph\":[{\"@type\":\"WebPage\",\"@id\":\"https:\\\/\\\/amerikaantje.be\\\/product\\\/kinderoverall-woodland\\\/\",\"url\":\"https:\\\/\\\/amerikaantje.be\\\/product\\\/kinderoverall-woodland\\\/\",\"name\":\"Kinderoverall Woodland - &#039;t Amerikaantje\",\"isPartOf\":{\"@id\":\"https:\\\/\\\/amerikaantje.be\\\/#website\"},\"primaryImageOfPage\":{\"@id\":\"https:\\\/\\\/amerikaantje.be\\\/product\\\/kinderoverall-woodland\\\/#primaryimage\"},\"image\":{\"@id\":\"https:\\\/\\\/amerikaantje.be\\\/product\\\/kinderoverall-woodland\\\/#primaryimage\"},\"thumbnailUrl\":\"https:\\\/\\\/amerikaantje.be\\\/wp-content\\\/uploads\\\/2023\\\/10\\\/amerikaantje-kinderkleding-34.jpg?v=1703270031\",\"datePublished\":\"2023-10-25T11:57:56+00:00\",\"dateModified\":\"2024-02-21T18:08:20+00:00\",\"breadcrumb\":{\"@id\":\"https:\\\/\\\/amerikaantje.be\\\/product\\\/kinderoverall-woodland\\\/#breadcrumb\"},\"inLanguage\":\"fr-BE\",\"potentialAction\":[{\"@type\":\"ReadAction\",\"target\":[\"https:\\\/\\\/amerikaantje.be\\\/product\\\/kinderoverall-woodland\\\/\"]}]},{\"@type\":\"ImageObject\",\"inLanguage\":\"fr-BE\",\"@id\":\"https:\\\/\\\/amerikaantje.be\\\/product\\\/kinderoverall-woodland\\\/#primaryimage\",\"url\":\"https:\\\/\\\/amerikaantje.be\\\/wp-content\\\/uploads\\\/2023\\\/10\\\/amerikaantje-kinderkleding-34.jpg?v=1703270031\",\"contentUrl\":\"https:\\\/\\\/amerikaantje.be\\\/wp-content\\\/uploads\\\/2023\\\/10\\\/amerikaantje-kinderkleding-34.jpg?v=1703270031\",\"width\":1920,\"height\":1920},{\"@type\":\"BreadcrumbList\",\"@id\":\"https:\\\/\\\/amerikaantje.be\\\/product\\\/kinderoverall-woodland\\\/#breadcrumb\",\"itemListElement\":[{\"@type\":\"ListItem\",\"position\":1,\"name\":\"Accueil\",\"item\":\"https:\\\/\\\/amerikaantje.be\\\/\"},{\"@type\":\"ListItem\",\"position\":2,\"name\":\"Webshop\",\"item\":\"https:\\\/\\\/amerikaantje.be\\\/alle-producten\\\/\"},{\"@type\":\"ListItem\",\"position\":3,\"name\":\"Kinderoverall Woodland\"}]},{\"@type\":\"WebSite\",\"@id\":\"https:\\\/\\\/amerikaantje.be\\\/#website\",\"url\":\"https:\\\/\\\/amerikaantje.be\\\/\",\"name\":\"&#039;t Amerikaantje\",\"description\":\"&#039;s zondags open, supergoe en supergoeiekoop!\",\"publisher\":{\"@id\":\"https:\\\/\\\/amerikaantje.be\\\/#organization\"},\"potentialAction\":[{\"@type\":\"SearchAction\",\"target\":{\"@type\":\"EntryPoint\",\"urlTemplate\":\"https:\\\/\\\/amerikaantje.be\\\/?s={search_term_string}\"},\"query-input\":{\"@type\":\"PropertyValueSpecification\",\"valueRequired\":true,\"valueName\":\"search_term_string\"}}],\"inLanguage\":\"fr-BE\"},{\"@type\":\"Organization\",\"@id\":\"https:\\\/\\\/amerikaantje.be\\\/#organization\",\"name\":\"&#039;t Amerikaantje\",\"url\":\"https:\\\/\\\/amerikaantje.be\\\/\",\"logo\":{\"@type\":\"ImageObject\",\"inLanguage\":\"fr-BE\",\"@id\":\"https:\\\/\\\/amerikaantje.be\\\/#\\\/schema\\\/logo\\\/image\\\/\",\"url\":\"https:\\\/\\\/amerikaantje.be\\\/wp-content\\\/uploads\\\/2023\\\/02\\\/amerikaantje-balk-logo-sterren-transparant.png?v=1703255686\",\"contentUrl\":\"https:\\\/\\\/amerikaantje.be\\\/wp-content\\\/uploads\\\/2023\\\/02\\\/amerikaantje-balk-logo-sterren-transparant.png?v=1703255686\",\"width\":648,\"height\":343,\"caption\":\"&#039;t Amerikaantje\"},\"image\":{\"@id\":\"https:\\\/\\\/amerikaantje.be\\\/#\\\/schema\\\/logo\\\/image\\\/\"},\"sameAs\":[\"https:\\\/\\\/www.facebook.com\\\/t-Amerikaantje-151636621529042\\\/\"]}]}<\/script>\n<meta property=\"og:availability\" content=\"instock\" \/>\n<meta property=\"product:availability\" content=\"instock\" \/>\n<meta property=\"product:retailer_item_id\" content=\"115310-WL\" \/>\n<meta property=\"product:condition\" content=\"new\" \/>\n<!-- \/ Yoast SEO Premium plugin. -->","yoast_head_json":{"title":"Salopette pour enfants Woodland - &#039;t Amerikaantje","robots":{"index":"index","follow":"follow","max-snippet":"max-snippet:-1","max-image-preview":"max-image-preview:large","max-video-preview":"max-video-preview:-1"},"canonical":"https:\/\/amerikaantje.be\/fr\/product\/kinderoverall-woodland\/","og_locale":"fr_FR","og_type":"article","og_title":"Kinderoverall Woodland","og_description":"\u00dcbercoole kinderoverall voor piloten in spe. Deze stoere pilotenoverall van 65% polyester en 35% katoen gooit overal hoge ogen. De makkelijk te bedienen tweewegs ritssluiting en net zo handige ritsen ter hoogte van de borstzakken vallen erg in de smaak bij de kids. Praktische velcrosluitingen om de polsen, pijpen en taille aan te passen garanderen [...]","og_url":"https:\/\/amerikaantje.be\/fr\/product\/kinderoverall-woodland\/","og_site_name":"&#039;t Amerikaantje","article_publisher":"https:\/\/www.facebook.com\/t-Amerikaantje-151636621529042\/","article_modified_time":"2024-02-21T18:08:20+00:00","og_image":[{"width":2100,"height":1500,"url":"https:\/\/amerikaantje.be\/wp-content\/uploads\/2015\/05\/kinderoverall-piloot-feat.jpg?v=1703270315","type":"image\/jpeg"}],"twitter_card":"summary_large_image","twitter_misc":{"Availability":"In stock"},"schema":{"@context":"https:\/\/schema.org","@graph":[{"@type":"WebPage","@id":"https:\/\/amerikaantje.be\/product\/kinderoverall-woodland\/","url":"https:\/\/amerikaantje.be\/product\/kinderoverall-woodland\/","name":"Salopette pour enfants Woodland - &#039;t Amerikaantje","isPartOf":{"@id":"https:\/\/amerikaantje.be\/#website"},"primaryImageOfPage":{"@id":"https:\/\/amerikaantje.be\/product\/kinderoverall-woodland\/#primaryimage"},"image":{"@id":"https:\/\/amerikaantje.be\/product\/kinderoverall-woodland\/#primaryimage"},"thumbnailUrl":"https:\/\/amerikaantje.be\/wp-content\/uploads\/2023\/10\/amerikaantje-kinderkleding-34.jpg?v=1703270031","datePublished":"2023-10-25T11:57:56+00:00","dateModified":"2024-02-21T18:08:20+00:00","breadcrumb":{"@id":"https:\/\/amerikaantje.be\/product\/kinderoverall-woodland\/#breadcrumb"},"inLanguage":"fr-BE","potentialAction":[{"@type":"ReadAction","target":["https:\/\/amerikaantje.be\/product\/kinderoverall-woodland\/"]}]},{"@type":"ImageObject","inLanguage":"fr-BE","@id":"https:\/\/amerikaantje.be\/product\/kinderoverall-woodland\/#primaryimage","url":"https:\/\/amerikaantje.be\/wp-content\/uploads\/2023\/10\/amerikaantje-kinderkleding-34.jpg?v=1703270031","contentUrl":"https:\/\/amerikaantje.be\/wp-content\/uploads\/2023\/10\/amerikaantje-kinderkleding-34.jpg?v=1703270031","width":1920,"height":1920},{"@type":"BreadcrumbList","@id":"https:\/\/amerikaantje.be\/product\/kinderoverall-woodland\/#breadcrumb","itemListElement":[{"@type":"ListItem","position":1,"name":"Accueil","item":"https:\/\/amerikaantje.be\/"},{"@type":"ListItem","position":2,"name":"Webshop","item":"https:\/\/amerikaantje.be\/alle-producten\/"},{"@type":"ListItem","position":3,"name":"Kinderoverall Woodland"}]},{"@type":"WebSite","@id":"https:\/\/amerikaantje.be\/#website","url":"https:\/\/amerikaantje.be\/","name":"&#039;t Amerikaantje","description":"&#039;ouvert le dimanche, supergoe et super bon march\u00e9 !","publisher":{"@id":"https:\/\/amerikaantje.be\/#organization"},"potentialAction":[{"@type":"SearchAction","target":{"@type":"EntryPoint","urlTemplate":"https:\/\/amerikaantje.be\/?s={search_term_string}"},"query-input":{"@type":"PropertyValueSpecification","valueRequired":true,"valueName":"search_term_string"}}],"inLanguage":"fr-BE"},{"@type":"Organization","@id":"https:\/\/amerikaantje.be\/#organization","name":"&#039;t Amerikaantje","url":"https:\/\/amerikaantje.be\/","logo":{"@type":"ImageObject","inLanguage":"fr-BE","@id":"https:\/\/amerikaantje.be\/#\/schema\/logo\/image\/","url":"https:\/\/amerikaantje.be\/wp-content\/uploads\/2023\/02\/amerikaantje-balk-logo-sterren-transparant.png?v=1703255686","contentUrl":"https:\/\/amerikaantje.be\/wp-content\/uploads\/2023\/02\/amerikaantje-balk-logo-sterren-transparant.png?v=1703255686","width":648,"height":343,"caption":"&#039;t Amerikaantje"},"image":{"@id":"https:\/\/amerikaantje.be\/#\/schema\/logo\/image\/"},"sameAs":["https:\/\/www.facebook.com\/t-Amerikaantje-151636621529042\/"]}]},"og_availability":"instock","product_availability":"instock","product_retailer_item_id":"115310-WL","product_condition":"new"},"df_price":37,"df_sale_price":"","df_regular_price":37,"df_image_link":"https:\/\/amerikaantje.be\/wp-content\/uploads\/2023\/10\/amerikaantje-kinderkleding-34-500x500.jpg?v=1703270031","_links":{"self":[{"href":"https:\/\/amerikaantje.be\/fr\/wp-json\/wp\/v2\/product\/119273","targetHints":{"allow":["GET"]}}],"collection":[{"href":"https:\/\/amerikaantje.be\/fr\/wp-json\/wp\/v2\/product"}],"about":[{"href":"https:\/\/amerikaantje.be\/fr\/wp-json\/wp\/v2\/types\/product"}],"wp:featuredmedia":[{"embeddable":true,"href":"https:\/\/amerikaantje.be\/fr\/wp-json\/wp\/v2\/media\/119290"}],"wp:attachment":[{"href":"https:\/\/amerikaantje.be\/fr\/wp-json\/wp\/v2\/media?parent=119273"}],"wp:term":[{"taxonomy":"product_brand","embeddable":true,"href":"https:\/\/amerikaantje.be\/fr\/wp-json\/wp\/v2\/product_brand?post=119273"},{"taxonomy":"product_cat","embeddable":true,"href":"https:\/\/amerikaantje.be\/fr\/wp-json\/wp\/v2\/product_cat?post=119273"},{"taxonomy":"product_tag","embeddable":true,"href":"https:\/\/amerikaantje.be\/fr\/wp-json\/wp\/v2\/product_tag?post=119273"}],"curies":[{"name":"wp","href":"https:\/\/api.w.org\/{rel}","templated":true}]}}