{"id":117879,"date":"2023-09-27T14:39:12","date_gmt":"2023-09-27T14:39:12","guid":{"rendered":"https:\/\/amerikaantje.be\/product\/kinder-cargo-broek-stonewashed\/"},"modified":"2023-10-10T14:32:25","modified_gmt":"2023-10-10T14:32:25","slug":"kinder-cargo-broek-stonewashed","status":"publish","type":"product","link":"https:\/\/amerikaantje.be\/fr\/product\/kinder-cargo-broek-stonewashed\/","title":{"rendered":"Pantalon cargo pour enfants Stonewashed"},"content":{"rendered":"<p>Pantalon cargo classique dans un style bois\u00e9. Le short cargo est fabriqu\u00e9 en coton r\u00e9sistant et offre un confort durable. Le look stonewashed r\u00e9sistant et les caract\u00e9ristiques pratiques font de ce short le pantalon id\u00e9al pour un usage quotidien et d\u00e9contract\u00e9 pour les enfants.<\/p>\n<p>Caract\u00e9ristiques :<\/p>\n<ul>\n<li>Deux poches lat\u00e9rales<\/li>\n<li>Deux poches cargo avec boutons-pression<\/li>\n<li>Une poche arri\u00e8re cargo avec bouton pression<\/li>\n<\/ul>","protected":false},"excerpt":{"rendered":"<p>Pantalon cargo classique dans un style bois\u00e9. Ce short cargo est fabriqu\u00e9 en coton r\u00e9sistant et offre un confort durable. Le look stonewashed r\u00e9sistant et les caract\u00e9ristiques pratiques font de ce short le pantalon id\u00e9al pour un usage quotidien et d\u00e9contract\u00e9 pour les enfants. Caract\u00e9ristiques : Deux poches lat\u00e9rales Deux poches cargo avec boutons-pression Une poche arri\u00e8re cargo avec bouton-pression<\/p>","protected":false},"featured_media":117880,"template":"","meta":{"_acf_changed":false},"product_brand":[],"product_cat":[13313],"product_tag":[],"class_list":{"0":"post-117879","1":"product","2":"type-product","3":"status-publish","4":"has-post-thumbnail","6":"product_cat-kinderkleding","7":"pa_merk-101-inc","9":"first","10":"instock","11":"taxable","12":"shipping-taxable","13":"purchasable","14":"product-type-variable"},"acf":[],"yoast_head":"<!-- This site is optimized with the Yoast SEO Premium plugin v27.6 (Yoast SEO v27.6) - https:\/\/yoast.com\/product\/yoast-seo-premium-wordpress\/ -->\n<title>Kinder cargo broek Stonewashed - &#039;t Amerikaantje<\/title>\n<meta name=\"robots\" content=\"index, follow, max-snippet:-1, max-image-preview:large, max-video-preview:-1\" \/>\n<link rel=\"canonical\" href=\"https:\/\/amerikaantje.be\/fr\/product\/kinder-cargo-broek-stonewashed\/\" \/>\n<meta property=\"og:locale\" content=\"fr_FR\" \/>\n<meta property=\"og:type\" content=\"article\" \/>\n<meta property=\"og:title\" content=\"Kinder cargo broek Stonewashed\" \/>\n<meta property=\"og:description\" content=\"Klassieke cargo broek in woodland style. De\u00a0cargo broeken zijn gemaakt van duurzaam katoen en bieden langdurig comfort. De stoere stonewashed look en handige features maken deze shorts tot een perfecte broek voor casual\/alledaags gebruik voor de kids. Kenmerken: Twee steekzakken Twee cargozakken met drukknopen \u00c9\u00e9n cargo achterzak met drukknoop\" \/>\n<meta property=\"og:url\" content=\"https:\/\/amerikaantje.be\/fr\/product\/kinder-cargo-broek-stonewashed\/\" \/>\n<meta property=\"og:site_name\" content=\"&#039;t Amerikaantje\" \/>\n<meta property=\"article:publisher\" content=\"https:\/\/www.facebook.com\/t-Amerikaantje-151636621529042\/\" \/>\n<meta property=\"article:modified_time\" content=\"2023-10-10T14:32:25+00:00\" \/>\n<meta property=\"og:image\" content=\"https:\/\/amerikaantje.be\/wp-content\/uploads\/2023\/09\/112221_51_01.jpg?v=1695825574\" \/>\n\t<meta property=\"og:image:width\" content=\"960\" \/>\n\t<meta property=\"og:image:height\" content=\"960\" \/>\n\t<meta property=\"og:image:type\" content=\"image\/jpeg\" \/>\n<meta name=\"twitter:card\" content=\"summary_large_image\" \/>\n<meta name=\"twitter:label1\" content=\"Availability\" \/>\n\t<meta name=\"twitter:data1\" content=\"In stock\" \/>\n<script type=\"application\/ld+json\" class=\"yoast-schema-graph\">{\"@context\":\"https:\\\/\\\/schema.org\",\"@graph\":[{\"@type\":\"WebPage\",\"@id\":\"https:\\\/\\\/amerikaantje.be\\\/product\\\/kinder-cargo-broek-stonewashed\\\/\",\"url\":\"https:\\\/\\\/amerikaantje.be\\\/product\\\/kinder-cargo-broek-stonewashed\\\/\",\"name\":\"Kinder cargo broek Stonewashed - &#039;t Amerikaantje\",\"isPartOf\":{\"@id\":\"https:\\\/\\\/amerikaantje.be\\\/#website\"},\"primaryImageOfPage\":{\"@id\":\"https:\\\/\\\/amerikaantje.be\\\/product\\\/kinder-cargo-broek-stonewashed\\\/#primaryimage\"},\"image\":{\"@id\":\"https:\\\/\\\/amerikaantje.be\\\/product\\\/kinder-cargo-broek-stonewashed\\\/#primaryimage\"},\"thumbnailUrl\":\"https:\\\/\\\/amerikaantje.be\\\/wp-content\\\/uploads\\\/2023\\\/09\\\/112221_51_01.jpg?v=1703270166\",\"datePublished\":\"2023-09-27T14:39:12+00:00\",\"dateModified\":\"2023-10-10T14:32:25+00:00\",\"breadcrumb\":{\"@id\":\"https:\\\/\\\/amerikaantje.be\\\/product\\\/kinder-cargo-broek-stonewashed\\\/#breadcrumb\"},\"inLanguage\":\"fr-BE\",\"potentialAction\":[{\"@type\":\"ReadAction\",\"target\":[\"https:\\\/\\\/amerikaantje.be\\\/product\\\/kinder-cargo-broek-stonewashed\\\/\"]}]},{\"@type\":\"ImageObject\",\"inLanguage\":\"fr-BE\",\"@id\":\"https:\\\/\\\/amerikaantje.be\\\/product\\\/kinder-cargo-broek-stonewashed\\\/#primaryimage\",\"url\":\"https:\\\/\\\/amerikaantje.be\\\/wp-content\\\/uploads\\\/2023\\\/09\\\/112221_51_01.jpg?v=1703270166\",\"contentUrl\":\"https:\\\/\\\/amerikaantje.be\\\/wp-content\\\/uploads\\\/2023\\\/09\\\/112221_51_01.jpg?v=1703270166\",\"width\":960,\"height\":960},{\"@type\":\"BreadcrumbList\",\"@id\":\"https:\\\/\\\/amerikaantje.be\\\/product\\\/kinder-cargo-broek-stonewashed\\\/#breadcrumb\",\"itemListElement\":[{\"@type\":\"ListItem\",\"position\":1,\"name\":\"Accueil\",\"item\":\"https:\\\/\\\/amerikaantje.be\\\/\"},{\"@type\":\"ListItem\",\"position\":2,\"name\":\"Webshop\",\"item\":\"https:\\\/\\\/amerikaantje.be\\\/alle-producten\\\/\"},{\"@type\":\"ListItem\",\"position\":3,\"name\":\"Kinder cargo broek Stonewashed\"}]},{\"@type\":\"WebSite\",\"@id\":\"https:\\\/\\\/amerikaantje.be\\\/#website\",\"url\":\"https:\\\/\\\/amerikaantje.be\\\/\",\"name\":\"&#039;t Amerikaantje\",\"description\":\"&#039;s zondags open, supergoe en supergoeiekoop!\",\"publisher\":{\"@id\":\"https:\\\/\\\/amerikaantje.be\\\/#organization\"},\"potentialAction\":[{\"@type\":\"SearchAction\",\"target\":{\"@type\":\"EntryPoint\",\"urlTemplate\":\"https:\\\/\\\/amerikaantje.be\\\/?s={search_term_string}\"},\"query-input\":{\"@type\":\"PropertyValueSpecification\",\"valueRequired\":true,\"valueName\":\"search_term_string\"}}],\"inLanguage\":\"fr-BE\"},{\"@type\":\"Organization\",\"@id\":\"https:\\\/\\\/amerikaantje.be\\\/#organization\",\"name\":\"&#039;t Amerikaantje\",\"url\":\"https:\\\/\\\/amerikaantje.be\\\/\",\"logo\":{\"@type\":\"ImageObject\",\"inLanguage\":\"fr-BE\",\"@id\":\"https:\\\/\\\/amerikaantje.be\\\/#\\\/schema\\\/logo\\\/image\\\/\",\"url\":\"https:\\\/\\\/amerikaantje.be\\\/wp-content\\\/uploads\\\/2023\\\/02\\\/amerikaantje-balk-logo-sterren-transparant.png?v=1703255686\",\"contentUrl\":\"https:\\\/\\\/amerikaantje.be\\\/wp-content\\\/uploads\\\/2023\\\/02\\\/amerikaantje-balk-logo-sterren-transparant.png?v=1703255686\",\"width\":648,\"height\":343,\"caption\":\"&#039;t Amerikaantje\"},\"image\":{\"@id\":\"https:\\\/\\\/amerikaantje.be\\\/#\\\/schema\\\/logo\\\/image\\\/\"},\"sameAs\":[\"https:\\\/\\\/www.facebook.com\\\/t-Amerikaantje-151636621529042\\\/\"]}]}<\/script>\n<meta property=\"og:availability\" content=\"instock\" \/>\n<meta property=\"product:availability\" content=\"instock\" \/>\n<meta property=\"product:retailer_item_id\" content=\"112221\" \/>\n<meta property=\"product:condition\" content=\"new\" \/>\n<!-- \/ Yoast SEO Premium plugin. -->","yoast_head_json":{"title":"Pantalon cargo pour enfants Stonewashed - &#039;t Amerikaantje","robots":{"index":"index","follow":"follow","max-snippet":"max-snippet:-1","max-image-preview":"max-image-preview:large","max-video-preview":"max-video-preview:-1"},"canonical":"https:\/\/amerikaantje.be\/fr\/product\/kinder-cargo-broek-stonewashed\/","og_locale":"fr_FR","og_type":"article","og_title":"Kinder cargo broek Stonewashed","og_description":"Klassieke cargo broek in woodland style. De\u00a0cargo broeken zijn gemaakt van duurzaam katoen en bieden langdurig comfort. De stoere stonewashed look en handige features maken deze shorts tot een perfecte broek voor casual\/alledaags gebruik voor de kids. Kenmerken: Twee steekzakken Twee cargozakken met drukknopen \u00c9\u00e9n cargo achterzak met drukknoop","og_url":"https:\/\/amerikaantje.be\/fr\/product\/kinder-cargo-broek-stonewashed\/","og_site_name":"&#039;t Amerikaantje","article_publisher":"https:\/\/www.facebook.com\/t-Amerikaantje-151636621529042\/","article_modified_time":"2023-10-10T14:32:25+00:00","og_image":[{"width":960,"height":960,"url":"https:\/\/amerikaantje.be\/wp-content\/uploads\/2023\/09\/112221_51_01.jpg?v=1695825574","type":"image\/jpeg"}],"twitter_card":"summary_large_image","twitter_misc":{"Availability":"In stock"},"schema":{"@context":"https:\/\/schema.org","@graph":[{"@type":"WebPage","@id":"https:\/\/amerikaantje.be\/product\/kinder-cargo-broek-stonewashed\/","url":"https:\/\/amerikaantje.be\/product\/kinder-cargo-broek-stonewashed\/","name":"Pantalon cargo pour enfants Stonewashed - &#039;t Amerikaantje","isPartOf":{"@id":"https:\/\/amerikaantje.be\/#website"},"primaryImageOfPage":{"@id":"https:\/\/amerikaantje.be\/product\/kinder-cargo-broek-stonewashed\/#primaryimage"},"image":{"@id":"https:\/\/amerikaantje.be\/product\/kinder-cargo-broek-stonewashed\/#primaryimage"},"thumbnailUrl":"https:\/\/amerikaantje.be\/wp-content\/uploads\/2023\/09\/112221_51_01.jpg?v=1703270166","datePublished":"2023-09-27T14:39:12+00:00","dateModified":"2023-10-10T14:32:25+00:00","breadcrumb":{"@id":"https:\/\/amerikaantje.be\/product\/kinder-cargo-broek-stonewashed\/#breadcrumb"},"inLanguage":"fr-BE","potentialAction":[{"@type":"ReadAction","target":["https:\/\/amerikaantje.be\/product\/kinder-cargo-broek-stonewashed\/"]}]},{"@type":"ImageObject","inLanguage":"fr-BE","@id":"https:\/\/amerikaantje.be\/product\/kinder-cargo-broek-stonewashed\/#primaryimage","url":"https:\/\/amerikaantje.be\/wp-content\/uploads\/2023\/09\/112221_51_01.jpg?v=1703270166","contentUrl":"https:\/\/amerikaantje.be\/wp-content\/uploads\/2023\/09\/112221_51_01.jpg?v=1703270166","width":960,"height":960},{"@type":"BreadcrumbList","@id":"https:\/\/amerikaantje.be\/product\/kinder-cargo-broek-stonewashed\/#breadcrumb","itemListElement":[{"@type":"ListItem","position":1,"name":"Accueil","item":"https:\/\/amerikaantje.be\/"},{"@type":"ListItem","position":2,"name":"Webshop","item":"https:\/\/amerikaantje.be\/alle-producten\/"},{"@type":"ListItem","position":3,"name":"Kinder cargo broek Stonewashed"}]},{"@type":"WebSite","@id":"https:\/\/amerikaantje.be\/#website","url":"https:\/\/amerikaantje.be\/","name":"&#039;t Amerikaantje","description":"&#039;ouvert le dimanche, supergoe et super bon march\u00e9 !","publisher":{"@id":"https:\/\/amerikaantje.be\/#organization"},"potentialAction":[{"@type":"SearchAction","target":{"@type":"EntryPoint","urlTemplate":"https:\/\/amerikaantje.be\/?s={search_term_string}"},"query-input":{"@type":"PropertyValueSpecification","valueRequired":true,"valueName":"search_term_string"}}],"inLanguage":"fr-BE"},{"@type":"Organization","@id":"https:\/\/amerikaantje.be\/#organization","name":"&#039;t Amerikaantje","url":"https:\/\/amerikaantje.be\/","logo":{"@type":"ImageObject","inLanguage":"fr-BE","@id":"https:\/\/amerikaantje.be\/#\/schema\/logo\/image\/","url":"https:\/\/amerikaantje.be\/wp-content\/uploads\/2023\/02\/amerikaantje-balk-logo-sterren-transparant.png?v=1703255686","contentUrl":"https:\/\/amerikaantje.be\/wp-content\/uploads\/2023\/02\/amerikaantje-balk-logo-sterren-transparant.png?v=1703255686","width":648,"height":343,"caption":"&#039;t Amerikaantje"},"image":{"@id":"https:\/\/amerikaantje.be\/#\/schema\/logo\/image\/"},"sameAs":["https:\/\/www.facebook.com\/t-Amerikaantje-151636621529042\/"]}]},"og_availability":"instock","product_availability":"instock","product_retailer_item_id":"112221","product_condition":"new"},"df_price":22,"df_sale_price":"","df_regular_price":22,"df_image_link":"https:\/\/amerikaantje.be\/wp-content\/uploads\/2023\/09\/112221_51_01-500x500.jpg?v=1703270166","_links":{"self":[{"href":"https:\/\/amerikaantje.be\/fr\/wp-json\/wp\/v2\/product\/117879","targetHints":{"allow":["GET"]}}],"collection":[{"href":"https:\/\/amerikaantje.be\/fr\/wp-json\/wp\/v2\/product"}],"about":[{"href":"https:\/\/amerikaantje.be\/fr\/wp-json\/wp\/v2\/types\/product"}],"wp:featuredmedia":[{"embeddable":true,"href":"https:\/\/amerikaantje.be\/fr\/wp-json\/wp\/v2\/media\/117880"}],"wp:attachment":[{"href":"https:\/\/amerikaantje.be\/fr\/wp-json\/wp\/v2\/media?parent=117879"}],"wp:term":[{"taxonomy":"product_brand","embeddable":true,"href":"https:\/\/amerikaantje.be\/fr\/wp-json\/wp\/v2\/product_brand?post=117879"},{"taxonomy":"product_cat","embeddable":true,"href":"https:\/\/amerikaantje.be\/fr\/wp-json\/wp\/v2\/product_cat?post=117879"},{"taxonomy":"product_tag","embeddable":true,"href":"https:\/\/amerikaantje.be\/fr\/wp-json\/wp\/v2\/product_tag?post=117879"}],"curies":[{"name":"wp","href":"https:\/\/api.w.org\/{rel}","templated":true}]}}