{"id":117634,"date":"2023-09-26T14:45:00","date_gmt":"2023-09-26T14:45:00","guid":{"rendered":"https:\/\/amerikaantje.be\/product\/kinder-baseball-cap-zonder-logo\/"},"modified":"2024-12-17T17:44:38","modified_gmt":"2024-12-17T16:44:38","slug":"kinder-baseball-cap-zonder-logo","status":"publish","type":"product","link":"https:\/\/amerikaantje.be\/fr\/product\/kinder-baseball-cap-zonder-logo\/","title":{"rendered":"Balle de baseball pour enfants - Olive"},"content":{"rendered":"<p>Casquette pour enfants en polyester 100%.<\/p>\n<p>Casquette pour enfants \u00e0 la mode avec un look militaire.<br \/>\nLa casquette Camo pour enfants est tr\u00e8s agr\u00e9able et l\u00e9g\u00e8re \u00e0 porter et s'accorde avec toutes les tenues.<\/p>\n<p>Taille : taille unique (taille large)<\/p>","protected":false},"excerpt":{"rendered":"<p>Casquette pour enfants en polyester 100%. Casquette pour enfants \u00e0 la mode avec un look militaire. La casquette enfant Camo est tr\u00e8s agr\u00e9able \u00e0 porter, l\u00e9g\u00e8re et s'adapte \u00e0 toutes les tenues. Taille : Taille unique (tombe large)<\/p>","protected":false},"featured_media":117635,"template":"","meta":{"_acf_changed":false},"product_brand":[],"product_cat":[13313],"product_tag":[],"class_list":{"0":"post-117634","1":"product","2":"type-product","3":"status-publish","4":"has-post-thumbnail","6":"product_cat-kinderkleding","7":"pa_merk-101-inc","9":"first","10":"instock","11":"taxable","12":"shipping-taxable","13":"purchasable","14":"product-type-simple"},"acf":[],"yoast_head":"<!-- This site is optimized with the Yoast SEO Premium plugin v27.6 (Yoast SEO v27.6) - https:\/\/yoast.com\/product\/yoast-seo-premium-wordpress\/ -->\n<title>Kinder baseball - Olive - &#039;t Amerikaantje<\/title>\n<meta name=\"robots\" content=\"index, follow, max-snippet:-1, max-image-preview:large, max-video-preview:-1\" \/>\n<link rel=\"canonical\" href=\"https:\/\/amerikaantje.be\/fr\/product\/kinder-baseball-cap-zonder-logo\/\" \/>\n<meta property=\"og:locale\" content=\"fr_FR\" \/>\n<meta property=\"og:type\" content=\"article\" \/>\n<meta property=\"og:title\" content=\"Kinder baseball - Olive\" \/>\n<meta property=\"og:description\" content=\"Kinderpet van 100% polyester. Modieuze kinderpet met een militaire look. De kindercap Camo heeft een zeer aangenaam en lichtgewicht draagcomfort en past bij elke outfit. Maat: One size fits all (valt groot)\" \/>\n<meta property=\"og:url\" content=\"https:\/\/amerikaantje.be\/fr\/product\/kinder-baseball-cap-zonder-logo\/\" \/>\n<meta property=\"og:site_name\" content=\"&#039;t Amerikaantje\" \/>\n<meta property=\"article:publisher\" content=\"https:\/\/www.facebook.com\/t-Amerikaantje-151636621529042\/\" \/>\n<meta property=\"article:modified_time\" content=\"2024-12-17T16:44:38+00:00\" \/>\n<meta property=\"og:image\" content=\"https:\/\/amerikaantje.be\/wp-content\/uploads\/2023\/09\/215210_11_04.jpg?v=1703270231\" \/>\n\t<meta property=\"og:image:width\" content=\"900\" \/>\n\t<meta property=\"og:image:height\" content=\"900\" \/>\n\t<meta property=\"og:image:type\" content=\"image\/jpeg\" \/>\n<meta name=\"twitter:card\" content=\"summary_large_image\" \/>\n<meta name=\"twitter:label1\" content=\"Price\" \/>\n\t<meta name=\"twitter:data1\" content=\"&euro;&nbsp;6,00\" \/>\n\t<meta name=\"twitter:label2\" content=\"Availability\" \/>\n\t<meta name=\"twitter:data2\" content=\"In stock\" \/>\n<script type=\"application\/ld+json\" class=\"yoast-schema-graph\">{\"@context\":\"https:\\\/\\\/schema.org\",\"@graph\":[{\"@type\":\"WebPage\",\"@id\":\"https:\\\/\\\/amerikaantje.be\\\/product\\\/kinder-baseball-cap-zonder-logo\\\/\",\"url\":\"https:\\\/\\\/amerikaantje.be\\\/product\\\/kinder-baseball-cap-zonder-logo\\\/\",\"name\":\"Kinder baseball - Olive - &#039;t Amerikaantje\",\"isPartOf\":{\"@id\":\"https:\\\/\\\/amerikaantje.be\\\/#website\"},\"primaryImageOfPage\":{\"@id\":\"https:\\\/\\\/amerikaantje.be\\\/product\\\/kinder-baseball-cap-zonder-logo\\\/#primaryimage\"},\"image\":{\"@id\":\"https:\\\/\\\/amerikaantje.be\\\/product\\\/kinder-baseball-cap-zonder-logo\\\/#primaryimage\"},\"thumbnailUrl\":\"https:\\\/\\\/amerikaantje.be\\\/wp-content\\\/uploads\\\/2023\\\/09\\\/215210_11_04.jpg?v=1703270231\",\"datePublished\":\"2023-09-26T14:45:00+00:00\",\"dateModified\":\"2024-12-17T16:44:38+00:00\",\"breadcrumb\":{\"@id\":\"https:\\\/\\\/amerikaantje.be\\\/product\\\/kinder-baseball-cap-zonder-logo\\\/#breadcrumb\"},\"inLanguage\":\"fr-BE\",\"potentialAction\":[{\"@type\":\"ReadAction\",\"target\":[\"https:\\\/\\\/amerikaantje.be\\\/product\\\/kinder-baseball-cap-zonder-logo\\\/\"]}]},{\"@type\":\"ImageObject\",\"inLanguage\":\"fr-BE\",\"@id\":\"https:\\\/\\\/amerikaantje.be\\\/product\\\/kinder-baseball-cap-zonder-logo\\\/#primaryimage\",\"url\":\"https:\\\/\\\/amerikaantje.be\\\/wp-content\\\/uploads\\\/2023\\\/09\\\/215210_11_04.jpg?v=1703270231\",\"contentUrl\":\"https:\\\/\\\/amerikaantje.be\\\/wp-content\\\/uploads\\\/2023\\\/09\\\/215210_11_04.jpg?v=1703270231\",\"width\":900,\"height\":900},{\"@type\":\"BreadcrumbList\",\"@id\":\"https:\\\/\\\/amerikaantje.be\\\/product\\\/kinder-baseball-cap-zonder-logo\\\/#breadcrumb\",\"itemListElement\":[{\"@type\":\"ListItem\",\"position\":1,\"name\":\"Accueil\",\"item\":\"https:\\\/\\\/amerikaantje.be\\\/\"},{\"@type\":\"ListItem\",\"position\":2,\"name\":\"Webshop\",\"item\":\"https:\\\/\\\/amerikaantje.be\\\/alle-producten\\\/\"},{\"@type\":\"ListItem\",\"position\":3,\"name\":\"Kinder baseball &#8211; Olive\"}]},{\"@type\":\"WebSite\",\"@id\":\"https:\\\/\\\/amerikaantje.be\\\/#website\",\"url\":\"https:\\\/\\\/amerikaantje.be\\\/\",\"name\":\"&#039;t Amerikaantje\",\"description\":\"&#039;s zondags open, supergoe en supergoeiekoop!\",\"publisher\":{\"@id\":\"https:\\\/\\\/amerikaantje.be\\\/#organization\"},\"potentialAction\":[{\"@type\":\"SearchAction\",\"target\":{\"@type\":\"EntryPoint\",\"urlTemplate\":\"https:\\\/\\\/amerikaantje.be\\\/?s={search_term_string}\"},\"query-input\":{\"@type\":\"PropertyValueSpecification\",\"valueRequired\":true,\"valueName\":\"search_term_string\"}}],\"inLanguage\":\"fr-BE\"},{\"@type\":\"Organization\",\"@id\":\"https:\\\/\\\/amerikaantje.be\\\/#organization\",\"name\":\"&#039;t Amerikaantje\",\"url\":\"https:\\\/\\\/amerikaantje.be\\\/\",\"logo\":{\"@type\":\"ImageObject\",\"inLanguage\":\"fr-BE\",\"@id\":\"https:\\\/\\\/amerikaantje.be\\\/#\\\/schema\\\/logo\\\/image\\\/\",\"url\":\"https:\\\/\\\/amerikaantje.be\\\/wp-content\\\/uploads\\\/2023\\\/02\\\/amerikaantje-balk-logo-sterren-transparant.png?v=1703255686\",\"contentUrl\":\"https:\\\/\\\/amerikaantje.be\\\/wp-content\\\/uploads\\\/2023\\\/02\\\/amerikaantje-balk-logo-sterren-transparant.png?v=1703255686\",\"width\":648,\"height\":343,\"caption\":\"&#039;t Amerikaantje\"},\"image\":{\"@id\":\"https:\\\/\\\/amerikaantje.be\\\/#\\\/schema\\\/logo\\\/image\\\/\"},\"sameAs\":[\"https:\\\/\\\/www.facebook.com\\\/t-Amerikaantje-151636621529042\\\/\"]}]}<\/script>\n<meta property=\"product:price:amount\" content=\"6.00\" \/>\n<meta property=\"product:price:currency\" content=\"EUR\" \/>\n<meta property=\"og:availability\" content=\"instock\" \/>\n<meta property=\"product:availability\" content=\"instock\" \/>\n<meta property=\"product:retailer_item_id\" content=\"215210-olive\" \/>\n<meta property=\"product:condition\" content=\"new\" \/>\n<!-- \/ Yoast SEO Premium plugin. -->","yoast_head_json":{"title":"Balle de baseball pour enfants - Olive - &#039;t Amerikaantje","robots":{"index":"index","follow":"follow","max-snippet":"max-snippet:-1","max-image-preview":"max-image-preview:large","max-video-preview":"max-video-preview:-1"},"canonical":"https:\/\/amerikaantje.be\/fr\/product\/kinder-baseball-cap-zonder-logo\/","og_locale":"fr_FR","og_type":"article","og_title":"Kinder baseball - Olive","og_description":"Kinderpet van 100% polyester. Modieuze kinderpet met een militaire look. De kindercap Camo heeft een zeer aangenaam en lichtgewicht draagcomfort en past bij elke outfit. Maat: One size fits all (valt groot)","og_url":"https:\/\/amerikaantje.be\/fr\/product\/kinder-baseball-cap-zonder-logo\/","og_site_name":"&#039;t Amerikaantje","article_publisher":"https:\/\/www.facebook.com\/t-Amerikaantje-151636621529042\/","article_modified_time":"2024-12-17T16:44:38+00:00","og_image":[{"width":900,"height":900,"url":"https:\/\/amerikaantje.be\/wp-content\/uploads\/2023\/09\/215210_11_04.jpg?v=1703270231","type":"image\/jpeg"}],"twitter_card":"summary_large_image","twitter_misc":{"Price":"&euro;&nbsp;6,00","Availability":"In stock"},"schema":{"@context":"https:\/\/schema.org","@graph":[{"@type":"WebPage","@id":"https:\/\/amerikaantje.be\/product\/kinder-baseball-cap-zonder-logo\/","url":"https:\/\/amerikaantje.be\/product\/kinder-baseball-cap-zonder-logo\/","name":"Balle de baseball pour enfants - Olive - &#039;t Amerikaantje","isPartOf":{"@id":"https:\/\/amerikaantje.be\/#website"},"primaryImageOfPage":{"@id":"https:\/\/amerikaantje.be\/product\/kinder-baseball-cap-zonder-logo\/#primaryimage"},"image":{"@id":"https:\/\/amerikaantje.be\/product\/kinder-baseball-cap-zonder-logo\/#primaryimage"},"thumbnailUrl":"https:\/\/amerikaantje.be\/wp-content\/uploads\/2023\/09\/215210_11_04.jpg?v=1703270231","datePublished":"2023-09-26T14:45:00+00:00","dateModified":"2024-12-17T16:44:38+00:00","breadcrumb":{"@id":"https:\/\/amerikaantje.be\/product\/kinder-baseball-cap-zonder-logo\/#breadcrumb"},"inLanguage":"fr-BE","potentialAction":[{"@type":"ReadAction","target":["https:\/\/amerikaantje.be\/product\/kinder-baseball-cap-zonder-logo\/"]}]},{"@type":"ImageObject","inLanguage":"fr-BE","@id":"https:\/\/amerikaantje.be\/product\/kinder-baseball-cap-zonder-logo\/#primaryimage","url":"https:\/\/amerikaantje.be\/wp-content\/uploads\/2023\/09\/215210_11_04.jpg?v=1703270231","contentUrl":"https:\/\/amerikaantje.be\/wp-content\/uploads\/2023\/09\/215210_11_04.jpg?v=1703270231","width":900,"height":900},{"@type":"BreadcrumbList","@id":"https:\/\/amerikaantje.be\/product\/kinder-baseball-cap-zonder-logo\/#breadcrumb","itemListElement":[{"@type":"ListItem","position":1,"name":"Accueil","item":"https:\/\/amerikaantje.be\/"},{"@type":"ListItem","position":2,"name":"Webshop","item":"https:\/\/amerikaantje.be\/alle-producten\/"},{"@type":"ListItem","position":3,"name":"Kinder baseball &#8211; Olive"}]},{"@type":"WebSite","@id":"https:\/\/amerikaantje.be\/#website","url":"https:\/\/amerikaantje.be\/","name":"&#039;t Amerikaantje","description":"&#039;ouvert le dimanche, supergoe et super bon march\u00e9 !","publisher":{"@id":"https:\/\/amerikaantje.be\/#organization"},"potentialAction":[{"@type":"SearchAction","target":{"@type":"EntryPoint","urlTemplate":"https:\/\/amerikaantje.be\/?s={search_term_string}"},"query-input":{"@type":"PropertyValueSpecification","valueRequired":true,"valueName":"search_term_string"}}],"inLanguage":"fr-BE"},{"@type":"Organization","@id":"https:\/\/amerikaantje.be\/#organization","name":"&#039;t Amerikaantje","url":"https:\/\/amerikaantje.be\/","logo":{"@type":"ImageObject","inLanguage":"fr-BE","@id":"https:\/\/amerikaantje.be\/#\/schema\/logo\/image\/","url":"https:\/\/amerikaantje.be\/wp-content\/uploads\/2023\/02\/amerikaantje-balk-logo-sterren-transparant.png?v=1703255686","contentUrl":"https:\/\/amerikaantje.be\/wp-content\/uploads\/2023\/02\/amerikaantje-balk-logo-sterren-transparant.png?v=1703255686","width":648,"height":343,"caption":"&#039;t Amerikaantje"},"image":{"@id":"https:\/\/amerikaantje.be\/#\/schema\/logo\/image\/"},"sameAs":["https:\/\/www.facebook.com\/t-Amerikaantje-151636621529042\/"]}]},"product_price_amount":"6.00","product_price_currency":"EUR","og_availability":"instock","product_availability":"instock","product_retailer_item_id":"215210-olive","product_condition":"new"},"df_price":6,"df_sale_price":"","df_regular_price":6,"df_image_link":"https:\/\/amerikaantje.be\/wp-content\/uploads\/2023\/09\/215210_11_04-500x500.jpg?v=1703270231","_links":{"self":[{"href":"https:\/\/amerikaantje.be\/fr\/wp-json\/wp\/v2\/product\/117634","targetHints":{"allow":["GET"]}}],"collection":[{"href":"https:\/\/amerikaantje.be\/fr\/wp-json\/wp\/v2\/product"}],"about":[{"href":"https:\/\/amerikaantje.be\/fr\/wp-json\/wp\/v2\/types\/product"}],"wp:featuredmedia":[{"embeddable":true,"href":"https:\/\/amerikaantje.be\/fr\/wp-json\/wp\/v2\/media\/117635"}],"wp:attachment":[{"href":"https:\/\/amerikaantje.be\/fr\/wp-json\/wp\/v2\/media?parent=117634"}],"wp:term":[{"taxonomy":"product_brand","embeddable":true,"href":"https:\/\/amerikaantje.be\/fr\/wp-json\/wp\/v2\/product_brand?post=117634"},{"taxonomy":"product_cat","embeddable":true,"href":"https:\/\/amerikaantje.be\/fr\/wp-json\/wp\/v2\/product_cat?post=117634"},{"taxonomy":"product_tag","embeddable":true,"href":"https:\/\/amerikaantje.be\/fr\/wp-json\/wp\/v2\/product_tag?post=117634"}],"curies":[{"name":"wp","href":"https:\/\/api.w.org\/{rel}","templated":true}]}}