{"id":1115,"date":"2015-01-12T02:07:46","date_gmt":"2015-01-12T02:07:46","guid":{"rendered":"http:\/\/amerikaantje.be\/?product=id-card-houder-met-ketting"},"modified":"2024-08-16T18:23:21","modified_gmt":"2024-08-16T16:23:21","slug":"id-card-houder-met-ketting","status":"publish","type":"product","link":"https:\/\/amerikaantje.be\/fr\/produit\/id-card-houder-met-ketting\/","title":{"rendered":"Porte-cartes d'identit\u00e9 avec cha\u00eene - grand"},"content":{"rendered":"<p>Grand support pour une carte d'identit\u00e9, id\u00e9al pour les \u00e9quipements de s\u00e9curit\u00e9 et de l'arm\u00e9e.<\/p>\n<p>Identifiez-vous rapidement et facilement gr\u00e2ce \u00e0 ce porte-carte d'identit\u00e9 pratique muni d'une cha\u00eene pour le cou.<\/p>\n<p><strong>FEATURES<\/strong><\/p>\n<ul>\n<li>Mat\u00e9riau : nylon 100%<\/li>\n<li>Avec cha\u00eene<\/li>\n<li>Fermeture : boutons poussoirs<\/li>\n<li>Dimensions : 11 X 9 cm.<\/li>\n<li>Couleur : noir<\/li>\n<\/ul>\n<p>&nbsp;<\/p>","protected":false},"excerpt":{"rendered":"<p>Grand support pour carte d'identit\u00e9, id\u00e9al pour les \u00e9quipements de s\u00e9curit\u00e9 et de l'arm\u00e9e. Identifiez-vous rapidement et facilement gr\u00e2ce \u00e0 ce porte-carte d'identit\u00e9 pratique muni d'une cha\u00eene pour le cou. Caract\u00e9ristiques Mat\u00e9riau : nylon 100% Avec cha\u00eene Fermeture : boutons poussoirs Taille : 11 X 9 cm. Couleur : noir &nbsp;<\/p>","protected":false},"featured_media":126038,"template":"","meta":{"_acf_changed":false},"product_brand":[],"product_cat":[13370,13382,13287],"product_tag":[948],"class_list":{"0":"post-1115","1":"product","2":"type-product","3":"status-publish","4":"has-post-thumbnail","6":"product_cat-id-tags","7":"product_cat-security-gear","8":"product_cat-uitrusting","9":"product_tag-security","11":"first","12":"instock","13":"taxable","14":"shipping-taxable","15":"purchasable","16":"product-type-simple"},"acf":[],"yoast_head":"<!-- This site is optimized with the Yoast SEO Premium plugin v27.2 (Yoast SEO v27.2) - https:\/\/yoast.com\/product\/yoast-seo-premium-wordpress\/ -->\n<title>ID-kaarthouder met ketting - groot - &#039;t Amerikaantje<\/title>\n<meta name=\"robots\" content=\"index, follow, max-snippet:-1, max-image-preview:large, max-video-preview:-1\" \/>\n<link rel=\"canonical\" href=\"https:\/\/amerikaantje.be\/fr\/produit\/id-card-houder-met-ketting\/\" \/>\n<meta property=\"og:locale\" content=\"fr_FR\" \/>\n<meta property=\"og:type\" content=\"article\" \/>\n<meta property=\"og:title\" content=\"ID-kaarthouder met ketting - groot\" \/>\n<meta property=\"og:description\" content=\"Grote houder voor een ID-kaart, ideaal voor security en de legeruitrusting. Identificeer jezelf snel en eenvoudig met deze handige ID-kaarthouder voorzien van een ketting voor rond de nek. KENMERKEN Materiaal: 100% nylon Met ketting Sluiting: drukknoppen Afmetingen: 11 X 9 cm. Kleur: zwart &nbsp;\" \/>\n<meta property=\"og:url\" content=\"https:\/\/amerikaantje.be\/fr\/produit\/id-card-houder-met-ketting\/\" \/>\n<meta property=\"og:site_name\" content=\"&#039;t Amerikaantje\" \/>\n<meta property=\"article:publisher\" content=\"https:\/\/www.facebook.com\/t-Amerikaantje-151636621529042\/\" \/>\n<meta property=\"article:modified_time\" content=\"2024-08-16T16:23:21+00:00\" \/>\n<meta property=\"og:image\" content=\"https:\/\/amerikaantje.be\/wp-content\/uploads\/2015\/01\/id-card-houder-groot-m-ketting-359420-2.jpg?v=1723825372\" \/>\n\t<meta property=\"og:image:width\" content=\"1920\" \/>\n\t<meta property=\"og:image:height\" content=\"1920\" \/>\n\t<meta property=\"og:image:type\" content=\"image\/jpeg\" \/>\n<meta name=\"twitter:card\" content=\"summary_large_image\" \/>\n<meta name=\"twitter:label1\" content=\"Price\" \/>\n\t<meta name=\"twitter:data1\" content=\"&euro;&nbsp;14,50\" \/>\n\t<meta name=\"twitter:label2\" content=\"Availability\" \/>\n\t<meta name=\"twitter:data2\" content=\"In stock\" \/>\n<script type=\"application\/ld+json\" class=\"yoast-schema-graph\">{\"@context\":\"https:\/\/schema.org\",\"@graph\":[{\"@type\":\"WebPage\",\"@id\":\"https:\/\/amerikaantje.be\/product\/id-card-houder-met-ketting\/\",\"url\":\"https:\/\/amerikaantje.be\/product\/id-card-houder-met-ketting\/\",\"name\":\"ID-kaarthouder met ketting - groot - &#039;t Amerikaantje\",\"isPartOf\":{\"@id\":\"https:\/\/amerikaantje.be\/#website\"},\"primaryImageOfPage\":{\"@id\":\"https:\/\/amerikaantje.be\/product\/id-card-houder-met-ketting\/#primaryimage\"},\"image\":{\"@id\":\"https:\/\/amerikaantje.be\/product\/id-card-houder-met-ketting\/#primaryimage\"},\"thumbnailUrl\":\"https:\/\/amerikaantje.be\/wp-content\/uploads\/2015\/01\/id-card-houder-groot-m-ketting-359420-2.jpg?v=1723825372\",\"datePublished\":\"2015-01-12T02:07:46+00:00\",\"dateModified\":\"2024-08-16T16:23:21+00:00\",\"breadcrumb\":{\"@id\":\"https:\/\/amerikaantje.be\/product\/id-card-houder-met-ketting\/#breadcrumb\"},\"inLanguage\":\"fr-BE\",\"potentialAction\":[{\"@type\":\"ReadAction\",\"target\":[\"https:\/\/amerikaantje.be\/product\/id-card-houder-met-ketting\/\"]}]},{\"@type\":\"ImageObject\",\"inLanguage\":\"fr-BE\",\"@id\":\"https:\/\/amerikaantje.be\/product\/id-card-houder-met-ketting\/#primaryimage\",\"url\":\"https:\/\/amerikaantje.be\/wp-content\/uploads\/2015\/01\/id-card-houder-groot-m-ketting-359420-2.jpg?v=1723825372\",\"contentUrl\":\"https:\/\/amerikaantje.be\/wp-content\/uploads\/2015\/01\/id-card-houder-groot-m-ketting-359420-2.jpg?v=1723825372\",\"width\":1920,\"height\":1920},{\"@type\":\"BreadcrumbList\",\"@id\":\"https:\/\/amerikaantje.be\/product\/id-card-houder-met-ketting\/#breadcrumb\",\"itemListElement\":[{\"@type\":\"ListItem\",\"position\":1,\"name\":\"Accueil\",\"item\":\"https:\/\/amerikaantje.be\/\"},{\"@type\":\"ListItem\",\"position\":2,\"name\":\"Webshop\",\"item\":\"https:\/\/amerikaantje.be\/alle-producten\/\"},{\"@type\":\"ListItem\",\"position\":3,\"name\":\"ID-kaarthouder met ketting &#8211; groot\"}]},{\"@type\":\"WebSite\",\"@id\":\"https:\/\/amerikaantje.be\/#website\",\"url\":\"https:\/\/amerikaantje.be\/\",\"name\":\"&#039;t Amerikaantje\",\"description\":\"&#039;s zondags open, supergoe en supergoeiekoop!\",\"publisher\":{\"@id\":\"https:\/\/amerikaantje.be\/#organization\"},\"potentialAction\":[{\"@type\":\"SearchAction\",\"target\":{\"@type\":\"EntryPoint\",\"urlTemplate\":\"https:\/\/amerikaantje.be\/?s={search_term_string}\"},\"query-input\":{\"@type\":\"PropertyValueSpecification\",\"valueRequired\":true,\"valueName\":\"search_term_string\"}}],\"inLanguage\":\"fr-BE\"},{\"@type\":\"Organization\",\"@id\":\"https:\/\/amerikaantje.be\/#organization\",\"name\":\"&#039;t Amerikaantje\",\"url\":\"https:\/\/amerikaantje.be\/\",\"logo\":{\"@type\":\"ImageObject\",\"inLanguage\":\"fr-BE\",\"@id\":\"https:\/\/amerikaantje.be\/#\/schema\/logo\/image\/\",\"url\":\"https:\/\/amerikaantje.be\/wp-content\/uploads\/2023\/02\/amerikaantje-balk-logo-sterren-transparant.png?v=1703255686\",\"contentUrl\":\"https:\/\/amerikaantje.be\/wp-content\/uploads\/2023\/02\/amerikaantje-balk-logo-sterren-transparant.png?v=1703255686\",\"width\":648,\"height\":343,\"caption\":\"&#039;t Amerikaantje\"},\"image\":{\"@id\":\"https:\/\/amerikaantje.be\/#\/schema\/logo\/image\/\"},\"sameAs\":[\"https:\/\/www.facebook.com\/t-Amerikaantje-151636621529042\/\"]}]}<\/script>\n<meta property=\"product:price:amount\" content=\"14.50\" \/>\n<meta property=\"product:price:currency\" content=\"EUR\" \/>\n<meta property=\"og:availability\" content=\"instock\" \/>\n<meta property=\"product:availability\" content=\"instock\" \/>\n<meta property=\"product:retailer_item_id\" content=\"359420\" \/>\n<meta property=\"product:condition\" content=\"new\" \/>\n<!-- \/ Yoast SEO Premium plugin. -->","yoast_head_json":{"title":"Porte-cartes d'identit\u00e9 avec cha\u00eene - grand - &#039;t Amerikaantje","robots":{"index":"index","follow":"follow","max-snippet":"max-snippet:-1","max-image-preview":"max-image-preview:large","max-video-preview":"max-video-preview:-1"},"canonical":"https:\/\/amerikaantje.be\/fr\/produit\/id-card-houder-met-ketting\/","og_locale":"fr_FR","og_type":"article","og_title":"ID-kaarthouder met ketting - groot","og_description":"Grote houder voor een ID-kaart, ideaal voor security en de legeruitrusting. Identificeer jezelf snel en eenvoudig met deze handige ID-kaarthouder voorzien van een ketting voor rond de nek. KENMERKEN Materiaal: 100% nylon Met ketting Sluiting: drukknoppen Afmetingen: 11 X 9 cm. Kleur: zwart &nbsp;","og_url":"https:\/\/amerikaantje.be\/fr\/produit\/id-card-houder-met-ketting\/","og_site_name":"&#039;t Amerikaantje","article_publisher":"https:\/\/www.facebook.com\/t-Amerikaantje-151636621529042\/","article_modified_time":"2024-08-16T16:23:21+00:00","og_image":[{"width":1920,"height":1920,"url":"https:\/\/amerikaantje.be\/wp-content\/uploads\/2015\/01\/id-card-houder-groot-m-ketting-359420-2.jpg?v=1723825372","type":"image\/jpeg"}],"twitter_card":"summary_large_image","twitter_misc":{"Price":"&euro;&nbsp;14,50","Availability":"In stock"},"schema":{"@context":"https:\/\/schema.org","@graph":[{"@type":"WebPage","@id":"https:\/\/amerikaantje.be\/product\/id-card-houder-met-ketting\/","url":"https:\/\/amerikaantje.be\/product\/id-card-houder-met-ketting\/","name":"Porte-cartes d'identit\u00e9 avec cha\u00eene - grand - &#039;t Amerikaantje","isPartOf":{"@id":"https:\/\/amerikaantje.be\/#website"},"primaryImageOfPage":{"@id":"https:\/\/amerikaantje.be\/product\/id-card-houder-met-ketting\/#primaryimage"},"image":{"@id":"https:\/\/amerikaantje.be\/product\/id-card-houder-met-ketting\/#primaryimage"},"thumbnailUrl":"https:\/\/amerikaantje.be\/wp-content\/uploads\/2015\/01\/id-card-houder-groot-m-ketting-359420-2.jpg?v=1723825372","datePublished":"2015-01-12T02:07:46+00:00","dateModified":"2024-08-16T16:23:21+00:00","breadcrumb":{"@id":"https:\/\/amerikaantje.be\/product\/id-card-houder-met-ketting\/#breadcrumb"},"inLanguage":"fr-BE","potentialAction":[{"@type":"ReadAction","target":["https:\/\/amerikaantje.be\/product\/id-card-houder-met-ketting\/"]}]},{"@type":"ImageObject","inLanguage":"fr-BE","@id":"https:\/\/amerikaantje.be\/product\/id-card-houder-met-ketting\/#primaryimage","url":"https:\/\/amerikaantje.be\/wp-content\/uploads\/2015\/01\/id-card-houder-groot-m-ketting-359420-2.jpg?v=1723825372","contentUrl":"https:\/\/amerikaantje.be\/wp-content\/uploads\/2015\/01\/id-card-houder-groot-m-ketting-359420-2.jpg?v=1723825372","width":1920,"height":1920},{"@type":"BreadcrumbList","@id":"https:\/\/amerikaantje.be\/product\/id-card-houder-met-ketting\/#breadcrumb","itemListElement":[{"@type":"ListItem","position":1,"name":"Accueil","item":"https:\/\/amerikaantje.be\/"},{"@type":"ListItem","position":2,"name":"Webshop","item":"https:\/\/amerikaantje.be\/alle-producten\/"},{"@type":"ListItem","position":3,"name":"ID-kaarthouder met ketting &#8211; groot"}]},{"@type":"WebSite","@id":"https:\/\/amerikaantje.be\/#website","url":"https:\/\/amerikaantje.be\/","name":"&#039;t Amerikaantje","description":"&#039;ouvert le dimanche, supergoe et super bon march\u00e9 !","publisher":{"@id":"https:\/\/amerikaantje.be\/#organization"},"potentialAction":[{"@type":"SearchAction","target":{"@type":"EntryPoint","urlTemplate":"https:\/\/amerikaantje.be\/?s={search_term_string}"},"query-input":{"@type":"PropertyValueSpecification","valueRequired":true,"valueName":"search_term_string"}}],"inLanguage":"fr-BE"},{"@type":"Organization","@id":"https:\/\/amerikaantje.be\/#organization","name":"&#039;t Amerikaantje","url":"https:\/\/amerikaantje.be\/","logo":{"@type":"ImageObject","inLanguage":"fr-BE","@id":"https:\/\/amerikaantje.be\/#\/schema\/logo\/image\/","url":"https:\/\/amerikaantje.be\/wp-content\/uploads\/2023\/02\/amerikaantje-balk-logo-sterren-transparant.png?v=1703255686","contentUrl":"https:\/\/amerikaantje.be\/wp-content\/uploads\/2023\/02\/amerikaantje-balk-logo-sterren-transparant.png?v=1703255686","width":648,"height":343,"caption":"&#039;t Amerikaantje"},"image":{"@id":"https:\/\/amerikaantje.be\/#\/schema\/logo\/image\/"},"sameAs":["https:\/\/www.facebook.com\/t-Amerikaantje-151636621529042\/"]}]},"product_price_amount":"14.50","product_price_currency":"EUR","og_availability":"instock","product_availability":"instock","product_retailer_item_id":"359420","product_condition":"new"},"df_price":14.5,"df_sale_price":"","df_regular_price":14.5,"df_image_link":"https:\/\/amerikaantje.be\/wp-content\/uploads\/2015\/01\/id-card-houder-groot-m-ketting-359420-2-500x500.jpg?v=1723825372","_links":{"self":[{"href":"https:\/\/amerikaantje.be\/fr\/wp-json\/wp\/v2\/product\/1115","targetHints":{"allow":["GET"]}}],"collection":[{"href":"https:\/\/amerikaantje.be\/fr\/wp-json\/wp\/v2\/product"}],"about":[{"href":"https:\/\/amerikaantje.be\/fr\/wp-json\/wp\/v2\/types\/product"}],"wp:featuredmedia":[{"embeddable":true,"href":"https:\/\/amerikaantje.be\/fr\/wp-json\/wp\/v2\/media\/126038"}],"wp:attachment":[{"href":"https:\/\/amerikaantje.be\/fr\/wp-json\/wp\/v2\/media?parent=1115"}],"wp:term":[{"taxonomy":"product_brand","embeddable":true,"href":"https:\/\/amerikaantje.be\/fr\/wp-json\/wp\/v2\/product_brand?post=1115"},{"taxonomy":"product_cat","embeddable":true,"href":"https:\/\/amerikaantje.be\/fr\/wp-json\/wp\/v2\/product_cat?post=1115"},{"taxonomy":"product_tag","embeddable":true,"href":"https:\/\/amerikaantje.be\/fr\/wp-json\/wp\/v2\/product_tag?post=1115"}],"curies":[{"name":"wp","href":"https:\/\/api.w.org\/{rel}","templated":true}]}}