{"id":107567,"date":"2022-10-11T14:43:47","date_gmt":"2022-10-11T14:43:47","guid":{"rendered":"https:\/\/amerikaantje.be\/?post_type=product&#038;p=107567"},"modified":"2023-03-06T21:12:07","modified_gmt":"2023-03-06T21:12:07","slug":"bruin-harnasvest","status":"publish","type":"product","link":"https:\/\/amerikaantje.be\/fr\/produit\/bruin-harnasvest\/","title":{"rendered":"Gilet harnais marron"},"content":{"rendered":"<p>La saison de chasse peut apporter de nombreux d\u00e9fis, et le bon \u00e9quipement peut faire toute la diff\u00e9rence. C'est pourquoi ce harnais sp\u00e9cial grande capacit\u00e9 est un outil si pr\u00e9cieux pour tout amateur de chasse. Non seulement il est de taille unique et r\u00e9glable, mais il peut \u00e9galement \u00eatre port\u00e9 par-dessus les v\u00eatements d'hiver pour plus de commodit\u00e9. Avec quatre rang\u00e9es de sangles \u00e0 motifs et deux grandes poches avec des poches lat\u00e9rales, ce harnais offre de nombreuses possibilit\u00e9s de rangement pour les fournitures de chasse.<\/p>\n<p><strong>FEATURES<\/strong><\/p>\n<ul>\n<li>2 grandes poches avec soufflet lat\u00e9ral<\/li>\n<li>Un sac de permis<\/li>\n<li>4 rang\u00e9es de cartouches (32 tubes)<\/li>\n<li>1 dos ouvert confortable<\/li>\n<li>1 grande poche zipp\u00e9e<\/li>\n<li>1 seconde poche zipp\u00e9e<\/li>\n<\/ul>","protected":false},"excerpt":{"rendered":"<p>Het jachtseizoen kan veel uitdagingen met zich meebrengen, en de juiste uitrusting kan het verschil maken. Daarom is dit speciale harnas met grote capaciteit zo&#8217;n waardevol hulpmiddel voor elke jachtliefhebber. Het is niet alleen een one size fits all en verstelbaar, maar het kan ook worden gedragen over winterkleding voor extra gemak. Met vier rijen [&#8230;]\n","protected":false},"featured_media":107569,"template":"","meta":{"_acf_changed":false},"product_brand":[],"product_cat":[13311,13308,13309,13287],"product_tag":[1821],"class_list":{"0":"post-107567","1":"product","2":"type-product","3":"status-publish","4":"has-post-thumbnail","6":"product_cat-accessoires","7":"product_cat-jacht","8":"product_cat-tassen","9":"product_cat-uitrusting","10":"product_tag-jagers","11":"pa_merk-somlys","13":"first","14":"instock","15":"taxable","16":"shipping-taxable","17":"purchasable","18":"product-type-simple"},"acf":[],"yoast_head":"<!-- This site is optimized with the Yoast SEO Premium plugin v27.2 (Yoast SEO v27.2) - https:\/\/yoast.com\/product\/yoast-seo-premium-wordpress\/ -->\n<title>Bruin harnasvest - &#039;t Amerikaantje<\/title>\n<meta name=\"robots\" content=\"index, follow, max-snippet:-1, max-image-preview:large, max-video-preview:-1\" \/>\n<link rel=\"canonical\" href=\"https:\/\/amerikaantje.be\/fr\/produit\/bruin-harnasvest\/\" \/>\n<meta property=\"og:locale\" content=\"fr_FR\" \/>\n<meta property=\"og:type\" content=\"article\" \/>\n<meta property=\"og:title\" content=\"Bruin harnasvest\" \/>\n<meta property=\"og:description\" content=\"Het jachtseizoen kan veel uitdagingen met zich meebrengen, en de juiste uitrusting kan het verschil maken. Daarom is dit speciale harnas met grote capaciteit zo&#8217;n waardevol hulpmiddel voor elke jachtliefhebber. Het is niet alleen een one size fits all en verstelbaar, maar het kan ook worden gedragen over winterkleding voor extra gemak. Met vier rijen [...]\" \/>\n<meta property=\"og:url\" content=\"https:\/\/amerikaantje.be\/fr\/produit\/bruin-harnasvest\/\" \/>\n<meta property=\"og:site_name\" content=\"&#039;t Amerikaantje\" \/>\n<meta property=\"article:publisher\" content=\"https:\/\/www.facebook.com\/t-Amerikaantje-151636621529042\/\" \/>\n<meta property=\"article:modified_time\" content=\"2023-03-06T21:12:07+00:00\" \/>\n<meta property=\"og:image\" content=\"https:\/\/amerikaantje.be\/wp-content\/uploads\/2022\/10\/somlys-201.jpg\" \/>\n\t<meta property=\"og:image:width\" content=\"1200\" \/>\n\t<meta property=\"og:image:height\" content=\"1200\" \/>\n\t<meta property=\"og:image:type\" content=\"image\/jpeg\" \/>\n<meta name=\"twitter:card\" content=\"summary_large_image\" \/>\n<meta name=\"twitter:label1\" content=\"Price\" \/>\n\t<meta name=\"twitter:data1\" content=\"&euro;&nbsp;67,00\" \/>\n\t<meta name=\"twitter:label2\" content=\"Availability\" \/>\n\t<meta name=\"twitter:data2\" content=\"In stock\" \/>\n<script type=\"application\/ld+json\" class=\"yoast-schema-graph\">{\"@context\":\"https:\/\/schema.org\",\"@graph\":[{\"@type\":\"WebPage\",\"@id\":\"https:\/\/amerikaantje.be\/product\/bruin-harnasvest\/\",\"url\":\"https:\/\/amerikaantje.be\/product\/bruin-harnasvest\/\",\"name\":\"Bruin harnasvest - &#039;t Amerikaantje\",\"isPartOf\":{\"@id\":\"https:\/\/amerikaantje.be\/#website\"},\"primaryImageOfPage\":{\"@id\":\"https:\/\/amerikaantje.be\/product\/bruin-harnasvest\/#primaryimage\"},\"image\":{\"@id\":\"https:\/\/amerikaantje.be\/product\/bruin-harnasvest\/#primaryimage\"},\"thumbnailUrl\":\"https:\/\/amerikaantje.be\/wp-content\/uploads\/2022\/10\/somlys-201.jpg?v=1703256675\",\"datePublished\":\"2022-10-11T14:43:47+00:00\",\"dateModified\":\"2023-03-06T21:12:07+00:00\",\"breadcrumb\":{\"@id\":\"https:\/\/amerikaantje.be\/product\/bruin-harnasvest\/#breadcrumb\"},\"inLanguage\":\"fr-BE\",\"potentialAction\":[{\"@type\":\"ReadAction\",\"target\":[\"https:\/\/amerikaantje.be\/product\/bruin-harnasvest\/\"]}]},{\"@type\":\"ImageObject\",\"inLanguage\":\"fr-BE\",\"@id\":\"https:\/\/amerikaantje.be\/product\/bruin-harnasvest\/#primaryimage\",\"url\":\"https:\/\/amerikaantje.be\/wp-content\/uploads\/2022\/10\/somlys-201.jpg?v=1703256675\",\"contentUrl\":\"https:\/\/amerikaantje.be\/wp-content\/uploads\/2022\/10\/somlys-201.jpg?v=1703256675\",\"width\":1200,\"height\":1200},{\"@type\":\"BreadcrumbList\",\"@id\":\"https:\/\/amerikaantje.be\/product\/bruin-harnasvest\/#breadcrumb\",\"itemListElement\":[{\"@type\":\"ListItem\",\"position\":1,\"name\":\"Accueil\",\"item\":\"https:\/\/amerikaantje.be\/\"},{\"@type\":\"ListItem\",\"position\":2,\"name\":\"Webshop\",\"item\":\"https:\/\/amerikaantje.be\/alle-producten\/\"},{\"@type\":\"ListItem\",\"position\":3,\"name\":\"Bruin harnasvest\"}]},{\"@type\":\"WebSite\",\"@id\":\"https:\/\/amerikaantje.be\/#website\",\"url\":\"https:\/\/amerikaantje.be\/\",\"name\":\"&#039;t Amerikaantje\",\"description\":\"&#039;s zondags open, supergoe en supergoeiekoop!\",\"publisher\":{\"@id\":\"https:\/\/amerikaantje.be\/#organization\"},\"potentialAction\":[{\"@type\":\"SearchAction\",\"target\":{\"@type\":\"EntryPoint\",\"urlTemplate\":\"https:\/\/amerikaantje.be\/?s={search_term_string}\"},\"query-input\":{\"@type\":\"PropertyValueSpecification\",\"valueRequired\":true,\"valueName\":\"search_term_string\"}}],\"inLanguage\":\"fr-BE\"},{\"@type\":\"Organization\",\"@id\":\"https:\/\/amerikaantje.be\/#organization\",\"name\":\"&#039;t Amerikaantje\",\"url\":\"https:\/\/amerikaantje.be\/\",\"logo\":{\"@type\":\"ImageObject\",\"inLanguage\":\"fr-BE\",\"@id\":\"https:\/\/amerikaantje.be\/#\/schema\/logo\/image\/\",\"url\":\"https:\/\/amerikaantje.be\/wp-content\/uploads\/2023\/02\/amerikaantje-balk-logo-sterren-transparant.png?v=1703255686\",\"contentUrl\":\"https:\/\/amerikaantje.be\/wp-content\/uploads\/2023\/02\/amerikaantje-balk-logo-sterren-transparant.png?v=1703255686\",\"width\":648,\"height\":343,\"caption\":\"&#039;t Amerikaantje\"},\"image\":{\"@id\":\"https:\/\/amerikaantje.be\/#\/schema\/logo\/image\/\"},\"sameAs\":[\"https:\/\/www.facebook.com\/t-Amerikaantje-151636621529042\/\"]}]}<\/script>\n<meta property=\"product:price:amount\" content=\"67.00\" \/>\n<meta property=\"product:price:currency\" content=\"EUR\" \/>\n<meta property=\"og:availability\" content=\"instock\" \/>\n<meta property=\"product:availability\" content=\"instock\" \/>\n<meta property=\"product:retailer_item_id\" content=\"somlys-201\" \/>\n<meta property=\"product:condition\" content=\"new\" \/>\n<!-- \/ Yoast SEO Premium plugin. -->","yoast_head_json":{"title":"Gilet harnais marron - &#039;t Amerikaantje","robots":{"index":"index","follow":"follow","max-snippet":"max-snippet:-1","max-image-preview":"max-image-preview:large","max-video-preview":"max-video-preview:-1"},"canonical":"https:\/\/amerikaantje.be\/fr\/produit\/bruin-harnasvest\/","og_locale":"fr_FR","og_type":"article","og_title":"Bruin harnasvest","og_description":"Het jachtseizoen kan veel uitdagingen met zich meebrengen, en de juiste uitrusting kan het verschil maken. Daarom is dit speciale harnas met grote capaciteit zo&#8217;n waardevol hulpmiddel voor elke jachtliefhebber. Het is niet alleen een one size fits all en verstelbaar, maar het kan ook worden gedragen over winterkleding voor extra gemak. Met vier rijen [...]","og_url":"https:\/\/amerikaantje.be\/fr\/produit\/bruin-harnasvest\/","og_site_name":"&#039;t Amerikaantje","article_publisher":"https:\/\/www.facebook.com\/t-Amerikaantje-151636621529042\/","article_modified_time":"2023-03-06T21:12:07+00:00","og_image":[{"width":1200,"height":1200,"url":"https:\/\/amerikaantje.be\/wp-content\/uploads\/2022\/10\/somlys-201.jpg","type":"image\/jpeg"}],"twitter_card":"summary_large_image","twitter_misc":{"Price":"&euro;&nbsp;67,00","Availability":"In stock"},"schema":{"@context":"https:\/\/schema.org","@graph":[{"@type":"WebPage","@id":"https:\/\/amerikaantje.be\/product\/bruin-harnasvest\/","url":"https:\/\/amerikaantje.be\/product\/bruin-harnasvest\/","name":"Gilet harnais marron - &#039;t Amerikaantje","isPartOf":{"@id":"https:\/\/amerikaantje.be\/#website"},"primaryImageOfPage":{"@id":"https:\/\/amerikaantje.be\/product\/bruin-harnasvest\/#primaryimage"},"image":{"@id":"https:\/\/amerikaantje.be\/product\/bruin-harnasvest\/#primaryimage"},"thumbnailUrl":"https:\/\/amerikaantje.be\/wp-content\/uploads\/2022\/10\/somlys-201.jpg?v=1703256675","datePublished":"2022-10-11T14:43:47+00:00","dateModified":"2023-03-06T21:12:07+00:00","breadcrumb":{"@id":"https:\/\/amerikaantje.be\/product\/bruin-harnasvest\/#breadcrumb"},"inLanguage":"fr-BE","potentialAction":[{"@type":"ReadAction","target":["https:\/\/amerikaantje.be\/product\/bruin-harnasvest\/"]}]},{"@type":"ImageObject","inLanguage":"fr-BE","@id":"https:\/\/amerikaantje.be\/product\/bruin-harnasvest\/#primaryimage","url":"https:\/\/amerikaantje.be\/wp-content\/uploads\/2022\/10\/somlys-201.jpg?v=1703256675","contentUrl":"https:\/\/amerikaantje.be\/wp-content\/uploads\/2022\/10\/somlys-201.jpg?v=1703256675","width":1200,"height":1200},{"@type":"BreadcrumbList","@id":"https:\/\/amerikaantje.be\/product\/bruin-harnasvest\/#breadcrumb","itemListElement":[{"@type":"ListItem","position":1,"name":"Accueil","item":"https:\/\/amerikaantje.be\/"},{"@type":"ListItem","position":2,"name":"Webshop","item":"https:\/\/amerikaantje.be\/alle-producten\/"},{"@type":"ListItem","position":3,"name":"Bruin harnasvest"}]},{"@type":"WebSite","@id":"https:\/\/amerikaantje.be\/#website","url":"https:\/\/amerikaantje.be\/","name":"&#039;t Amerikaantje","description":"&#039;ouvert le dimanche, supergoe et super bon march\u00e9 !","publisher":{"@id":"https:\/\/amerikaantje.be\/#organization"},"potentialAction":[{"@type":"SearchAction","target":{"@type":"EntryPoint","urlTemplate":"https:\/\/amerikaantje.be\/?s={search_term_string}"},"query-input":{"@type":"PropertyValueSpecification","valueRequired":true,"valueName":"search_term_string"}}],"inLanguage":"fr-BE"},{"@type":"Organization","@id":"https:\/\/amerikaantje.be\/#organization","name":"&#039;t Amerikaantje","url":"https:\/\/amerikaantje.be\/","logo":{"@type":"ImageObject","inLanguage":"fr-BE","@id":"https:\/\/amerikaantje.be\/#\/schema\/logo\/image\/","url":"https:\/\/amerikaantje.be\/wp-content\/uploads\/2023\/02\/amerikaantje-balk-logo-sterren-transparant.png?v=1703255686","contentUrl":"https:\/\/amerikaantje.be\/wp-content\/uploads\/2023\/02\/amerikaantje-balk-logo-sterren-transparant.png?v=1703255686","width":648,"height":343,"caption":"&#039;t Amerikaantje"},"image":{"@id":"https:\/\/amerikaantje.be\/#\/schema\/logo\/image\/"},"sameAs":["https:\/\/www.facebook.com\/t-Amerikaantje-151636621529042\/"]}]},"product_price_amount":"67.00","product_price_currency":"EUR","og_availability":"instock","product_availability":"instock","product_retailer_item_id":"somlys-201","product_condition":"new"},"df_price":67,"df_sale_price":"","df_regular_price":67,"df_image_link":"https:\/\/amerikaantje.be\/wp-content\/uploads\/2022\/10\/somlys-201-500x500.jpg?v=1703256675","_links":{"self":[{"href":"https:\/\/amerikaantje.be\/fr\/wp-json\/wp\/v2\/product\/107567","targetHints":{"allow":["GET"]}}],"collection":[{"href":"https:\/\/amerikaantje.be\/fr\/wp-json\/wp\/v2\/product"}],"about":[{"href":"https:\/\/amerikaantje.be\/fr\/wp-json\/wp\/v2\/types\/product"}],"wp:featuredmedia":[{"embeddable":true,"href":"https:\/\/amerikaantje.be\/fr\/wp-json\/wp\/v2\/media\/107569"}],"wp:attachment":[{"href":"https:\/\/amerikaantje.be\/fr\/wp-json\/wp\/v2\/media?parent=107567"}],"wp:term":[{"taxonomy":"product_brand","embeddable":true,"href":"https:\/\/amerikaantje.be\/fr\/wp-json\/wp\/v2\/product_brand?post=107567"},{"taxonomy":"product_cat","embeddable":true,"href":"https:\/\/amerikaantje.be\/fr\/wp-json\/wp\/v2\/product_cat?post=107567"},{"taxonomy":"product_tag","embeddable":true,"href":"https:\/\/amerikaantje.be\/fr\/wp-json\/wp\/v2\/product_tag?post=107567"}],"curies":[{"name":"wp","href":"https:\/\/api.w.org\/{rel}","templated":true}]}}