{"id":101431,"date":"2022-03-14T12:39:51","date_gmt":"2022-03-14T12:39:51","guid":{"rendered":"https:\/\/amerikaantje.be\/?post_type=product&#038;p=101431"},"modified":"2023-08-04T08:57:59","modified_gmt":"2023-08-04T08:57:59","slug":"gerber-prybrid-utility","status":"publish","type":"product","link":"https:\/\/amerikaantje.be\/fr\/product\/gerber-prybrid-utility\/","title":{"rendered":"Gerber Prybrid-Utility"},"content":{"rendered":"<p>Comme son nom l'indique, le Prybrid Utility est un outil hybride qui combine le meilleur d'une lame rempla\u00e7able et d'un multitool compact. Avec cet outil, vous n'avez pas besoin de fourreau, il peut simplement \u00eatre port\u00e9 dans votre poche ou sur une lani\u00e8re afin que les 8 outils soient instantan\u00e9ment accessibles. Gr\u00e2ce \u00e0 sa conception pratique \u00e0 double face, le Prybrid Utlity est le seul outil dont vous avez besoin pour les r\u00e9parations rapides.<\/p>\n<p>Les 8 outils inclus sont : un pied-de-biche, un arrache-clou, un d\u00e9nudeur de fil, une petite t\u00eate plate, une grande t\u00eate plate, un d\u00e9capsuleur, un coupe-cordon et un couteau utilitaire standard interchangeable. Le design simple combine la fonctionnalit\u00e9 d'un couteau interchangeable et d'un multi-outil compact. Con\u00e7u pour \u00eatre port\u00e9 dans une poche ou sur un porte-cl\u00e9s, il permet un acc\u00e8s instantan\u00e9 en cas de probl\u00e8me.<\/p>\n<p>Caract\u00e9ristiques :<\/p>\n<ul>\n<li>Longueur ferm\u00e9e : 10,6<\/li>\n<li>Longueur de la lame : 1,9 cm<\/li>\n<li>Mat\u00e9riau de la poign\u00e9e : G10<\/li>\n<li>Poids : 85 g<\/li>\n<li>Nombre d'outils : 8<\/li>\n<li>Coupe : Bord uni<\/li>\n<li>Rev\u00eatement : Satin<\/li>\n<li>\u00c9paisseur de la lame : 0,65 mm<\/li>\n<li>Type de lame : Wharncliffe<\/li>\n<\/ul>\n<p>&nbsp;<\/p>\n<p><iframe loading=\"lazy\" title=\"Gerber Prybrid Utility : Multi-outil et couteau utilitaire de poche\" width=\"1020\" height=\"574\" src=\"https:\/\/www.youtube.com\/embed\/_t4aYQhxltM?feature=oembed\" frameborder=\"0\" allow=\"accelerometer; autoplay; clipboard-write; encrypted-media; gyroscope; picture-in-picture\" allowfullscreen><\/iframe><\/p>\n<div class=\"woocommerce-tabs wc-tabs-wrapper container tabbed-content\">\n<div class=\"tab-panels\">\n<div id=\"tab-description\" class=\"woocommerce-Tabs-panel woocommerce-Tabs-panel--description panel entry-content active\" role=\"tabpanel\" aria-labelledby=\"tab-title-description\">\n<p><em>Ne vendez des couteaux qu'\u00e0 des adultes.<\/em><\/p>\n<\/div>\n<\/div>\n<\/div>\n<div class=\"related related-products-wrapper product-section\"><\/div>","protected":false},"excerpt":{"rendered":"<p>Zoals de naam al aangeeft, is de Prybrid Utility een hybride tool waarin het beste van een vervangbaar lemmet samenkomt met een compacte multitool. Met deze tool heb je geen schede nodig, hij kan gewoon in je zak of aan een sleutelkoord worden meegenomen zodat de 8 tools onmiddellijk toegankelijk zijn. Dankzij het handige tweezijdige [&#8230;]\n","protected":false},"featured_media":101432,"template":"","meta":{"_acf_changed":false},"product_brand":[],"product_cat":[13358,13363,13287],"product_tag":[860],"class_list":{"0":"post-101431","1":"product","2":"type-product","3":"status-publish","4":"has-post-thumbnail","6":"product_cat-messen","7":"product_cat-multitools","8":"product_cat-uitrusting","9":"product_tag-werkkleding","10":"pa_merk-gerber","12":"first","13":"instock","14":"taxable","15":"shipping-taxable","16":"purchasable","17":"product-type-simple"},"acf":[],"yoast_head":"<!-- This site is optimized with the Yoast SEO Premium plugin v27.6 (Yoast SEO v27.6) - https:\/\/yoast.com\/product\/yoast-seo-premium-wordpress\/ -->\n<title>Gerber Prybrid-Utility - &#039;t Amerikaantje<\/title>\n<meta name=\"robots\" content=\"index, follow, max-snippet:-1, max-image-preview:large, max-video-preview:-1\" \/>\n<link rel=\"canonical\" href=\"https:\/\/amerikaantje.be\/fr\/product\/gerber-prybrid-utility\/\" \/>\n<meta property=\"og:locale\" content=\"fr_FR\" \/>\n<meta property=\"og:type\" content=\"article\" \/>\n<meta property=\"og:title\" content=\"Gerber Prybrid-Utility\" \/>\n<meta property=\"og:description\" content=\"Zoals de naam al aangeeft, is de Prybrid Utility een hybride tool waarin het beste van een vervangbaar lemmet samenkomt met een compacte multitool. Met deze tool heb je geen schede nodig, hij kan gewoon in je zak of aan een sleutelkoord worden meegenomen zodat de 8 tools onmiddellijk toegankelijk zijn. Dankzij het handige tweezijdige [...]\" \/>\n<meta property=\"og:url\" content=\"https:\/\/amerikaantje.be\/fr\/product\/gerber-prybrid-utility\/\" \/>\n<meta property=\"og:site_name\" content=\"&#039;t Amerikaantje\" \/>\n<meta property=\"article:publisher\" content=\"https:\/\/www.facebook.com\/t-Amerikaantje-151636621529042\/\" \/>\n<meta property=\"article:modified_time\" content=\"2023-08-04T08:57:59+00:00\" \/>\n<meta property=\"og:image\" content=\"https:\/\/amerikaantje.be\/wp-content\/uploads\/2022\/03\/gerber-prybrid-utility-1.jpg\" \/>\n\t<meta property=\"og:image:width\" content=\"1200\" \/>\n\t<meta property=\"og:image:height\" content=\"1200\" \/>\n\t<meta property=\"og:image:type\" content=\"image\/jpeg\" \/>\n<meta name=\"twitter:card\" content=\"summary_large_image\" \/>\n<meta name=\"twitter:label1\" content=\"Price\" \/>\n\t<meta name=\"twitter:data1\" content=\"&euro;&nbsp;29,00\" \/>\n\t<meta name=\"twitter:label2\" content=\"Availability\" \/>\n\t<meta name=\"twitter:data2\" content=\"In stock\" \/>\n<script type=\"application\/ld+json\" class=\"yoast-schema-graph\">{\"@context\":\"https:\\\/\\\/schema.org\",\"@graph\":[{\"@type\":\"WebPage\",\"@id\":\"https:\\\/\\\/amerikaantje.be\\\/product\\\/gerber-prybrid-utility\\\/\",\"url\":\"https:\\\/\\\/amerikaantje.be\\\/product\\\/gerber-prybrid-utility\\\/\",\"name\":\"Gerber Prybrid-Utility - &#039;t Amerikaantje\",\"isPartOf\":{\"@id\":\"https:\\\/\\\/amerikaantje.be\\\/#website\"},\"primaryImageOfPage\":{\"@id\":\"https:\\\/\\\/amerikaantje.be\\\/product\\\/gerber-prybrid-utility\\\/#primaryimage\"},\"image\":{\"@id\":\"https:\\\/\\\/amerikaantje.be\\\/product\\\/gerber-prybrid-utility\\\/#primaryimage\"},\"thumbnailUrl\":\"https:\\\/\\\/amerikaantje.be\\\/wp-content\\\/uploads\\\/2022\\\/03\\\/gerber-prybrid-utility-1.jpg?v=1703257385\",\"datePublished\":\"2022-03-14T12:39:51+00:00\",\"dateModified\":\"2023-08-04T08:57:59+00:00\",\"breadcrumb\":{\"@id\":\"https:\\\/\\\/amerikaantje.be\\\/product\\\/gerber-prybrid-utility\\\/#breadcrumb\"},\"inLanguage\":\"fr-BE\",\"potentialAction\":[{\"@type\":\"ReadAction\",\"target\":[\"https:\\\/\\\/amerikaantje.be\\\/product\\\/gerber-prybrid-utility\\\/\"]}]},{\"@type\":\"ImageObject\",\"inLanguage\":\"fr-BE\",\"@id\":\"https:\\\/\\\/amerikaantje.be\\\/product\\\/gerber-prybrid-utility\\\/#primaryimage\",\"url\":\"https:\\\/\\\/amerikaantje.be\\\/wp-content\\\/uploads\\\/2022\\\/03\\\/gerber-prybrid-utility-1.jpg?v=1703257385\",\"contentUrl\":\"https:\\\/\\\/amerikaantje.be\\\/wp-content\\\/uploads\\\/2022\\\/03\\\/gerber-prybrid-utility-1.jpg?v=1703257385\",\"width\":1200,\"height\":1200},{\"@type\":\"BreadcrumbList\",\"@id\":\"https:\\\/\\\/amerikaantje.be\\\/product\\\/gerber-prybrid-utility\\\/#breadcrumb\",\"itemListElement\":[{\"@type\":\"ListItem\",\"position\":1,\"name\":\"Accueil\",\"item\":\"https:\\\/\\\/amerikaantje.be\\\/\"},{\"@type\":\"ListItem\",\"position\":2,\"name\":\"Webshop\",\"item\":\"https:\\\/\\\/amerikaantje.be\\\/alle-producten\\\/\"},{\"@type\":\"ListItem\",\"position\":3,\"name\":\"Gerber Prybrid-Utility\"}]},{\"@type\":\"WebSite\",\"@id\":\"https:\\\/\\\/amerikaantje.be\\\/#website\",\"url\":\"https:\\\/\\\/amerikaantje.be\\\/\",\"name\":\"&#039;t Amerikaantje\",\"description\":\"&#039;s zondags open, supergoe en supergoeiekoop!\",\"publisher\":{\"@id\":\"https:\\\/\\\/amerikaantje.be\\\/#organization\"},\"potentialAction\":[{\"@type\":\"SearchAction\",\"target\":{\"@type\":\"EntryPoint\",\"urlTemplate\":\"https:\\\/\\\/amerikaantje.be\\\/?s={search_term_string}\"},\"query-input\":{\"@type\":\"PropertyValueSpecification\",\"valueRequired\":true,\"valueName\":\"search_term_string\"}}],\"inLanguage\":\"fr-BE\"},{\"@type\":\"Organization\",\"@id\":\"https:\\\/\\\/amerikaantje.be\\\/#organization\",\"name\":\"&#039;t Amerikaantje\",\"url\":\"https:\\\/\\\/amerikaantje.be\\\/\",\"logo\":{\"@type\":\"ImageObject\",\"inLanguage\":\"fr-BE\",\"@id\":\"https:\\\/\\\/amerikaantje.be\\\/#\\\/schema\\\/logo\\\/image\\\/\",\"url\":\"https:\\\/\\\/amerikaantje.be\\\/wp-content\\\/uploads\\\/2023\\\/02\\\/amerikaantje-balk-logo-sterren-transparant.png?v=1703255686\",\"contentUrl\":\"https:\\\/\\\/amerikaantje.be\\\/wp-content\\\/uploads\\\/2023\\\/02\\\/amerikaantje-balk-logo-sterren-transparant.png?v=1703255686\",\"width\":648,\"height\":343,\"caption\":\"&#039;t Amerikaantje\"},\"image\":{\"@id\":\"https:\\\/\\\/amerikaantje.be\\\/#\\\/schema\\\/logo\\\/image\\\/\"},\"sameAs\":[\"https:\\\/\\\/www.facebook.com\\\/t-Amerikaantje-151636621529042\\\/\"]}]}<\/script>\n<meta property=\"product:price:amount\" content=\"29.00\" \/>\n<meta property=\"product:price:currency\" content=\"EUR\" \/>\n<meta property=\"og:availability\" content=\"instock\" \/>\n<meta property=\"product:availability\" content=\"instock\" \/>\n<meta property=\"product:retailer_item_id\" content=\"00103210\" \/>\n<meta property=\"product:condition\" content=\"new\" \/>\n<!-- \/ Yoast SEO Premium plugin. -->","yoast_head_json":{"title":"Gerber Prybrid-Utility - &#039;t Amerikaantje","robots":{"index":"index","follow":"follow","max-snippet":"max-snippet:-1","max-image-preview":"max-image-preview:large","max-video-preview":"max-video-preview:-1"},"canonical":"https:\/\/amerikaantje.be\/fr\/product\/gerber-prybrid-utility\/","og_locale":"fr_FR","og_type":"article","og_title":"Gerber Prybrid-Utility","og_description":"Zoals de naam al aangeeft, is de Prybrid Utility een hybride tool waarin het beste van een vervangbaar lemmet samenkomt met een compacte multitool. Met deze tool heb je geen schede nodig, hij kan gewoon in je zak of aan een sleutelkoord worden meegenomen zodat de 8 tools onmiddellijk toegankelijk zijn. Dankzij het handige tweezijdige [...]","og_url":"https:\/\/amerikaantje.be\/fr\/product\/gerber-prybrid-utility\/","og_site_name":"&#039;t Amerikaantje","article_publisher":"https:\/\/www.facebook.com\/t-Amerikaantje-151636621529042\/","article_modified_time":"2023-08-04T08:57:59+00:00","og_image":[{"width":1200,"height":1200,"url":"https:\/\/amerikaantje.be\/wp-content\/uploads\/2022\/03\/gerber-prybrid-utility-1.jpg","type":"image\/jpeg"}],"twitter_card":"summary_large_image","twitter_misc":{"Price":"&euro;&nbsp;29,00","Availability":"In stock"},"schema":{"@context":"https:\/\/schema.org","@graph":[{"@type":"WebPage","@id":"https:\/\/amerikaantje.be\/product\/gerber-prybrid-utility\/","url":"https:\/\/amerikaantje.be\/product\/gerber-prybrid-utility\/","name":"Gerber Prybrid-Utility - &#039;t Amerikaantje","isPartOf":{"@id":"https:\/\/amerikaantje.be\/#website"},"primaryImageOfPage":{"@id":"https:\/\/amerikaantje.be\/product\/gerber-prybrid-utility\/#primaryimage"},"image":{"@id":"https:\/\/amerikaantje.be\/product\/gerber-prybrid-utility\/#primaryimage"},"thumbnailUrl":"https:\/\/amerikaantje.be\/wp-content\/uploads\/2022\/03\/gerber-prybrid-utility-1.jpg?v=1703257385","datePublished":"2022-03-14T12:39:51+00:00","dateModified":"2023-08-04T08:57:59+00:00","breadcrumb":{"@id":"https:\/\/amerikaantje.be\/product\/gerber-prybrid-utility\/#breadcrumb"},"inLanguage":"fr-BE","potentialAction":[{"@type":"ReadAction","target":["https:\/\/amerikaantje.be\/product\/gerber-prybrid-utility\/"]}]},{"@type":"ImageObject","inLanguage":"fr-BE","@id":"https:\/\/amerikaantje.be\/product\/gerber-prybrid-utility\/#primaryimage","url":"https:\/\/amerikaantje.be\/wp-content\/uploads\/2022\/03\/gerber-prybrid-utility-1.jpg?v=1703257385","contentUrl":"https:\/\/amerikaantje.be\/wp-content\/uploads\/2022\/03\/gerber-prybrid-utility-1.jpg?v=1703257385","width":1200,"height":1200},{"@type":"BreadcrumbList","@id":"https:\/\/amerikaantje.be\/product\/gerber-prybrid-utility\/#breadcrumb","itemListElement":[{"@type":"ListItem","position":1,"name":"Accueil","item":"https:\/\/amerikaantje.be\/"},{"@type":"ListItem","position":2,"name":"Webshop","item":"https:\/\/amerikaantje.be\/alle-producten\/"},{"@type":"ListItem","position":3,"name":"Gerber Prybrid-Utility"}]},{"@type":"WebSite","@id":"https:\/\/amerikaantje.be\/#website","url":"https:\/\/amerikaantje.be\/","name":"&#039;t Amerikaantje","description":"&#039;ouvert le dimanche, supergoe et super bon march\u00e9 !","publisher":{"@id":"https:\/\/amerikaantje.be\/#organization"},"potentialAction":[{"@type":"SearchAction","target":{"@type":"EntryPoint","urlTemplate":"https:\/\/amerikaantje.be\/?s={search_term_string}"},"query-input":{"@type":"PropertyValueSpecification","valueRequired":true,"valueName":"search_term_string"}}],"inLanguage":"fr-BE"},{"@type":"Organization","@id":"https:\/\/amerikaantje.be\/#organization","name":"&#039;t Amerikaantje","url":"https:\/\/amerikaantje.be\/","logo":{"@type":"ImageObject","inLanguage":"fr-BE","@id":"https:\/\/amerikaantje.be\/#\/schema\/logo\/image\/","url":"https:\/\/amerikaantje.be\/wp-content\/uploads\/2023\/02\/amerikaantje-balk-logo-sterren-transparant.png?v=1703255686","contentUrl":"https:\/\/amerikaantje.be\/wp-content\/uploads\/2023\/02\/amerikaantje-balk-logo-sterren-transparant.png?v=1703255686","width":648,"height":343,"caption":"&#039;t Amerikaantje"},"image":{"@id":"https:\/\/amerikaantje.be\/#\/schema\/logo\/image\/"},"sameAs":["https:\/\/www.facebook.com\/t-Amerikaantje-151636621529042\/"]}]},"product_price_amount":"29.00","product_price_currency":"EUR","og_availability":"instock","product_availability":"instock","product_retailer_item_id":"00103210","product_condition":"new"},"df_price":29,"df_sale_price":"","df_regular_price":29,"df_image_link":"https:\/\/amerikaantje.be\/wp-content\/uploads\/2022\/03\/gerber-prybrid-utility-1-500x500.jpg?v=1703257385","_links":{"self":[{"href":"https:\/\/amerikaantje.be\/fr\/wp-json\/wp\/v2\/product\/101431","targetHints":{"allow":["GET"]}}],"collection":[{"href":"https:\/\/amerikaantje.be\/fr\/wp-json\/wp\/v2\/product"}],"about":[{"href":"https:\/\/amerikaantje.be\/fr\/wp-json\/wp\/v2\/types\/product"}],"wp:featuredmedia":[{"embeddable":true,"href":"https:\/\/amerikaantje.be\/fr\/wp-json\/wp\/v2\/media\/101432"}],"wp:attachment":[{"href":"https:\/\/amerikaantje.be\/fr\/wp-json\/wp\/v2\/media?parent=101431"}],"wp:term":[{"taxonomy":"product_brand","embeddable":true,"href":"https:\/\/amerikaantje.be\/fr\/wp-json\/wp\/v2\/product_brand?post=101431"},{"taxonomy":"product_cat","embeddable":true,"href":"https:\/\/amerikaantje.be\/fr\/wp-json\/wp\/v2\/product_cat?post=101431"},{"taxonomy":"product_tag","embeddable":true,"href":"https:\/\/amerikaantje.be\/fr\/wp-json\/wp\/v2\/product_tag?post=101431"}],"curies":[{"name":"wp","href":"https:\/\/api.w.org\/{rel}","templated":true}]}}